  {"id":240,"date":"2013-08-13T14:49:44","date_gmt":"2013-08-13T12:49:44","guid":{"rendered":"http:\/\/localhost\/wp\/?page_id=240"},"modified":"2024-12-30T22:57:49","modified_gmt":"2024-12-30T20:57:49","slug":"movie-hall","status":"publish","type":"page","link":"https:\/\/shop.labi.lv\/en\/services\/movie-hall\/","title":{"rendered":"Movie hall"},"content":{"rendered":"<p>Movie halls are operating in \u201cLABI\u201d shops in 8 A.Kalni\u0146a street and 47 L\u0101\u010dpl\u0113\u0161a street.<\/p>\n<p>Two movie halls are operating simultaneously. \u201cMulti kino\u201d is the latest approach to video art realisation. Every day we offer 4 new DVD movies for the viewer\u2019s attention.<\/p>\n<p>Two movie halls, equipped with modern video equipment and sound system \u2013 will offer you unforgettable impressions.<\/p>\n<p>Entrance fee for the movie hall at 47 L\u0101\u010dpl\u0113\u0161a street \u2013 7.00&nbsp;&euro; (2 halls) and entrance fee for the movie hall at 8 A.Kalni\u0146a street \u2013 9.00&nbsp;&euro; (3 halls).<\/p>\n<p>Easy and convenient means of payment are accepted so you can immediately dive into the fantastic world of \u201cMulti kino\u201d.<\/p>\n<p>Movies are shown simultaneously \u2013 a different one in each hall. You can switch movie halls without additional payment.<\/p>\n<p>A bar with a wide assortment of alcoholic and non-alcoholic drinks is located at the entrance to the movie hall for the drinks of your choice.<\/p>\n<p>\u201cMulti kino\u201d at both addresses is available during <a href=\"https:\/\/shop.labi.lv\/en\/about-us\/contacts\/\">salon working hours<\/a>. Additional services \u2013 two toilets.<\/p>\n","protected":false},"excerpt":{"rendered":"<p>Movie halls are operating in \u201cLABI\u201d shops in 8 A.Kalni\u0146a street and 47 L\u0101\u010dpl\u0113\u0161a street. Two movie halls are operating&hellip;<\/p>\n","protected":false},"author":1,"featured_media":0,"parent":10,"menu_order":0,"comment_status":"closed","ping_status":"closed","template":"","meta":{"footnotes":""},"class_list":["post-240","page","type-page","status-publish","hentry"],"_links":{"self":[{"href":"https:\/\/shop.labi.lv\/en\/wp-json\/wp\/v2\/pages\/240","targetHints":{"allow":["GET"]}}],"collection":[{"href":"https:\/\/shop.labi.lv\/en\/wp-json\/wp\/v2\/pages"}],"about":[{"href":"https:\/\/shop.labi.lv\/en\/wp-json\/wp\/v2\/types\/page"}],"author":[{"embeddable":true,"href":"https:\/\/shop.labi.lv\/en\/wp-json\/wp\/v2\/users\/1"}],"replies":[{"embeddable":true,"href":"https:\/\/shop.labi.lv\/en\/wp-json\/wp\/v2\/comments?post=240"}],"version-history":[{"count":12,"href":"https:\/\/shop.labi.lv\/en\/wp-json\/wp\/v2\/pages\/240\/revisions"}],"predecessor-version":[{"id":1505,"href":"https:\/\/shop.labi.lv\/en\/wp-json\/wp\/v2\/pages\/240\/revisions\/1505"}],"up":[{"embeddable":true,"href":"https:\/\/shop.labi.lv\/en\/wp-json\/wp\/v2\/pages\/10"}],"wp:attachment":[{"href":"https:\/\/shop.labi.lv\/en\/wp-json\/wp\/v2\/media?parent=240"}],"curies":[{"name":"wp","href":"https:\/\/api.w.org\/{rel}","templated":true}]}}