  {"id":250,"date":"2013-08-14T10:04:17","date_gmt":"2013-08-14T08:04:17","guid":{"rendered":"http:\/\/localhost\/wp\/?page_id=250"},"modified":"2018-10-30T22:50:59","modified_gmt":"2018-10-30T20:50:59","slug":"bar","status":"publish","type":"page","link":"https:\/\/shop.labi.lv\/en\/services\/bar\/","title":{"rendered":"Bar"},"content":{"rendered":"<p>There is a bar in salon \u201cLABI\u201d at 8 A.Kalni\u0146a Street. The other \u201cLABI\u201d shop that is situated at 47 L\u0101\u010dpl\u0113\u0161a Street has a fridge that keeps cool various alcoholic and non-alcoholic beverages.<\/p>\n<p>We offer alcoholic drinks (vodka, balsam, rum, cognac, brandy, whisky, beer, vermouth, sparkling wine) as well as non-alcoholic drinks (coffee, juices, mineral water).<\/p>\n","protected":false},"excerpt":{"rendered":"<p>There is a bar in salon \u201cLABI\u201d at 8 A.Kalni\u0146a Street. The other \u201cLABI\u201d shop that is situated at 47&hellip;<\/p>\n","protected":false},"author":1,"featured_media":0,"parent":10,"menu_order":0,"comment_status":"closed","ping_status":"closed","template":"","meta":{"footnotes":""},"class_list":["post-250","page","type-page","status-publish","hentry"],"_links":{"self":[{"href":"https:\/\/shop.labi.lv\/en\/wp-json\/wp\/v2\/pages\/250","targetHints":{"allow":["GET"]}}],"collection":[{"href":"https:\/\/shop.labi.lv\/en\/wp-json\/wp\/v2\/pages"}],"about":[{"href":"https:\/\/shop.labi.lv\/en\/wp-json\/wp\/v2\/types\/page"}],"author":[{"embeddable":true,"href":"https:\/\/shop.labi.lv\/en\/wp-json\/wp\/v2\/users\/1"}],"replies":[{"embeddable":true,"href":"https:\/\/shop.labi.lv\/en\/wp-json\/wp\/v2\/comments?post=250"}],"version-history":[{"count":5,"href":"https:\/\/shop.labi.lv\/en\/wp-json\/wp\/v2\/pages\/250\/revisions"}],"predecessor-version":[{"id":1267,"href":"https:\/\/shop.labi.lv\/en\/wp-json\/wp\/v2\/pages\/250\/revisions\/1267"}],"up":[{"embeddable":true,"href":"https:\/\/shop.labi.lv\/en\/wp-json\/wp\/v2\/pages\/10"}],"wp:attachment":[{"href":"https:\/\/shop.labi.lv\/en\/wp-json\/wp\/v2\/media?parent=250"}],"curies":[{"name":"wp","href":"https:\/\/api.w.org\/{rel}","templated":true}]}}