  {"id":27,"date":"2013-06-27T13:43:39","date_gmt":"2013-06-27T11:43:39","guid":{"rendered":"http:\/\/localhost\/wp\/?page_id=27"},"modified":"2023-12-21T17:40:53","modified_gmt":"2023-12-21T15:40:53","slug":"sex-shop-47-lacplesa-street","status":"publish","type":"page","link":"https:\/\/shop.labi.lv\/en\/sexshops\/sex-shop-47-lacplesa-street\/","title":{"rendered":"Sex shop \u2014 47, L\u0101\u010dpl\u0113\u0161a street"},"content":{"rendered":"<p><span style=\"color:green;\">Salon &#8220;LABI&#8221; (in Riga &ndash; 47, L\u0101\u010dpl\u0113\u0161a street) <i>is open<\/i>!<\/span><br \/>\n<span style=\"color:green;\">Working hours please see <a href=\"https:\/\/shop.labi.lv\/en\/about-us\/contacts\/\">in the section: contacts<\/a><\/span><\/p>\n<p><span style=\"color:brown;\">We are inviting you to visit and shop in our online store of intimate goods &#8220;<a href=\"https:\/\/tev.lv\">TEV.LV<\/a>&#8220;<\/span><\/p>\n<p>The salon is located at 47 L\u0101\u010dpl\u0113\u0161a Street (between Kr.Barona Street and \u010caka Street, closer to \u010caka).<\/p>\n<p>The salon offers a wide range of sex toys and various services.<\/p>\n<p>First and second hall of sex shop &#8220;LABI&#8221; in photos:<br \/>\n<div id='gallery-1' class='gallery galleryid-27 gallery-columns-3 gallery-size-thumbnail'><figure class='gallery-item'>\n\t\t\t<div class='gallery-icon landscape'>\n\t\t\t\t<a href='https:\/\/shop.labi.lv\/en\/wp-content\/uploads\/2013\/06\/IMG_0015.jpg'><img loading=\"lazy\" decoding=\"async\" width=\"150\" height=\"150\" src=\"https:\/\/shop.labi.lv\/en\/wp-content\/uploads\/2013\/06\/IMG_0015-150x150.jpg\" class=\"attachment-thumbnail size-thumbnail\" alt=\"\" aria-describedby=\"gallery-1-1167\" \/><\/a>\n\t\t\t<\/div>\n\t\t\t\t<figcaption class='wp-caption-text gallery-caption' id='gallery-1-1167'>\n\t\t\t\tFirst hall\n\t\t\t\t<\/figcaption><\/figure><figure class='gallery-item'>\n\t\t\t<div class='gallery-icon landscape'>\n\t\t\t\t<a href='https:\/\/shop.labi.lv\/en\/wp-content\/uploads\/2013\/06\/IMG_0011.jpg'><img loading=\"lazy\" decoding=\"async\" width=\"150\" height=\"150\" src=\"https:\/\/shop.labi.lv\/en\/wp-content\/uploads\/2013\/06\/IMG_0011-150x150.jpg\" class=\"attachment-thumbnail size-thumbnail\" alt=\"\" aria-describedby=\"gallery-1-1166\" \/><\/a>\n\t\t\t<\/div>\n\t\t\t\t<figcaption class='wp-caption-text gallery-caption' id='gallery-1-1166'>\n\t\t\t\tFirst hall\n\t\t\t\t<\/figcaption><\/figure><figure class='gallery-item'>\n\t\t\t<div class='gallery-icon landscape'>\n\t\t\t\t<a href='https:\/\/shop.labi.lv\/en\/wp-content\/uploads\/2013\/06\/IMG_0010.jpg'><img loading=\"lazy\" decoding=\"async\" width=\"150\" height=\"150\" src=\"https:\/\/shop.labi.lv\/en\/wp-content\/uploads\/2013\/06\/IMG_0010-150x150.jpg\" class=\"attachment-thumbnail size-thumbnail\" alt=\"\" aria-describedby=\"gallery-1-1165\" \/><\/a>\n\t\t\t<\/div>\n\t\t\t\t<figcaption class='wp-caption-text gallery-caption' id='gallery-1-1165'>\n\t\t\t\tFirst hall\n\t\t\t\t<\/figcaption><\/figure><figure class='gallery-item'>\n\t\t\t<div class='gallery-icon landscape'>\n\t\t\t\t<a href='https:\/\/shop.labi.lv\/en\/wp-content\/uploads\/2013\/06\/IMG_0016.jpg'><img loading=\"lazy\" decoding=\"async\" width=\"150\" height=\"150\" src=\"https:\/\/shop.labi.lv\/en\/wp-content\/uploads\/2013\/06\/IMG_0016-150x150.jpg\" class=\"attachment-thumbnail size-thumbnail\" alt=\"\" aria-describedby=\"gallery-1-1168\" \/><\/a>\n\t\t\t<\/div>\n\t\t\t\t<figcaption class='wp-caption-text gallery-caption' id='gallery-1-1168'>\n\t\t\t\tSecond hall\n\t\t\t\t<\/figcaption><\/figure><figure class='gallery-item'>\n\t\t\t<div class='gallery-icon landscape'>\n\t\t\t\t<a href='https:\/\/shop.labi.lv\/en\/wp-content\/uploads\/2013\/06\/IMG_0020.jpg'><img loading=\"lazy\" decoding=\"async\" width=\"150\" height=\"150\" src=\"https:\/\/shop.labi.lv\/en\/wp-content\/uploads\/2013\/06\/IMG_0020-150x150.jpg\" class=\"attachment-thumbnail size-thumbnail\" alt=\"\" aria-describedby=\"gallery-1-1169\" \/><\/a>\n\t\t\t<\/div>\n\t\t\t\t<figcaption class='wp-caption-text gallery-caption' id='gallery-1-1169'>\n\t\t\t\tSecond hall\n\t\t\t\t<\/figcaption><\/figure><figure class='gallery-item'>\n\t\t\t<div class='gallery-icon landscape'>\n\t\t\t\t<a href='https:\/\/shop.labi.lv\/en\/wp-content\/uploads\/2013\/06\/IMG_0022.jpg'><img loading=\"lazy\" decoding=\"async\" width=\"150\" height=\"150\" src=\"https:\/\/shop.labi.lv\/en\/wp-content\/uploads\/2013\/06\/IMG_0022-150x150.jpg\" class=\"attachment-thumbnail size-thumbnail\" alt=\"\" aria-describedby=\"gallery-1-1170\" \/><\/a>\n\t\t\t<\/div>\n\t\t\t\t<figcaption class='wp-caption-text gallery-caption' id='gallery-1-1170'>\n\t\t\t\tSecond hall\n\t\t\t\t<\/figcaption><\/figure>\n\t\t<\/div>\n<\/p>\n<p>Wide range of sex toys: vibro-massagers, penis imitators, vaginas as well as well-known realistics (vibrators that imitate a real penis or vagina). Experienced sales women will assist you in making the right choice towards fulfilling your fantasies. Buying the products directly from manufacturers ensures high quality and reasonable prices.<\/p>\n<h2>Location on the map<\/h2>\n\n<!-- iframe plugin v.6.0 wordpress.org\/plugins\/iframe\/ -->\n<iframe loading=\"lazy\" class=\"individual-map\" src=\"\/mapL47\/map.html\" width=\"624\" height=\"404\" scrolling=\"yes\" frameborder=\"0\"><\/iframe>\n\n<p><script>\nvar iframeLoadCount = 0;\nfunction reloadOnce(iframe) {\n  iframeLoadCount ++;\n  if (iframeLoadCount <= 1) {\n    iframe.contentWindow.location.reload();\n    console.log(\"reload()\");\n  }\n}\n<\/script><\/p>\n","protected":false},"excerpt":{"rendered":"<p>Salon &#8220;LABI&#8221; (in Riga &ndash; 47, L\u0101\u010dpl\u0113\u0161a street) is open! Working hours please see in the section: contacts We are&hellip;<\/p>\n","protected":false},"author":1,"featured_media":0,"parent":8,"menu_order":0,"comment_status":"closed","ping_status":"closed","template":"","meta":{"footnotes":""},"class_list":["post-27","page","type-page","status-publish","hentry"],"_links":{"self":[{"href":"https:\/\/shop.labi.lv\/en\/wp-json\/wp\/v2\/pages\/27","targetHints":{"allow":["GET"]}}],"collection":[{"href":"https:\/\/shop.labi.lv\/en\/wp-json\/wp\/v2\/pages"}],"about":[{"href":"https:\/\/shop.labi.lv\/en\/wp-json\/wp\/v2\/types\/page"}],"author":[{"embeddable":true,"href":"https:\/\/shop.labi.lv\/en\/wp-json\/wp\/v2\/users\/1"}],"replies":[{"embeddable":true,"href":"https:\/\/shop.labi.lv\/en\/wp-json\/wp\/v2\/comments?post=27"}],"version-history":[{"count":41,"href":"https:\/\/shop.labi.lv\/en\/wp-json\/wp\/v2\/pages\/27\/revisions"}],"predecessor-version":[{"id":1489,"href":"https:\/\/shop.labi.lv\/en\/wp-json\/wp\/v2\/pages\/27\/revisions\/1489"}],"up":[{"embeddable":true,"href":"https:\/\/shop.labi.lv\/en\/wp-json\/wp\/v2\/pages\/8"}],"wp:attachment":[{"href":"https:\/\/shop.labi.lv\/en\/wp-json\/wp\/v2\/media?parent=27"}],"curies":[{"name":"wp","href":"https:\/\/api.w.org\/{rel}","templated":true}]}}