  {"id":321,"date":"2013-08-16T10:21:52","date_gmt":"2013-08-16T08:21:52","guid":{"rendered":"http:\/\/localhost\/wp\/?page_id=321"},"modified":"2014-09-18T10:19:42","modified_gmt":"2014-09-18T10:19:42","slug":"video-cabin-hall","status":"publish","type":"page","link":"https:\/\/shop.labi.lv\/en\/services\/video-cabin-hall\/","title":{"rendered":"Video cabin hall"},"content":{"rendered":"<p>Video cabin halls in the \u201cLABI\u201d shops that work around the clock (8&nbsp;A.Kalni\u0146a and 47 L\u0101\u010dpl\u0113\u0161a) are open 24\/7.<\/p>\n<p>Cabins have excellent equipment \u2013 movie quality is guaranteed by technical equipment of the highest quality. Each cabin is equipped with an ergonomic seat and paper towels. We offer a total of 32 video channels 2 of which are changed daily. Digitally equipped video cabins is the road into the future.<\/p>\n<p>All the latest advantages for our clients. A large number of video cabins allows you to stay in the privacy of your fantasies at any moment. Video cabins with 32 channels \u2013 a wide choice of genres and surely something for your individual taste.<\/p>\n<p>Video cabins with one monitor, convenient dashboard, perfect quality of image and sound \u2013 all for your enjoyment. You simply take a seat in the video cabin and choose any of the 32 channels!<\/p>\n","protected":false},"excerpt":{"rendered":"<p>Video cabin halls in the \u201cLABI\u201d shops that work around the clock (8&nbsp;A.Kalni\u0146a and 47 L\u0101\u010dpl\u0113\u0161a) are open 24\/7. Cabins&hellip;<\/p>\n","protected":false},"author":1,"featured_media":0,"parent":10,"menu_order":0,"comment_status":"closed","ping_status":"closed","template":"","meta":{"footnotes":""},"class_list":["post-321","page","type-page","status-publish","hentry"],"_links":{"self":[{"href":"https:\/\/shop.labi.lv\/en\/wp-json\/wp\/v2\/pages\/321","targetHints":{"allow":["GET"]}}],"collection":[{"href":"https:\/\/shop.labi.lv\/en\/wp-json\/wp\/v2\/pages"}],"about":[{"href":"https:\/\/shop.labi.lv\/en\/wp-json\/wp\/v2\/types\/page"}],"author":[{"embeddable":true,"href":"https:\/\/shop.labi.lv\/en\/wp-json\/wp\/v2\/users\/1"}],"replies":[{"embeddable":true,"href":"https:\/\/shop.labi.lv\/en\/wp-json\/wp\/v2\/comments?post=321"}],"version-history":[{"count":2,"href":"https:\/\/shop.labi.lv\/en\/wp-json\/wp\/v2\/pages\/321\/revisions"}],"predecessor-version":[{"id":1132,"href":"https:\/\/shop.labi.lv\/en\/wp-json\/wp\/v2\/pages\/321\/revisions\/1132"}],"up":[{"embeddable":true,"href":"https:\/\/shop.labi.lv\/en\/wp-json\/wp\/v2\/pages\/10"}],"wp:attachment":[{"href":"https:\/\/shop.labi.lv\/en\/wp-json\/wp\/v2\/media?parent=321"}],"curies":[{"name":"wp","href":"https:\/\/api.w.org\/{rel}","templated":true}]}}