  {"id":599,"date":"2013-08-27T10:42:57","date_gmt":"2013-08-27T08:42:57","guid":{"rendered":"http:\/\/localhost\/wp\/?page_id=599"},"modified":"2026-04-07T18:28:07","modified_gmt":"2026-04-07T15:28:07","slug":"contacts","status":"publish","type":"page","link":"https:\/\/shop.labi.lv\/en\/about-us\/contacts\/","title":{"rendered":"Contacts"},"content":{"rendered":"<p><b>SIA \u201cCSSL\u201d<\/b><br \/>\nLegal address: 87A L\u0101\u010dpl\u0113\u0161a Street, Riga, LV-1011<br \/>\nReg. No: 50003147171<br \/>\nVAT No: LV50003147171<br \/>\nE-mail address: &#8220;cssl@versija.lv&#8221;<br \/>\nPhone: (+371) 67243030<\/p>\n<p><b>Shop \u201cLABI\u201d \u2013 8 Alfr\u0113da Kalni\u0146a Street<\/b><br \/>\n<span style=\"color:green;\">Best price guarantee for intimate goods!<\/span><br \/>\nWorking hours:<br \/>\nFriday and Saturday: from 10:00 till 6:00,<br \/>\nMonday, Tuesday, Wednesday, Thursday and Sunday: from 10:00 till 4:00,<br \/>\nPhone: (+371) 67282171<\/p>\n<p><b>Shop \u201cLABI\u201d \u2013 47 L\u0101\u010dpl\u0113\u0161a Street<\/b><br \/>\n<span style=\"color:green;\">Best price guarantee for intimate goods!<\/span><br \/>\nWorking hours:<br \/>\nMonday, Tuesday, Wednesday, Thursday, Friday and Saturday: from 10:00 till 21:00<br \/>\nOn Sundays: closed<br \/>\nPhone: (+371) 67286115<\/p>\n<p><b>Internet intimate goods shop \u201c<a href=\"https:\/\/tev.lv\" target=\"_blank\" rel=\"noopener\">TEV.LV<\/a>\u201d<\/b><br \/>\n<span style=\"color:green;\">Best price guarantee for intimate goods!<\/span><br \/>\nWorking hours \u2013 around the clock (0-24)<\/p>\n","protected":false},"excerpt":{"rendered":"<p>SIA \u201cCSSL\u201d Legal address: 87A L\u0101\u010dpl\u0113\u0161a Street, Riga, LV-1011 Reg. No: 50003147171 VAT No: LV50003147171 E-mail address: &#8220;cssl@versija.lv&#8221; Phone: (+371)&hellip;<\/p>\n","protected":false},"author":1,"featured_media":0,"parent":14,"menu_order":0,"comment_status":"closed","ping_status":"closed","template":"","meta":{"footnotes":""},"class_list":["post-599","page","type-page","status-publish","hentry"],"_links":{"self":[{"href":"https:\/\/shop.labi.lv\/en\/wp-json\/wp\/v2\/pages\/599","targetHints":{"allow":["GET"]}}],"collection":[{"href":"https:\/\/shop.labi.lv\/en\/wp-json\/wp\/v2\/pages"}],"about":[{"href":"https:\/\/shop.labi.lv\/en\/wp-json\/wp\/v2\/types\/page"}],"author":[{"embeddable":true,"href":"https:\/\/shop.labi.lv\/en\/wp-json\/wp\/v2\/users\/1"}],"replies":[{"embeddable":true,"href":"https:\/\/shop.labi.lv\/en\/wp-json\/wp\/v2\/comments?post=599"}],"version-history":[{"count":61,"href":"https:\/\/shop.labi.lv\/en\/wp-json\/wp\/v2\/pages\/599\/revisions"}],"predecessor-version":[{"id":1515,"href":"https:\/\/shop.labi.lv\/en\/wp-json\/wp\/v2\/pages\/599\/revisions\/1515"}],"up":[{"embeddable":true,"href":"https:\/\/shop.labi.lv\/en\/wp-json\/wp\/v2\/pages\/14"}],"wp:attachment":[{"href":"https:\/\/shop.labi.lv\/en\/wp-json\/wp\/v2\/media?parent=599"}],"curies":[{"name":"wp","href":"https:\/\/api.w.org\/{rel}","templated":true}]}}