  {"id":662,"date":"2013-08-30T11:06:58","date_gmt":"2013-08-30T09:06:58","guid":{"rendered":"http:\/\/localhost\/wp\/?page_id=662"},"modified":"2021-12-27T20:45:15","modified_gmt":"2021-12-27T18:45:15","slug":"about-the-company","status":"publish","type":"page","link":"https:\/\/shop.labi.lv\/en\/about-us\/about-the-company\/","title":{"rendered":"About the company"},"content":{"rendered":"<h2>About the company<\/h2>\n<p>SIA \u201cCSSL\u201d is founded in 1993. Currently sex shop network \u201cLABI\u201d consists of 3\u00a0shops (2 shops in historic centre of Riga and one online shop \u201cTEV.LABI.LV\u201d).<\/p>\n<ul>\n<li>First shop was opened on 23 January 1994 on 61 L\u0101\u010dpl\u0113\u0161a Street.<\/li>\n<li>Second shop opened on 25 January 1996 on 22 Elizabetes Street.<br \/>\nThis shop moves to 8 A.Kalni\u0146a Street as of 30 May 1998.<\/li>\n<li>Third shop was opened on 21 January 2001 on 47 L\u0101\u010dpl\u0113\u0161a Street.<\/li>\n<li>In 2002 online shop \u201cTEV.LV\u201d started operating.<\/li>\n<li>Newest \u201cLABI\u201d shop was opened on 19 January 2004 on 98 Br\u012bv\u012bbas Street.<\/li>\n<li>on late October 2018 \u201cLABI\u201d shop 98 Br\u012bv\u012bbas Street was closed.<\/li>\n<\/ul>\n<p>There has been not a single reproach from the supervisory bodies or the public of failure to comply with public order or morality norms during the entire 23 year operating period of SIA \u201cCSSL\u201d sex shops.<\/p>\n<p>Our operation has been appreciated by:<\/p>\n<ul>\n<li>Riga Municipality with Certificate of Appreciation (2004)<\/li>\n<li>Exhibition company \u201cBT-1\u201d with Note of Gratitude (2008)<\/li>\n<li>Parex Bank with Note of Gratitude (2010)<\/li>\n<li>11 notes of gratitude (years 1998 to 2009) from charity organisations for care of the disabled and children.<\/li>\n<\/ul>\n","protected":false},"excerpt":{"rendered":"<p>About the company SIA \u201cCSSL\u201d is founded in 1993. Currently sex shop network \u201cLABI\u201d consists of 3\u00a0shops (2 shops in&hellip;<\/p>\n","protected":false},"author":1,"featured_media":0,"parent":14,"menu_order":0,"comment_status":"closed","ping_status":"closed","template":"","meta":{"footnotes":""},"class_list":["post-662","page","type-page","status-publish","hentry"],"_links":{"self":[{"href":"https:\/\/shop.labi.lv\/en\/wp-json\/wp\/v2\/pages\/662","targetHints":{"allow":["GET"]}}],"collection":[{"href":"https:\/\/shop.labi.lv\/en\/wp-json\/wp\/v2\/pages"}],"about":[{"href":"https:\/\/shop.labi.lv\/en\/wp-json\/wp\/v2\/types\/page"}],"author":[{"embeddable":true,"href":"https:\/\/shop.labi.lv\/en\/wp-json\/wp\/v2\/users\/1"}],"replies":[{"embeddable":true,"href":"https:\/\/shop.labi.lv\/en\/wp-json\/wp\/v2\/comments?post=662"}],"version-history":[{"count":13,"href":"https:\/\/shop.labi.lv\/en\/wp-json\/wp\/v2\/pages\/662\/revisions"}],"predecessor-version":[{"id":1448,"href":"https:\/\/shop.labi.lv\/en\/wp-json\/wp\/v2\/pages\/662\/revisions\/1448"}],"up":[{"embeddable":true,"href":"https:\/\/shop.labi.lv\/en\/wp-json\/wp\/v2\/pages\/14"}],"wp:attachment":[{"href":"https:\/\/shop.labi.lv\/en\/wp-json\/wp\/v2\/media?parent=662"}],"curies":[{"name":"wp","href":"https:\/\/api.w.org\/{rel}","templated":true}]}}