  {"id":10,"date":"2013-06-19T10:40:46","date_gmt":"2013-06-19T10:40:46","guid":{"rendered":"http:\/\/localhost\/wp\/?page_id=8"},"modified":"2025-12-31T18:11:39","modified_gmt":"2025-12-31T16:11:39","slug":"pakalpojumi","status":"publish","type":"page","link":"https:\/\/shop.labi.lv\/lv\/pakalpojumi\/","title":{"rendered":"Pakalpojumi"},"content":{"rendered":"<p>Saloni \u201eLABI\u201d pied\u0101v\u0101 pla\u0161u pakalpojumu kl\u0101stu \u2014 <a href=\"https:\/\/shop.labi.lv\/lv\/pakalpojumi\/kino-z\u0101les\/\">kino z\u0101les<\/a>, <a href=\"https:\/\/shop.labi.lv\/lv\/pakalpojumi\/b\u0101rs\/\">b\u0101rus<\/a>, pikanta <a href=\"https:\/\/shop.labi.lv\/lv\/pakalpojumi\/ekskursija-pa-seks\u0161opu\/\">ekskursija pa int\u012bmpre\u010du veikalu<\/a> (<em>seks\u0161opu<\/em>), k\u0101 ar\u012b <a href=\"https:\/\/shop.labi.lv\/lv\/pakalpojumi\/atp\u016btas-komplekss\/\">m\u016bsdien\u012bgu atp\u016btas kompleksu<\/a> (divas saunas, burbu\u013cvanna, ant\u012bk\u0101 z\u0101le un banketu z\u0101le).<\/p>\n","protected":false},"excerpt":{"rendered":"<p>Saloni \u201eLABI\u201d pied\u0101v\u0101 pla\u0161u pakalpojumu kl\u0101stu \u2014 kino z\u0101les, b\u0101rus, pikanta ekskursija pa int\u012bmpre\u010du veikalu (seks\u0161opu), k\u0101 ar\u012b m\u016bsdien\u012bgu atp\u016btas&hellip;<\/p>\n","protected":false},"author":1,"featured_media":0,"parent":0,"menu_order":3,"comment_status":"closed","ping_status":"closed","template":"","meta":{"footnotes":""},"class_list":["post-10","page","type-page","status-publish","hentry"],"_links":{"self":[{"href":"https:\/\/shop.labi.lv\/lv\/wp-json\/wp\/v2\/pages\/10","targetHints":{"allow":["GET"]}}],"collection":[{"href":"https:\/\/shop.labi.lv\/lv\/wp-json\/wp\/v2\/pages"}],"about":[{"href":"https:\/\/shop.labi.lv\/lv\/wp-json\/wp\/v2\/types\/page"}],"author":[{"embeddable":true,"href":"https:\/\/shop.labi.lv\/lv\/wp-json\/wp\/v2\/users\/1"}],"replies":[{"embeddable":true,"href":"https:\/\/shop.labi.lv\/lv\/wp-json\/wp\/v2\/comments?post=10"}],"version-history":[{"count":14,"href":"https:\/\/shop.labi.lv\/lv\/wp-json\/wp\/v2\/pages\/10\/revisions"}],"predecessor-version":[{"id":5658,"href":"https:\/\/shop.labi.lv\/lv\/wp-json\/wp\/v2\/pages\/10\/revisions\/5658"}],"wp:attachment":[{"href":"https:\/\/shop.labi.lv\/lv\/wp-json\/wp\/v2\/media?parent=10"}],"curies":[{"name":"wp","href":"https:\/\/api.w.org\/{rel}","templated":true}]}}