  {"id":1031,"date":"2013-12-12T13:32:30","date_gmt":"2013-12-12T11:32:30","guid":{"rendered":"http:\/\/www.labi.tev.lv\/?page_id=1031"},"modified":"2020-11-24T16:58:07","modified_gmt":"2020-11-24T14:58:07","slug":"sen%c4%81s-seksa-rota%c4%bclietas-1","status":"publish","type":"page","link":"https:\/\/shop.labi.lv\/lv\/raksti\/sen%c4%81s-seksa-rota%c4%bclietas-1\/","title":{"rendered":"Sen\u0101s seksa rota\u013clietas 1"},"content":{"rendered":"<h2>35000 gadu pirms m\u016bsu \u0113ras<\/h2>\n<p>Pirms vair\u0101kiem gadiem, arheologi ir atkl\u0101ju\u0161i aizv\u0113sturisku vulg\u0101ru fig\u016br\u012b\u0146u. Statuete, kas ir izcirsta no mamuta ilk\u0146a, sievietes \u0137erme\u0146a form\u0101 ar palielin\u0101tiem dzimumorg\u0101niem. Lai gan t\u0101s vecums ir neskaidrs, zin\u0101tnieki nor\u0101da, ka fig\u016br\u012b\u0146as vecums p\u0101rsniedz 35000 gadu;<\/p>\n<p><a href=\"https:\/\/shop.labi.lv\/lv\/wp-content\/uploads\/2013\/12\/img_001.jpg\"><img loading=\"lazy\" decoding=\"async\" class=\"aligncenter size-full wp-image-1034\" alt=\"statuete\" src=\"https:\/\/shop.labi.lv\/lv\/wp-content\/uploads\/2013\/12\/img_001.jpg\" width=\"600\" height=\"524\" srcset=\"https:\/\/shop.labi.lv\/lv\/wp-content\/uploads\/2013\/12\/img_001.jpg 600w, https:\/\/shop.labi.lv\/lv\/wp-content\/uploads\/2013\/12\/img_001-300x262.jpg 300w\" sizes=\"auto, (max-width: 600px) 100vw, 600px\" \/><\/a><\/p>\n<h2>26000 gadu pirms m\u016bsu \u0113ras<\/h2>\n<p>Dildo var\u0113tu b\u016bt iztur\u012bg\u0101kais cilv\u0113ka izgudrojums. Tikai uguns, iero\u010di, ap\u0123\u0113rbs un krelles \u0161\u0137iet, ir biju\u0161as kop\u0101 ar mums ilg\u0101k. Pat lauksaimniec\u012bba ir z\u012bdainis, sal\u012bdzinot ar apstr\u0101d\u0101tiem akmens un koka gabaliem, prec\u012bz\u0101k 13000 gadus jaun\u0101ka. Turkl\u0101t \u0161is apgalvojums ir balst\u012bts tikai uz atrastiem artefaktiem!<\/p>\n<p>2005. gad\u0101 p\u0113tnieki atkl\u0101ja, to, kam vajadz\u0113tu b\u016bt vec\u0101kajam zin\u0101majam dildo \u2014 senu asto\u0146u collu akmens fallu, kas dat\u0113ts ar laikaposmu 26000 gadu pirms m\u016bsu \u0113ras. Zin\u0101tnieki saka, ka pul\u0113tais sl\u0101nek\u013ca falls, kas atkl\u0101ts V\u0101cijas al\u0101 var\u0113tu b\u016bt ledus laikmet\u0101 izmantots k\u0101 seksa rota\u013clieta.<\/p>\n<p><a href=\"https:\/\/shop.labi.lv\/lv\/wp-content\/uploads\/2013\/12\/img_002.jpg\"><img loading=\"lazy\" decoding=\"async\" class=\"aligncenter size-full wp-image-1035\" alt=\"falls\" src=\"https:\/\/shop.labi.lv\/lv\/wp-content\/uploads\/2013\/12\/img_002.jpg\" width=\"600\" height=\"450\" srcset=\"https:\/\/shop.labi.lv\/lv\/wp-content\/uploads\/2013\/12\/img_002.jpg 600w, https:\/\/shop.labi.lv\/lv\/wp-content\/uploads\/2013\/12\/img_002-300x225.jpg 300w\" sizes=\"auto, (max-width: 600px) 100vw, 600px\" \/><\/a><\/p>\n<h2>6000. \u2014 4000. gads pirms m\u016bsu \u0113ras<\/h2>\n<p>Zviedrijas Arheologi uzskata, ka vi\u0146i var b\u016bt atkl\u0101ju\u0161i vec\u0101ko kaula dildo pasaul\u0113 \u2014 \u010detras collas garu no Brie\u017ea raga izcirstu fallu.<\/p>\n<p>2010. gada s\u0101kum\u0101 arheologi izraka no brie\u017ea raga grebtu fallu, tas tika atrasts dub\u013cos Gota kan\u0101la krastos Motala pils\u0113tas tuvum\u0101 Zviedrijas provinc\u0113 \u00d6sterg\u00f6tland, un, dom\u0101jams, ir dat\u0113ts starp 6000. un 4000. gadu pirms m\u016bsu \u0113ras. Iesp\u0113jam\u0101 dildo izm\u0113ri &#8211; garums 11cm (nedaudz vair\u0101k par 4 coll\u0101m) un platums 2 cm (nedaudz maz\u0101k nek\u0101 1 colla). Sievie\u0161u seku\u0101lie t\u0113li akmens laikmeta izrakumos ir izplat\u012bti, ta\u010du v\u012brie\u0161u un augl\u012bbas simbolus atrod reti.<\/p>\n<p><a href=\"https:\/\/shop.labi.lv\/lv\/wp-content\/uploads\/2013\/12\/brieza_raga_dildo.jpg\"><img loading=\"lazy\" decoding=\"async\" class=\"aligncenter size-full wp-image-1038\" alt=\"Brieza raga dildo\" src=\"https:\/\/shop.labi.lv\/lv\/wp-content\/uploads\/2013\/12\/brieza_raga_dildo.jpg\" width=\"600\" height=\"283\" srcset=\"https:\/\/shop.labi.lv\/lv\/wp-content\/uploads\/2013\/12\/brieza_raga_dildo.jpg 600w, https:\/\/shop.labi.lv\/lv\/wp-content\/uploads\/2013\/12\/brieza_raga_dildo-300x141.jpg 300w\" sizes=\"auto, (max-width: 600px) 100vw, 600px\" \/><\/a><\/p>\n<h2>350 gadu pirms m\u016bsu \u0113ras<\/h2>\n<p>Kaut ar\u012b nekas nav dzird\u0113ts par ol\u012bve\u013c\u013cas agr\u0101ku izmanto\u0161anu, ir zin\u0101ms, ka ap 350. gadu pirms m\u016bsu \u0113ras, ol\u012bve\u013c\u013ca bija liel\u0101 cie\u0146\u0101. Aristotelis dz\u012bvnieku v\u0113stur\u0113 nor\u0101da uz ol\u012bve\u013c\u013cu sakot, ka glud\u0101ks sekss padara gr\u016btniec\u012bbu maz\u0101k iesp\u0113jamu. Divus gadsimtus v\u0113l\u0101k, \u0101rsts Sorans atk\u0101rtoja \u0161o viedokli, bet H\u0113rodots, Plutarhs un Ovids visi apgalvoja, ka At\u0113nas ieguva savu nosaukumu, kad At\u0113na d\u0101v\u0101ja pils\u0113tas dibin\u0101t\u0101jiem ol\u012bvkoku &#8211; jo tie tik \u013coti m\u012bl\u0113ja ol\u012bve\u013c\u013cu.<\/p>\n<p>Ol\u012bve\u013c\u013ca &#8211; sast\u0101vda\u013ca ne tikai \u0113diena gatavo\u0161anai. T\u0101 ir bie\u017ei sastopama izrakumos p\u0101ru gu\u013camistab\u0101s. V\u012brie\u0161i un sievietes izmantoja to lubrikanta viet\u0101. Nav zin\u0101ms, vai vi\u0146i pievienoja e\u013c\u013cai ar\u012b papildus aromatiz\u0113t\u0101jus.<\/p>\n<p><a href=\"https:\/\/shop.labi.lv\/lv\/wp-content\/uploads\/2013\/12\/olive_oil_lube_2.jpg\"><img loading=\"lazy\" decoding=\"async\" class=\"aligncenter size-full wp-image-1039\" alt=\"Olive oil lube\" src=\"https:\/\/shop.labi.lv\/lv\/wp-content\/uploads\/2013\/12\/olive_oil_lube_2.jpg\" width=\"600\" height=\"400\" srcset=\"https:\/\/shop.labi.lv\/lv\/wp-content\/uploads\/2013\/12\/olive_oil_lube_2.jpg 600w, https:\/\/shop.labi.lv\/lv\/wp-content\/uploads\/2013\/12\/olive_oil_lube_2-300x200.jpg 300w\" sizes=\"auto, (max-width: 600px) 100vw, 600px\" \/><\/a><\/p>\n<p>avoti:<\/p>\n<ol>\n<li><a title=\"10 Sex Toys With Ridiculously Ancient Origins\" href=\"http:\/\/listverse.com\/2013\/01\/11\/10-sex-toys-with-ridiculously-ancient-origins\/\" target=\"_blank\">Ten sex toys with ridiculously ancient origins<\/a><\/li>\n<li><a title=\"\u0424\u0430\u043a\u0442\u044b \u043e \u0441\u0435\u043a\u0441-\u0438\u0433\u0440\u0443\u0448\u043a\u0430\u0445 \u0438\u0437 \u043f\u0440\u043e\u0448\u043b\u043e\u0433\u043e\" href=\"http:\/\/vsegda-tvoj.livejournal.com\/6850494.html?style=mine#cutid1\" target=\"_blank\">\u0424\u0430\u043a\u0442\u044b \u043e \u0441\u0435\u043a\u0441-\u0438\u0433\u0440\u0443\u0448\u043a\u0430\u0445 \u0438\u0437 \u043f\u0440\u043e\u0448\u043b\u043e\u0433\u043e<\/a><\/li>\n<li><a title=\"Is this the worlds oldest sex toy?\" href=\"http:\/\/metro.co.uk\/2010\/07\/27\/is-this-the-worlds-oldest-sex-toy-459638\/\" target=\"_blank\">Is this the worlds oldest sex toy?<\/a><\/li>\n<li><a title=\"An illustrated history of sex toys\" href=\"http:\/\/www.sloshspot.com\/blog\/09-28-2009\/An-Illustrated-History-of-Sex-Toys-220\" target=\"_blank\">An illustrated history of sex toys<\/a><\/li>\n<li><a title=\"Ancient phallus unearthed in cave\" href=\"http:\/\/news.bbc.co.uk\/2\/hi\/science\/nature\/4713323.stm\" target=\"_blank\">Ancient phallus unearthed in cave<\/a><\/li>\n<\/ol>\n<p>&nbsp;<\/p>\n","protected":false},"excerpt":{"rendered":"<p>35000 gadu pirms m\u016bsu \u0113ras Pirms vair\u0101kiem gadiem, arheologi ir atkl\u0101ju\u0161i aizv\u0113sturisku vulg\u0101ru fig\u016br\u012b\u0146u. Statuete, kas ir izcirsta no mamuta&hellip;<\/p>\n","protected":false},"author":1,"featured_media":0,"parent":12,"menu_order":0,"comment_status":"closed","ping_status":"closed","template":"","meta":{"footnotes":""},"class_list":["post-1031","page","type-page","status-publish","hentry"],"_links":{"self":[{"href":"https:\/\/shop.labi.lv\/lv\/wp-json\/wp\/v2\/pages\/1031","targetHints":{"allow":["GET"]}}],"collection":[{"href":"https:\/\/shop.labi.lv\/lv\/wp-json\/wp\/v2\/pages"}],"about":[{"href":"https:\/\/shop.labi.lv\/lv\/wp-json\/wp\/v2\/types\/page"}],"author":[{"embeddable":true,"href":"https:\/\/shop.labi.lv\/lv\/wp-json\/wp\/v2\/users\/1"}],"replies":[{"embeddable":true,"href":"https:\/\/shop.labi.lv\/lv\/wp-json\/wp\/v2\/comments?post=1031"}],"version-history":[{"count":20,"href":"https:\/\/shop.labi.lv\/lv\/wp-json\/wp\/v2\/pages\/1031\/revisions"}],"predecessor-version":[{"id":4535,"href":"https:\/\/shop.labi.lv\/lv\/wp-json\/wp\/v2\/pages\/1031\/revisions\/4535"}],"up":[{"embeddable":true,"href":"https:\/\/shop.labi.lv\/lv\/wp-json\/wp\/v2\/pages\/12"}],"wp:attachment":[{"href":"https:\/\/shop.labi.lv\/lv\/wp-json\/wp\/v2\/media?parent=1031"}],"curies":[{"name":"wp","href":"https:\/\/api.w.org\/{rel}","templated":true}]}}