  {"id":1051,"date":"2013-12-12T15:30:45","date_gmt":"2013-12-12T13:30:45","guid":{"rendered":"http:\/\/www.labi.tev.lv\/?page_id=1051"},"modified":"2023-12-20T22:34:52","modified_gmt":"2023-12-20T20:34:52","slug":"sen%c4%81s-seksa-rota%c4%bclietas-2","status":"publish","type":"page","link":"https:\/\/shop.labi.lv\/lv\/raksti\/sen%c4%81s-seksa-rota%c4%bclietas-2\/","title":{"rendered":"Sen\u0101s seksa rota\u013clietas 2"},"content":{"rendered":"<h2>M\u016bsu \u0113ra, 300. gads<\/h2>\n<p>Vien\u0101 no kamasutras lap\u0101m ir vesela rindkopa, kas apraksta metodi, k\u0101 palielin\u0101t dzimumlocekli, taj\u0101 iemas\u0113jot lapse\u0146u indi. Teor\u0113tiski tas nostr\u0101d\u0101s (pampuma d\u0113\u013c), ta\u010du seksam nek\u0101 nel\u012bdz\u0113s! Autori to aptv\u0113ra un t\u0101p\u0113c, nedaudz zem\u0101k pied\u0101v\u0101 izmantot &#8220;Apadravyas&#8221; no zelta, sudraba vai koka, lai palielin\u0101tu locek\u013ca garumu un platumu.<\/p>\n<p>Pirms porcel\u0101na izgudro\u0161anas (sept\u012btais gadsimts), pirms skait\u013ca &#8220;nulle&#8221; izgudro\u0161anas (dev\u012btais gadsimts), pirms Romas kri\u0161anas, m\u016bsu sen\u010di izgudroja straponu!<\/p>\n<p><a href=\"https:\/\/shop.labi.lv\/lv\/wp-content\/uploads\/2013\/12\/Kama_Sutra.jpg\"><img loading=\"lazy\" decoding=\"async\" class=\"aligncenter size-full wp-image-1053\" alt=\"Kama Sutra\" src=\"https:\/\/shop.labi.lv\/lv\/wp-content\/uploads\/2013\/12\/Kama_Sutra.jpg\" width=\"600\" height=\"360\" srcset=\"https:\/\/shop.labi.lv\/lv\/wp-content\/uploads\/2013\/12\/Kama_Sutra.jpg 600w, https:\/\/shop.labi.lv\/lv\/wp-content\/uploads\/2013\/12\/Kama_Sutra-300x180.jpg 300w\" sizes=\"auto, (max-width: 600px) 100vw, 600px\" \/><\/a><\/p>\n<h2>M\u016bsu \u0113ra, 500. gads<\/h2>\n<p>Vagin\u0101lo bumbi\u0146u jeb gei\u0161as bumbi\u0146u izgudro\u0161ana ir migl\u0101 t\u012bta, tas ko m\u0113s zin\u0101m ir tas, ka t\u0101s par\u0101d\u012bj\u0101s Austrumos ap m\u016bsu \u0113ras 500. gadu un s\u0101kotn\u0113ji t\u0101s izmantoja v\u012brie\u0161u v\u0113lmju apmierin\u0101\u0161anai. Sievietes dr\u012bz vien iev\u0113roja ier\u012bces lab\u0101s \u012bpa\u0161\u012bbas un bumbi\u0146u popularit\u0101te uzlidoja l\u012bdz nebiju\u0161\u0101m virsotn\u0113m. Vairuma \u0100zijas kult\u016bru senajos rakstos gei\u0161u bumbi\u0146as (kuras ar\u012b sauc par Ben Wa bumbi\u0146\u0101m, Rin No Tama vai Birmas bumbi\u0146\u0101m); ier\u012bce, kas var palielin\u0101t baudu seksa laik\u0101 vai vienk\u0101r\u0161ot baudas g\u016b\u0161anu no pa\u0161apmierin\u0101\u0161an\u0101s.<\/p>\n<p><a href=\"https:\/\/shop.labi.lv\/lv\/wp-content\/uploads\/2013\/12\/BenWa_balls.jpg\"><img loading=\"lazy\" decoding=\"async\" class=\"aligncenter size-full wp-image-1055\" alt=\"Ben Wa balls\" src=\"https:\/\/shop.labi.lv\/lv\/wp-content\/uploads\/2013\/12\/BenWa_balls.jpg\" width=\"600\" height=\"400\" srcset=\"https:\/\/shop.labi.lv\/lv\/wp-content\/uploads\/2013\/12\/BenWa_balls.jpg 600w, https:\/\/shop.labi.lv\/lv\/wp-content\/uploads\/2013\/12\/BenWa_balls-300x200.jpg 300w\" sizes=\"auto, (max-width: 600px) 100vw, 600px\" \/><\/a><\/p>\n<h2>M\u016bsu \u0113ra 1200. gads<\/h2>\n<p>Erekcijas gredzeni no kazas vai \u0101\u017ea plaksti\u0146iem. Pieraksti v\u0113sta, ka erekcijas gredzeni past\u0101v\u0113ja \u0136\u012bn\u0101 ap 1200. gadu. Pieraksti liecina, ka erekcijas gredzenus izgatavoja no kazas vai \u0101\u017ea plaksti\u0146iem neskarot skropstas!<\/p>\n<p><a href=\"https:\/\/shop.labi.lv\/lv\/wp-content\/uploads\/2013\/12\/goat_eye_ring.jpg\"><img loading=\"lazy\" decoding=\"async\" class=\"aligncenter size-full wp-image-1056\" alt=\"Goat eye ring\" src=\"https:\/\/shop.labi.lv\/lv\/wp-content\/uploads\/2013\/12\/goat_eye_ring.jpg\" width=\"600\" height=\"310\" srcset=\"https:\/\/shop.labi.lv\/lv\/wp-content\/uploads\/2013\/12\/goat_eye_ring.jpg 600w, https:\/\/shop.labi.lv\/lv\/wp-content\/uploads\/2013\/12\/goat_eye_ring-300x155.jpg 300w\" sizes=\"auto, (max-width: 600px) 100vw, 600px\" \/><\/a><\/p>\n<p>V\u0113l\u0101k erekcijas gredzenus s\u0101ka izgatavot no nefr\u012bta, da\u017ei nefr\u012bta erekcijas gredzeni ir sastopami ar\u012b m\u016bsdien\u0101s.<\/p>\n<p><a href=\"https:\/\/shop.labi.lv\/lv\/wp-content\/uploads\/2013\/12\/jadecockring.jpg\"><img loading=\"lazy\" decoding=\"async\" class=\"aligncenter size-full wp-image-1057\" alt=\"jade cock ring\" src=\"https:\/\/shop.labi.lv\/lv\/wp-content\/uploads\/2013\/12\/jadecockring.jpg\" width=\"600\" height=\"400\" srcset=\"https:\/\/shop.labi.lv\/lv\/wp-content\/uploads\/2013\/12\/jadecockring.jpg 600w, https:\/\/shop.labi.lv\/lv\/wp-content\/uploads\/2013\/12\/jadecockring-300x200.jpg 300w\" sizes=\"auto, (max-width: 600px) 100vw, 600px\" \/><\/a><\/p>\n<p>avoti:<\/p>\n<ol>\n<li><a title=\"10 Sex Toys With Ridiculously Ancient Origins\" href=\"http:\/\/listverse.com\/2013\/01\/11\/10-sex-toys-with-ridiculously-ancient-origins\/\" target=\"_blank\" rel=\"noopener\">Ten sex toys with ridiculously ancient origins<\/a><\/li>\n<li><a title=\"\u0424\u0430\u043a\u0442\u044b \u043e \u0441\u0435\u043a\u0441-\u0438\u0433\u0440\u0443\u0448\u043a\u0430\u0445 \u0438\u0437 \u043f\u0440\u043e\u0448\u043b\u043e\u0433\u043e\" href=\"http:\/\/vsegda-tvoj.livejournal.com\/6850494.html?style=mine#cutid1\" target=\"_blank\" rel=\"noopener\">\u0424\u0430\u043a\u0442\u044b \u043e \u0441\u0435\u043a\u0441-\u0438\u0433\u0440\u0443\u0448\u043a\u0430\u0445 \u0438\u0437 \u043f\u0440\u043e\u0448\u043b\u043e\u0433\u043e<\/a><\/li>\n<li><a title=\"An illustrated history of sex toys\" href=\"http:\/\/www.sloshspot.com\/blog\/09-28-2009\/An-Illustrated-History-of-Sex-Toys-220\" target=\"_blank\" rel=\"noopener\">An illustrated history of sex toys<\/a><\/li>\n<\/ol>\n","protected":false},"excerpt":{"rendered":"<p>M\u016bsu \u0113ra, 300. gads Vien\u0101 no kamasutras lap\u0101m ir vesela rindkopa, kas apraksta metodi, k\u0101 palielin\u0101t dzimumlocekli, taj\u0101 iemas\u0113jot lapse\u0146u&hellip;<\/p>\n","protected":false},"author":1,"featured_media":0,"parent":12,"menu_order":0,"comment_status":"closed","ping_status":"closed","template":"","meta":{"footnotes":""},"class_list":["post-1051","page","type-page","status-publish","hentry"],"_links":{"self":[{"href":"https:\/\/shop.labi.lv\/lv\/wp-json\/wp\/v2\/pages\/1051","targetHints":{"allow":["GET"]}}],"collection":[{"href":"https:\/\/shop.labi.lv\/lv\/wp-json\/wp\/v2\/pages"}],"about":[{"href":"https:\/\/shop.labi.lv\/lv\/wp-json\/wp\/v2\/types\/page"}],"author":[{"embeddable":true,"href":"https:\/\/shop.labi.lv\/lv\/wp-json\/wp\/v2\/users\/1"}],"replies":[{"embeddable":true,"href":"https:\/\/shop.labi.lv\/lv\/wp-json\/wp\/v2\/comments?post=1051"}],"version-history":[{"count":22,"href":"https:\/\/shop.labi.lv\/lv\/wp-json\/wp\/v2\/pages\/1051\/revisions"}],"predecessor-version":[{"id":5412,"href":"https:\/\/shop.labi.lv\/lv\/wp-json\/wp\/v2\/pages\/1051\/revisions\/5412"}],"up":[{"embeddable":true,"href":"https:\/\/shop.labi.lv\/lv\/wp-json\/wp\/v2\/pages\/12"}],"wp:attachment":[{"href":"https:\/\/shop.labi.lv\/lv\/wp-json\/wp\/v2\/media?parent=1051"}],"curies":[{"name":"wp","href":"https:\/\/api.w.org\/{rel}","templated":true}]}}