  {"id":1088,"date":"2014-01-21T18:06:19","date_gmt":"2014-01-21T16:06:19","guid":{"rendered":"http:\/\/www.labi.tev.lv\/?page_id=1088"},"modified":"2023-12-20T22:35:53","modified_gmt":"2023-12-20T20:35:53","slug":"sen%c4%81s-seksa-rota%c4%bclietas-3","status":"publish","type":"page","link":"https:\/\/shop.labi.lv\/lv\/raksti\/sen%c4%81s-seksa-rota%c4%bclietas-3\/","title":{"rendered":"Sen\u0101s seksa rota\u013clietas 3"},"content":{"rendered":"<h2>M\u016bsu \u0113ra, viduslaiki<\/h2>\n<p>Rakstiskas liec\u012bbas (Romas kato\u013cu bazn\u012bcas gr\u0101mata vai instrukciju apkopojums gr\u0113ku no\u017e\u0113lot\u0101jiem) r\u0101da, ka viduslaikos falla imitatori jeb dildo bija sal\u012bdzino\u0161i popul\u0101ri sievie\u0161u vid\u016b. Pat neskatoties uz Romas kato\u013cu bazn\u012bcas neieciet\u012bgo viedokli, ka g\u016bt baudu no seksa ir gr\u0113ks un sekss ir paredz\u0113ts tikai dzimtas turpin\u0101\u0161anas nol\u016bkiem. Sevis apmierin\u0101\u0161ana jebk\u0101d\u0101 veid\u0101 ar\u012b tika uzskat\u012bta par gr\u0113ku. Par sevis apmierin\u0101\u0161anu ar dildo bija paredz\u0113ts 5 gadus no\u017e\u0113lot gr\u0113kus.<\/p>\n<p>Saska\u0146\u0101 ar Oksfordas ang\u013cu v\u0101rdn\u012bcu v\u0101rds dildo faktiski netika izmantots l\u012bdz renesanses periodam, tom\u0113r viens paskaidrojums t\u0101 izcelsmei var b\u016bt neliels iegarens maizes klaips ar di\u013c\u013cu gar\u0161u, l\u012bdz ar to &#8220;dilldough&#8221;.<\/p>\n<p><a href=\"https:\/\/shop.labi.lv\/lv\/wp-content\/uploads\/2014\/01\/a418_dildo.jpg\"><img loading=\"lazy\" decoding=\"async\" class=\"aligncenter size-full wp-image-1091\" alt=\"dildo\" src=\"https:\/\/shop.labi.lv\/lv\/wp-content\/uploads\/2014\/01\/a418_dildo.jpg\" width=\"450\" height=\"398\" srcset=\"https:\/\/shop.labi.lv\/lv\/wp-content\/uploads\/2014\/01\/a418_dildo.jpg 450w, https:\/\/shop.labi.lv\/lv\/wp-content\/uploads\/2014\/01\/a418_dildo-300x265.jpg 300w\" sizes=\"auto, (max-width: 450px) 100vw, 450px\" \/><\/a><\/p>\n<p>Renesanses laikmets ir paz\u012bstams ne tikai ar savam glezn\u0101m. It\u0101\u013ci bija tie, kas pirmie izm\u0113\u0123in\u0101ja dildo. Sievietes st\u0101v\u0113ja rind\u0101s, lai tikai ieg\u016btu to sav\u0101 \u012bpa\u0161um\u0101. Tas tika izgatavots no koka, kas nav glu\u017ei skabargu dro\u0161s. J\u016bs varat iedom\u0101ties cik daudz sm\u0113rvielu vi\u0146i toreiz izmantoja. Iesp\u0113jams, bija nepiecie\u0161ams dildo iem\u0113rkt ol\u012bve\u013c\u013cas muci\u0146\u0101, pirms lieto\u0161anas.<\/p>\n<h2>M\u016bsu \u0113ra, ap 1560. gadu<\/h2>\n<p>Vai viduslaikos lietoja prezervat\u012bvus? Iesp\u0113jams: past\u0101v pier\u0101d\u012bjumi, kas liecina, cilv\u0113ki valk\u0101ja kaut ko, bet vai tas bija kontracepcijas nol\u016bkos, m\u0113s nekad neuzzin\u0101sim. Stingri sekojot m\u016bsdienu defin\u012bcijai, pirmais uzticamais ieraksts par to izmanto\u0161anu nepar\u0101d\u0101s l\u012bdz 1564. gadam.<\/p>\n<p>P\u0113c Meln\u0101s N\u0101ves, v\u0113lajos viduslaikos cilv\u0113kus iesk\u0101va sifilisa epid\u0113mija. \u013baudis s\u0101ka ne bez iemesla, ilgoties p\u0113c veida, k\u0101 atkal nodarboties ar seksu bez n\u0101ves draudiem.<\/p>\n<p><a href=\"https:\/\/shop.labi.lv\/lv\/wp-content\/uploads\/2014\/01\/medieval_condom_2.jpg\"><img loading=\"lazy\" decoding=\"async\" class=\"aligncenter size-full wp-image-1101\" alt=\"medieval condom\" src=\"https:\/\/shop.labi.lv\/lv\/wp-content\/uploads\/2014\/01\/medieval_condom_2.jpg\" width=\"450\" height=\"450\" srcset=\"https:\/\/shop.labi.lv\/lv\/wp-content\/uploads\/2014\/01\/medieval_condom_2.jpg 450w, https:\/\/shop.labi.lv\/lv\/wp-content\/uploads\/2014\/01\/medieval_condom_2-150x150.jpg 150w, https:\/\/shop.labi.lv\/lv\/wp-content\/uploads\/2014\/01\/medieval_condom_2-300x300.jpg 300w\" sizes=\"auto, (max-width: 450px) 100vw, 450px\" \/><\/a><\/p>\n<p>Iepaz\u012bstieties: Gabriele Falloppio. Vi\u0146a izgudrojums &#8211; no\u017euvis lina apvalks, kas m\u0113rc\u0113ts \u0137\u012bmisk\u0101s viel\u0101s &#8211; neizklaus\u0101s daudz, ta\u010du tas darboj\u0101s. Izm\u0113\u0123in\u0101juma p\u0101rbaud\u0113 kas ietv\u0113ra 1100 br\u012bvpr\u0101t\u012bgos, Falloppio nediagnostic\u0113ja ne vienu &#8220;Fran\u010du slim\u012bbas&#8221; gad\u012bjumu. Ko Eiropa izdar\u012bja, lai pateiktos vi\u0146am par dz\u012bv\u012bbas gl\u0101bjo\u0161u izgudrojumu? Da\u013ca no m\u016bsu reprodukt\u012bvajiem org\u0101niem tika nosaukta vi\u0146a v\u0101rd\u0101!<\/p>\n<h2>M\u016bsu \u0113ra, ap 1800. gadu<\/h2>\n<p>Vai j\u016bs varat iedom\u0101ties, kas notiek ar b\u0113rniem, kad vi\u0146iem liedz konfektes? Tie nodarbotos ar seksu kad vien iesp\u0113jams. Tas ir tie\u0161i tas, kas notika, kad Viktorijas laikmet\u0101 rad\u012bja pret masturb\u0101cijas ier\u012bces. Apspiestie v\u012brie\u0161i padev\u0101s sav\u0101m alk\u0101m p\u0113c seksa vair\u0101k\u00a0 nek\u0101 nepiecie\u0161ams.<\/p>\n<p><a href=\"https:\/\/shop.labi.lv\/lv\/wp-content\/uploads\/2014\/01\/chastity_belts.jpg\"><img loading=\"lazy\" decoding=\"async\" class=\"aligncenter size-full wp-image-1108\" alt=\"chastity belts\" src=\"https:\/\/shop.labi.lv\/lv\/wp-content\/uploads\/2014\/01\/chastity_belts.jpg\" width=\"450\" height=\"450\" srcset=\"https:\/\/shop.labi.lv\/lv\/wp-content\/uploads\/2014\/01\/chastity_belts.jpg 450w, https:\/\/shop.labi.lv\/lv\/wp-content\/uploads\/2014\/01\/chastity_belts-150x150.jpg 150w, https:\/\/shop.labi.lv\/lv\/wp-content\/uploads\/2014\/01\/chastity_belts-300x300.jpg 300w\" sizes=\"auto, (max-width: 450px) 100vw, 450px\" \/><\/a><\/p>\n<p>avoti:<\/p>\n<ol>\n<li><a title=\"An illustrated history of sex toys\" href=\"http:\/\/www.sloshspot.com\/blog\/09-28-2009\/An-Illustrated-History-of-Sex-Toys-220\" target=\"_blank\" rel=\"noopener\">An illustrated history of sex toys<\/a><\/li>\n<li><a title=\"\u0424\u0430\u043a\u0442\u044b \u043e \u0441\u0435\u043a\u0441-\u0438\u0433\u0440\u0443\u0448\u043a\u0430\u0445 \u0438\u0437 \u043f\u0440\u043e\u0448\u043b\u043e\u0433\u043e\" href=\"http:\/\/vsegda-tvoj.livejournal.com\/6850494.html?style=mine#cutid1\" target=\"_blank\" rel=\"noopener\">\u0424\u0430\u043a\u0442\u044b \u043e \u0441\u0435\u043a\u0441-\u0438\u0433\u0440\u0443\u0448\u043a\u0430\u0445 \u0438\u0437 \u043f\u0440\u043e\u0448\u043b\u043e\u0433\u043e<\/a><\/li>\n<li>Sex in the middle ages<\/li>\n<\/ol>\n","protected":false},"excerpt":{"rendered":"<p>M\u016bsu \u0113ra, viduslaiki Rakstiskas liec\u012bbas (Romas kato\u013cu bazn\u012bcas gr\u0101mata vai instrukciju apkopojums gr\u0113ku no\u017e\u0113lot\u0101jiem) r\u0101da, ka viduslaikos falla imitatori jeb&hellip;<\/p>\n","protected":false},"author":1,"featured_media":0,"parent":12,"menu_order":0,"comment_status":"closed","ping_status":"closed","template":"","meta":{"footnotes":""},"class_list":["post-1088","page","type-page","status-publish","hentry"],"_links":{"self":[{"href":"https:\/\/shop.labi.lv\/lv\/wp-json\/wp\/v2\/pages\/1088","targetHints":{"allow":["GET"]}}],"collection":[{"href":"https:\/\/shop.labi.lv\/lv\/wp-json\/wp\/v2\/pages"}],"about":[{"href":"https:\/\/shop.labi.lv\/lv\/wp-json\/wp\/v2\/types\/page"}],"author":[{"embeddable":true,"href":"https:\/\/shop.labi.lv\/lv\/wp-json\/wp\/v2\/users\/1"}],"replies":[{"embeddable":true,"href":"https:\/\/shop.labi.lv\/lv\/wp-json\/wp\/v2\/comments?post=1088"}],"version-history":[{"count":21,"href":"https:\/\/shop.labi.lv\/lv\/wp-json\/wp\/v2\/pages\/1088\/revisions"}],"predecessor-version":[{"id":5413,"href":"https:\/\/shop.labi.lv\/lv\/wp-json\/wp\/v2\/pages\/1088\/revisions\/5413"}],"up":[{"embeddable":true,"href":"https:\/\/shop.labi.lv\/lv\/wp-json\/wp\/v2\/pages\/12"}],"wp:attachment":[{"href":"https:\/\/shop.labi.lv\/lv\/wp-json\/wp\/v2\/media?parent=1088"}],"curies":[{"name":"wp","href":"https:\/\/api.w.org\/{rel}","templated":true}]}}