  {"id":12,"date":"2013-06-19T10:41:51","date_gmt":"2013-06-19T10:41:51","guid":{"rendered":"http:\/\/localhost\/wp\/?page_id=12"},"modified":"2024-10-08T17:29:48","modified_gmt":"2024-10-08T14:29:48","slug":"raksti","status":"publish","type":"page","link":"https:\/\/shop.labi.lv\/lv\/raksti\/","title":{"rendered":"Raksti"},"content":{"rendered":"<p>\u0160aj\u0101 sada\u013c\u0101 ir noder\u012bga inform\u0101cija salonu &#8220;LABI&#8221; pirc\u0113jiem un apmekl\u0113t\u0101jiem. Pirms seksa rota\u013clietu ieg\u0101d\u0101ties, iesak\u0101m iepaz\u012bties ar <a href=\"https:\/\/shop.labi.lv\/lv\/raksti\/int\u012bmpre\u010du-materi\u0101lu-gids\/\">int\u012bmo rota\u013clietu materi\u0101lu veidiem<\/a>, lai nek\u013c\u016bd\u012bgi izv\u0113l\u0113tos lab\u0101ko un piem\u0113rot\u0101ko ier\u012bci.<\/p>\n<p class=\"special-links\">\nIr izveidots jauns raksts: <a href=\"https:\/\/shop.labi.lv\/lv\/raksti\/skvirta-orgasms-sieviet\u0113m-kas-tas-ir\/\">Skvirta orgasms sieviet\u0113m \u2013 kas tas ir!?<\/a>\n<\/p>\n<p>Esam papildin\u0101ju\u0161i sada\u013cu ar 2 rakstiem: &#8220;<a href=\"https:\/\/shop.labi.lv\/lv\/raksti\/ko-v\u0113las-sievietes-divat\u0101-starp-palagiem\/\">Ko v\u0113las sievietes \u2013 divat\u0101, starp palagiem!?<\/a>&#8221; un &#8220;<a href=\"https:\/\/shop.labi.lv\/lv\/raksti\/esi-priek\u0161sp\u0113les-meistars-ar-labi\/\">Esi priek\u0161sp\u0113les meistars ar LABI<\/a>&#8220;.<\/p>\n<p>Lasiet <a href=\"https:\/\/shop.labi.lv\/lv\/raksti\/draiskie-latvie\u0161i\/\">par draiskajiem latvie\u0161iem<\/a> un prec\u0113m favor\u012btiem (da\u017e\u0101d\u0101s vecuma grup\u0101s). Apkopota inform\u0101cija par pirkumiem int\u012bmpre\u010du salonos &#8220;<a href=\"https:\/\/shop.labi.lv\/lv\/\">LABI<\/a>&#8221; un interneta int\u012bmpre\u010du veikal\u0101 &#8220;<a href=\"https:\/\/tev.lv\/lv\">TEV.LV<\/a>&#8220;!<\/p>\n<p>Uzziniet k\u0101das ner\u0101tn\u0101s manti\u0146as pieaugu\u0161ajiem ir <a href=\"https:\/\/shop.labi.lv\/lv\/raksti\/p\u0101rsteidzo\u0161i-ziemassv\u0113tki\">aktu\u0101li d\u0101vin\u0101t Ziemassv\u0113tkos<\/a>, k\u0101 ar\u012b par to, ko m\u016bsu klienti p\u0113d\u0113j\u0101 laik\u0101 <a href=\"https:\/\/shop.labi.lv\/lv\/raksti\/pieaugu\u0161o-rota\u013clietas\/\">izv\u0113las visvair\u0101k<\/a>!<\/p>\n<p>Iesak\u0101m m\u016bsu apmekl\u0113t\u0101jiem iepaz\u012bties ar inform\u0101ciju rakstos no s\u0113rijas &#8220;Sen\u0101s seksa rota\u013clietas&#8221; (<a title=\"Sen\u0101s seksa rota\u013clietas - 1. da\u013ca\" href=\"https:\/\/shop.labi.lv\/lv\/raksti\/sen\u0101s-seksa-rota\u013clietas-1\/\">1.\u00a0da\u013ca<\/a>, <a title=\"Sen\u0101s seksa rota\u013clietas - 2. da\u013ca\" href=\"https:\/\/shop.labi.lv\/lv\/raksti\/sen\u0101s-seksa-rota\u013clietas-2\/\">2.\u00a0da\u013ca<\/a>, <a title=\"Sen\u0101s seksa rota\u013clietas - 3. da\u013ca\" href=\"https:\/\/shop.labi.lv\/lv\/raksti\/sen\u0101s-seksa-rota\u013clietas-3\/\">3.\u00a0da\u013ca<\/a>).<\/p>\n<p>Rakstu sada\u013cai pievienoti jauni raksti par sen\u0101m seksa rota\u013cliet\u0101m. Iesak\u0101m Jums iepaz\u012bties ar inform\u0101ciju un uzzin\u0101t daudz jauna rakstos no s\u0113rijas &#8220;Sen\u0101s seksa rota\u013clietas&#8221; (<a title=\"Sen\u0101s seksa rota\u013clietas - 4. da\u013ca\" href=\"https:\/\/shop.labi.lv\/lv\/raksti\/sen\u0101s-seksa-rota\u013clietas-4\/\">4.\u00a0da\u013ca<\/a>, <a title=\"Sen\u0101s seksa rota\u013clietas - 5. da\u013ca\" href=\"https:\/\/shop.labi.lv\/lv\/raksti\/sen\u0101s-seksa-rota\u013clietas-5\/\">5.\u00a0da\u013ca<\/a>).<\/p>\n<p>T\u0101pat var uzzin\u0101t interesantu inform\u0101ciju lasot par <a href=\"https:\/\/shop.labi.lv\/lv\/raksti\/vibratora-vesture\/\">vibratoru v\u0113sturi<\/a>, <a href=\"https:\/\/shop.labi.lv\/lv\/raksti\/smar\u017eas-ar-feromoniem\/\">feromonu smar\u017e\u0101m<\/a>, <a href=\"https:\/\/shop.labi.lv\/lv\/raksti\/pornogr\u0101fija\/\">pornogr\u0101fijas v\u0113sturi<\/a>, <a href=\"https:\/\/shop.labi.lv\/lv\/raksti\/locek\u013ca-gredzeni-un-uzmavas\/\">locek\u013ca uzmav\u0101m un erekcijas gredzeniem<\/a>.<\/p>\n","protected":false},"excerpt":{"rendered":"<p>\u0160aj\u0101 sada\u013c\u0101 ir noder\u012bga inform\u0101cija salonu &#8220;LABI&#8221; pirc\u0113jiem un apmekl\u0113t\u0101jiem. Pirms seksa rota\u013clietu ieg\u0101d\u0101ties, iesak\u0101m iepaz\u012bties ar int\u012bmo rota\u013clietu materi\u0101lu&hellip;<\/p>\n","protected":false},"author":1,"featured_media":0,"parent":0,"menu_order":5,"comment_status":"closed","ping_status":"closed","template":"","meta":{"footnotes":""},"class_list":["post-12","page","type-page","status-publish","hentry"],"_links":{"self":[{"href":"https:\/\/shop.labi.lv\/lv\/wp-json\/wp\/v2\/pages\/12","targetHints":{"allow":["GET"]}}],"collection":[{"href":"https:\/\/shop.labi.lv\/lv\/wp-json\/wp\/v2\/pages"}],"about":[{"href":"https:\/\/shop.labi.lv\/lv\/wp-json\/wp\/v2\/types\/page"}],"author":[{"embeddable":true,"href":"https:\/\/shop.labi.lv\/lv\/wp-json\/wp\/v2\/users\/1"}],"replies":[{"embeddable":true,"href":"https:\/\/shop.labi.lv\/lv\/wp-json\/wp\/v2\/comments?post=12"}],"version-history":[{"count":46,"href":"https:\/\/shop.labi.lv\/lv\/wp-json\/wp\/v2\/pages\/12\/revisions"}],"predecessor-version":[{"id":5584,"href":"https:\/\/shop.labi.lv\/lv\/wp-json\/wp\/v2\/pages\/12\/revisions\/5584"}],"wp:attachment":[{"href":"https:\/\/shop.labi.lv\/lv\/wp-json\/wp\/v2\/media?parent=12"}],"curies":[{"name":"wp","href":"https:\/\/api.w.org\/{rel}","templated":true}]}}