  {"id":121,"date":"2013-08-06T14:23:15","date_gmt":"2013-08-06T12:23:15","guid":{"rendered":"http:\/\/localhost\/wp\/?page_id=121"},"modified":"2024-09-29T21:11:34","modified_gmt":"2024-09-29T18:11:34","slug":"int%c4%abmpre%c4%8du-materi%c4%81lu-gids","status":"publish","type":"page","link":"https:\/\/shop.labi.lv\/lv\/raksti\/int%c4%abmpre%c4%8du-materi%c4%81lu-gids\/","title":{"rendered":"Int\u012bmpre\u010du materi\u0101lu gids"},"content":{"rendered":"<h2>Pal\u012bgier\u012b\u010du materi\u0101lu veidi<\/h2>\n<p>Ieteikumi, kas piem\u0113rojami visiem materi\u0101liem<\/p>\n<ul class=\"same-page-list\">\n<li>Seksa rota\u013clietas ieteicams nomazg\u0101t silt\u0101 ziepj\u016bden\u012b gan pirms, gan p\u0113c to lieto\u0161anas!<\/li>\n<li>Seksa rota\u013clietas nedr\u012bkst uzglab\u0101t neaizsarg\u0101tas &#8211; t\u0101 k\u0101 da\u017e\u0101di materi\u0101li var rea\u0123\u0113t viens ar otru, k\u0101 rezult\u0101t\u0101 var\u0113tu rasties kr\u0101sas vai formas izmai\u0146as, vai pat caurumi. (Vai nu uzglab\u0101\u0161anai j\u0101izmanto ori\u0123in\u0101lais iepakojums, vai nu kaste vai atvilktne ar atsevi\u0161\u0137iem nodal\u012bjumiem.)<\/li>\n<li>Sieviet\u0113m un v\u012brie\u0161iem ar jut\u012bgu \u0101du vai aler\u0123isk\u0101m reakcij\u0101m, r\u016bp\u0113joties par savu dro\u0161\u012bbu un vesel\u012bbu, b\u016btu j\u0101izmanto <span style=\"text-decoration: underline;\">visas<\/span> seksa rota\u013clietas ar <a title=\"prezervat\u012bvi bez lateksa\" href=\"\/\/tev.lv\/lv\/prezervat\u012bvi-sagami-original-0598-condoms-002\" target=\"_blank\" rel=\"noopener\">prezervat\u012bviem<\/a>.<\/li>\n<\/ul>\n<h3>\u0160aj\u0101 sada\u013c\u0101 J\u016bs varat uzzin\u0101t vair\u0101k par katra materi\u0101la \u012bpa\u0161\u012bb\u0101m, to plusiem un m\u012bnusiem:<\/h3>\n<ul class=\"same-page-links\">\n<li><a href=\"#material-silicone\">Silikons (silikona gumija)<\/a><\/li>\n<li><a href=\"#material-latex\">Latekss (dab\u012bgais kau\u010duks, gumija)<\/a><\/li>\n<li><a href=\"#material-pvc\">PVC (polivinilhlor\u012bds, m\u012bksts PVC, \u017eeleja)<\/a><\/li>\n<li><a href=\"#material-abs\">ABS (akrila nitr\u012bts stir\u0113na butadi\u0113ns, ciets plastik\u0101ts)<\/a><\/li>\n<li><a href=\"#material-pu\">PU (poliuret\u0101na p\u0101rkl\u0101jums, PU apvalks)<\/a><\/li>\n<li><a href=\"#material-tp\">TP jeb termoplasti (TPO, TPE, TPR)<\/a><\/li>\n<li><a href=\"#material-acrylic\">Akrils (organiskais stikls, polimetilmetakril\u0101ts, krist\u0101ls)<\/a><\/li>\n<\/ul>\n<h2 id=\"material-silicone\" class=\"same-page-link\">Silikons<\/h2>\n<p><b>(silikona gumija)<\/b><\/p>\n<p>Silikonu veido no dab\u012bg\u0101m sast\u0101vda\u013c\u0101m veicot sint\u0113tisku apstr\u0101di, l\u012bdz ar to silikonu uzskata par dab\u012bgu produktu. Silikons tiek uzskat\u012bts par fiziolo\u0123iski sader\u012bgu (nav kait\u012bgs vesel\u012bbai) un netoksisku. Tas ir iemesls t\u0101 lieto\u0161anai \u0101das aizsargl\u012bdzek\u013cos, \u0101du kopjo\u0161\u0101 kosm\u0113tik\u0101 un plastiskaj\u0101 \u0137irur\u0123ij\u0101. \u012asum\u0101: tas ir viens no lab\u0101kajiem materi\u0101liem m\u012blas rota\u013cliet\u0101m!<\/p>\n<p>Galven\u0101s priek\u0161roc\u012bbas:<\/p>\n<ul class=\"same-page-list\">\n<li>Bez m\u012bkstino\u0161iem l\u012bdzek\u013ciem (ftal\u0101tiem)<\/li>\n<li>Lieliska elast\u012bba un gludums<\/li>\n<li>Augsta kr\u0101su notur\u012bba un izm\u0113ru stabilit\u0101te<\/li>\n<li>Karstumiztur\u012bba un UV pretest\u012bba<\/li>\n<li>\u0100tri piel\u0101gojas \u0137erme\u0146a temperat\u016brai<\/li>\n<li>Sader\u012bba ar \u0101du<\/li>\n<li>Bez smar\u017eas<\/li>\n<li>Viegli t\u012br\u0101ms<\/li>\n<li>Anti-aler\u0123isks materi\u0101ls<\/li>\n<li>Higi\u0113nisks materi\u0101ls<\/li>\n<li>Videi draudz\u012bgs<\/li>\n<\/ul>\n<p><span style=\"text-decoration: underline;\">L\u016bdzu \u0146emiet v\u0113r\u0101:<\/span> Silikonu nedr\u012bkst lietot kop\u0101 ar citiem silikona b\u0101zes produktiem. T\u0101p\u0113c lietojot m\u012blas rota\u013clietas, kas izgatavotas no silikona ir j\u0101vair\u0101s no silikona b\u0101zes lubrikantiem!<\/p>\n<p>Vibratori no silikona: <a title=\"vibratori LELO no silikona\" href=\"https:\/\/tev.lv\/lv\/lelo-2\" target=\"_blank\" rel=\"noopener\">LELO<\/a>, <a title=\"vibratori WE-VIBE no silikona\" href=\"https:\/\/tev.lv\/lv\/we-vibe-2\" target=\"_blank\" rel=\"noopener\">WE-VIBE<\/a>, un citi.<\/p>\n<h2 id=\"material-latex\" class=\"same-page-link\">Latekss<\/h2>\n<p><b>(dab\u012bgais kau\u010duks, gumija)<\/b><\/p>\n<p>Galven\u0101 dab\u012bga lateksa sast\u0101vda\u013ca ir tropu kau\u010duka koka pienain\u0101 sula. Tom\u0113r liel\u0101 piepras\u012bjuma apmierin\u0101\u0161anai past\u0101v ar\u012b sint\u0113tisks latekss. Ab\u0101m versij\u0101m ir vien\u0101das pozit\u012bv\u0101s \u012bpa\u0161\u012bbas. Latekss ir netoksisks un nesatur kait\u012bgas vielas. \u0160o iemeslu d\u0113\u013c to izmanto, lai ra\u017eotu prezervat\u012bvus, vienreiz\u0113j\u0101s lieto\u0161anas cimdus, medic\u012bnas cimdus, utt.<\/p>\n<p>Galven\u0101s priek\u0161roc\u012bbas:<\/p>\n<ul class=\"same-page-list\">\n<li>Bez m\u012bkstin\u0101\u0161anas l\u012bdzek\u013ciem (ftal\u0101tiem)<\/li>\n<li>\u013boti smalka strukt\u016bra<\/li>\n<li>Lieliska elast\u012bba un materi\u0101la konsistence<\/li>\n<li>\u0100tri piel\u0101gojas \u0137erme\u0146a temperat\u016brai<\/li>\n<li>Viegli t\u012br\u0101ms<\/li>\n<li>Higi\u0113nisks<\/li>\n<li>Videi draudz\u012bgs<\/li>\n<\/ul>\n<p><span style=\"text-decoration: underline;\">L\u016bdzu, \u0146emiet v\u0113r\u0101:<\/span> Klientiem ar aler\u0123iju pret lateksu nevajadz\u0113tu lietot no lateksa izgatavotas seksa rota\u013clietas. Kod\u012bgi mazg\u0101\u0161anas l\u012bdzek\u013ci un mas\u0101\u017eas e\u013c\u013cas var iz\u0161\u0137\u012bdin\u0101t lateksu.<\/p>\n<p>Pal\u012bgier\u012bces no lateksa: <a title=\"Locek\u013ca prot\u0113zes\" href=\"https:\/\/tev.lv\/lv\/locek\u013ca-prot\u0113zes\" target=\"_blank\" rel=\"noopener\">da\u017eas locek\u013ca prot\u0113zes<\/a>, <a title=\"Lateksa prezervat\u012bvi\" href=\"https:\/\/tev.lv\/lv\/prezervat\u012bvi-ar-lateksu?viewmode=grid&#038;orderby=0&#038;pagesize=24&#038;price=0-1000\" target=\"_blank\" rel=\"noopener\">Prezervat\u012bvi<\/a>, un citi.<\/p>\n<h2 id=\"material-pvc\" class=\"same-page-link\">PVC<\/h2>\n<p><b>(polivinilhlor\u012bds, m\u012bksts PVC, \u017eeleja)<\/b><\/p>\n<p>PVC ir sint\u0113tisks materi\u0101ls pieejams gan ar m\u012bkstu, gan ar stingru formu. T\u0101 konsistenci var viegli piel\u0101got pievienojot m\u012bkstin\u0101\u0161anas l\u012bdzek\u013cus. PVC ir piem\u0113rots risin\u0101jums \u013coti da\u017e\u0101du produktu ra\u017eo\u0161anai, piem\u0113ram, atsper\u012bgas bumbi\u0146as, du\u0161as aizkari, dildo vai seksa lelles.<\/p>\n<p>Galven\u0101s priek\u0161roc\u012bbas:<\/p>\n<ul class=\"same-page-list\">\n<li>Lieliska elast\u012bba un materi\u0101la konsistence<\/li>\n<li>Iztur\u012bba pret alkoholu un e\u013c\u013c\u0101m<\/li>\n<li>\u0100tri piel\u0101gojas \u0137erme\u0146a temperat\u016brai<\/li>\n<li>Dro\u0161s materi\u0101ls (ja nesatur ftal\u0101tus)<\/li>\n<\/ul>\n<p><span style=\"text-decoration: underline;\">L\u016bdzu, \u0146emiet v\u0113r\u0101:<\/span> Jauna produkta izteikt\u0101, intens\u012bv\u0101 smar\u017ea izzud\u012bs p\u0113c r\u016bp\u012bgas v\u0113din\u0101\u0161anas.<\/p>\n<p>Pal\u012bgier\u012bces no PVC materi\u0101la: <a title=\"Twirly trio Butt Plug Set\" href=\"https:\/\/tev.lv\/lv\/komplekts-twirly-trio-0119-butt-plug-set\" target=\"_blank\" rel=\"noopener\">Twirly trio Butt Plug Set<\/a>, citas manti\u0146as, kas veidotas no <a title=\"Jelly selection\" href=\"https:\/\/tev.lv\/lv\/search?viewmode=grid&#038;orderby=0&#038;pagesize=24&#038;q=jelly&#038;advs=false&#038;price=0-10000\" target=\"_blank\" rel=\"noopener\">\u017eelejas veida materi\u0101la<\/a>.<\/p>\n<h2 id=\"material-abs\" class=\"same-page-link\">ABS<\/h2>\n<p><b>(Akrila nitr\u012bts stir\u0113na butadi\u0113ns, ciets plastik\u0101ts)<\/b><\/p>\n<p>ABS ra\u017eo sint\u0113tiski un t\u0101 ir \u013coti svar\u012bga daudzu m\u0101jsaimniec\u012bbas ier\u012b\u010du un rota\u013clietu sast\u0101vda\u013ca. ABS ir vienk\u0101r\u0161i p\u0101rkl\u0101t ar met\u0101liem vai polim\u0113riem (piem\u0113ram, poliuret\u0101nu) &#8211; lieliska sast\u0101vda\u013ca neierobe\u017eotai jaunradei vibratoru projekt\u0113\u0161anas un dizaina jom\u0101.<\/p>\n<p>Galven\u0101s priek\u0161roc\u012bbas:<\/p>\n<ul class=\"same-page-list\">\n<li>Bez m\u012bkstin\u0101\u0161anas l\u012bdzek\u013ciem (ftal\u0101tiem)<\/li>\n<li>Lielisks vibr\u0101ciju p\u0101rvad\u0101t\u0101js<\/li>\n<li>Sader\u012bba ar \u0101du<\/li>\n<li>Bez smar\u017eas<\/li>\n<li>Viegli t\u012br\u0101ms<\/li>\n<li>Higi\u0113nisks materi\u0101ls<\/li>\n<\/ul>\n<p><span style=\"text-decoration: underline;\">L\u016bdzu, \u0146emiet v\u0113r\u0101:<\/span> Baterijas ABS-vibratoros j\u0101ievieto stingri iespie\u017eot (sabl\u012bv\u0113jot), t\u0101d\u0113\u013c, ka va\u013c\u012bgi (pavir\u0161i)-ievietotas baterijas palielina vibratora rad\u012bto troksni.<\/p>\n<p>Vibratori no ABS plastik\u0101ta: <a title=\"G-gasm delight\" href=\"https:\/\/tev.lv\/lv\/search?q=1149&#038;cid=0&#038;mid=0&#038;advs=false&#038;isc=false&#038;sid=false\" target=\"_blank\" rel=\"noopener\">G-gasm delight<\/a>, <a title=\"G-explorer\" href=\"https:\/\/tev.lv\/lv\/search?q=1149&#038;cid=0&#038;mid=0&#038;advs=false&#038;isc=false&#038;sid=false\" target=\"_blank\" rel=\"noopener\">G-explorer<\/a>, un citi.<\/p>\n<h2 id=\"material-pu\" class=\"same-page-link\">PU<\/h2>\n<p><b>(poliuret\u0101na p\u0101rkl\u0101jums, PU apvalks)<\/b><\/p>\n<p>Sint\u0113tiski izgatavots poliuret\u0101ns var b\u016bt vai nu ciets un trausls, vai ar\u012b gluds un elast\u012bgs. Sav\u0101 putot\u0101 form\u0101 tas ir paz\u012bstams ar\u012b k\u0101 putu gumija. Poliuret\u0101ns ir svar\u012bga sast\u0101vda\u013ca, ko lieto matra\u010du, apavu zol\u0113m, tekstilmateri\u0101lu, k\u0101 ar\u012b prezervat\u012bvu (bez lateksa) ra\u017eo\u0161an\u0101. Savuk\u0101rt, PU, k\u0101 no ABS veidotu seksa rota\u013clietu p\u0101rkl\u0101jums, p\u0101rkl\u0101jums nodro\u0161ina (piedod) gludu un z\u012bdainu tekst\u016bru (raksturu).<\/p>\n<p>Galven\u0101s priek\u0161roc\u012bbas:<\/p>\n<ul class=\"same-page-list\">\n<li>Bez m\u012bkstin\u0101\u0161anas l\u012bdzek\u013ciem (ftal\u0101tiem)<\/li>\n<li>UV iztur\u012bba<\/li>\n<li>Bez smar\u017eas<\/li>\n<li>Sader\u012bba ar \u0101du<\/li>\n<li>\u0100tri piel\u0101gojas \u0137erme\u0146a temperat\u016brai<\/li>\n<\/ul>\n<p><span style=\"text-decoration: underline;\">L\u016bdzu, \u0146emiet v\u0113r\u0101:<\/span> Kod\u012bgi mazg\u0101\u0161anas l\u012bdzek\u013ci un mas\u0101\u017eas e\u013c\u013cas var boj\u0101t vai iz\u0161\u0137\u012bdin\u0101t poliuret\u0101nu.<\/p>\n<h2 id=\"material-tp\" class=\"same-page-link\">TP jeb termoplasti<\/h2>\n<p><b>(TPO \u2013 termoplastisks poliolef\u012bns,<br \/>\nTPE \u2013 termoplastiski elastom\u0113ri,<br \/>\nTPR \u2013 termoplastiska gumija)<\/b><\/p>\n<p>TP ir jauns materi\u0101ls ar silikonam piem\u012bto\u0161\u0101m \u012bpa\u0161\u012bb\u0101m. Elastom\u0113ru ra\u017eo\u0161anas galven\u0101 sast\u0101vda\u013ca ir dab\u012bga vai sint\u0113tiska gumija, kas tiek (kombin\u0113ta) apvienota ar sint\u0113tiska materi\u0101la funkcion\u0101l\u0101m \u012bpa\u0161\u012bb\u0101m. \u0160is \u0101dai l\u012bdz\u012bgais materi\u0101ls rada iespaidu par \u013coti dabisku saj\u016btu un nodro\u0161ina lielisku izklaidi.<\/p>\n<p>Galven\u0101s priek\u0161roc\u012bbas:<\/p>\n<ul class=\"same-page-list\">\n<li>Bez m\u012bkstin\u0101\u0161anas l\u012bdzek\u013ciem (ftal\u0101tiem)<\/li>\n<li>Lieliska elast\u012bba un materi\u0101la konsistence<\/li>\n<li>UV iztur\u012bba<\/li>\n<li>Sader\u012bba ar \u0101du<\/li>\n<li>Bez smar\u017eas<\/li>\n<li>\u0100tri piel\u0101gojas \u0137erme\u0146a temperat\u016brai<\/li>\n<li>Videi draudz\u012bgs<\/li>\n<\/ul>\n<p><span style=\"text-decoration: underline;\">L\u016bdzu, \u0146emiet v\u0113r\u0101:<\/span> Ier\u012bc\u0113m, kas izgatavotas no TP materi\u0101la nepiecie\u0161amas regul\u0101ras apkopes ar talka pulveri!<\/p>\n<h2 id=\"material-acrylic\" class=\"same-page-link\">Akrils<\/h2>\n<p><b>(organiskais stikls, polimetilmetakril\u0101ts, krist\u0101ls)<\/b><\/p>\n<p>Akrils ir sint\u0113tisks, stiklam l\u012bdz\u012bgs termoplastisks materi\u0101ls. Tas nav toksisks un nesatur kait\u012bgas vielas. L\u012bdz ar to akrils ir neaizst\u0101jams zobu implant\u0101tiem, optikas l\u0113c\u0101m, brill\u0113m, utt. \u012asum\u0101: lielisks m\u012blas rota\u013clietu materi\u0101ls ar br\u012bni\u0161\u0137\u012bg\u0101m sl\u012bd\u0113\u0161anas \u012bpa\u0161\u012bb\u0101m.<\/p>\n<p>Galven\u0101s priek\u0161roc\u012bbas:<\/p>\n<ul class=\"same-page-list\">\n<li>Bez smar\u017eas<\/li>\n<li>Bez m\u012bkstin\u0101\u0161anas l\u012bdzek\u013ciem (ftal\u0101tiem)<\/li>\n<li>Gluda virsma<\/li>\n<li>Lielisks vibr\u0101ciju p\u0101rvad\u0101t\u0101js<\/li>\n<li>Iesp\u0113jams izveidot sare\u017e\u0123\u012btas formas<\/li>\n<li>Iztur\u012bba pret UV un e\u013c\u013c\u0101m<\/li>\n<li>Sader\u012bba ar \u0101du<\/li>\n<li>\u0100tri piel\u0101gojas \u0137erme\u0146a temperat\u016brai<\/li>\n<li>Anti-aler\u0123iskas<\/li>\n<li>Viegli t\u012br\u0101ms<\/li>\n<li>Higi\u0113nisks<\/li>\n<\/ul>\n<p><span style=\"text-decoration: underline;\">L\u016bdzu, \u0146emiet v\u0113r\u0101:<\/span> Akrila seksa rota\u013clietas vislab\u0101k t\u012br\u012bt ar rok\u0101m, ar gludu s\u016bkli, lai izvair\u012btos no skr\u0101p\u0113jumiem uz ier\u012b\u010du virsmas.<\/p>\n<p>Dildo no akrila: <a title=\"dildo no akrila Crystal clear\" href=\"https:\/\/tev.lv\/lv\/search?q=Crystal+clear&#038;cid=0&#038;mid=0&#038;advs=false&#038;isc=false&#038;sid=false\" target=\"_blank\" rel=\"noopener\">Crystal clear<\/a> un citi.<\/p>\n","protected":false},"excerpt":{"rendered":"<p>Pal\u012bgier\u012b\u010du materi\u0101lu veidi Ieteikumi, kas piem\u0113rojami visiem materi\u0101liem Seksa rota\u013clietas ieteicams nomazg\u0101t silt\u0101 ziepj\u016bden\u012b gan pirms, gan p\u0113c to lieto\u0161anas!&hellip;<\/p>\n","protected":false},"author":1,"featured_media":0,"parent":12,"menu_order":0,"comment_status":"closed","ping_status":"closed","template":"","meta":{"footnotes":""},"class_list":["post-121","page","type-page","status-publish","hentry"],"_links":{"self":[{"href":"https:\/\/shop.labi.lv\/lv\/wp-json\/wp\/v2\/pages\/121","targetHints":{"allow":["GET"]}}],"collection":[{"href":"https:\/\/shop.labi.lv\/lv\/wp-json\/wp\/v2\/pages"}],"about":[{"href":"https:\/\/shop.labi.lv\/lv\/wp-json\/wp\/v2\/types\/page"}],"author":[{"embeddable":true,"href":"https:\/\/shop.labi.lv\/lv\/wp-json\/wp\/v2\/users\/1"}],"replies":[{"embeddable":true,"href":"https:\/\/shop.labi.lv\/lv\/wp-json\/wp\/v2\/comments?post=121"}],"version-history":[{"count":38,"href":"https:\/\/shop.labi.lv\/lv\/wp-json\/wp\/v2\/pages\/121\/revisions"}],"predecessor-version":[{"id":5548,"href":"https:\/\/shop.labi.lv\/lv\/wp-json\/wp\/v2\/pages\/121\/revisions\/5548"}],"up":[{"embeddable":true,"href":"https:\/\/shop.labi.lv\/lv\/wp-json\/wp\/v2\/pages\/12"}],"wp:attachment":[{"href":"https:\/\/shop.labi.lv\/lv\/wp-json\/wp\/v2\/media?parent=121"}],"curies":[{"name":"wp","href":"https:\/\/api.w.org\/{rel}","templated":true}]}}