  {"id":1219,"date":"2014-05-21T15:53:12","date_gmt":"2014-05-21T12:53:12","guid":{"rendered":"http:\/\/www.labi.tev.lv\/?page_id=1219"},"modified":"2023-12-20T22:36:08","modified_gmt":"2023-12-20T20:36:08","slug":"sen%c4%81s-seksa-rota%c4%bclietas-4","status":"publish","type":"page","link":"https:\/\/shop.labi.lv\/lv\/raksti\/sen%c4%81s-seksa-rota%c4%bclietas-4\/","title":{"rendered":"Sen\u0101s seksa rota\u013clietas 4"},"content":{"rendered":"<h2>M\u016bsu \u0113ra, 1734. gads<\/h2>\n<p>Vienu no pirmajiem vibratoriem sauca \u201eTremoussoir\u201d, to izgudroja 1734. gada laik\u0101 &#8211; Francij\u0101. Ier\u012bce darboj\u0101s no manu\u0101li ar atsl\u0113gu uzvelkama meh\u0101nisma.<\/p>\n<p><img loading=\"lazy\" decoding=\"async\" class=\"aligncenter wp-image-1244 size-full\" src=\"https:\/\/shop.labi.lv\/lv\/wp-content\/uploads\/2014\/05\/tremoussoir.jpg\" alt=\"tremoussoir - pirmais uzvelkamais vibrators\" width=\"600\" height=\"220\" srcset=\"https:\/\/shop.labi.lv\/lv\/wp-content\/uploads\/2014\/05\/tremoussoir.jpg 600w, https:\/\/shop.labi.lv\/lv\/wp-content\/uploads\/2014\/05\/tremoussoir-300x110.jpg 300w\" sizes=\"auto, (max-width: 600px) 100vw, 600px\" \/><\/p>\n<h2>M\u016bsu \u0113ra, ap 1850. gadu<\/h2>\n<p>Viktorijas laikmets bija at\u0161\u0137ir\u012bgs laiks. Lielbrit\u0101nija vald\u012bja p\u0101r Pasauli, robotus darbin\u0101ja tvaika dzin\u0113ji, savuk\u0101rt, \u0101rsti hist\u0113risk\u0101m sieviet\u0113m noz\u012bm\u0113ja masturb\u0113\u0161anu. Vai patiesi!?<\/p>\n<p><img loading=\"lazy\" decoding=\"async\" class=\"aligncenter wp-image-1226 size-full\" src=\"https:\/\/shop.labi.lv\/lv\/wp-content\/uploads\/2014\/05\/wp-content_uploads_2012_06_hysteria.jpg\" alt=\"sievie\u0161u hist\u0113rija - uzbudin\u0101jums\" width=\"600\" height=\"360\" srcset=\"https:\/\/shop.labi.lv\/lv\/wp-content\/uploads\/2014\/05\/wp-content_uploads_2012_06_hysteria.jpg 600w, https:\/\/shop.labi.lv\/lv\/wp-content\/uploads\/2014\/05\/wp-content_uploads_2012_06_hysteria-300x180.jpg 300w\" sizes=\"auto, (max-width: 600px) 100vw, 600px\" \/><\/p>\n<p>Tiktie\u0161\u0101m, \u201esievie\u0161u hist\u0113rija\u201d Viktorijas laikmet\u0101 bija diagnostic\u0113jama slim\u012bba. Visbie\u017e\u0101k hist\u0113riju diagnostic\u0113ja jaunav\u0101m, m\u016b\u0137en\u0113m un atraitn\u0113m, k\u0101 ar\u012b, reiz\u0113m, prec\u0113t\u0101m sieviet\u0113m. T\u0101 k\u0101 masturb\u0113\u0161anas proced\u016bra netika uzskat\u012bta par seksu\u0101lu pierdzi (ne tuvu tam &#8211; par seku\u0101lu piereidzi uzskat\u012bja tikai dzimumaktu) t\u0101 bija j\u0101veic \u0101rstam.<\/p>\n<p>Noteikt\u0101 \u0101rst\u0113\u0161ana bija \u0161\u0101da: \u0101rstam bija manu\u0101li j\u0101stimul\u0113 sievie\u0161u dzimumorg\u0101ni l\u012bdz vi\u0146as piedz\u012bvoja &#8220;hist\u0113risku paroksizmu&#8221; jeb k\u0101 to \u0161obr\u012bd sauc &#8211; orgasmu. \u0100rsti bie\u017ei s\u016bdz\u0113j\u0101s par sap\u0113m plausktas loc\u012btav\u0101s t\u0101d\u0113\u013c, ka veicot bie\u017eas atk\u0101rtotas kust\u012bbas rokas \u0101rk\u0101rt\u012bgi nogura. T\u0101p\u0113c nav j\u0101br\u012bn\u0101s, ka tie\u0161i \u0101rsti mekl\u0113ja veidus k\u0101 masturb\u0113\u0161anu automatiz\u0113t!<\/p>\n<h2>M\u016bsu \u0113ra, 1869. gads<\/h2>\n<p>Neb\u012bstieties! \u0160\u012b varen\u0101 ier\u012bce bija pirmais automatiz\u0113tais vibrators. To izveidoja amerik\u0101\u0146u \u0101rsts D\u017eord\u017es Teilors (George Taylor) 1869. gad\u0101. \u0160is lielais, ar tvaiku darbin\u0101mais, apar\u0101ts tika izmantots, lai \u0101rst\u0113tu \u0161\u0137ietamo slim\u012bbu ko k\u0101dreiz d\u0113v\u0113ja par \u201esievie\u0161u hist\u0113riju\u201d. M\u016bsdien\u0101s to paz\u012bst k\u0101 uzbudin\u0101jumu.<\/p>\n<p><img loading=\"lazy\" decoding=\"async\" class=\"aligncenter wp-image-1233 size-full\" src=\"https:\/\/shop.labi.lv\/lv\/wp-content\/uploads\/2014\/05\/steampoweredvibrator.jpg\" alt=\"ar tvaiku darbin\u0101ms vibrators\" width=\"600\" height=\"400\" srcset=\"https:\/\/shop.labi.lv\/lv\/wp-content\/uploads\/2014\/05\/steampoweredvibrator.jpg 600w, https:\/\/shop.labi.lv\/lv\/wp-content\/uploads\/2014\/05\/steampoweredvibrator-300x200.jpg 300w\" sizes=\"auto, (max-width: 600px) 100vw, 600px\" \/><\/p>\n<p>Tom\u0113r, da\u017e\u0101du iemeslu d\u0113\u013c, \u0161\u012b ier\u012bce neguva atsauc\u012bbu un neizplat\u012bj\u0101s.<\/p>\n<p>avoti:<\/p>\n<ol>\n<li><a title=\"19th century doctors prescribed masturbation to hysterical female patients\" href=\"http:\/\/www.examiner.com\/article\/19th-century-doctors-prescribed-masturbation-to-hysterical-female-patients\" target=\"_blank\" rel=\"noopener\">19th century doctors prescribed masturbation<\/a><\/li>\n<li><a title=\"\u0424\u0430\u043a\u0442\u044b \u043e \u0441\u0435\u043a\u0441-\u0438\u0433\u0440\u0443\u0448\u043a\u0430\u0445 \u0438\u0437 \u043f\u0440\u043e\u0448\u043b\u043e\u0433\u043e\" href=\"http:\/\/vsegda-tvoj.livejournal.com\/6850494.html?style=mine#cutid1\" target=\"_blank\" rel=\"noopener\">\u0424\u0430\u043a\u0442\u044b \u043e \u0441\u0435\u043a\u0441-\u0438\u0433\u0440\u0443\u0448\u043a\u0430\u0445 \u0438\u0437 \u043f\u0440\u043e\u0448\u043b\u043e\u0433\u043e<\/a><\/li>\n<li>Sex in the middle ages<\/li>\n<\/ol>\n","protected":false},"excerpt":{"rendered":"<p>M\u016bsu \u0113ra, 1734. gads Vienu no pirmajiem vibratoriem sauca \u201eTremoussoir\u201d, to izgudroja 1734. gada laik\u0101 &#8211; Francij\u0101. Ier\u012bce darboj\u0101s no&hellip;<\/p>\n","protected":false},"author":1,"featured_media":0,"parent":12,"menu_order":0,"comment_status":"closed","ping_status":"closed","template":"","meta":{"footnotes":""},"class_list":["post-1219","page","type-page","status-publish","hentry"],"_links":{"self":[{"href":"https:\/\/shop.labi.lv\/lv\/wp-json\/wp\/v2\/pages\/1219","targetHints":{"allow":["GET"]}}],"collection":[{"href":"https:\/\/shop.labi.lv\/lv\/wp-json\/wp\/v2\/pages"}],"about":[{"href":"https:\/\/shop.labi.lv\/lv\/wp-json\/wp\/v2\/types\/page"}],"author":[{"embeddable":true,"href":"https:\/\/shop.labi.lv\/lv\/wp-json\/wp\/v2\/users\/1"}],"replies":[{"embeddable":true,"href":"https:\/\/shop.labi.lv\/lv\/wp-json\/wp\/v2\/comments?post=1219"}],"version-history":[{"count":39,"href":"https:\/\/shop.labi.lv\/lv\/wp-json\/wp\/v2\/pages\/1219\/revisions"}],"predecessor-version":[{"id":5415,"href":"https:\/\/shop.labi.lv\/lv\/wp-json\/wp\/v2\/pages\/1219\/revisions\/5415"}],"up":[{"embeddable":true,"href":"https:\/\/shop.labi.lv\/lv\/wp-json\/wp\/v2\/pages\/12"}],"wp:attachment":[{"href":"https:\/\/shop.labi.lv\/lv\/wp-json\/wp\/v2\/media?parent=1219"}],"curies":[{"name":"wp","href":"https:\/\/api.w.org\/{rel}","templated":true}]}}