  {"id":1256,"date":"2014-05-22T15:09:04","date_gmt":"2014-05-22T12:09:04","guid":{"rendered":"http:\/\/www.labi.tev.lv\/?page_id=1256"},"modified":"2020-05-04T20:20:04","modified_gmt":"2020-05-04T17:20:04","slug":"sen%c4%81s-seksa-rota%c4%bclietas-5","status":"publish","type":"page","link":"https:\/\/shop.labi.lv\/lv\/raksti\/sen%c4%81s-seksa-rota%c4%bclietas-5\/","title":{"rendered":"Sen\u0101s seksa rota\u013clietas 5"},"content":{"rendered":"<h2>M\u016bsu \u0113ra, 1880. gads<\/h2>\n<p>Pirmais pla\u0161u izplat\u012bbu guvu\u0161ais vibrators bija ier\u012bce ar elektro\u0137\u012bmisku dizainu. To rad\u012bja \u0101rsts un izgudrot\u0101js D\u017eozefs Mortimers Granvils (Joseph Mortimer Granville). Ier\u012bci s\u0101kotn\u0113ji izmantoja musku\u013cu s\u0101pju remd\u0113\u0161anai mas\u0113jot tos. \u0100tri vien \u0161\u012bs ier\u012bces dizainu un \u0113rt\u012bbas nov\u0113rt\u0113ja citi \u0101rsti un l\u012bdz ar to ar\u012b pacienti, kas slimoja ar \u201esievie\u0161u hist\u0113riju\u201d. Sasniegt orgasmu k\u013cuva viegl\u0101k un \u0101tr\u0101k!<\/p>\n<p><img loading=\"lazy\" decoding=\"async\" src=\"https:\/\/shop.labi.lv\/lv\/wp-content\/uploads\/2014\/05\/Granvilles_Vibrator_1883.jpg\" alt=\"Granvila vibrators\" width=\"600\" height=\"600\" class=\"aligncenter size-full wp-image-1263\" srcset=\"https:\/\/shop.labi.lv\/lv\/wp-content\/uploads\/2014\/05\/Granvilles_Vibrator_1883.jpg 600w, https:\/\/shop.labi.lv\/lv\/wp-content\/uploads\/2014\/05\/Granvilles_Vibrator_1883-150x150.jpg 150w, https:\/\/shop.labi.lv\/lv\/wp-content\/uploads\/2014\/05\/Granvilles_Vibrator_1883-300x300.jpg 300w\" sizes=\"auto, (max-width: 600px) 100vw, 600px\" \/><\/p>\n<p>M\u0101jsaimnieces st\u0101j\u0101s rind\u0101s, lai to ieg\u0101d\u0101tos un \u201e\u0101rst\u0113tos\u201d m\u0101j\u0101s! Kas notika? Sabiedr\u012bba akcept\u0113ja \u201emasierus\u201d, ja vien tos uzl\u016bko k\u0101 medic\u012bnisku nevis seksu\u0101lu atbalstu.<\/p>\n<h2>M\u016bsu \u0113ra, 1885. gads<\/h2>\n<p>\u0100rsti aizvien mekl\u0113ja jaunus veidus k\u0101 atvieglot savu darbu. T\u0101 tika izgudrota proced\u016bra &#8211; sievie\u0161u dzimumorg\u0101nu \u016bdens mas\u0101\u017ea. Tie\u0161i \u0101rsti bija pirmie, kas izgudroja, izveidoja un izmantoja da\u017e\u0101dus uzga\u013cus \u016bdens \u0161\u013c\u016bten\u0113m. \u0160\u0101ds pa\u0146\u0113miens (\u016bdensmas\u0101\u017ea ar da\u017e\u0101diem uzga\u013ciem) vair\u0101kk\u0101rt samazin\u0101ja manu\u0101las mas\u0101\u017eas laiku (no stund\u0101m l\u012bdz min\u016bt\u0113m).<\/p>\n<p><img loading=\"lazy\" decoding=\"async\" class=\"aligncenter wp-image-1250 size-full\" src=\"https:\/\/shop.labi.lv\/lv\/wp-content\/uploads\/2014\/05\/220px-Pelvicdouche.jpg\" alt=\"iegur\u0146u du\u0161a - \u016bdens mas\u0101\u017ea\" width=\"600\" height=\"280\" srcset=\"https:\/\/shop.labi.lv\/lv\/wp-content\/uploads\/2014\/05\/220px-Pelvicdouche.jpg 600w, https:\/\/shop.labi.lv\/lv\/wp-content\/uploads\/2014\/05\/220px-Pelvicdouche-300x140.jpg 300w\" sizes=\"auto, (max-width: 600px) 100vw, 600px\" \/><\/p>\n<p>Citi izgudrot\u0101ji reklam\u0113ja izj\u0101des trena\u017eierus, k\u0101 vesel\u012bga dz\u012bvesveida neat\u0146emamu sast\u0101vda\u013cu! J\u0101atz\u012bm\u0113, ka \u0161aj\u0101 laik\u0101 \u0101rsti uzskat\u012bja, ka vibratori pal\u012bdz \u0101rst\u0113t daudzas slim\u012bbas. Rekl\u0101mas matrei\u0101li mudin\u0101ja tur\u012bgus cilv\u0113kus ieg\u0101d\u0101ties \u0161\u012bs ier\u012bces (vibratorus), jo tie veicina asinsriti, stimul\u0113 aknas, \u0101rst\u0113 gremo\u0161anas trauc\u0113jumus, stimul\u0113 \u0113stgribu, uzlabo garast\u0101vokli, \u0101rst\u0113 podagru, aptauko\u0161anos un \u201ehist\u0113riju\u201d.<\/p>\n<p><img loading=\"lazy\" decoding=\"async\" class=\"aligncenter wp-image-1247 size-full\" src=\"https:\/\/shop.labi.lv\/lv\/wp-content\/uploads\/2014\/05\/horse_vibrator_large.jpg\" alt=\"vibr\u0113jo\u0161s j\u0101\u0161anas simulators\" width=\"600\" height=\"460\" srcset=\"https:\/\/shop.labi.lv\/lv\/wp-content\/uploads\/2014\/05\/horse_vibrator_large.jpg 600w, https:\/\/shop.labi.lv\/lv\/wp-content\/uploads\/2014\/05\/horse_vibrator_large-300x230.jpg 300w\" sizes=\"auto, (max-width: 600px) 100vw, 600px\" \/><\/p>\n<p>avoti:<\/p>\n<ol>\n<li><a title=\"19th century doctors prescribed masturbation to hysterical female patients\" href=\"http:\/\/www.examiner.com\/article\/19th-century-doctors-prescribed-masturbation-to-hysterical-female-patients\" target=\"_blank\">19th century doctors prescribed masturbation<\/a><\/li>\n<li><a title=\"\u0424\u0430\u043a\u0442\u044b \u043e \u0441\u0435\u043a\u0441-\u0438\u0433\u0440\u0443\u0448\u043a\u0430\u0445 \u0438\u0437 \u043f\u0440\u043e\u0448\u043b\u043e\u0433\u043e\" href=\"http:\/\/vsegda-tvoj.livejournal.com\/6850494.html?style=mine#cutid1\" target=\"_blank\">\u0424\u0430\u043a\u0442\u044b \u043e \u0441\u0435\u043a\u0441-\u0438\u0433\u0440\u0443\u0448\u043a\u0430\u0445 \u0438\u0437 \u043f\u0440\u043e\u0448\u043b\u043e\u0433\u043e<\/a><\/li>\n<li><a title=\"Joseph Mortimer Granville\" href=\"http:\/\/www.nndb.com\/people\/143\/000167639\/\" target=\"_blank\">Joseph Mortimer Granville<\/a><\/li>\n<\/ol>\n","protected":false},"excerpt":{"rendered":"<p>M\u016bsu \u0113ra, 1880. gads Pirmais pla\u0161u izplat\u012bbu guvu\u0161ais vibrators bija ier\u012bce ar elektro\u0137\u012bmisku dizainu. To rad\u012bja \u0101rsts un izgudrot\u0101js D\u017eozefs&hellip;<\/p>\n","protected":false},"author":1,"featured_media":0,"parent":12,"menu_order":0,"comment_status":"closed","ping_status":"closed","template":"","meta":{"footnotes":""},"class_list":["post-1256","page","type-page","status-publish","hentry"],"_links":{"self":[{"href":"https:\/\/shop.labi.lv\/lv\/wp-json\/wp\/v2\/pages\/1256","targetHints":{"allow":["GET"]}}],"collection":[{"href":"https:\/\/shop.labi.lv\/lv\/wp-json\/wp\/v2\/pages"}],"about":[{"href":"https:\/\/shop.labi.lv\/lv\/wp-json\/wp\/v2\/types\/page"}],"author":[{"embeddable":true,"href":"https:\/\/shop.labi.lv\/lv\/wp-json\/wp\/v2\/users\/1"}],"replies":[{"embeddable":true,"href":"https:\/\/shop.labi.lv\/lv\/wp-json\/wp\/v2\/comments?post=1256"}],"version-history":[{"count":12,"href":"https:\/\/shop.labi.lv\/lv\/wp-json\/wp\/v2\/pages\/1256\/revisions"}],"predecessor-version":[{"id":4375,"href":"https:\/\/shop.labi.lv\/lv\/wp-json\/wp\/v2\/pages\/1256\/revisions\/4375"}],"up":[{"embeddable":true,"href":"https:\/\/shop.labi.lv\/lv\/wp-json\/wp\/v2\/pages\/12"}],"wp:attachment":[{"href":"https:\/\/shop.labi.lv\/lv\/wp-json\/wp\/v2\/media?parent=1256"}],"curies":[{"name":"wp","href":"https:\/\/api.w.org\/{rel}","templated":true}]}}