  {"id":1318,"date":"2014-10-22T22:28:25","date_gmt":"2014-10-22T19:28:25","guid":{"rendered":"http:\/\/www.labi.tev.lv\/?page_id=1318"},"modified":"2014-10-22T23:23:57","modified_gmt":"2014-10-22T20:23:57","slug":"fetis-bars","status":"publish","type":"page","link":"https:\/\/shop.labi.lv\/lv\/pakalpojumi\/fetis-bars\/","title":{"rendered":"Feti\u0161 b\u0101rs"},"content":{"rendered":"<p>Jaunums! Erotisk\u0101s rota\u013cas Fetish b\u0101r\u0101.<\/p>\n<h2>Foot fetish<\/h2>\n<p>Vien\u012bgi salon\u0101 LABI R\u012bg\u0101, L\u0101\u010dpl\u0113\u0161a iel\u0101 47 pied\u0101v\u0101jam \u0161o &mdash; \u0101rzem\u0113s popularit\u0101ti ieguvu\u0161o izklaidi &mdash; k\u0101ju p\u0113du feti\u0161s!<\/p>\n<blockquote><p>Vai Tevi uzrun\u0101 un aizrauj tie\u0161i sievie\u0161u k\u0101jas? Ja atbilde ir j\u0101, tad esam priec\u012bgi Tev pied\u0101v\u0101t m\u016bsu  pakalpojumu \u2013 FOOT FETISH!<\/p><\/blockquote>\n<p>VI\u0145AS k\u0101ju (ar\u012b p\u0113du, pirkstu, pot\u012b\u0161u) atkl\u0101sme un izbaud\u012b\u0161ana p\u0113c izv\u0113les: seks\u012bgos apavos, sievi\u0161\u0137\u012bgos z\u0101bakos, erotisk\u0101s ze\u0137\u0113s vai vienk\u0101r\u0161i kailas. Nekautr\u0113jies, Tev ir at\u013cauts ne tikai v\u0113rot, bet ar\u012b sk\u016bpst\u012bt, gl\u0101st\u012bt, utt., viss, kas rad\u012bs labsaj\u016btu un vairos prieku! (Un k\u0101 jau b\u0101r\u0101 \u2013 protams, ar \u0161ampanieti.)<\/p>\n<p>Pakalpojuma cena ir 55 &euro; + dzirksto\u0161ais v\u012bns no ledusskapja.<\/p>\n<h2>Travesty show<\/h2>\n<p>Vien\u012bgi salon\u0101 LABI R\u012bg\u0101, L\u0101\u010dpl\u0113\u0161a iel\u0101 47 pied\u0101v\u0101jam \u0161o &mdash; \u0101rzem\u0113s popularit\u0101ti ieguvu\u0161o izklaidi &mdash; parodij\u0161ovu!<\/p>\n<p>Pakalpojums &mdash; Travesty show &mdash; ar Tevi galvenaj\u0101 lom\u0101! Pakalpojuma apraksts: Tu esi m\u012b\u013ci iel\u016bgts uz t\u0113ju pie draudzenes! Tevi gaida aizraujo\u0161a p\u0101r\u0123\u0113rb\u0161an\u0101s, sarunas par modi vai ko citu. (Neaizmirsti pa\u0146emt l\u012bdzi savas m\u012b\u013c\u0101k\u0101s lietas!)<\/p>\n<p>Pakalpojuma cena ir 55 &euro; + dzirksto\u0161ais v\u012bns no ledusskapja.<\/p>\n","protected":false},"excerpt":{"rendered":"<p>Jaunums! Erotisk\u0101s rota\u013cas Fetish b\u0101r\u0101. Foot fetish Vien\u012bgi salon\u0101 LABI R\u012bg\u0101, L\u0101\u010dpl\u0113\u0161a iel\u0101 47 pied\u0101v\u0101jam \u0161o &mdash; \u0101rzem\u0113s popularit\u0101ti ieguvu\u0161o&hellip;<\/p>\n","protected":false},"author":1,"featured_media":0,"parent":10,"menu_order":0,"comment_status":"open","ping_status":"open","template":"","meta":{"footnotes":""},"class_list":["post-1318","page","type-page","status-publish","hentry"],"_links":{"self":[{"href":"https:\/\/shop.labi.lv\/lv\/wp-json\/wp\/v2\/pages\/1318","targetHints":{"allow":["GET"]}}],"collection":[{"href":"https:\/\/shop.labi.lv\/lv\/wp-json\/wp\/v2\/pages"}],"about":[{"href":"https:\/\/shop.labi.lv\/lv\/wp-json\/wp\/v2\/types\/page"}],"author":[{"embeddable":true,"href":"https:\/\/shop.labi.lv\/lv\/wp-json\/wp\/v2\/users\/1"}],"replies":[{"embeddable":true,"href":"https:\/\/shop.labi.lv\/lv\/wp-json\/wp\/v2\/comments?post=1318"}],"version-history":[{"count":15,"href":"https:\/\/shop.labi.lv\/lv\/wp-json\/wp\/v2\/pages\/1318\/revisions"}],"predecessor-version":[{"id":1337,"href":"https:\/\/shop.labi.lv\/lv\/wp-json\/wp\/v2\/pages\/1318\/revisions\/1337"}],"up":[{"embeddable":true,"href":"https:\/\/shop.labi.lv\/lv\/wp-json\/wp\/v2\/pages\/10"}],"wp:attachment":[{"href":"https:\/\/shop.labi.lv\/lv\/wp-json\/wp\/v2\/media?parent=1318"}],"curies":[{"name":"wp","href":"https:\/\/api.w.org\/{rel}","templated":true}]}}