  {"id":14,"date":"2013-06-19T10:42:19","date_gmt":"2013-06-19T10:42:19","guid":{"rendered":"http:\/\/localhost\/wp\/?page_id=14"},"modified":"2020-11-24T19:04:16","modified_gmt":"2020-11-24T17:04:16","slug":"par-mums","status":"publish","type":"page","link":"https:\/\/shop.labi.lv\/lv\/par-mums\/","title":{"rendered":"Par mums"},"content":{"rendered":"<p>M\u0113s sekojam pre\u010du kust\u012bbai m\u016bsu veikalos un savlaic\u012bgi papildin\u0101m pre\u010du kr\u0101jumus, lai pirc\u0113jiem, jebkur\u0101 laik\u0101, b\u016btu pieejamas preces no vis\u0101m p\u0101rst\u0101v\u0113taj\u0101m int\u012bmpre\u010du grup\u0101m.<\/p>\n<p>&#8220;<a href=\"https:\/\/shop.labi.lv\/lv\/par-mums\/lab\u0101k\u0101s-cenas-garantija\/\">Lab\u0101k\u0101s cenas garantija<\/a>&#8221; ir m\u016bsu sol\u012bjums klientiem pied\u0101v\u0101t kvalitat\u012bvas, da\u017e\u0101das un intri\u0123\u0113jo\u0161as, no konkurentiem at\u0161\u0137ir\u012bgas int\u012bmpreces par Latvijas tirg\u016b lab\u0101ko cenu!<\/p>\n<p><a href=\"https:\/\/shop.labi.lv\/lv\/par-mums\/lab\u0101k\u0101s-cenas-garantija\/\">Ieg\u0101d\u0101jieties int\u012bmpreces<\/a> <a href=\"https:\/\/shop.labi.lv\/lv\/par-mums\/kontakti\/\">m\u016bsu veikalos<\/a> un <a href=\"https:\/\/tev.lv\" target=\"_blank\">ietaupiet gan laiku, gan naudu<\/a>! <\/p>\n<p>T\u0101pat \u0161aj\u0101 m\u0101jaslapas sada\u013c\u0101 pied\u0101v\u0101jam iepaz\u012bties ar <a href=\"https:\/\/shop.labi.lv\/lv\/par-mums\/par-firmu\/\">uz\u0146\u0113muma v\u0113sturi<\/a>, <a href=\"https:\/\/shop.labi.lv\/lv\/par-mums\/kontakti\/\">kontaktu inform\u0101ciju<\/a>, <a href=\"https:\/\/shop.labi.lv\/lv\/par-mums\/karte\/\">salonu izvietojuma karti<\/a> k\u0101 ar\u012b uzzin\u0101t <a href=\"https:\/\/shop.labi.lv\/lv\/par-mums\/vakances\/\">k\u0101das vakances tiek \u0161obr\u012bd pied\u0101v\u0101tas<\/a>.<\/p>\n","protected":false},"excerpt":{"rendered":"<p>M\u0113s sekojam pre\u010du kust\u012bbai m\u016bsu veikalos un savlaic\u012bgi papildin\u0101m pre\u010du kr\u0101jumus, lai pirc\u0113jiem, jebkur\u0101 laik\u0101, b\u016btu pieejamas preces no vis\u0101m&hellip;<\/p>\n","protected":false},"author":1,"featured_media":0,"parent":0,"menu_order":6,"comment_status":"closed","ping_status":"closed","template":"","meta":{"footnotes":""},"class_list":["post-14","page","type-page","status-publish","hentry"],"_links":{"self":[{"href":"https:\/\/shop.labi.lv\/lv\/wp-json\/wp\/v2\/pages\/14","targetHints":{"allow":["GET"]}}],"collection":[{"href":"https:\/\/shop.labi.lv\/lv\/wp-json\/wp\/v2\/pages"}],"about":[{"href":"https:\/\/shop.labi.lv\/lv\/wp-json\/wp\/v2\/types\/page"}],"author":[{"embeddable":true,"href":"https:\/\/shop.labi.lv\/lv\/wp-json\/wp\/v2\/users\/1"}],"replies":[{"embeddable":true,"href":"https:\/\/shop.labi.lv\/lv\/wp-json\/wp\/v2\/comments?post=14"}],"version-history":[{"count":17,"href":"https:\/\/shop.labi.lv\/lv\/wp-json\/wp\/v2\/pages\/14\/revisions"}],"predecessor-version":[{"id":4637,"href":"https:\/\/shop.labi.lv\/lv\/wp-json\/wp\/v2\/pages\/14\/revisions\/4637"}],"wp:attachment":[{"href":"https:\/\/shop.labi.lv\/lv\/wp-json\/wp\/v2\/media?parent=14"}],"curies":[{"name":"wp","href":"https:\/\/api.w.org\/{rel}","templated":true}]}}