  {"id":1605,"date":"2016-03-13T22:55:33","date_gmt":"2016-03-13T20:55:33","guid":{"rendered":"http:\/\/www.labi.tev.lv\/?page_id=1605"},"modified":"2024-03-17T21:54:17","modified_gmt":"2024-03-17T19:54:17","slug":"video","status":"publish","type":"page","link":"https:\/\/shop.labi.lv\/lv\/par-mums\/video\/","title":{"rendered":"Video"},"content":{"rendered":"<p>Atrakt\u012bvs priek\u0161nesums: deja ap stieni (kas t\u0101s v\u0113rot\u0101jam uzlabo fizisko labsaj\u016btu un vairo dz\u012bvesprieku). Barg\u0101 kundze (teatraliz\u0113ts lomu sp\u0113\u013cu notikums, kur v\u012brietis izbauda k\u0101 sieviete domin\u0113 p\u0101r vi\u0146u). Klasiska relaks\u0113jo\u0161a mas\u0101\u017ea (kas izsl\u0113dz seksu\u0101la rakstura darb\u012bbas). Tas viss salon\u0101 LABI (R\u012bga, L\u0101\u010dpl\u0113\u0161a iela 47)!<br \/>\n<iframe loading=\"lazy\" title=\"Atrakt\u012bva deja ap stieni, Barg\u0101 kundze un klasisk\u0101 mas\u0101\u017ea salon\u0101 LABI (R\u012bga, L\u0101\u010dpl\u0113\u0161a iela 47)!\" width=\"688\" height=\"387\" src=\"https:\/\/www.youtube.com\/embed\/JvbPs7mc6NA?feature=oembed\" frameborder=\"0\" allow=\"accelerometer; autoplay; clipboard-write; encrypted-media; gyroscope; picture-in-picture; web-share\" allowfullscreen><\/iframe><\/p>\n<p>Izklaides telev\u012bzijas raid\u012bjums \u201eB\u016bsim paz\u012bstami un veseli\u201d, kas tapis sadarb\u012bb\u0101 ar int\u012bmpre\u010du saloniem \u201eLABI\u201d. Raid\u012bjuma t\u0113ma: \u201eSekss baudai vai tikai b\u0113rnu rad\u012b\u0161anai?\u201d.<br \/>\n<iframe loading=\"lazy\" title=\"iTV Raid\u012bjums &quot;B\u016bsim paz\u012bstami un veseli&quot; par seksu\" width=\"688\" height=\"387\" src=\"https:\/\/www.youtube.com\/embed\/pgEAbE5Ru38?feature=oembed\" frameborder=\"0\" allow=\"accelerometer; autoplay; clipboard-write; encrypted-media; gyroscope; picture-in-picture; web-share\" allowfullscreen><\/iframe><\/p>\n<p>Video par salonu \u201eLABI\u201d aktualit\u0101t\u0113m 2016. gada mart\u0101.<br \/>\n<iframe loading=\"lazy\" title=\"Aktualit\u0101tes salonos &quot;LABI&quot; 2016. gada pirmaj\u0101 pus\u0113\" width=\"688\" height=\"387\" src=\"https:\/\/www.youtube.com\/embed\/zBaiu0ab6JA?feature=oembed\" frameborder=\"0\" allow=\"accelerometer; autoplay; clipboard-write; encrypted-media; gyroscope; picture-in-picture; web-share\" allowfullscreen><\/iframe><\/p>\n","protected":false},"excerpt":{"rendered":"<p>Atrakt\u012bvs priek\u0161nesums: deja ap stieni (kas t\u0101s v\u0113rot\u0101jam uzlabo fizisko labsaj\u016btu un vairo dz\u012bvesprieku). Barg\u0101 kundze (teatraliz\u0113ts lomu sp\u0113\u013cu notikums,&hellip;<\/p>\n","protected":false},"author":1,"featured_media":0,"parent":14,"menu_order":0,"comment_status":"closed","ping_status":"closed","template":"","meta":{"footnotes":""},"class_list":["post-1605","page","type-page","status-publish","hentry"],"_links":{"self":[{"href":"https:\/\/shop.labi.lv\/lv\/wp-json\/wp\/v2\/pages\/1605","targetHints":{"allow":["GET"]}}],"collection":[{"href":"https:\/\/shop.labi.lv\/lv\/wp-json\/wp\/v2\/pages"}],"about":[{"href":"https:\/\/shop.labi.lv\/lv\/wp-json\/wp\/v2\/types\/page"}],"author":[{"embeddable":true,"href":"https:\/\/shop.labi.lv\/lv\/wp-json\/wp\/v2\/users\/1"}],"replies":[{"embeddable":true,"href":"https:\/\/shop.labi.lv\/lv\/wp-json\/wp\/v2\/comments?post=1605"}],"version-history":[{"count":9,"href":"https:\/\/shop.labi.lv\/lv\/wp-json\/wp\/v2\/pages\/1605\/revisions"}],"predecessor-version":[{"id":5511,"href":"https:\/\/shop.labi.lv\/lv\/wp-json\/wp\/v2\/pages\/1605\/revisions\/5511"}],"up":[{"embeddable":true,"href":"https:\/\/shop.labi.lv\/lv\/wp-json\/wp\/v2\/pages\/14"}],"wp:attachment":[{"href":"https:\/\/shop.labi.lv\/lv\/wp-json\/wp\/v2\/media?parent=1605"}],"curies":[{"name":"wp","href":"https:\/\/api.w.org\/{rel}","templated":true}]}}