  {"id":1727,"date":"2016-06-01T15:55:36","date_gmt":"2016-06-01T12:55:36","guid":{"rendered":"http:\/\/labi.tev.lv\/?page_id=1727"},"modified":"2023-12-19T21:44:52","modified_gmt":"2023-12-19T19:44:52","slug":"prezervat%c4%abvi","status":"publish","type":"page","link":"https:\/\/shop.labi.lv\/lv\/int%c4%abmpreces\/prezervat%c4%abvi\/","title":{"rendered":"Prezervat\u012bvi"},"content":{"rendered":"<h2>Kontracepcijas l\u012bdzek\u013ci<\/h2>\n<ul class=\"same-page-links\">\n<li><a href=\"https:\/\/shop.labi.lv\/lv\/int\u012bmpreces\/prezervat\u012bvi\/#latex\">Lateksa prezervat\u012bvi<\/a><\/li>\n<li><a href=\"https:\/\/shop.labi.lv\/lv\/int\u012bmpreces\/prezervat\u012bvi\/#sagami\">Poliuret\u0101na prezervat\u012bvi<\/a><\/li>\n<li><a href=\"https:\/\/shop.labi.lv\/lv\/int\u012bmpreces\/prezervat\u012bvi\/#femidom\">Sievie\u0161u prezervat\u012bvi<\/a><\/li>\n<\/ul>\n<p><a title=\"prezervat\u012bvi\" href=\"https:\/\/tev.lv\/lv\/Prezervat\u012bvi\" target=\"_blank\" rel=\"noopener\">Prezervat\u012bvi<\/a> \u2014 kontracepcijas l\u012bdzek\u013cu pla\u0161a izv\u0113le. Pied\u0101v\u0101jam ar\u012b neparastus prezervat\u012bvus \u2014 da\u017e\u0101d\u0101s kr\u0101s\u0101s, ar gar\u0161\u0101m, ar izci\u013c\u0146iem, kas <a href=\"https:\/\/shop.labi.lv\/lv\/int\u012bmpreces\/prezervat\u012bvi\/#latex\">izgatavoti no lateksa<\/a>. T\u0101pat m\u016bsu sortiment\u0101 ir izcili pl\u0101ni un <a title=\"prezervat\u012bvi bez lateksa\" href=\"http:\/\/shop.labi.lv\/lv\/int\u012bmpreces\/prezervat\u012bvi\/#sagami\">prezervat\u012bvi bez lateksa<\/a>, k\u0101 ar\u012b <a href=\"https:\/\/shop.labi.lv\/lv\/int\u012bmpreces\/prezervat\u012bvi\/#femidom\">prezervat\u012bvi sieviet\u0113m<\/a>.<\/p>\n<h2 id=\"latex\">Lateksa prezervat\u012bvi<\/h2>\n<p>M\u016bsu klientiem pied\u0101v\u0101jam pla\u0161u prezervat\u012bvu kl\u0101stu: sortiment\u0101 alla\u017e ir gludi (parastie) prezervat\u012bvi, tums\u0101 sp\u012bdo\u0161i prezervat\u012bvi, k\u0101 ar\u012b prezervat\u012bvi ar rievi\u0146\u0101m, izci\u013c\u0146iem, ar \u016bdens b\u0101zes vai silikona lubrikantu, ar gar\u0161\u0101m un smar\u017e\u0101m un, protams, liela izm\u0113ra prezervat\u012bvi.<\/p>\n<div id='gallery-1' class='gallery galleryid-1727 gallery-columns-3 gallery-size-thumbnail'><figure class='gallery-item'>\n\t\t\t<div class='gallery-icon landscape'>\n\t\t\t\t<a href='https:\/\/shop.labi.lv\/lv\/wp-content\/uploads\/2016\/06\/22050b.jpg'><img loading=\"lazy\" decoding=\"async\" width=\"150\" height=\"150\" src=\"https:\/\/shop.labi.lv\/lv\/wp-content\/uploads\/2016\/06\/22050b-150x150.jpg\" class=\"attachment-thumbnail size-thumbnail\" alt=\"Prezervat\u012bvi XXL\" aria-describedby=\"gallery-1-1735\" srcset=\"https:\/\/shop.labi.lv\/lv\/wp-content\/uploads\/2016\/06\/22050b-150x150.jpg 150w, https:\/\/shop.labi.lv\/lv\/wp-content\/uploads\/2016\/06\/22050b-300x300.jpg 300w, https:\/\/shop.labi.lv\/lv\/wp-content\/uploads\/2016\/06\/22050b.jpg 450w\" sizes=\"auto, (max-width: 150px) 100vw, 150px\" \/><\/a>\n\t\t\t<\/div>\n\t\t\t\t<figcaption class='wp-caption-text gallery-caption' id='gallery-1-1735'>\n\t\t\t\tPrezervat\u012bvi XXL\n\t\t\t\t<\/figcaption><\/figure><figure class='gallery-item'>\n\t\t\t<div class='gallery-icon landscape'>\n\t\t\t\t<a href='https:\/\/shop.labi.lv\/lv\/wp-content\/uploads\/2016\/06\/5223a.jpg'><img loading=\"lazy\" decoding=\"async\" width=\"150\" height=\"150\" src=\"https:\/\/shop.labi.lv\/lv\/wp-content\/uploads\/2016\/06\/5223a-150x150.jpg\" class=\"attachment-thumbnail size-thumbnail\" alt=\"Prezervat\u012bvi Akiriko\" aria-describedby=\"gallery-1-1742\" srcset=\"https:\/\/shop.labi.lv\/lv\/wp-content\/uploads\/2016\/06\/5223a-150x150.jpg 150w, https:\/\/shop.labi.lv\/lv\/wp-content\/uploads\/2016\/06\/5223a-300x300.jpg 300w, https:\/\/shop.labi.lv\/lv\/wp-content\/uploads\/2016\/06\/5223a.jpg 450w\" sizes=\"auto, (max-width: 150px) 100vw, 150px\" \/><\/a>\n\t\t\t<\/div>\n\t\t\t\t<figcaption class='wp-caption-text gallery-caption' id='gallery-1-1742'>\n\t\t\t\tPrezervat\u012bvi Akiriko\n\t\t\t\t<\/figcaption><\/figure><figure class='gallery-item'>\n\t\t\t<div class='gallery-icon landscape'>\n\t\t\t\t<a href='https:\/\/shop.labi.lv\/lv\/wp-content\/uploads\/2016\/06\/100000013220.jpg'><img loading=\"lazy\" decoding=\"async\" width=\"150\" height=\"150\" src=\"https:\/\/shop.labi.lv\/lv\/wp-content\/uploads\/2016\/06\/100000013220-150x150.jpg\" class=\"attachment-thumbnail size-thumbnail\" alt=\"Prezervat\u012bvi Billy boy\" aria-describedby=\"gallery-1-1738\" srcset=\"https:\/\/shop.labi.lv\/lv\/wp-content\/uploads\/2016\/06\/100000013220-150x150.jpg 150w, https:\/\/shop.labi.lv\/lv\/wp-content\/uploads\/2016\/06\/100000013220-300x300.jpg 300w, https:\/\/shop.labi.lv\/lv\/wp-content\/uploads\/2016\/06\/100000013220.jpg 450w\" sizes=\"auto, (max-width: 150px) 100vw, 150px\" \/><\/a>\n\t\t\t<\/div>\n\t\t\t\t<figcaption class='wp-caption-text gallery-caption' id='gallery-1-1738'>\n\t\t\t\tPrezervat\u012bvi Billy boy\n\t\t\t\t<\/figcaption><\/figure>\n\t\t<\/div>\n\n<p>Tirgojam da\u017e\u0101du z\u012bmolu prezervat\u012bvus: <a href=\"https:\/\/tev.lv\/lv\/prezervat\u012bvi-ar-lateksu?viewmode=grid&#038;orderby=5&#038;pagesize=24\">Love light<\/a>, <a href=\"https:\/\/tev.lv\/lv\/prezervat\u012bvi-ar-lateksu?viewmode=grid&#038;orderby=5&#038;pagesize=24\">Billy boy<\/a>, <a href=\"https:\/\/tev.lv\/lv\/prezervat\u012bvi-ar-lateksu?viewmode=grid&#038;orderby=5&#038;pagesize=24\">Masculan<\/a>, <a href=\"https:\/\/tev.lv\/lv\/prezervat\u012bvi-ar-lateksu?viewmode=grid&#038;orderby=5&#038;pagesize=24\">Rames<\/a>, <a href=\"https:\/\/tev.lv\/lv\/prezervat\u012bvi-ar-lateksu?viewmode=grid&#038;orderby=5&#038;pagesize=24\">Akiriko<\/a>, <a href=\"https:\/\/tev.lv\/lv\/prezervat\u012bvi-ar-lateksu?viewmode=grid&#038;orderby=5&#038;pagesize=24\">Noprino<\/a>, <a href=\"https:\/\/tev.lv\/lv\/prezervat\u012bvi-ar-lateksu?viewmode=grid&#038;orderby=5&#038;pagesize=24\">XXL<\/a>, <a href=\"https:\/\/tev.lv\/lv\/prezervat\u012bvi-ar-lateksu?viewmode=grid&#038;orderby=5&#038;pagesize=24\">Extra pleasure<\/a>, <a href=\"https:\/\/tev.lv\/lv\/prezervat\u012bvi-ar-lateksu?viewmode=grid&#038;orderby=5&#038;pagesize=24\">SICO<\/a> un citus.<\/p>\n<h2 id=\"sagami\">Poliuret\u0101na prezervat\u012bvi<\/h2>\n<p>Prezervat\u012bvi, kas nesatur lateksu!<\/p>\n<p>Tikai salonos \u201eLABI\u201d un interneta veikal\u0101 \u201e<a href=\"https:\/\/tev.lv\/lv\/prezervat\u012bvi-sagami-original-0598-condoms-002\" target=\"_blank\" rel=\"noopener\">TEV.LV<\/a>\u201d poliuret\u0101na prezervat\u012bvi \u201cSAGAMI Original 0.02\u201d (prezervat\u012bvi bez lateksa) no Jap\u0101nas!<\/p>\n<div id='gallery-2' class='gallery galleryid-1727 gallery-columns-3 gallery-size-thumbnail'><figure class='gallery-item'>\n\t\t\t<div class='gallery-icon landscape'>\n\t\t\t\t<a href='https:\/\/shop.labi.lv\/lv\/wp-content\/uploads\/2016\/06\/sagami_original_01.jpg'><img loading=\"lazy\" decoding=\"async\" width=\"150\" height=\"150\" src=\"https:\/\/shop.labi.lv\/lv\/wp-content\/uploads\/2016\/06\/sagami_original_01-150x150.jpg\" class=\"attachment-thumbnail size-thumbnail\" alt=\"Sagami original 0.02\" aria-describedby=\"gallery-2-1732\" srcset=\"https:\/\/shop.labi.lv\/lv\/wp-content\/uploads\/2016\/06\/sagami_original_01-150x150.jpg 150w, https:\/\/shop.labi.lv\/lv\/wp-content\/uploads\/2016\/06\/sagami_original_01-300x300.jpg 300w, https:\/\/shop.labi.lv\/lv\/wp-content\/uploads\/2016\/06\/sagami_original_01.jpg 450w\" sizes=\"auto, (max-width: 150px) 100vw, 150px\" \/><\/a>\n\t\t\t<\/div>\n\t\t\t\t<figcaption class='wp-caption-text gallery-caption' id='gallery-2-1732'>\n\t\t\t\tSagami original 0.02\n\t\t\t\t<\/figcaption><\/figure><figure class='gallery-item'>\n\t\t\t<div class='gallery-icon landscape'>\n\t\t\t\t<a href='https:\/\/shop.labi.lv\/lv\/wp-content\/uploads\/2016\/06\/sagami_original_02.jpg'><img loading=\"lazy\" decoding=\"async\" width=\"150\" height=\"150\" src=\"https:\/\/shop.labi.lv\/lv\/wp-content\/uploads\/2016\/06\/sagami_original_02-150x150.jpg\" class=\"attachment-thumbnail size-thumbnail\" alt=\"Sagami original 0.02\" aria-describedby=\"gallery-2-1733\" srcset=\"https:\/\/shop.labi.lv\/lv\/wp-content\/uploads\/2016\/06\/sagami_original_02-150x150.jpg 150w, https:\/\/shop.labi.lv\/lv\/wp-content\/uploads\/2016\/06\/sagami_original_02-300x300.jpg 300w, https:\/\/shop.labi.lv\/lv\/wp-content\/uploads\/2016\/06\/sagami_original_02.jpg 450w\" sizes=\"auto, (max-width: 150px) 100vw, 150px\" \/><\/a>\n\t\t\t<\/div>\n\t\t\t\t<figcaption class='wp-caption-text gallery-caption' id='gallery-2-1733'>\n\t\t\t\tSagami original 0.02\n\t\t\t\t<\/figcaption><\/figure><figure class='gallery-item'>\n\t\t\t<div class='gallery-icon landscape'>\n\t\t\t\t<a href='https:\/\/shop.labi.lv\/lv\/wp-content\/uploads\/2016\/06\/sagami_original_03.jpg'><img loading=\"lazy\" decoding=\"async\" width=\"150\" height=\"150\" src=\"https:\/\/shop.labi.lv\/lv\/wp-content\/uploads\/2016\/06\/sagami_original_03-150x150.jpg\" class=\"attachment-thumbnail size-thumbnail\" alt=\"Sagami original 0.02\" aria-describedby=\"gallery-2-1734\" srcset=\"https:\/\/shop.labi.lv\/lv\/wp-content\/uploads\/2016\/06\/sagami_original_03-150x150.jpg 150w, https:\/\/shop.labi.lv\/lv\/wp-content\/uploads\/2016\/06\/sagami_original_03-300x300.jpg 300w, https:\/\/shop.labi.lv\/lv\/wp-content\/uploads\/2016\/06\/sagami_original_03.jpg 450w\" sizes=\"auto, (max-width: 150px) 100vw, 150px\" \/><\/a>\n\t\t\t<\/div>\n\t\t\t\t<figcaption class='wp-caption-text gallery-caption' id='gallery-2-1734'>\n\t\t\t\tSagami original 0.02\n\t\t\t\t<\/figcaption><\/figure>\n\t\t<\/div>\n\n<p>SAGAMI Original 0,02 ir veidoti no iztur\u012bg\u0101 poliuret\u0101na (materi\u0101la, kas tiek pla\u0161i lietots medic\u012bn\u0101 un neizraisa aler\u0123ijas). Prezervat\u012bvus, galvenok\u0101rt, raksturo \u012bpa\u0161ais pl\u0101nums, kas sniedz piln\u012bg\u0101kas izj\u016btas un, turkl\u0101t, \u013cauj lab\u0101k vad\u012bt siltumu. \u0160ie prezervat\u012bvi nesatur kau\u010duka lateksu un ir bez smar\u017eas. Katrs prezervat\u012bvs ir iepriek\u0161 apstr\u0101d\u0101ts ar silikona lubrikantu. Izstr\u0101d\u0101ts: Jap\u0101n\u0101, ra\u017eots: sertific\u0113t\u0101 r\u016bpn\u012bc\u0101 Malaizij\u0101! Vien\u0101 iepakojum\u0101 2 gabali.<\/p>\n<p>Pirkt t\u016bl\u012bt: prezervat\u012bvus \u201e<a href=\"https:\/\/tev.lv\/lv\/prezervat\u012bvi-sagami-original-0598-condoms-002\" target=\"_blank\" rel=\"noopener\">SAGAMI Original 0.02<\/a>\u201d interneta veikal\u0101 \u201e<a href=\"https:\/\/tev.lv\/lv\/prezervat\u012bvi-bez-lateksa\" target=\"_blank\" rel=\"noopener\">TEV.LV<\/a>\u201d.<\/p>\n<h2 id=\"femidom\">Sievie\u0161u prezervat\u012bvi<\/h2>\n<p>Sievie\u0161u prezervat\u012bvi ir aktualit\u0101te! Lieto\u0161ana ir vienk\u0101r\u0161a: sievietei prezervat\u012bvs \u201eFemidom\u201d ir j\u0101pa\u0146em pie pamatnes ri\u0146\u0137a un j\u0101saspie\u017e, p\u0113ctam to ir j\u0101ievieto makst\u012b. Izmantojot \u201eFemidom\u201d seksa laik\u0101 v\u012brietis neizj\u016bt parast\u0101 prezervat\u012bva visaptvero\u0161u spiedienu un var \u013cauties liel\u0101kai baudai.<\/p>\n<div id='gallery-3' class='gallery galleryid-1727 gallery-columns-3 gallery-size-thumbnail'><figure class='gallery-item'>\n\t\t\t<div class='gallery-icon landscape'>\n\t\t\t\t<a href='https:\/\/shop.labi.lv\/lv\/wp-content\/uploads\/2018\/07\/female-condom-001.jpg'><img loading=\"lazy\" decoding=\"async\" width=\"150\" height=\"150\" src=\"https:\/\/shop.labi.lv\/lv\/wp-content\/uploads\/2018\/07\/female-condom-001-150x150.jpg\" class=\"attachment-thumbnail size-thumbnail\" alt=\"Sievie\u0161u prezervat\u012bvs\" aria-describedby=\"gallery-3-3360\" srcset=\"https:\/\/shop.labi.lv\/lv\/wp-content\/uploads\/2018\/07\/female-condom-001-150x150.jpg 150w, https:\/\/shop.labi.lv\/lv\/wp-content\/uploads\/2018\/07\/female-condom-001-300x300.jpg 300w, https:\/\/shop.labi.lv\/lv\/wp-content\/uploads\/2018\/07\/female-condom-001.jpg 450w\" sizes=\"auto, (max-width: 150px) 100vw, 150px\" \/><\/a>\n\t\t\t<\/div>\n\t\t\t\t<figcaption class='wp-caption-text gallery-caption' id='gallery-3-3360'>\n\t\t\t\tSievie\u0161u prezervat\u012bvs\n\t\t\t\t<\/figcaption><\/figure><figure class='gallery-item'>\n\t\t\t<div class='gallery-icon landscape'>\n\t\t\t\t<a href='https:\/\/shop.labi.lv\/lv\/wp-content\/uploads\/2018\/07\/female-condom-003.jpg'><img loading=\"lazy\" decoding=\"async\" width=\"150\" height=\"150\" src=\"https:\/\/shop.labi.lv\/lv\/wp-content\/uploads\/2018\/07\/female-condom-003-150x150.jpg\" class=\"attachment-thumbnail size-thumbnail\" alt=\"Sievie\u0161u prezervat\u012bvs\" aria-describedby=\"gallery-3-3362\" srcset=\"https:\/\/shop.labi.lv\/lv\/wp-content\/uploads\/2018\/07\/female-condom-003-150x150.jpg 150w, https:\/\/shop.labi.lv\/lv\/wp-content\/uploads\/2018\/07\/female-condom-003-300x300.jpg 300w, https:\/\/shop.labi.lv\/lv\/wp-content\/uploads\/2018\/07\/female-condom-003.jpg 450w\" sizes=\"auto, (max-width: 150px) 100vw, 150px\" \/><\/a>\n\t\t\t<\/div>\n\t\t\t\t<figcaption class='wp-caption-text gallery-caption' id='gallery-3-3362'>\n\t\t\t\tSievie\u0161u prezervat\u012bvs\n\t\t\t\t<\/figcaption><\/figure><figure class='gallery-item'>\n\t\t\t<div class='gallery-icon landscape'>\n\t\t\t\t<a href='https:\/\/shop.labi.lv\/lv\/wp-content\/uploads\/2018\/07\/female-condom-002.jpg'><img loading=\"lazy\" decoding=\"async\" width=\"150\" height=\"150\" src=\"https:\/\/shop.labi.lv\/lv\/wp-content\/uploads\/2018\/07\/female-condom-002-150x150.jpg\" class=\"attachment-thumbnail size-thumbnail\" alt=\"Sievie\u0161u prezervat\u012bvs\" aria-describedby=\"gallery-3-3361\" srcset=\"https:\/\/shop.labi.lv\/lv\/wp-content\/uploads\/2018\/07\/female-condom-002-150x150.jpg 150w, https:\/\/shop.labi.lv\/lv\/wp-content\/uploads\/2018\/07\/female-condom-002-300x300.jpg 300w, https:\/\/shop.labi.lv\/lv\/wp-content\/uploads\/2018\/07\/female-condom-002.jpg 450w\" sizes=\"auto, (max-width: 150px) 100vw, 150px\" \/><\/a>\n\t\t\t<\/div>\n\t\t\t\t<figcaption class='wp-caption-text gallery-caption' id='gallery-3-3361'>\n\t\t\t\tSievie\u0161u prezervat\u012bvs\n\t\t\t\t<\/figcaption><\/figure>\n\t\t<\/div>\n\n","protected":false},"excerpt":{"rendered":"<p>Kontracepcijas l\u012bdzek\u013ci Lateksa prezervat\u012bvi Poliuret\u0101na prezervat\u012bvi Sievie\u0161u prezervat\u012bvi Prezervat\u012bvi \u2014 kontracepcijas l\u012bdzek\u013cu pla\u0161a izv\u0113le. Pied\u0101v\u0101jam ar\u012b neparastus prezervat\u012bvus \u2014 da\u017e\u0101d\u0101s&hellip;<\/p>\n","protected":false},"author":1,"featured_media":0,"parent":9,"menu_order":0,"comment_status":"closed","ping_status":"closed","template":"","meta":{"footnotes":""},"class_list":["post-1727","page","type-page","status-publish","hentry"],"_links":{"self":[{"href":"https:\/\/shop.labi.lv\/lv\/wp-json\/wp\/v2\/pages\/1727","targetHints":{"allow":["GET"]}}],"collection":[{"href":"https:\/\/shop.labi.lv\/lv\/wp-json\/wp\/v2\/pages"}],"about":[{"href":"https:\/\/shop.labi.lv\/lv\/wp-json\/wp\/v2\/types\/page"}],"author":[{"embeddable":true,"href":"https:\/\/shop.labi.lv\/lv\/wp-json\/wp\/v2\/users\/1"}],"replies":[{"embeddable":true,"href":"https:\/\/shop.labi.lv\/lv\/wp-json\/wp\/v2\/comments?post=1727"}],"version-history":[{"count":59,"href":"https:\/\/shop.labi.lv\/lv\/wp-json\/wp\/v2\/pages\/1727\/revisions"}],"predecessor-version":[{"id":5364,"href":"https:\/\/shop.labi.lv\/lv\/wp-json\/wp\/v2\/pages\/1727\/revisions\/5364"}],"up":[{"embeddable":true,"href":"https:\/\/shop.labi.lv\/lv\/wp-json\/wp\/v2\/pages\/9"}],"wp:attachment":[{"href":"https:\/\/shop.labi.lv\/lv\/wp-json\/wp\/v2\/media?parent=1727"}],"curies":[{"name":"wp","href":"https:\/\/api.w.org\/{rel}","templated":true}]}}