  {"id":2047,"date":"2016-12-27T14:00:57","date_gmt":"2016-12-27T12:00:57","guid":{"rendered":"http:\/\/labi.tev.lv\/?page_id=2047"},"modified":"2023-12-19T21:55:32","modified_gmt":"2023-12-19T19:55:32","slug":"dvd-un-blu-ray-diski","status":"publish","type":"page","link":"https:\/\/shop.labi.lv\/lv\/int%c4%abmpreces\/dvd-un-blu-ray-diski\/","title":{"rendered":"DVD un Blu-ray diski"},"content":{"rendered":"<p>Videoprodukcijai (porno \u2013 pornogr\u0101fiskas filmas, xxx filmas un sex filmas) pla\u0161s kl\u0101sts par norm\u0101l\u0101m cen\u0101m (s\u0101kot no 7,11\u00a0\u20ac).<\/p>\n<p>Pied\u0101v\u0101jam DVD disku p\u0101rdo\u0161anu, nomu un apmai\u0146u. Pla\u0161a izv\u0113le, vair\u0101k k\u0101 3000 nosaukumu ar past\u0101v\u012bgu papildin\u0101jumu. <\/p>\n<p>T\u0101pat sortiment\u0101 ir ar\u012b <a title=\"Blu-ray diski\" href=\"https:\/\/tev.lv\/lv\/xxx-porno-filmas\" target=\"_blank\" rel=\"noopener\">Blu-ray diski<\/a> un <a title=\"Blu-ray 3D diski\" href=\"https:\/\/tev.lv\/lv\/xxx-porno-filmas\" target=\"_blank\" rel=\"noopener\">Blu-ray 3D diski<\/a>\u00a0\u2014 it viss J\u016bsu digit\u0101lajai tehnikai.<\/p>\n<div id='gallery-1' class='gallery galleryid-2047 gallery-columns-3 gallery-size-thumbnail'><figure class='gallery-item'>\n\t\t\t<div class='gallery-icon landscape'>\n\t\t\t\t<a href='https:\/\/shop.labi.lv\/lv\/wp-content\/uploads\/2016\/12\/br3d_020_01.jpg'><img loading=\"lazy\" decoding=\"async\" width=\"150\" height=\"150\" src=\"https:\/\/shop.labi.lv\/lv\/wp-content\/uploads\/2016\/12\/br3d_020_01-150x150.jpg\" class=\"attachment-thumbnail size-thumbnail\" alt=\"Blu-ray 3D\" aria-describedby=\"gallery-1-2101\" srcset=\"https:\/\/shop.labi.lv\/lv\/wp-content\/uploads\/2016\/12\/br3d_020_01-150x150.jpg 150w, https:\/\/shop.labi.lv\/lv\/wp-content\/uploads\/2016\/12\/br3d_020_01-300x300.jpg 300w, https:\/\/shop.labi.lv\/lv\/wp-content\/uploads\/2016\/12\/br3d_020_01.jpg 450w\" sizes=\"auto, (max-width: 150px) 100vw, 150px\" \/><\/a>\n\t\t\t<\/div>\n\t\t\t\t<figcaption class='wp-caption-text gallery-caption' id='gallery-1-2101'>\n\t\t\t\tBlu-ray 3D\n\t\t\t\t<\/figcaption><\/figure><figure class='gallery-item'>\n\t\t\t<div class='gallery-icon landscape'>\n\t\t\t\t<a href='https:\/\/shop.labi.lv\/lv\/wp-content\/uploads\/2016\/12\/br3d_020_02.jpg'><img loading=\"lazy\" decoding=\"async\" width=\"150\" height=\"150\" src=\"https:\/\/shop.labi.lv\/lv\/wp-content\/uploads\/2016\/12\/br3d_020_02-150x150.jpg\" class=\"attachment-thumbnail size-thumbnail\" alt=\"Blu-ray 3D\" aria-describedby=\"gallery-1-2102\" srcset=\"https:\/\/shop.labi.lv\/lv\/wp-content\/uploads\/2016\/12\/br3d_020_02-150x150.jpg 150w, https:\/\/shop.labi.lv\/lv\/wp-content\/uploads\/2016\/12\/br3d_020_02-300x300.jpg 300w, https:\/\/shop.labi.lv\/lv\/wp-content\/uploads\/2016\/12\/br3d_020_02.jpg 450w\" sizes=\"auto, (max-width: 150px) 100vw, 150px\" \/><\/a>\n\t\t\t<\/div>\n\t\t\t\t<figcaption class='wp-caption-text gallery-caption' id='gallery-1-2102'>\n\t\t\t\tBlu-ray 3D\n\t\t\t\t<\/figcaption><\/figure><figure class='gallery-item'>\n\t\t\t<div class='gallery-icon landscape'>\n\t\t\t\t<a href='https:\/\/shop.labi.lv\/lv\/wp-content\/uploads\/2016\/12\/br3d_021_01.jpg'><img loading=\"lazy\" decoding=\"async\" width=\"150\" height=\"150\" src=\"https:\/\/shop.labi.lv\/lv\/wp-content\/uploads\/2016\/12\/br3d_021_01-150x150.jpg\" class=\"attachment-thumbnail size-thumbnail\" alt=\"Blu-ray 3D\" aria-describedby=\"gallery-1-2103\" srcset=\"https:\/\/shop.labi.lv\/lv\/wp-content\/uploads\/2016\/12\/br3d_021_01-150x150.jpg 150w, https:\/\/shop.labi.lv\/lv\/wp-content\/uploads\/2016\/12\/br3d_021_01-300x300.jpg 300w, https:\/\/shop.labi.lv\/lv\/wp-content\/uploads\/2016\/12\/br3d_021_01.jpg 450w\" sizes=\"auto, (max-width: 150px) 100vw, 150px\" \/><\/a>\n\t\t\t<\/div>\n\t\t\t\t<figcaption class='wp-caption-text gallery-caption' id='gallery-1-2103'>\n\t\t\t\tBlu-ray 3D\n\t\t\t\t<\/figcaption><\/figure><figure class='gallery-item'>\n\t\t\t<div class='gallery-icon landscape'>\n\t\t\t\t<a href='https:\/\/shop.labi.lv\/lv\/wp-content\/uploads\/2016\/12\/br3d_021_02.jpg'><img loading=\"lazy\" decoding=\"async\" width=\"150\" height=\"150\" src=\"https:\/\/shop.labi.lv\/lv\/wp-content\/uploads\/2016\/12\/br3d_021_02-150x150.jpg\" class=\"attachment-thumbnail size-thumbnail\" alt=\"Blu-ray 3D\" aria-describedby=\"gallery-1-2104\" srcset=\"https:\/\/shop.labi.lv\/lv\/wp-content\/uploads\/2016\/12\/br3d_021_02-150x150.jpg 150w, https:\/\/shop.labi.lv\/lv\/wp-content\/uploads\/2016\/12\/br3d_021_02-300x300.jpg 300w, https:\/\/shop.labi.lv\/lv\/wp-content\/uploads\/2016\/12\/br3d_021_02.jpg 450w\" sizes=\"auto, (max-width: 150px) 100vw, 150px\" \/><\/a>\n\t\t\t<\/div>\n\t\t\t\t<figcaption class='wp-caption-text gallery-caption' id='gallery-1-2104'>\n\t\t\t\tBlu-ray 3D\n\t\t\t\t<\/figcaption><\/figure><figure class='gallery-item'>\n\t\t\t<div class='gallery-icon landscape'>\n\t\t\t\t<a href='https:\/\/shop.labi.lv\/lv\/wp-content\/uploads\/2016\/12\/br3d_022_01.jpg'><img loading=\"lazy\" decoding=\"async\" width=\"150\" height=\"150\" src=\"https:\/\/shop.labi.lv\/lv\/wp-content\/uploads\/2016\/12\/br3d_022_01-150x150.jpg\" class=\"attachment-thumbnail size-thumbnail\" alt=\"Blu-ray 3D\" aria-describedby=\"gallery-1-2105\" srcset=\"https:\/\/shop.labi.lv\/lv\/wp-content\/uploads\/2016\/12\/br3d_022_01-150x150.jpg 150w, https:\/\/shop.labi.lv\/lv\/wp-content\/uploads\/2016\/12\/br3d_022_01-300x300.jpg 300w, https:\/\/shop.labi.lv\/lv\/wp-content\/uploads\/2016\/12\/br3d_022_01.jpg 450w\" sizes=\"auto, (max-width: 150px) 100vw, 150px\" \/><\/a>\n\t\t\t<\/div>\n\t\t\t\t<figcaption class='wp-caption-text gallery-caption' id='gallery-1-2105'>\n\t\t\t\tBlu-ray 3D\n\t\t\t\t<\/figcaption><\/figure><figure class='gallery-item'>\n\t\t\t<div class='gallery-icon landscape'>\n\t\t\t\t<a href='https:\/\/shop.labi.lv\/lv\/wp-content\/uploads\/2016\/12\/br3d_022_02.jpg'><img loading=\"lazy\" decoding=\"async\" width=\"150\" height=\"150\" src=\"https:\/\/shop.labi.lv\/lv\/wp-content\/uploads\/2016\/12\/br3d_022_02-150x150.jpg\" class=\"attachment-thumbnail size-thumbnail\" alt=\"Blu-ray 3D\" aria-describedby=\"gallery-1-2106\" srcset=\"https:\/\/shop.labi.lv\/lv\/wp-content\/uploads\/2016\/12\/br3d_022_02-150x150.jpg 150w, https:\/\/shop.labi.lv\/lv\/wp-content\/uploads\/2016\/12\/br3d_022_02-300x300.jpg 300w, https:\/\/shop.labi.lv\/lv\/wp-content\/uploads\/2016\/12\/br3d_022_02.jpg 450w\" sizes=\"auto, (max-width: 150px) 100vw, 150px\" \/><\/a>\n\t\t\t<\/div>\n\t\t\t\t<figcaption class='wp-caption-text gallery-caption' id='gallery-1-2106'>\n\t\t\t\tBlu-ray 3D\n\t\t\t\t<\/figcaption><\/figure>\n\t\t<\/div>\n\n","protected":false},"excerpt":{"rendered":"<p>Videoprodukcijai (porno \u2013 pornogr\u0101fiskas filmas, xxx filmas un sex filmas) pla\u0161s kl\u0101sts par norm\u0101l\u0101m cen\u0101m (s\u0101kot no 7,11\u00a0\u20ac). Pied\u0101v\u0101jam DVD&hellip;<\/p>\n","protected":false},"author":1,"featured_media":0,"parent":9,"menu_order":0,"comment_status":"closed","ping_status":"closed","template":"","meta":{"footnotes":""},"class_list":["post-2047","page","type-page","status-publish","hentry"],"_links":{"self":[{"href":"https:\/\/shop.labi.lv\/lv\/wp-json\/wp\/v2\/pages\/2047","targetHints":{"allow":["GET"]}}],"collection":[{"href":"https:\/\/shop.labi.lv\/lv\/wp-json\/wp\/v2\/pages"}],"about":[{"href":"https:\/\/shop.labi.lv\/lv\/wp-json\/wp\/v2\/types\/page"}],"author":[{"embeddable":true,"href":"https:\/\/shop.labi.lv\/lv\/wp-json\/wp\/v2\/users\/1"}],"replies":[{"embeddable":true,"href":"https:\/\/shop.labi.lv\/lv\/wp-json\/wp\/v2\/comments?post=2047"}],"version-history":[{"count":8,"href":"https:\/\/shop.labi.lv\/lv\/wp-json\/wp\/v2\/pages\/2047\/revisions"}],"predecessor-version":[{"id":5368,"href":"https:\/\/shop.labi.lv\/lv\/wp-json\/wp\/v2\/pages\/2047\/revisions\/5368"}],"up":[{"embeddable":true,"href":"https:\/\/shop.labi.lv\/lv\/wp-json\/wp\/v2\/pages\/9"}],"wp:attachment":[{"href":"https:\/\/shop.labi.lv\/lv\/wp-json\/wp\/v2\/media?parent=2047"}],"curies":[{"name":"wp","href":"https:\/\/api.w.org\/{rel}","templated":true}]}}