  {"id":240,"date":"2013-08-13T14:49:44","date_gmt":"2013-08-13T12:49:44","guid":{"rendered":"http:\/\/localhost\/wp\/?page_id=240"},"modified":"2024-12-30T22:34:05","modified_gmt":"2024-12-30T20:34:05","slug":"kino-z%c4%81les","status":"publish","type":"page","link":"https:\/\/shop.labi.lv\/lv\/pakalpojumi\/kino-z%c4%81les\/","title":{"rendered":"Kino z\u0101les"},"content":{"rendered":"<p>Kino z\u0101les darbojas salonos \u201eLABI\u201d A.Kalni\u0146a iel\u0101 8 (tr\u012bs z\u0101les) un L\u0101\u010dpl\u0113\u0161a iel\u0101 47 (divas z\u0101les).<\/p>\n<p>Vienlaikus str\u0101d\u0101 vair\u0101kas kinoz\u0101les. \u201eMulti\u00a0kino\u201d ir jaun\u0101k\u0101 pieeja video m\u0101kslas realiz\u0113\u0161anai. Katru dienu klientu uzman\u012bbai pied\u0101v\u0101jam 4 jaunas filmas, kas ierakst\u012btas DVD form\u0101t\u0101. Divas kino z\u0101les, apr\u012bkotas ar m\u016bsdien\u012bgu video aparat\u016bru un ska\u0146as sist\u0113mu \u2014 d\u0101v\u0101s Jums neaizmirstamus iespaidus.<\/p>\n<p>Ieejas maksa z\u0101l\u0113 salon\u0101 \u201eLABI\u201d L\u0101\u010dpl\u0113\u0161a iel\u0101 47 \u2014 7,00\u00a0\u20ac (divas z\u0101les) un ieejas maksa z\u0101l\u0113 salon\u0101 \u201eLABI\u201d A.Kalni\u0146a iel\u0101 8 \u2014 9,00\u00a0\u20ac (tr\u012bs z\u0101les).<\/p>\n<p>\u0112rti apmaksas veidi \u013caus Jums \u0101tri iegrimt \u201eMulti\u00a0kino\u201d fantastiskaj\u0101 pasaul\u0113.<\/p>\n<p>Salon\u0101 \u201eLABI\u201d A.Kalni\u0146a iel\u0101 8 (tr\u012bs z\u0101les: pirmaj\u0101 r\u0101da 1000 filmas heteroseksu\u0101\u013ciem, otraj\u0101: r\u0101da 1000 filmas biseksu\u0101\u013ciem, tre\u0161aj\u0101 r\u0101da 1000 filmas gejiem).<\/p>\n<p>Savuk\u0101rt, salon\u0101 \u201eLABI\u201d L\u0101\u010dpl\u0113\u0161a iel\u0101 47 (divas z\u0101les: pirmaj\u0101 r\u0101da 1000 filmas heteroseksu\u0101\u013ciem, otraj\u0101: r\u0101da 1000 filmas gejiem).<\/p>\n<p>Seansi tiek r\u0101d\u012bti vienlaikus &#8211; katr\u0101 z\u0101l\u0113 r\u0101da at\u0161\u0137ir\u012bgu filmu. Jums ir iesp\u0113ja p\u0101riet no vienas z\u0101les uz otru par to nemaks\u0101jot. Pie ieejas z\u0101l\u0113 atrodas b\u0101rs ar pla\u0161u alkoholisko un bezalkoholisko dz\u0113rienu kl\u0101stu, kur variet pas\u016bt\u012bt jebkuru dz\u0113rienu p\u0113c J\u016bsu izv\u0113les.<\/p>\n<p>\u201eMulti\u00a0kino\u201d ab\u0101s adres\u0113s ir pieejams salonu \u201eLABI\u201d <a href=\"https:\/\/shop.labi.lv\/lv\/par-mums\/kontakti\/\">darba laik\u0101<\/a>. Papildus pakalpojumi \u2014 divas tualetes.<\/p>\n","protected":false},"excerpt":{"rendered":"<p>Kino z\u0101les darbojas salonos \u201eLABI\u201d A.Kalni\u0146a iel\u0101 8 (tr\u012bs z\u0101les) un L\u0101\u010dpl\u0113\u0161a iel\u0101 47 (divas z\u0101les). Vienlaikus str\u0101d\u0101 vair\u0101kas kinoz\u0101les.&hellip;<\/p>\n","protected":false},"author":1,"featured_media":0,"parent":10,"menu_order":0,"comment_status":"closed","ping_status":"closed","template":"","meta":{"footnotes":""},"class_list":["post-240","page","type-page","status-publish","hentry"],"_links":{"self":[{"href":"https:\/\/shop.labi.lv\/lv\/wp-json\/wp\/v2\/pages\/240","targetHints":{"allow":["GET"]}}],"collection":[{"href":"https:\/\/shop.labi.lv\/lv\/wp-json\/wp\/v2\/pages"}],"about":[{"href":"https:\/\/shop.labi.lv\/lv\/wp-json\/wp\/v2\/types\/page"}],"author":[{"embeddable":true,"href":"https:\/\/shop.labi.lv\/lv\/wp-json\/wp\/v2\/users\/1"}],"replies":[{"embeddable":true,"href":"https:\/\/shop.labi.lv\/lv\/wp-json\/wp\/v2\/comments?post=240"}],"version-history":[{"count":25,"href":"https:\/\/shop.labi.lv\/lv\/wp-json\/wp\/v2\/pages\/240\/revisions"}],"predecessor-version":[{"id":5592,"href":"https:\/\/shop.labi.lv\/lv\/wp-json\/wp\/v2\/pages\/240\/revisions\/5592"}],"up":[{"embeddable":true,"href":"https:\/\/shop.labi.lv\/lv\/wp-json\/wp\/v2\/pages\/10"}],"wp:attachment":[{"href":"https:\/\/shop.labi.lv\/lv\/wp-json\/wp\/v2\/media?parent=240"}],"curies":[{"name":"wp","href":"https:\/\/api.w.org\/{rel}","templated":true}]}}