  {"id":244,"date":"2013-08-13T14:51:12","date_gmt":"2013-08-13T12:51:12","guid":{"rendered":"http:\/\/localhost\/wp\/?page_id=244"},"modified":"2018-11-16T18:56:59","modified_gmt":"2018-11-16T16:56:59","slug":"atp%c5%abtas-komplekss","status":"publish","type":"page","link":"https:\/\/shop.labi.lv\/lv\/pakalpojumi\/atp%c5%abtas-komplekss\/","title":{"rendered":"Atp\u016btas komplekss"},"content":{"rendered":"<p>Atp\u016btas kompleks\u0101 &#8220;LABI&#8221; ir sauna (kur\u0101 vienlaikus var atrasties pat 12 personas), infrasarkano vi\u013c\u0146u kab\u012bne (div\u0101m person\u0101m) un burbu\u013cvanna (jacuzzi 5 person\u0101m).<\/p>\n<div id='gallery-1' class='gallery galleryid-244 gallery-columns-3 gallery-size-thumbnail'><figure class='gallery-item'>\n\t\t\t<div class='gallery-icon portrait'>\n\t\t\t\t<a href='https:\/\/shop.labi.lv\/lv\/wp-content\/uploads\/2013\/08\/sauna_1.jpg'><img loading=\"lazy\" decoding=\"async\" width=\"150\" height=\"150\" src=\"https:\/\/shop.labi.lv\/lv\/wp-content\/uploads\/2013\/08\/sauna_1-150x150.jpg\" class=\"attachment-thumbnail size-thumbnail\" alt=\"Sauna\" aria-describedby=\"gallery-1-858\" \/><\/a>\n\t\t\t<\/div>\n\t\t\t\t<figcaption class='wp-caption-text gallery-caption' id='gallery-1-858'>\n\t\t\t\tSauna\n\t\t\t\t<\/figcaption><\/figure><figure class='gallery-item'>\n\t\t\t<div class='gallery-icon landscape'>\n\t\t\t\t<a href='https:\/\/shop.labi.lv\/lv\/wp-content\/uploads\/2013\/08\/sauna_5.jpg'><img loading=\"lazy\" decoding=\"async\" width=\"150\" height=\"150\" src=\"https:\/\/shop.labi.lv\/lv\/wp-content\/uploads\/2013\/08\/sauna_5-150x150.jpg\" class=\"attachment-thumbnail size-thumbnail\" alt=\"Jacuzzi\" aria-describedby=\"gallery-1-860\" \/><\/a>\n\t\t\t<\/div>\n\t\t\t\t<figcaption class='wp-caption-text gallery-caption' id='gallery-1-860'>\n\t\t\t\tJacuzzi\n\t\t\t\t<\/figcaption><\/figure><figure class='gallery-item'>\n\t\t\t<div class='gallery-icon portrait'>\n\t\t\t\t<a href='https:\/\/shop.labi.lv\/lv\/wp-content\/uploads\/2013\/08\/sauna_2.jpg'><img loading=\"lazy\" decoding=\"async\" width=\"150\" height=\"150\" src=\"https:\/\/shop.labi.lv\/lv\/wp-content\/uploads\/2013\/08\/sauna_2-150x150.jpg\" class=\"attachment-thumbnail size-thumbnail\" alt=\"Infrasarkano vi\u013c\u0146u kab\u012bne\" aria-describedby=\"gallery-1-859\" \/><\/a>\n\t\t\t<\/div>\n\t\t\t\t<figcaption class='wp-caption-text gallery-caption' id='gallery-1-859'>\n\t\t\t\tInfrasarkano vi\u013c\u0146u kab\u012bne\n\t\t\t\t<\/figcaption><\/figure>\n\t\t<\/div>\n\n<p>Atp\u016btas kompleks\u0101 ietilpst ar\u012b Ant\u012bk\u0101 z\u0101le ar lieliskiem sienu gleznojumiem, kas att\u0113lo ant\u012bk\u0101s Grie\u0137ijas skatus. Ant\u012bkaj\u0101 z\u0101l\u0113 ir kam\u012bns, d\u012bv\u0101ni, b\u0101ra kr\u0113sli un galdi\u0146i, neliela skatuve un m\u016bsdien\u012bga gaismo\u0161anas sist\u0113ma, kas ir piem\u0113rota gan romantiska noska\u0146ojuma rad\u012b\u0161anai, gan nelielai diskot\u0113kai.<\/p>\n<div id='gallery-2' class='gallery galleryid-244 gallery-columns-3 gallery-size-thumbnail'><figure class='gallery-item'>\n\t\t\t<div class='gallery-icon portrait'>\n\t\t\t\t<a href='https:\/\/shop.labi.lv\/lv\/wp-content\/uploads\/2013\/06\/IMG_7084.jpg'><img loading=\"lazy\" decoding=\"async\" width=\"150\" height=\"150\" src=\"https:\/\/shop.labi.lv\/lv\/wp-content\/uploads\/2013\/06\/IMG_7084-150x150.jpg\" class=\"attachment-thumbnail size-thumbnail\" alt=\"Ant\u012bk\u0101 z\u0101le\" aria-describedby=\"gallery-2-732\" \/><\/a>\n\t\t\t<\/div>\n\t\t\t\t<figcaption class='wp-caption-text gallery-caption' id='gallery-2-732'>\n\t\t\t\tAnt\u012bk\u0101 z\u0101le\n\t\t\t\t<\/figcaption><\/figure><figure class='gallery-item'>\n\t\t\t<div class='gallery-icon landscape'>\n\t\t\t\t<a href='https:\/\/shop.labi.lv\/lv\/wp-content\/uploads\/2013\/06\/IMG_7083.jpg'><img loading=\"lazy\" decoding=\"async\" width=\"150\" height=\"150\" src=\"https:\/\/shop.labi.lv\/lv\/wp-content\/uploads\/2013\/06\/IMG_7083-150x150.jpg\" class=\"attachment-thumbnail size-thumbnail\" alt=\"Ant\u012bk\u0101 z\u0101le\" aria-describedby=\"gallery-2-734\" \/><\/a>\n\t\t\t<\/div>\n\t\t\t\t<figcaption class='wp-caption-text gallery-caption' id='gallery-2-734'>\n\t\t\t\tAnt\u012bk\u0101 z\u0101le\n\t\t\t\t<\/figcaption><\/figure><figure class='gallery-item'>\n\t\t\t<div class='gallery-icon landscape'>\n\t\t\t\t<a href='https:\/\/shop.labi.lv\/lv\/wp-content\/uploads\/2013\/06\/IMG_7085.jpg'><img loading=\"lazy\" decoding=\"async\" width=\"150\" height=\"150\" src=\"https:\/\/shop.labi.lv\/lv\/wp-content\/uploads\/2013\/06\/IMG_7085-150x150.jpg\" class=\"attachment-thumbnail size-thumbnail\" alt=\"Ant\u012bk\u0101 z\u0101le\" aria-describedby=\"gallery-2-733\" \/><\/a>\n\t\t\t<\/div>\n\t\t\t\t<figcaption class='wp-caption-text gallery-caption' id='gallery-2-733'>\n\t\t\t\tAnt\u012bk\u0101 z\u0101le\n\t\t\t\t<\/figcaption><\/figure>\n\t\t<\/div>\n\n<p>LABI atp\u016btas kompleksa izmanto\u0161anas cenas ir atkar\u012bgas no apmekl\u0113t\u0101ju skaita &#8211; l\u012bdz 4 cilv\u0113kiem un vair\u0101k par 4 cilv\u0113kiem.<\/p>\n<table class=\"sauna-table\">\n<tbody>\n<tr>\n<td>l\u012bdz 4 person\u0101m<\/td>\n<td>par katru n\u0101kamo personu<\/td>\n<\/tr>\n<tr>\n<td>saunas<\/td>\n<td>saunas<\/td>\n<\/tr>\n<tr>\n<td>12 \u20ac\/h<\/td>\n<td>3 \u20ac\/h<\/td>\n<\/tr>\n<\/tbody>\n<\/table>\n<p>Tabul\u0101 ir atainoti tarifi par 1 stundu atp\u016btas kompleks\u0101.<br \/>\nMinim\u0101lais pas\u016bt\u0101mais laiks ir 2 stundas.<br \/>\nPas\u016btot 12 stundas atlaide 10%.<\/p>\n<p>Cenas nor\u0101d\u012btas ar PVN. Pie\u0146emam visu veidu kred\u012btkartes un debetkartes.<\/p>\n","protected":false},"excerpt":{"rendered":"<p>Atp\u016btas kompleks\u0101 &#8220;LABI&#8221; ir sauna (kur\u0101 vienlaikus var atrasties pat 12 personas), infrasarkano vi\u013c\u0146u kab\u012bne (div\u0101m person\u0101m) un burbu\u013cvanna (jacuzzi&hellip;<\/p>\n","protected":false},"author":1,"featured_media":0,"parent":10,"menu_order":0,"comment_status":"closed","ping_status":"closed","template":"","meta":{"footnotes":""},"class_list":["post-244","page","type-page","status-publish","hentry"],"_links":{"self":[{"href":"https:\/\/shop.labi.lv\/lv\/wp-json\/wp\/v2\/pages\/244","targetHints":{"allow":["GET"]}}],"collection":[{"href":"https:\/\/shop.labi.lv\/lv\/wp-json\/wp\/v2\/pages"}],"about":[{"href":"https:\/\/shop.labi.lv\/lv\/wp-json\/wp\/v2\/types\/page"}],"author":[{"embeddable":true,"href":"https:\/\/shop.labi.lv\/lv\/wp-json\/wp\/v2\/users\/1"}],"replies":[{"embeddable":true,"href":"https:\/\/shop.labi.lv\/lv\/wp-json\/wp\/v2\/comments?post=244"}],"version-history":[{"count":36,"href":"https:\/\/shop.labi.lv\/lv\/wp-json\/wp\/v2\/pages\/244\/revisions"}],"predecessor-version":[{"id":3691,"href":"https:\/\/shop.labi.lv\/lv\/wp-json\/wp\/v2\/pages\/244\/revisions\/3691"}],"up":[{"embeddable":true,"href":"https:\/\/shop.labi.lv\/lv\/wp-json\/wp\/v2\/pages\/10"}],"wp:attachment":[{"href":"https:\/\/shop.labi.lv\/lv\/wp-json\/wp\/v2\/media?parent=244"}],"curies":[{"name":"wp","href":"https:\/\/api.w.org\/{rel}","templated":true}]}}