  {"id":246,"date":"2013-08-13T14:51:43","date_gmt":"2013-08-13T12:51:43","guid":{"rendered":"http:\/\/localhost\/wp\/?page_id=246"},"modified":"2023-06-05T18:59:55","modified_gmt":"2023-06-05T15:59:55","slug":"ekskursija-pa-seks%c5%a1opu","status":"publish","type":"page","link":"https:\/\/shop.labi.lv\/lv\/pakalpojumi\/ekskursija-pa-seks%c5%a1opu\/","title":{"rendered":"Ekskursija pa seks\u0161opu"},"content":{"rendered":"<p>Ekskursija pa <em>seks\u0161opu<\/em> jeb <em>int\u012bmpre\u010du veikalu<\/em> notiek salon\u0101 &#8222;LABI&#8221;, kas atrodas A.Kalni\u0146a iel\u0101 8. Salons ir ier\u012bkots pla\u0161\u0101s telp\u0101s, kas \u013cauj izvietot visu int\u012bmpre\u010du kl\u0101stu.<\/p>\n<p>Ekskursja pa <em>sek\u0161opu<\/em> programm\u0101 ietver: nedaudz v\u0113stures, pre\u010du kl\u0101sta demonstr\u0113\u0161anu, paskaidrojumus par vis\u0101m pre\u010du grup\u0101m. Ekskursijas ilgums ir 45 min\u016btes. Grup\u0101m l\u012bdz 6 cilv\u0113kiem cena 60,00&nbsp;&euro;.<\/p>\n<p>Ekskursijas dal\u012bbniekiem, p\u0113c ekskursijas, 10% atlaide vis\u0101m prec\u0113m!<\/p>\n","protected":false},"excerpt":{"rendered":"<p>Ekskursija pa seks\u0161opu jeb int\u012bmpre\u010du veikalu notiek salon\u0101 &#8222;LABI&#8221;, kas atrodas A.Kalni\u0146a iel\u0101 8. Salons ir ier\u012bkots pla\u0161\u0101s telp\u0101s, kas&hellip;<\/p>\n","protected":false},"author":1,"featured_media":0,"parent":10,"menu_order":0,"comment_status":"closed","ping_status":"closed","template":"","meta":{"footnotes":""},"class_list":["post-246","page","type-page","status-publish","hentry"],"_links":{"self":[{"href":"https:\/\/shop.labi.lv\/lv\/wp-json\/wp\/v2\/pages\/246","targetHints":{"allow":["GET"]}}],"collection":[{"href":"https:\/\/shop.labi.lv\/lv\/wp-json\/wp\/v2\/pages"}],"about":[{"href":"https:\/\/shop.labi.lv\/lv\/wp-json\/wp\/v2\/types\/page"}],"author":[{"embeddable":true,"href":"https:\/\/shop.labi.lv\/lv\/wp-json\/wp\/v2\/users\/1"}],"replies":[{"embeddable":true,"href":"https:\/\/shop.labi.lv\/lv\/wp-json\/wp\/v2\/comments?post=246"}],"version-history":[{"count":13,"href":"https:\/\/shop.labi.lv\/lv\/wp-json\/wp\/v2\/pages\/246\/revisions"}],"predecessor-version":[{"id":5240,"href":"https:\/\/shop.labi.lv\/lv\/wp-json\/wp\/v2\/pages\/246\/revisions\/5240"}],"up":[{"embeddable":true,"href":"https:\/\/shop.labi.lv\/lv\/wp-json\/wp\/v2\/pages\/10"}],"wp:attachment":[{"href":"https:\/\/shop.labi.lv\/lv\/wp-json\/wp\/v2\/media?parent=246"}],"curies":[{"name":"wp","href":"https:\/\/api.w.org\/{rel}","templated":true}]}}