  {"id":250,"date":"2013-08-14T10:04:17","date_gmt":"2013-08-14T08:04:17","guid":{"rendered":"http:\/\/localhost\/wp\/?page_id=250"},"modified":"2018-10-30T22:20:59","modified_gmt":"2018-10-30T20:20:59","slug":"b%c4%81rs","status":"publish","type":"page","link":"https:\/\/shop.labi.lv\/lv\/pakalpojumi\/b%c4%81rs\/","title":{"rendered":"B\u0101rs"},"content":{"rendered":"<p>Salon\u0101 &#8222;LABI&#8221; &mdash; A.Kalni\u0146a iel\u0101 8 ir b\u0101rs. Salon\u0101 &#8222;LABI&#8221;, kas atrodas L\u0101\u010dpl\u0113\u0161a iel\u0101 47 ir ledusskapis, kas atdzes\u0113 da\u017e\u0101dus alkoholiskus un bezalkoholiskus dz\u0113rienus.<\/p>\n<p>Pied\u0101v\u0101jam gan alkoholiskos dz\u0113rienus (degv\u012bnu, balzamu, rumu, konjaku, brendiju, viskiju, alu, vermutu, dzirksto\u0161u v\u012bnu), gan bezalkoholiskos dz\u0113rienus (kafiju, da\u017e\u0101das sulas, miner\u0101l\u016bdeni).<\/p>\n","protected":false},"excerpt":{"rendered":"<p>Salon\u0101 &#8222;LABI&#8221; &mdash; A.Kalni\u0146a iel\u0101 8 ir b\u0101rs. Salon\u0101 &#8222;LABI&#8221;, kas atrodas L\u0101\u010dpl\u0113\u0161a iel\u0101 47 ir ledusskapis, kas atdzes\u0113 da\u017e\u0101dus&hellip;<\/p>\n","protected":false},"author":1,"featured_media":0,"parent":10,"menu_order":0,"comment_status":"closed","ping_status":"closed","template":"","meta":{"footnotes":""},"class_list":["post-250","page","type-page","status-publish","hentry"],"_links":{"self":[{"href":"https:\/\/shop.labi.lv\/lv\/wp-json\/wp\/v2\/pages\/250","targetHints":{"allow":["GET"]}}],"collection":[{"href":"https:\/\/shop.labi.lv\/lv\/wp-json\/wp\/v2\/pages"}],"about":[{"href":"https:\/\/shop.labi.lv\/lv\/wp-json\/wp\/v2\/types\/page"}],"author":[{"embeddable":true,"href":"https:\/\/shop.labi.lv\/lv\/wp-json\/wp\/v2\/users\/1"}],"replies":[{"embeddable":true,"href":"https:\/\/shop.labi.lv\/lv\/wp-json\/wp\/v2\/comments?post=250"}],"version-history":[{"count":6,"href":"https:\/\/shop.labi.lv\/lv\/wp-json\/wp\/v2\/pages\/250\/revisions"}],"predecessor-version":[{"id":3687,"href":"https:\/\/shop.labi.lv\/lv\/wp-json\/wp\/v2\/pages\/250\/revisions\/3687"}],"up":[{"embeddable":true,"href":"https:\/\/shop.labi.lv\/lv\/wp-json\/wp\/v2\/pages\/10"}],"wp:attachment":[{"href":"https:\/\/shop.labi.lv\/lv\/wp-json\/wp\/v2\/media?parent=250"}],"curies":[{"name":"wp","href":"https:\/\/api.w.org\/{rel}","templated":true}]}}