  {"id":27,"date":"2013-06-27T13:43:39","date_gmt":"2013-06-27T11:43:39","guid":{"rendered":"http:\/\/localhost\/wp\/?page_id=27"},"modified":"2024-03-17T21:07:54","modified_gmt":"2024-03-17T19:07:54","slug":"salons-l%c4%81%c4%8dpl%c4%93%c5%a1a-47","status":"publish","type":"page","link":"https:\/\/shop.labi.lv\/lv\/saloni\/salons-l%c4%81%c4%8dpl%c4%93%c5%a1a-47\/","title":{"rendered":"Salons \u2014 L\u0101\u010dpl\u0113\u0161a 47"},"content":{"rendered":"<p><span style=\"color:green;\">Salons &#8220;LABI&#8221; (R\u012bg\u0101, L\u0101\u010dpl\u0113\u0161a iel\u0101 47)<\/span><br \/>\n<span style=\"color:green;\">Veikala darba laiku apskatiet <a href=\"https:\/\/shop.labi.lv\/lv\/par-mums\/kontakti\/\">sada\u013c\u0101 kontakti<\/a>.<\/span><br \/>\n<span style=\"color:green;\">Tiekamies kl\u0101tien\u0113!<\/span><\/p>\n<p><span style=\"color:brown;\">Iev\u0113rojiet, ka interneta int\u012bmpre\u010du veikals &#8220;<a href=\"https:\/\/tev.lv\/lv\">TEV.LV<\/a>&#8221; str\u0101d\u0101 &ndash; visu diennakti, bez br\u012bvdien\u0101m (24\/7)! Iel\u016bdzam J\u016bs apmekl\u0113t interneta int\u012bmpre\u010du veikalu &#8220;<a href=\"https:\/\/tev.lv\/lv\">TEV.LV<\/a>&#8221; tie\u0161saist\u0113!<\/span><\/p>\n<p>Salons atrodas R\u012bg\u0101, L\u0101\u010dpl\u0113\u0161a iel\u0101 47 (starp Kr.Barona un A.\u010caka iel\u0101m, tuv\u0101k A.\u010caka ielai).<\/p>\n<p>Salon\u0101 ir pla\u0161s int\u012bmpre\u010du kl\u0101sts un tiek pied\u0101v\u0101ti da\u017e\u0101di pakalpojumi.<\/p>\n<p>Salona &#8220;LABI&#8221; pirm\u0101s un otr\u0101s z\u0101les fotogr\u0101fijas:<br \/>\n<div id='gallery-1' class='gallery galleryid-27 gallery-columns-3 gallery-size-thumbnail'><figure class='gallery-item'>\n\t\t\t<div class='gallery-icon landscape'>\n\t\t\t\t<a href='https:\/\/shop.labi.lv\/lv\/wp-content\/uploads\/2013\/06\/IMG_0015.jpg'><img loading=\"lazy\" decoding=\"async\" width=\"150\" height=\"150\" src=\"https:\/\/shop.labi.lv\/lv\/wp-content\/uploads\/2013\/06\/IMG_0015-150x150.jpg\" class=\"attachment-thumbnail size-thumbnail\" alt=\"\" aria-describedby=\"gallery-1-1656\" \/><\/a>\n\t\t\t<\/div>\n\t\t\t\t<figcaption class='wp-caption-text gallery-caption' id='gallery-1-1656'>\n\t\t\t\tPirm\u0101 z\u0101le\n\t\t\t\t<\/figcaption><\/figure><figure class='gallery-item'>\n\t\t\t<div class='gallery-icon landscape'>\n\t\t\t\t<a href='https:\/\/shop.labi.lv\/lv\/wp-content\/uploads\/2013\/06\/IMG_0011.jpg'><img loading=\"lazy\" decoding=\"async\" width=\"150\" height=\"150\" src=\"https:\/\/shop.labi.lv\/lv\/wp-content\/uploads\/2013\/06\/IMG_0011-150x150.jpg\" class=\"attachment-thumbnail size-thumbnail\" alt=\"\" aria-describedby=\"gallery-1-1655\" \/><\/a>\n\t\t\t<\/div>\n\t\t\t\t<figcaption class='wp-caption-text gallery-caption' id='gallery-1-1655'>\n\t\t\t\tPirm\u0101 z\u0101le\n\t\t\t\t<\/figcaption><\/figure><figure class='gallery-item'>\n\t\t\t<div class='gallery-icon landscape'>\n\t\t\t\t<a href='https:\/\/shop.labi.lv\/lv\/wp-content\/uploads\/2013\/06\/IMG_0010.jpg'><img loading=\"lazy\" decoding=\"async\" width=\"150\" height=\"150\" src=\"https:\/\/shop.labi.lv\/lv\/wp-content\/uploads\/2013\/06\/IMG_0010-150x150.jpg\" class=\"attachment-thumbnail size-thumbnail\" alt=\"\" aria-describedby=\"gallery-1-1654\" \/><\/a>\n\t\t\t<\/div>\n\t\t\t\t<figcaption class='wp-caption-text gallery-caption' id='gallery-1-1654'>\n\t\t\t\tPirm\u0101 z\u0101le\n\t\t\t\t<\/figcaption><\/figure><figure class='gallery-item'>\n\t\t\t<div class='gallery-icon landscape'>\n\t\t\t\t<a href='https:\/\/shop.labi.lv\/lv\/wp-content\/uploads\/2013\/06\/IMG_0020.jpg'><img loading=\"lazy\" decoding=\"async\" width=\"150\" height=\"150\" src=\"https:\/\/shop.labi.lv\/lv\/wp-content\/uploads\/2013\/06\/IMG_0020-150x150.jpg\" class=\"attachment-thumbnail size-thumbnail\" alt=\"\" aria-describedby=\"gallery-1-1658\" \/><\/a>\n\t\t\t<\/div>\n\t\t\t\t<figcaption class='wp-caption-text gallery-caption' id='gallery-1-1658'>\n\t\t\t\tOtr\u0101 z\u0101le\n\t\t\t\t<\/figcaption><\/figure><figure class='gallery-item'>\n\t\t\t<div class='gallery-icon landscape'>\n\t\t\t\t<a href='https:\/\/shop.labi.lv\/lv\/wp-content\/uploads\/2013\/06\/IMG_0016.jpg'><img loading=\"lazy\" decoding=\"async\" width=\"150\" height=\"150\" src=\"https:\/\/shop.labi.lv\/lv\/wp-content\/uploads\/2013\/06\/IMG_0016-150x150.jpg\" class=\"attachment-thumbnail size-thumbnail\" alt=\"\" aria-describedby=\"gallery-1-1657\" \/><\/a>\n\t\t\t<\/div>\n\t\t\t\t<figcaption class='wp-caption-text gallery-caption' id='gallery-1-1657'>\n\t\t\t\tOtr\u0101 z\u0101le\n\t\t\t\t<\/figcaption><\/figure><figure class='gallery-item'>\n\t\t\t<div class='gallery-icon landscape'>\n\t\t\t\t<a href='https:\/\/shop.labi.lv\/lv\/wp-content\/uploads\/2013\/06\/IMG_0022.jpg'><img loading=\"lazy\" decoding=\"async\" width=\"150\" height=\"150\" src=\"https:\/\/shop.labi.lv\/lv\/wp-content\/uploads\/2013\/06\/IMG_0022-150x150.jpg\" class=\"attachment-thumbnail size-thumbnail\" alt=\"\" aria-describedby=\"gallery-1-1659\" \/><\/a>\n\t\t\t<\/div>\n\t\t\t\t<figcaption class='wp-caption-text gallery-caption' id='gallery-1-1659'>\n\t\t\t\tOtr\u0101 z\u0101le\n\t\t\t\t<\/figcaption><\/figure>\n\t\t<\/div>\n<\/p>\n<p>Pla\u0161s int\u012bmpre\u010du kl\u0101sts: vibr\u0113jo\u0161as ier\u012bces mas\u0101\u017eai, falla imitatori, masturbatori vag\u012bnas, k\u0101 ar\u012b paz\u012bstami re\u0101listi\u0137i (vibratori, kas imit\u0113 \u012bstu dzimumlocekli vai maksts imit\u0101cijas). Pieredz\u0113ju\u0161ie p\u0101rdev\u0113ji pal\u012bdz\u0113s Jums veikt\u00a0pareizo izv\u0113li J\u016bsu fant\u0101ziju realiz\u0101cijai. Pre\u010du iepirk\u0161ana tie\u0161i no ra\u017eot\u0101jiem garant\u0113 produkcijas augsto kvalit\u0101ti un norm\u0101las cenas.<\/p>\n<h2>\u012ass ieskats pied\u0101v\u0101tajos pakalpojumos<\/h2>\n<p>Atrakt\u012bvs priek\u0161nesums: deja ap stieni (kas t\u0101s v\u0113rot\u0101jam uzlabo fizisko labsaj\u016btu un vairo dz\u012bvesprieku). Barg\u0101 kundze (teatraliz\u0113ts lomu sp\u0113\u013cu notikums, kur v\u012brietis izbauda k\u0101 sieviete domin\u0113 p\u0101r vi\u0146u). Klasiska relaks\u0113jo\u0161a mas\u0101\u017ea (kas izsl\u0113dz seksu\u0101la rakstura darb\u012bbas). Tas viss salon\u0101 LABI (R\u012bga, L\u0101\u010dpl\u0113\u0161a iela 47)!<\/p>\n<p><iframe loading=\"lazy\" title=\"Atrakt\u012bva deja ap stieni, Barg\u0101 kundze un klasisk\u0101 mas\u0101\u017ea salon\u0101 LABI (R\u012bga, L\u0101\u010dpl\u0113\u0161a iela 47)!\" width=\"688\" height=\"387\" src=\"https:\/\/www.youtube.com\/embed\/JvbPs7mc6NA?feature=oembed\" frameborder=\"0\" allow=\"accelerometer; autoplay; clipboard-write; encrypted-media; gyroscope; picture-in-picture; web-share\" allowfullscreen><\/iframe><\/p>\n<h2>Atra\u0161an\u0101s vieta kart\u0113<\/h2>\n\n<!-- iframe plugin v.6.0 wordpress.org\/plugins\/iframe\/ -->\n<iframe loading=\"lazy\" class=\"individual-map\" src=\"\/mapL47\/map.html\" width=\"624\" height=\"404\" scrolling=\"yes\" frameborder=\"0\"><\/iframe>\n\n<p><script>\nvar iframeLoadCount = 0;\nfunction reloadOnce(iframe) {\n  iframeLoadCount ++;\n  if (iframeLoadCount <= 1) {\n    iframe.contentWindow.location.reload();\n    console.log(\"reload()\");\n  }\n}\n<\/script><\/p>\n","protected":false},"excerpt":{"rendered":"<p>Salons &#8220;LABI&#8221; (R\u012bg\u0101, L\u0101\u010dpl\u0113\u0161a iel\u0101 47) Veikala darba laiku apskatiet sada\u013c\u0101 kontakti. Tiekamies kl\u0101tien\u0113! Iev\u0113rojiet, ka interneta int\u012bmpre\u010du veikals &#8220;TEV.LV&#8221;&hellip;<\/p>\n","protected":false},"author":1,"featured_media":0,"parent":8,"menu_order":0,"comment_status":"closed","ping_status":"closed","template":"","meta":{"footnotes":""},"class_list":["post-27","page","type-page","status-publish","hentry"],"_links":{"self":[{"href":"https:\/\/shop.labi.lv\/lv\/wp-json\/wp\/v2\/pages\/27","targetHints":{"allow":["GET"]}}],"collection":[{"href":"https:\/\/shop.labi.lv\/lv\/wp-json\/wp\/v2\/pages"}],"about":[{"href":"https:\/\/shop.labi.lv\/lv\/wp-json\/wp\/v2\/types\/page"}],"author":[{"embeddable":true,"href":"https:\/\/shop.labi.lv\/lv\/wp-json\/wp\/v2\/users\/1"}],"replies":[{"embeddable":true,"href":"https:\/\/shop.labi.lv\/lv\/wp-json\/wp\/v2\/comments?post=27"}],"version-history":[{"count":36,"href":"https:\/\/shop.labi.lv\/lv\/wp-json\/wp\/v2\/pages\/27\/revisions"}],"predecessor-version":[{"id":5510,"href":"https:\/\/shop.labi.lv\/lv\/wp-json\/wp\/v2\/pages\/27\/revisions\/5510"}],"up":[{"embeddable":true,"href":"https:\/\/shop.labi.lv\/lv\/wp-json\/wp\/v2\/pages\/8"}],"wp:attachment":[{"href":"https:\/\/shop.labi.lv\/lv\/wp-json\/wp\/v2\/media?parent=27"}],"curies":[{"name":"wp","href":"https:\/\/api.w.org\/{rel}","templated":true}]}}