  {"id":29,"date":"2013-06-27T13:46:31","date_gmt":"2013-06-27T11:46:31","guid":{"rendered":"http:\/\/localhost\/wp\/?page_id=29"},"modified":"2023-12-19T16:38:05","modified_gmt":"2023-12-19T14:38:05","slug":"salons-alfr%c4%93da-kalni%c5%86a-8","status":"publish","type":"page","link":"https:\/\/shop.labi.lv\/lv\/saloni\/salons-alfr%c4%93da-kalni%c5%86a-8\/","title":{"rendered":"Salons \u2014 Alfr\u0113da Kalni\u0146a 8"},"content":{"rendered":"<p><span style=\"color:green;\">Salons &#8220;LABI&#8221; (R\u012bg\u0101, A.Kalni\u0146a iel\u0101 8)!<\/span><br \/>\n<span style=\"color:green;\">Veikala darba laiku apskatiet <a href=\"https:\/\/shop.labi.lv\/lv\/par-mums\/kontakti\/\">sada\u013c\u0101 kontakti<\/a>.<\/span><br \/>\n<span style=\"color:green;\">Tiekamies kl\u0101tien\u0113!<\/span><br \/>\nGaid\u0101m J\u016bs ar\u012b tum\u0161aj\u0101 diennakts laik\u0101!<\/p>\n<p><span style=\"color:brown;\">Iev\u0113rojiet, ka interneta int\u012bmpre\u010du veikals &#8220;<a href=\"https:\/\/tev.lv\/lv\">TEV.LV<\/a>&#8221; str\u0101d\u0101 &ndash; visu diennakti, bez br\u012bvdien\u0101m (24\/7)! Iel\u016bdzam J\u016bs apmekl\u0113t interneta int\u012bmpre\u010du veikalu &#8220;<a href=\"https:\/\/tev.lv\/lv\">TEV.LV<\/a>&#8221; tie\u0161saist\u0113!<\/span><\/p>\n<p>Salons atrodas R\u012bgas centr\u0101 \u2014 Alfr\u0113da Kalni\u0146a iel\u0101 8, (ieeja no ielas). T\u0101lru\u0146a numurs uzzi\u0146\u0101m: 67282171.<\/p>\n<div id='gallery-1' class='gallery galleryid-29 gallery-columns-3 gallery-size-thumbnail'><figure class='gallery-item'>\n\t\t\t<div class='gallery-icon landscape'>\n\t\t\t\t<a href='https:\/\/shop.labi.lv\/lv\/wp-content\/uploads\/2013\/06\/IMG_7075.jpg'><img loading=\"lazy\" decoding=\"async\" width=\"150\" height=\"150\" src=\"https:\/\/shop.labi.lv\/lv\/wp-content\/uploads\/2013\/06\/IMG_7075-150x150.jpg\" class=\"attachment-thumbnail size-thumbnail\" alt=\"B\u0101rs\" aria-describedby=\"gallery-1-737\" \/><\/a>\n\t\t\t<\/div>\n\t\t\t\t<figcaption class='wp-caption-text gallery-caption' id='gallery-1-737'>\n\t\t\t\tB\u0101rs\n\t\t\t\t<\/figcaption><\/figure><figure class='gallery-item'>\n\t\t\t<div class='gallery-icon landscape'>\n\t\t\t\t<a href='https:\/\/shop.labi.lv\/lv\/wp-content\/uploads\/2013\/06\/IMG_7064.jpg'><img loading=\"lazy\" decoding=\"async\" width=\"150\" height=\"150\" src=\"https:\/\/shop.labi.lv\/lv\/wp-content\/uploads\/2013\/06\/IMG_7064-150x150.jpg\" class=\"attachment-thumbnail size-thumbnail\" alt=\"Produkcijas stendi\" aria-describedby=\"gallery-1-735\" \/><\/a>\n\t\t\t<\/div>\n\t\t\t\t<figcaption class='wp-caption-text gallery-caption' id='gallery-1-735'>\n\t\t\t\tProdukcijas stendi\n\t\t\t\t<\/figcaption><\/figure><figure class='gallery-item'>\n\t\t\t<div class='gallery-icon landscape'>\n\t\t\t\t<a href='https:\/\/shop.labi.lv\/lv\/wp-content\/uploads\/2013\/06\/IMG_7071.jpg'><img loading=\"lazy\" decoding=\"async\" width=\"150\" height=\"150\" src=\"https:\/\/shop.labi.lv\/lv\/wp-content\/uploads\/2013\/06\/IMG_7071-150x150.jpg\" class=\"attachment-thumbnail size-thumbnail\" alt=\"Produkcijas stendi\" aria-describedby=\"gallery-1-736\" \/><\/a>\n\t\t\t<\/div>\n\t\t\t\t<figcaption class='wp-caption-text gallery-caption' id='gallery-1-736'>\n\t\t\t\tProdukcijas stendi\n\t\t\t\t<\/figcaption><\/figure><figure class='gallery-item'>\n\t\t\t<div class='gallery-icon landscape'>\n\t\t\t\t<a href='https:\/\/shop.labi.lv\/lv\/wp-content\/uploads\/2013\/06\/IMG_0029.jpg'><img loading=\"lazy\" decoding=\"async\" width=\"150\" height=\"150\" src=\"https:\/\/shop.labi.lv\/lv\/wp-content\/uploads\/2013\/06\/IMG_0029-150x150.jpg\" class=\"attachment-thumbnail size-thumbnail\" alt=\"\" aria-describedby=\"gallery-1-1678\" \/><\/a>\n\t\t\t<\/div>\n\t\t\t\t<figcaption class='wp-caption-text gallery-caption' id='gallery-1-1678'>\n\t\t\t\tProdukcijas stendi\n\t\t\t\t<\/figcaption><\/figure><figure class='gallery-item'>\n\t\t\t<div class='gallery-icon landscape'>\n\t\t\t\t<a href='https:\/\/shop.labi.lv\/lv\/wp-content\/uploads\/2013\/06\/IMG_0033.jpg'><img loading=\"lazy\" decoding=\"async\" width=\"150\" height=\"150\" src=\"https:\/\/shop.labi.lv\/lv\/wp-content\/uploads\/2013\/06\/IMG_0033-150x150.jpg\" class=\"attachment-thumbnail size-thumbnail\" alt=\"\" aria-describedby=\"gallery-1-1679\" \/><\/a>\n\t\t\t<\/div>\n\t\t\t\t<figcaption class='wp-caption-text gallery-caption' id='gallery-1-1679'>\n\t\t\t\tProdukcijas stendi\n\t\t\t\t<\/figcaption><\/figure><figure class='gallery-item'>\n\t\t\t<div class='gallery-icon landscape'>\n\t\t\t\t<a href='https:\/\/shop.labi.lv\/lv\/wp-content\/uploads\/2013\/06\/IMG_0036.jpg'><img loading=\"lazy\" decoding=\"async\" width=\"150\" height=\"150\" src=\"https:\/\/shop.labi.lv\/lv\/wp-content\/uploads\/2013\/06\/IMG_0036-150x150.jpg\" class=\"attachment-thumbnail size-thumbnail\" alt=\"\" aria-describedby=\"gallery-1-1680\" \/><\/a>\n\t\t\t<\/div>\n\t\t\t\t<figcaption class='wp-caption-text gallery-caption' id='gallery-1-1680'>\n\t\t\t\tProdukcijas stendi\n\t\t\t\t<\/figcaption><\/figure>\n\t\t<\/div>\n\n<p>Veikal\u0101 ir b\u0101rs, kur var baud\u012bt t\u0113ju, kafiju, miner\u0101l\u016bdeni, k\u0101 ar\u012b daudzus alkoholiskus dz\u0113rienus (alu, \u0161\u0146abi, brendiju, konjaku, li\u0137ieri, rumu, sidru k\u0101 ar\u012b da\u017e\u0101dus koktei\u013cus).<\/p>\n<p>Salona pied\u0101v\u0101jum\u0101 alla\u017e ir pla\u0161s seksa pal\u012bgl\u012bdzek\u013cu, pal\u012bgier\u012b\u010du un erotisko suven\u012bru kl\u0101sts. Salona profesion\u0101lie darbinieki sp\u0113j piemekl\u0113t nepiecie\u0161amo preci jebkuram klientam.<\/p>\n<h2>Ekskluz\u012bvi<\/h2>\n<p>\u0160is ir pla\u0161\u0101kais salons LABI \u2014 taj\u0101 ir apvienotas veikala telpas, video z\u0101le un <a href=\"https:\/\/shop.labi.lv\/lv\/pakalpojumi\/atp\u016btas-komplekss\/\">atp\u016btas komplekss<\/a> (sauna, infrasarkano vi\u013c\u0146u kab\u012bne, jakuzzi jeb burbu\u013cvanna un ant\u012bk\u0101 z\u0101le).<\/p>\n<div id='gallery-2' class='gallery galleryid-29 gallery-columns-3 gallery-size-thumbnail'><figure class='gallery-item'>\n\t\t\t<div class='gallery-icon portrait'>\n\t\t\t\t<a href='https:\/\/shop.labi.lv\/lv\/wp-content\/uploads\/2013\/06\/IMG_7084.jpg'><img loading=\"lazy\" decoding=\"async\" width=\"150\" height=\"150\" src=\"https:\/\/shop.labi.lv\/lv\/wp-content\/uploads\/2013\/06\/IMG_7084-150x150.jpg\" class=\"attachment-thumbnail size-thumbnail\" alt=\"Ant\u012bk\u0101 z\u0101le\" aria-describedby=\"gallery-2-732\" \/><\/a>\n\t\t\t<\/div>\n\t\t\t\t<figcaption class='wp-caption-text gallery-caption' id='gallery-2-732'>\n\t\t\t\tAnt\u012bk\u0101 z\u0101le\n\t\t\t\t<\/figcaption><\/figure><figure class='gallery-item'>\n\t\t\t<div class='gallery-icon landscape'>\n\t\t\t\t<a href='https:\/\/shop.labi.lv\/lv\/wp-content\/uploads\/2013\/06\/IMG_7083.jpg'><img loading=\"lazy\" decoding=\"async\" width=\"150\" height=\"150\" src=\"https:\/\/shop.labi.lv\/lv\/wp-content\/uploads\/2013\/06\/IMG_7083-150x150.jpg\" class=\"attachment-thumbnail size-thumbnail\" alt=\"Ant\u012bk\u0101 z\u0101le\" aria-describedby=\"gallery-2-734\" \/><\/a>\n\t\t\t<\/div>\n\t\t\t\t<figcaption class='wp-caption-text gallery-caption' id='gallery-2-734'>\n\t\t\t\tAnt\u012bk\u0101 z\u0101le\n\t\t\t\t<\/figcaption><\/figure><figure class='gallery-item'>\n\t\t\t<div class='gallery-icon landscape'>\n\t\t\t\t<a href='https:\/\/shop.labi.lv\/lv\/wp-content\/uploads\/2013\/06\/IMG_7085.jpg'><img loading=\"lazy\" decoding=\"async\" width=\"150\" height=\"150\" src=\"https:\/\/shop.labi.lv\/lv\/wp-content\/uploads\/2013\/06\/IMG_7085-150x150.jpg\" class=\"attachment-thumbnail size-thumbnail\" alt=\"Ant\u012bk\u0101 z\u0101le\" aria-describedby=\"gallery-2-733\" \/><\/a>\n\t\t\t<\/div>\n\t\t\t\t<figcaption class='wp-caption-text gallery-caption' id='gallery-2-733'>\n\t\t\t\tAnt\u012bk\u0101 z\u0101le\n\t\t\t\t<\/figcaption><\/figure><figure class='gallery-item'>\n\t\t\t<div class='gallery-icon portrait'>\n\t\t\t\t<a href='https:\/\/shop.labi.lv\/lv\/wp-content\/uploads\/2013\/06\/IMG_0042.jpg'><img loading=\"lazy\" decoding=\"async\" width=\"150\" height=\"150\" src=\"https:\/\/shop.labi.lv\/lv\/wp-content\/uploads\/2013\/06\/IMG_0042-150x150.jpg\" class=\"attachment-thumbnail size-thumbnail\" alt=\"\" aria-describedby=\"gallery-2-1681\" \/><\/a>\n\t\t\t<\/div>\n\t\t\t\t<figcaption class='wp-caption-text gallery-caption' id='gallery-2-1681'>\n\t\t\t\tSauna\n\t\t\t\t<\/figcaption><\/figure><figure class='gallery-item'>\n\t\t\t<div class='gallery-icon landscape'>\n\t\t\t\t<a href='https:\/\/shop.labi.lv\/lv\/wp-content\/uploads\/2013\/06\/IMG_0049.jpg'><img loading=\"lazy\" decoding=\"async\" width=\"150\" height=\"150\" src=\"https:\/\/shop.labi.lv\/lv\/wp-content\/uploads\/2013\/06\/IMG_0049-150x150.jpg\" class=\"attachment-thumbnail size-thumbnail\" alt=\"\" aria-describedby=\"gallery-2-1683\" \/><\/a>\n\t\t\t<\/div>\n\t\t\t\t<figcaption class='wp-caption-text gallery-caption' id='gallery-2-1683'>\n\t\t\t\tBurbu\u013cvanna\n\t\t\t\t<\/figcaption><\/figure><figure class='gallery-item'>\n\t\t\t<div class='gallery-icon portrait'>\n\t\t\t\t<a href='https:\/\/shop.labi.lv\/lv\/wp-content\/uploads\/2013\/06\/IMG_0047.jpg'><img loading=\"lazy\" decoding=\"async\" width=\"150\" height=\"150\" src=\"https:\/\/shop.labi.lv\/lv\/wp-content\/uploads\/2013\/06\/IMG_0047-150x150.jpg\" class=\"attachment-thumbnail size-thumbnail\" alt=\"\" aria-describedby=\"gallery-2-1682\" \/><\/a>\n\t\t\t<\/div>\n\t\t\t\t<figcaption class='wp-caption-text gallery-caption' id='gallery-2-1682'>\n\t\t\t\tInfrasarkano vi\u013c\u0146u kab\u012bne\n\t\t\t\t<\/figcaption><\/figure>\n\t\t<\/div>\n\n<h2>Atra\u0161an\u0101s vieta kart\u0113<\/h2>\n\n<!-- iframe plugin v.6.0 wordpress.org\/plugins\/iframe\/ -->\n<iframe loading=\"lazy\" class=\"individual-map\" src=\"\/mapAK8\/map.html\" width=\"624\" height=\"404\" scrolling=\"yes\" frameborder=\"0\"><\/iframe>\n\n<p><script>\nvar iframeLoadCount = 0;\nfunction reloadOnce(iframe) {\n  iframeLoadCount ++;\n  if (iframeLoadCount <= 1) {\n    iframe.contentWindow.location.reload();\n    console.log(\"reload()\");\n  }\n}\n<\/script><\/p>\n","protected":false},"excerpt":{"rendered":"<p>Salons &#8220;LABI&#8221; (R\u012bg\u0101, A.Kalni\u0146a iel\u0101 8)! Veikala darba laiku apskatiet sada\u013c\u0101 kontakti. Tiekamies kl\u0101tien\u0113! Gaid\u0101m J\u016bs ar\u012b tum\u0161aj\u0101 diennakts laik\u0101!&hellip;<\/p>\n","protected":false},"author":1,"featured_media":0,"parent":8,"menu_order":0,"comment_status":"closed","ping_status":"closed","template":"","meta":{"footnotes":""},"class_list":["post-29","page","type-page","status-publish","hentry"],"_links":{"self":[{"href":"https:\/\/shop.labi.lv\/lv\/wp-json\/wp\/v2\/pages\/29","targetHints":{"allow":["GET"]}}],"collection":[{"href":"https:\/\/shop.labi.lv\/lv\/wp-json\/wp\/v2\/pages"}],"about":[{"href":"https:\/\/shop.labi.lv\/lv\/wp-json\/wp\/v2\/types\/page"}],"author":[{"embeddable":true,"href":"https:\/\/shop.labi.lv\/lv\/wp-json\/wp\/v2\/users\/1"}],"replies":[{"embeddable":true,"href":"https:\/\/shop.labi.lv\/lv\/wp-json\/wp\/v2\/comments?post=29"}],"version-history":[{"count":74,"href":"https:\/\/shop.labi.lv\/lv\/wp-json\/wp\/v2\/pages\/29\/revisions"}],"predecessor-version":[{"id":5323,"href":"https:\/\/shop.labi.lv\/lv\/wp-json\/wp\/v2\/pages\/29\/revisions\/5323"}],"up":[{"embeddable":true,"href":"https:\/\/shop.labi.lv\/lv\/wp-json\/wp\/v2\/pages\/8"}],"wp:attachment":[{"href":"https:\/\/shop.labi.lv\/lv\/wp-json\/wp\/v2\/media?parent=29"}],"curies":[{"name":"wp","href":"https:\/\/api.w.org\/{rel}","templated":true}]}}