  {"id":2919,"date":"2018-01-18T14:41:05","date_gmt":"2018-01-18T12:41:05","guid":{"rendered":"http:\/\/labi.lv\/?page_id=2919"},"modified":"2023-12-19T17:14:57","modified_gmt":"2023-12-19T15:14:57","slug":"erotist","status":"publish","type":"page","link":"https:\/\/shop.labi.lv\/lv\/int%c4%abmpreces\/izcelt%c4%81s-preces\/erotist\/","title":{"rendered":"Erotist"},"content":{"rendered":"<h2>Erotist produkcija<\/h2>\n<p>Pied\u0101v\u0101jam iepaz\u012bties ar Erotist Coxy \u2013 tas ir klitora stimulators ar gaisa pl\u016bsmu un vienlaic\u012bgi ar\u012b vibrators!<\/p>\n<p>Ier\u012bce ir piejama trij\u0101s kr\u0101s\u0101s: klasiski melna, violeta un lill\u0101. Ier\u012bcei ir vienk\u0101r\u0161i vad\u0101ma ar 2 pog\u0101m, kas gan iesl\u0113dz ier\u012bci (atsevi\u0161\u0137i klitora stimulatoru un vibratoru), gan p\u0101rsl\u0113dz 10 klitoru stimul\u0113jo\u0161us re\u017e\u012bmus (10 da\u017e\u0101dus gaisa pl\u016bsmas re\u017e\u012bmus) un 16 art\u0161\u0137ir\u012bgus vibratora re\u017e\u012bmus.<\/p>\n<div id='gallery-1' class='gallery galleryid-2919 gallery-columns-3 gallery-size-thumbnail'><figure class='gallery-item'>\n\t\t\t<div class='gallery-icon landscape'>\n\t\t\t\t<a href='https:\/\/shop.labi.lv\/lv\/wp-content\/uploads\/2018\/01\/erotist_coxy_black_002.jpg'><img loading=\"lazy\" decoding=\"async\" width=\"150\" height=\"150\" src=\"https:\/\/shop.labi.lv\/lv\/wp-content\/uploads\/2018\/01\/erotist_coxy_black_002-150x150.jpg\" class=\"attachment-thumbnail size-thumbnail\" alt=\"Erotist Coxy melns\" aria-describedby=\"gallery-1-2921\" srcset=\"https:\/\/shop.labi.lv\/lv\/wp-content\/uploads\/2018\/01\/erotist_coxy_black_002-150x150.jpg 150w, https:\/\/shop.labi.lv\/lv\/wp-content\/uploads\/2018\/01\/erotist_coxy_black_002-300x300.jpg 300w, https:\/\/shop.labi.lv\/lv\/wp-content\/uploads\/2018\/01\/erotist_coxy_black_002.jpg 450w\" sizes=\"auto, (max-width: 150px) 100vw, 150px\" \/><\/a>\n\t\t\t<\/div>\n\t\t\t\t<figcaption class='wp-caption-text gallery-caption' id='gallery-1-2921'>\n\t\t\t\tErotist Coxy melns\n\t\t\t\t<\/figcaption><\/figure><figure class='gallery-item'>\n\t\t\t<div class='gallery-icon landscape'>\n\t\t\t\t<a href='https:\/\/shop.labi.lv\/lv\/wp-content\/uploads\/2018\/01\/erotist_coxy_black_001.jpg'><img loading=\"lazy\" decoding=\"async\" width=\"150\" height=\"150\" src=\"https:\/\/shop.labi.lv\/lv\/wp-content\/uploads\/2018\/01\/erotist_coxy_black_001-150x150.jpg\" class=\"attachment-thumbnail size-thumbnail\" alt=\"Erotist Coxy melns\" aria-describedby=\"gallery-1-2926\" srcset=\"https:\/\/shop.labi.lv\/lv\/wp-content\/uploads\/2018\/01\/erotist_coxy_black_001-150x150.jpg 150w, https:\/\/shop.labi.lv\/lv\/wp-content\/uploads\/2018\/01\/erotist_coxy_black_001-300x300.jpg 300w, https:\/\/shop.labi.lv\/lv\/wp-content\/uploads\/2018\/01\/erotist_coxy_black_001.jpg 450w\" sizes=\"auto, (max-width: 150px) 100vw, 150px\" \/><\/a>\n\t\t\t<\/div>\n\t\t\t\t<figcaption class='wp-caption-text gallery-caption' id='gallery-1-2926'>\n\t\t\t\tErotist Coxy melns\n\t\t\t\t<\/figcaption><\/figure><figure class='gallery-item'>\n\t\t\t<div class='gallery-icon landscape'>\n\t\t\t\t<a href='https:\/\/shop.labi.lv\/lv\/wp-content\/uploads\/2018\/01\/erotist_coxy_violet_001.jpg'><img loading=\"lazy\" decoding=\"async\" width=\"150\" height=\"150\" src=\"https:\/\/shop.labi.lv\/lv\/wp-content\/uploads\/2018\/01\/erotist_coxy_violet_001-150x150.jpg\" class=\"attachment-thumbnail size-thumbnail\" alt=\"Erotist Coxy violets\" aria-describedby=\"gallery-1-2924\" srcset=\"https:\/\/shop.labi.lv\/lv\/wp-content\/uploads\/2018\/01\/erotist_coxy_violet_001-150x150.jpg 150w, https:\/\/shop.labi.lv\/lv\/wp-content\/uploads\/2018\/01\/erotist_coxy_violet_001-300x300.jpg 300w, https:\/\/shop.labi.lv\/lv\/wp-content\/uploads\/2018\/01\/erotist_coxy_violet_001.jpg 450w\" sizes=\"auto, (max-width: 150px) 100vw, 150px\" \/><\/a>\n\t\t\t<\/div>\n\t\t\t\t<figcaption class='wp-caption-text gallery-caption' id='gallery-1-2924'>\n\t\t\t\tErotist Coxy violets\n\t\t\t\t<\/figcaption><\/figure><figure class='gallery-item'>\n\t\t\t<div class='gallery-icon landscape'>\n\t\t\t\t<a href='https:\/\/shop.labi.lv\/lv\/wp-content\/uploads\/2018\/01\/erotist_coxy_violet_002.jpg'><img loading=\"lazy\" decoding=\"async\" width=\"150\" height=\"150\" src=\"https:\/\/shop.labi.lv\/lv\/wp-content\/uploads\/2018\/01\/erotist_coxy_violet_002-150x150.jpg\" class=\"attachment-thumbnail size-thumbnail\" alt=\"Erotist Coxy violets\" aria-describedby=\"gallery-1-2925\" srcset=\"https:\/\/shop.labi.lv\/lv\/wp-content\/uploads\/2018\/01\/erotist_coxy_violet_002-150x150.jpg 150w, https:\/\/shop.labi.lv\/lv\/wp-content\/uploads\/2018\/01\/erotist_coxy_violet_002-300x300.jpg 300w, https:\/\/shop.labi.lv\/lv\/wp-content\/uploads\/2018\/01\/erotist_coxy_violet_002.jpg 450w\" sizes=\"auto, (max-width: 150px) 100vw, 150px\" \/><\/a>\n\t\t\t<\/div>\n\t\t\t\t<figcaption class='wp-caption-text gallery-caption' id='gallery-1-2925'>\n\t\t\t\tErotist Coxy violets\n\t\t\t\t<\/figcaption><\/figure><figure class='gallery-item'>\n\t\t\t<div class='gallery-icon landscape'>\n\t\t\t\t<a href='https:\/\/shop.labi.lv\/lv\/wp-content\/uploads\/2018\/01\/erotist_coxy_purple_001.jpg'><img loading=\"lazy\" decoding=\"async\" width=\"150\" height=\"150\" src=\"https:\/\/shop.labi.lv\/lv\/wp-content\/uploads\/2018\/01\/erotist_coxy_purple_001-150x150.jpg\" class=\"attachment-thumbnail size-thumbnail\" alt=\"Erotist Coxy lill\u0101\" aria-describedby=\"gallery-1-2922\" srcset=\"https:\/\/shop.labi.lv\/lv\/wp-content\/uploads\/2018\/01\/erotist_coxy_purple_001-150x150.jpg 150w, https:\/\/shop.labi.lv\/lv\/wp-content\/uploads\/2018\/01\/erotist_coxy_purple_001-300x300.jpg 300w, https:\/\/shop.labi.lv\/lv\/wp-content\/uploads\/2018\/01\/erotist_coxy_purple_001.jpg 450w\" sizes=\"auto, (max-width: 150px) 100vw, 150px\" \/><\/a>\n\t\t\t<\/div>\n\t\t\t\t<figcaption class='wp-caption-text gallery-caption' id='gallery-1-2922'>\n\t\t\t\tErotist Coxy lill\u0101\n\t\t\t\t<\/figcaption><\/figure><figure class='gallery-item'>\n\t\t\t<div class='gallery-icon landscape'>\n\t\t\t\t<a href='https:\/\/shop.labi.lv\/lv\/wp-content\/uploads\/2018\/01\/erotist_coxy_purple_002.jpg'><img loading=\"lazy\" decoding=\"async\" width=\"150\" height=\"150\" src=\"https:\/\/shop.labi.lv\/lv\/wp-content\/uploads\/2018\/01\/erotist_coxy_purple_002-150x150.jpg\" class=\"attachment-thumbnail size-thumbnail\" alt=\"Erotist Coxy lill\u0101\" aria-describedby=\"gallery-1-2923\" srcset=\"https:\/\/shop.labi.lv\/lv\/wp-content\/uploads\/2018\/01\/erotist_coxy_purple_002-150x150.jpg 150w, https:\/\/shop.labi.lv\/lv\/wp-content\/uploads\/2018\/01\/erotist_coxy_purple_002-300x300.jpg 300w, https:\/\/shop.labi.lv\/lv\/wp-content\/uploads\/2018\/01\/erotist_coxy_purple_002.jpg 450w\" sizes=\"auto, (max-width: 150px) 100vw, 150px\" \/><\/a>\n\t\t\t<\/div>\n\t\t\t\t<figcaption class='wp-caption-text gallery-caption' id='gallery-1-2923'>\n\t\t\t\tErotist Coxy lill\u0101\n\t\t\t\t<\/figcaption><\/figure><figure class='gallery-item'>\n\t\t\t<div class='gallery-icon landscape'>\n\t\t\t\t<a href='https:\/\/shop.labi.lv\/lv\/wp-content\/uploads\/2018\/01\/erotist_coxy_black_003.jpg'><img loading=\"lazy\" decoding=\"async\" width=\"150\" height=\"150\" src=\"https:\/\/shop.labi.lv\/lv\/wp-content\/uploads\/2018\/01\/erotist_coxy_black_003-150x150.jpg\" class=\"attachment-thumbnail size-thumbnail\" alt=\"Erotist Coxy samta maisi\u0146\u0161\" aria-describedby=\"gallery-1-2931\" srcset=\"https:\/\/shop.labi.lv\/lv\/wp-content\/uploads\/2018\/01\/erotist_coxy_black_003-150x150.jpg 150w, https:\/\/shop.labi.lv\/lv\/wp-content\/uploads\/2018\/01\/erotist_coxy_black_003-300x300.jpg 300w, https:\/\/shop.labi.lv\/lv\/wp-content\/uploads\/2018\/01\/erotist_coxy_black_003.jpg 450w\" sizes=\"auto, (max-width: 150px) 100vw, 150px\" \/><\/a>\n\t\t\t<\/div>\n\t\t\t\t<figcaption class='wp-caption-text gallery-caption' id='gallery-1-2931'>\n\t\t\t\tErotist Coxy samta maisi\u0146\u0161\n\t\t\t\t<\/figcaption><\/figure>\n\t\t<\/div>\n\n<p>Izmantojot klitora stimulatoru ar gaisa pl\u016bsm\u0101m, ier\u012bces vibratora da\u013ca tiek izmantoa k\u0101 rokturis, lai to \u0113rti novietotu tie\u0161i uz klitora. Savuk\u0101rt, kad par\u0101d\u0101s v\u0113lme p\u0113c vagin\u0101l\u0101 seksa, ier\u012bce ir vienk\u0101r\u0161i j\u0101pagrie\u017e t\u0101, lai<br \/>\nvibratoru var\u0113tu ievad\u012bt vag\u012bn\u0101. Vibratora forma ir \u012bpa\u0161i piel\u0101gota G-punkta stimul\u0113\u0161anai.<\/p>\n<p>Ier\u012bces komplekt\u0101 ir iek\u013cauts: pati ier\u012bce, samta maisi\u0146\u0161 ier\u012bces glab\u0101\u0161anai, USB kabelis \u0113rtai uzl\u0101d\u0113\u0161anai.<\/p>\n<p>\u0160\u012b ir laba manti\u0146a pieaugu\u0161ajiem, kas Jums nodro\u0161in\u0101s lielisku atp\u016btu!<\/p>\n<p>\u201eErotist\u201d ier\u012bces tiek ra\u017eotas \u0136\u012bn\u0101.<\/p>\n<h3>Kur var \u0161\u012bs preces ieg\u0101d\u0101ties?<\/h3>\n<p>Seksa ma\u0161\u012bnu noteikti atrad\u012bsiet salonos \u201e<a href=\"https:\/\/shop.labi.lv\/lv\/par-mums\/kontakti\/\" target=\"_blank\" rel=\"noopener\">LABI<\/a>\u201d un int\u012bmpre\u010du interneta veikal\u0101 \u201e<a href=\"https:\/\/tev.lv\/lv\" target=\"_blank\" rel=\"noopener\">TEV.LV<\/a>\u201d.<\/p>\n","protected":false},"excerpt":{"rendered":"<p>Erotist produkcija Pied\u0101v\u0101jam iepaz\u012bties ar Erotist Coxy \u2013 tas ir klitora stimulators ar gaisa pl\u016bsmu un vienlaic\u012bgi ar\u012b vibrators! Ier\u012bce&hellip;<\/p>\n","protected":false},"author":1,"featured_media":0,"parent":2911,"menu_order":0,"comment_status":"closed","ping_status":"closed","template":"","meta":{"footnotes":""},"class_list":["post-2919","page","type-page","status-publish","hentry"],"_links":{"self":[{"href":"https:\/\/shop.labi.lv\/lv\/wp-json\/wp\/v2\/pages\/2919","targetHints":{"allow":["GET"]}}],"collection":[{"href":"https:\/\/shop.labi.lv\/lv\/wp-json\/wp\/v2\/pages"}],"about":[{"href":"https:\/\/shop.labi.lv\/lv\/wp-json\/wp\/v2\/types\/page"}],"author":[{"embeddable":true,"href":"https:\/\/shop.labi.lv\/lv\/wp-json\/wp\/v2\/users\/1"}],"replies":[{"embeddable":true,"href":"https:\/\/shop.labi.lv\/lv\/wp-json\/wp\/v2\/comments?post=2919"}],"version-history":[{"count":25,"href":"https:\/\/shop.labi.lv\/lv\/wp-json\/wp\/v2\/pages\/2919\/revisions"}],"predecessor-version":[{"id":5336,"href":"https:\/\/shop.labi.lv\/lv\/wp-json\/wp\/v2\/pages\/2919\/revisions\/5336"}],"up":[{"embeddable":true,"href":"https:\/\/shop.labi.lv\/lv\/wp-json\/wp\/v2\/pages\/2911"}],"wp:attachment":[{"href":"https:\/\/shop.labi.lv\/lv\/wp-json\/wp\/v2\/media?parent=2919"}],"curies":[{"name":"wp","href":"https:\/\/api.w.org\/{rel}","templated":true}]}}