  {"id":2938,"date":"2018-01-18T15:01:11","date_gmt":"2018-01-18T13:01:11","guid":{"rendered":"http:\/\/labi.lv\/?page_id=2938"},"modified":"2023-12-19T17:15:39","modified_gmt":"2023-12-19T15:15:39","slug":"lingox","status":"publish","type":"page","link":"https:\/\/shop.labi.lv\/lv\/int%c4%abmpreces\/izcelt%c4%81s-preces\/lingox\/","title":{"rendered":"Lingox"},"content":{"rendered":"<h2>Lingox produkcija<\/h2>\n<p>Lingox pied\u0101v\u0101 m\u0101ksl\u012bg\u0101s mutes, vag\u012bnas un \u0101nusus no jauna &#8211; bezgal\u012bgi maiga, elast\u012bga un tvirta materi\u0101la!<\/p>\n<blockquote><p>Ja v\u0113lies piedz\u012bvot saj\u016btas, ko sniedz p\u0101rgul\u0113\u0161ana ar \u201ePrivate\u201d porno zvaigzni, tad ieg\u0101d\u0101joties \u0161\u0101du ier\u012bci tas k\u013cust iesp\u0113jams!<\/p><\/blockquote>\n<p>Vienas ier\u012bces komplekt\u0101 ietilpst &#8211; viegli kopjams masaturbators no \u012bpa\u0161a materi\u0101la kvalitat\u012bv\u0101 korpus\u0101, prostatas stimulators un porno zvaigznes fotogr\u0101fija ar vi\u0146as pa\u0161roc\u012bgu parakstu!<\/p>\n<p>Visa Lingox produkcija tiek ra\u017eota Lingox r\u016bpn\u012bc\u0101 Sp\u0101nij\u0101 (ES), l\u012bdz ar to nav \u0161aubu par pre\u010du ilgm\u016b\u017e\u012bbu, to augsto kvalit\u0101ti un lietoto materi\u0101lu nekait\u012bgumu.<\/p>\n<div id='gallery-1' class='gallery galleryid-2938 gallery-columns-3 gallery-size-thumbnail'><figure class='gallery-item'>\n\t\t\t<div class='gallery-icon landscape'>\n\t\t\t\t<a href='https:\/\/shop.labi.lv\/lv\/wp-content\/uploads\/2017\/06\/lingox-Luna-Rival-private-01.jpg'><img loading=\"lazy\" decoding=\"async\" width=\"150\" height=\"150\" src=\"https:\/\/shop.labi.lv\/lv\/wp-content\/uploads\/2017\/06\/lingox-Luna-Rival-private-01-150x150.jpg\" class=\"attachment-thumbnail size-thumbnail\" alt=\"Vag\u012bna Lingox Luna Rival\" aria-describedby=\"gallery-1-2532\" srcset=\"https:\/\/shop.labi.lv\/lv\/wp-content\/uploads\/2017\/06\/lingox-Luna-Rival-private-01-150x150.jpg 150w, https:\/\/shop.labi.lv\/lv\/wp-content\/uploads\/2017\/06\/lingox-Luna-Rival-private-01-300x300.jpg 300w, https:\/\/shop.labi.lv\/lv\/wp-content\/uploads\/2017\/06\/lingox-Luna-Rival-private-01.jpg 450w\" sizes=\"auto, (max-width: 150px) 100vw, 150px\" \/><\/a>\n\t\t\t<\/div>\n\t\t\t\t<figcaption class='wp-caption-text gallery-caption' id='gallery-1-2532'>\n\t\t\t\tVag\u012bna Lingox Luna Rival\n\t\t\t\t<\/figcaption><\/figure><figure class='gallery-item'>\n\t\t\t<div class='gallery-icon landscape'>\n\t\t\t\t<a href='https:\/\/shop.labi.lv\/lv\/wp-content\/uploads\/2017\/06\/lingox-Luna-Rival-private-02.jpg'><img loading=\"lazy\" decoding=\"async\" width=\"150\" height=\"150\" src=\"https:\/\/shop.labi.lv\/lv\/wp-content\/uploads\/2017\/06\/lingox-Luna-Rival-private-02-150x150.jpg\" class=\"attachment-thumbnail size-thumbnail\" alt=\"Vag\u012bna Lingox Luna Rival\" aria-describedby=\"gallery-1-2533\" srcset=\"https:\/\/shop.labi.lv\/lv\/wp-content\/uploads\/2017\/06\/lingox-Luna-Rival-private-02-150x150.jpg 150w, https:\/\/shop.labi.lv\/lv\/wp-content\/uploads\/2017\/06\/lingox-Luna-Rival-private-02-300x300.jpg 300w, https:\/\/shop.labi.lv\/lv\/wp-content\/uploads\/2017\/06\/lingox-Luna-Rival-private-02.jpg 450w\" sizes=\"auto, (max-width: 150px) 100vw, 150px\" \/><\/a>\n\t\t\t<\/div>\n\t\t\t\t<figcaption class='wp-caption-text gallery-caption' id='gallery-1-2533'>\n\t\t\t\tVag\u012bna Lingox Luna Rival\n\t\t\t\t<\/figcaption><\/figure><figure class='gallery-item'>\n\t\t\t<div class='gallery-icon landscape'>\n\t\t\t\t<a href='https:\/\/shop.labi.lv\/lv\/wp-content\/uploads\/2017\/06\/lingox-Luna-Rival-private-03.jpg'><img loading=\"lazy\" decoding=\"async\" width=\"150\" height=\"150\" src=\"https:\/\/shop.labi.lv\/lv\/wp-content\/uploads\/2017\/06\/lingox-Luna-Rival-private-03-150x150.jpg\" class=\"attachment-thumbnail size-thumbnail\" alt=\"Vag\u012bna Lingox Luna Rival\" aria-describedby=\"gallery-1-2534\" srcset=\"https:\/\/shop.labi.lv\/lv\/wp-content\/uploads\/2017\/06\/lingox-Luna-Rival-private-03-150x150.jpg 150w, https:\/\/shop.labi.lv\/lv\/wp-content\/uploads\/2017\/06\/lingox-Luna-Rival-private-03-300x300.jpg 300w, https:\/\/shop.labi.lv\/lv\/wp-content\/uploads\/2017\/06\/lingox-Luna-Rival-private-03.jpg 450w\" sizes=\"auto, (max-width: 150px) 100vw, 150px\" \/><\/a>\n\t\t\t<\/div>\n\t\t\t\t<figcaption class='wp-caption-text gallery-caption' id='gallery-1-2534'>\n\t\t\t\tVag\u012bna Lingox Luna Rival\n\t\t\t\t<\/figcaption><\/figure><figure class='gallery-item'>\n\t\t\t<div class='gallery-icon landscape'>\n\t\t\t\t<a href='https:\/\/shop.labi.lv\/lv\/wp-content\/uploads\/2017\/06\/lingox-Lexi-Lowe-private-03.jpg'><img loading=\"lazy\" decoding=\"async\" width=\"150\" height=\"150\" src=\"https:\/\/shop.labi.lv\/lv\/wp-content\/uploads\/2017\/06\/lingox-Lexi-Lowe-private-03-150x150.jpg\" class=\"attachment-thumbnail size-thumbnail\" alt=\"Vag\u012bna Lingox Lexi Lowe\" aria-describedby=\"gallery-1-2531\" srcset=\"https:\/\/shop.labi.lv\/lv\/wp-content\/uploads\/2017\/06\/lingox-Lexi-Lowe-private-03-150x150.jpg 150w, https:\/\/shop.labi.lv\/lv\/wp-content\/uploads\/2017\/06\/lingox-Lexi-Lowe-private-03-300x300.jpg 300w, https:\/\/shop.labi.lv\/lv\/wp-content\/uploads\/2017\/06\/lingox-Lexi-Lowe-private-03.jpg 450w\" sizes=\"auto, (max-width: 150px) 100vw, 150px\" \/><\/a>\n\t\t\t<\/div>\n\t\t\t\t<figcaption class='wp-caption-text gallery-caption' id='gallery-1-2531'>\n\t\t\t\tVag\u012bna Lingox Lexi Lowe\n\t\t\t\t<\/figcaption><\/figure><figure class='gallery-item'>\n\t\t\t<div class='gallery-icon landscape'>\n\t\t\t\t<a href='https:\/\/shop.labi.lv\/lv\/wp-content\/uploads\/2017\/06\/lingox-Lexi-Lowe-private-02.jpg'><img loading=\"lazy\" decoding=\"async\" width=\"150\" height=\"150\" src=\"https:\/\/shop.labi.lv\/lv\/wp-content\/uploads\/2017\/06\/lingox-Lexi-Lowe-private-02-150x150.jpg\" class=\"attachment-thumbnail size-thumbnail\" alt=\"Vag\u012bna Lingox Lexi Lowe\" aria-describedby=\"gallery-1-2530\" srcset=\"https:\/\/shop.labi.lv\/lv\/wp-content\/uploads\/2017\/06\/lingox-Lexi-Lowe-private-02-150x150.jpg 150w, https:\/\/shop.labi.lv\/lv\/wp-content\/uploads\/2017\/06\/lingox-Lexi-Lowe-private-02-300x300.jpg 300w, https:\/\/shop.labi.lv\/lv\/wp-content\/uploads\/2017\/06\/lingox-Lexi-Lowe-private-02.jpg 450w\" sizes=\"auto, (max-width: 150px) 100vw, 150px\" \/><\/a>\n\t\t\t<\/div>\n\t\t\t\t<figcaption class='wp-caption-text gallery-caption' id='gallery-1-2530'>\n\t\t\t\tVag\u012bna Lingox Lexi Lowe\n\t\t\t\t<\/figcaption><\/figure><figure class='gallery-item'>\n\t\t\t<div class='gallery-icon landscape'>\n\t\t\t\t<a href='https:\/\/shop.labi.lv\/lv\/wp-content\/uploads\/2017\/06\/lingox-Lexi-Lowe-private-01.jpg'><img loading=\"lazy\" decoding=\"async\" width=\"150\" height=\"150\" src=\"https:\/\/shop.labi.lv\/lv\/wp-content\/uploads\/2017\/06\/lingox-Lexi-Lowe-private-01-150x150.jpg\" class=\"attachment-thumbnail size-thumbnail\" alt=\"Vag\u012bna Lingox Lexi Lowe\" aria-describedby=\"gallery-1-2529\" srcset=\"https:\/\/shop.labi.lv\/lv\/wp-content\/uploads\/2017\/06\/lingox-Lexi-Lowe-private-01-150x150.jpg 150w, https:\/\/shop.labi.lv\/lv\/wp-content\/uploads\/2017\/06\/lingox-Lexi-Lowe-private-01-300x300.jpg 300w, https:\/\/shop.labi.lv\/lv\/wp-content\/uploads\/2017\/06\/lingox-Lexi-Lowe-private-01.jpg 450w\" sizes=\"auto, (max-width: 150px) 100vw, 150px\" \/><\/a>\n\t\t\t<\/div>\n\t\t\t\t<figcaption class='wp-caption-text gallery-caption' id='gallery-1-2529'>\n\t\t\t\tVag\u012bna Lingox Lexi Lowe\n\t\t\t\t<\/figcaption><\/figure><figure class='gallery-item'>\n\t\t\t<div class='gallery-icon landscape'>\n\t\t\t\t<a href='https:\/\/shop.labi.lv\/lv\/wp-content\/uploads\/2017\/06\/lingox-Jasmine-Jae-private-01.jpg'><img loading=\"lazy\" decoding=\"async\" width=\"150\" height=\"150\" src=\"https:\/\/shop.labi.lv\/lv\/wp-content\/uploads\/2017\/06\/lingox-Jasmine-Jae-private-01-150x150.jpg\" class=\"attachment-thumbnail size-thumbnail\" alt=\"Vag\u012bna Lingox Jasmine Jae\" aria-describedby=\"gallery-1-2525\" srcset=\"https:\/\/shop.labi.lv\/lv\/wp-content\/uploads\/2017\/06\/lingox-Jasmine-Jae-private-01-150x150.jpg 150w, https:\/\/shop.labi.lv\/lv\/wp-content\/uploads\/2017\/06\/lingox-Jasmine-Jae-private-01-300x300.jpg 300w, https:\/\/shop.labi.lv\/lv\/wp-content\/uploads\/2017\/06\/lingox-Jasmine-Jae-private-01.jpg 450w\" sizes=\"auto, (max-width: 150px) 100vw, 150px\" \/><\/a>\n\t\t\t<\/div>\n\t\t\t\t<figcaption class='wp-caption-text gallery-caption' id='gallery-1-2525'>\n\t\t\t\tVag\u012bna Lingox Jasmine Jae\n\t\t\t\t<\/figcaption><\/figure><figure class='gallery-item'>\n\t\t\t<div class='gallery-icon landscape'>\n\t\t\t\t<a href='https:\/\/shop.labi.lv\/lv\/wp-content\/uploads\/2017\/06\/lingox-Jasmine-Jae-private-02.jpg'><img loading=\"lazy\" decoding=\"async\" width=\"150\" height=\"150\" src=\"https:\/\/shop.labi.lv\/lv\/wp-content\/uploads\/2017\/06\/lingox-Jasmine-Jae-private-02-150x150.jpg\" class=\"attachment-thumbnail size-thumbnail\" alt=\"Vag\u012bna Lingox Jasmine Jae\" aria-describedby=\"gallery-1-2527\" srcset=\"https:\/\/shop.labi.lv\/lv\/wp-content\/uploads\/2017\/06\/lingox-Jasmine-Jae-private-02-150x150.jpg 150w, https:\/\/shop.labi.lv\/lv\/wp-content\/uploads\/2017\/06\/lingox-Jasmine-Jae-private-02-300x300.jpg 300w, https:\/\/shop.labi.lv\/lv\/wp-content\/uploads\/2017\/06\/lingox-Jasmine-Jae-private-02.jpg 450w\" sizes=\"auto, (max-width: 150px) 100vw, 150px\" \/><\/a>\n\t\t\t<\/div>\n\t\t\t\t<figcaption class='wp-caption-text gallery-caption' id='gallery-1-2527'>\n\t\t\t\tVag\u012bna Lingox Jasmine Jae\n\t\t\t\t<\/figcaption><\/figure><figure class='gallery-item'>\n\t\t\t<div class='gallery-icon landscape'>\n\t\t\t\t<a href='https:\/\/shop.labi.lv\/lv\/wp-content\/uploads\/2017\/06\/lingox-Jasmine-Jae-private-03.jpg'><img loading=\"lazy\" decoding=\"async\" width=\"150\" height=\"150\" src=\"https:\/\/shop.labi.lv\/lv\/wp-content\/uploads\/2017\/06\/lingox-Jasmine-Jae-private-03-150x150.jpg\" class=\"attachment-thumbnail size-thumbnail\" alt=\"Vag\u012bna Lingox Jasmine Jae\" aria-describedby=\"gallery-1-2528\" srcset=\"https:\/\/shop.labi.lv\/lv\/wp-content\/uploads\/2017\/06\/lingox-Jasmine-Jae-private-03-150x150.jpg 150w, https:\/\/shop.labi.lv\/lv\/wp-content\/uploads\/2017\/06\/lingox-Jasmine-Jae-private-03-300x300.jpg 300w, https:\/\/shop.labi.lv\/lv\/wp-content\/uploads\/2017\/06\/lingox-Jasmine-Jae-private-03.jpg 450w\" sizes=\"auto, (max-width: 150px) 100vw, 150px\" \/><\/a>\n\t\t\t<\/div>\n\t\t\t\t<figcaption class='wp-caption-text gallery-caption' id='gallery-1-2528'>\n\t\t\t\tVag\u012bna Lingox Jasmine Jae\n\t\t\t\t<\/figcaption><\/figure><figure class='gallery-item'>\n\t\t\t<div class='gallery-icon landscape'>\n\t\t\t\t<a href='https:\/\/shop.labi.lv\/lv\/wp-content\/uploads\/2017\/06\/lingox-Anny-Aurora-private-03.jpg'><img loading=\"lazy\" decoding=\"async\" width=\"150\" height=\"150\" src=\"https:\/\/shop.labi.lv\/lv\/wp-content\/uploads\/2017\/06\/lingox-Anny-Aurora-private-03-150x150.jpg\" class=\"attachment-thumbnail size-thumbnail\" alt=\"Vag\u012bna Lingox Anny Aurora\" aria-describedby=\"gallery-1-2524\" srcset=\"https:\/\/shop.labi.lv\/lv\/wp-content\/uploads\/2017\/06\/lingox-Anny-Aurora-private-03-150x150.jpg 150w, https:\/\/shop.labi.lv\/lv\/wp-content\/uploads\/2017\/06\/lingox-Anny-Aurora-private-03-300x300.jpg 300w, https:\/\/shop.labi.lv\/lv\/wp-content\/uploads\/2017\/06\/lingox-Anny-Aurora-private-03.jpg 450w\" sizes=\"auto, (max-width: 150px) 100vw, 150px\" \/><\/a>\n\t\t\t<\/div>\n\t\t\t\t<figcaption class='wp-caption-text gallery-caption' id='gallery-1-2524'>\n\t\t\t\tVag\u012bna Lingox Anny Aurora\n\t\t\t\t<\/figcaption><\/figure><figure class='gallery-item'>\n\t\t\t<div class='gallery-icon landscape'>\n\t\t\t\t<a href='https:\/\/shop.labi.lv\/lv\/wp-content\/uploads\/2017\/06\/lingox-Anny-Aurora-private-02.jpg'><img loading=\"lazy\" decoding=\"async\" width=\"150\" height=\"150\" src=\"https:\/\/shop.labi.lv\/lv\/wp-content\/uploads\/2017\/06\/lingox-Anny-Aurora-private-02-150x150.jpg\" class=\"attachment-thumbnail size-thumbnail\" alt=\"Vag\u012bna Lingox Anny Aurora\" aria-describedby=\"gallery-1-2523\" srcset=\"https:\/\/shop.labi.lv\/lv\/wp-content\/uploads\/2017\/06\/lingox-Anny-Aurora-private-02-150x150.jpg 150w, https:\/\/shop.labi.lv\/lv\/wp-content\/uploads\/2017\/06\/lingox-Anny-Aurora-private-02-300x300.jpg 300w, https:\/\/shop.labi.lv\/lv\/wp-content\/uploads\/2017\/06\/lingox-Anny-Aurora-private-02.jpg 450w\" sizes=\"auto, (max-width: 150px) 100vw, 150px\" \/><\/a>\n\t\t\t<\/div>\n\t\t\t\t<figcaption class='wp-caption-text gallery-caption' id='gallery-1-2523'>\n\t\t\t\tVag\u012bna Lingox Anny Aurora\n\t\t\t\t<\/figcaption><\/figure><figure class='gallery-item'>\n\t\t\t<div class='gallery-icon landscape'>\n\t\t\t\t<a href='https:\/\/shop.labi.lv\/lv\/wp-content\/uploads\/2017\/06\/lingox-Anny-Aurora-private-01.jpg'><img loading=\"lazy\" decoding=\"async\" width=\"150\" height=\"150\" src=\"https:\/\/shop.labi.lv\/lv\/wp-content\/uploads\/2017\/06\/lingox-Anny-Aurora-private-01-150x150.jpg\" class=\"attachment-thumbnail size-thumbnail\" alt=\"Vag\u012bna Lingox Anny Aurora\" aria-describedby=\"gallery-1-2522\" srcset=\"https:\/\/shop.labi.lv\/lv\/wp-content\/uploads\/2017\/06\/lingox-Anny-Aurora-private-01-150x150.jpg 150w, https:\/\/shop.labi.lv\/lv\/wp-content\/uploads\/2017\/06\/lingox-Anny-Aurora-private-01-300x300.jpg 300w, https:\/\/shop.labi.lv\/lv\/wp-content\/uploads\/2017\/06\/lingox-Anny-Aurora-private-01.jpg 450w\" sizes=\"auto, (max-width: 150px) 100vw, 150px\" \/><\/a>\n\t\t\t<\/div>\n\t\t\t\t<figcaption class='wp-caption-text gallery-caption' id='gallery-1-2522'>\n\t\t\t\tVag\u012bna Lingox Anny Aurora\n\t\t\t\t<\/figcaption><\/figure><figure class='gallery-item'>\n\t\t\t<div class='gallery-icon landscape'>\n\t\t\t\t<a href='https:\/\/shop.labi.lv\/lv\/wp-content\/uploads\/2017\/06\/lingox-Anna-Rose-private-01.jpg'><img loading=\"lazy\" decoding=\"async\" width=\"150\" height=\"150\" src=\"https:\/\/shop.labi.lv\/lv\/wp-content\/uploads\/2017\/06\/lingox-Anna-Rose-private-01-150x150.jpg\" class=\"attachment-thumbnail size-thumbnail\" alt=\"Vag\u012bna Lingox Anna Rose\" aria-describedby=\"gallery-1-2519\" srcset=\"https:\/\/shop.labi.lv\/lv\/wp-content\/uploads\/2017\/06\/lingox-Anna-Rose-private-01-150x150.jpg 150w, https:\/\/shop.labi.lv\/lv\/wp-content\/uploads\/2017\/06\/lingox-Anna-Rose-private-01-300x300.jpg 300w, https:\/\/shop.labi.lv\/lv\/wp-content\/uploads\/2017\/06\/lingox-Anna-Rose-private-01.jpg 450w\" sizes=\"auto, (max-width: 150px) 100vw, 150px\" \/><\/a>\n\t\t\t<\/div>\n\t\t\t\t<figcaption class='wp-caption-text gallery-caption' id='gallery-1-2519'>\n\t\t\t\tVag\u012bna Lingox Anna Rose\n\t\t\t\t<\/figcaption><\/figure><figure class='gallery-item'>\n\t\t\t<div class='gallery-icon landscape'>\n\t\t\t\t<a href='https:\/\/shop.labi.lv\/lv\/wp-content\/uploads\/2017\/06\/lingox-Anna-Rose-private-02.jpg'><img loading=\"lazy\" decoding=\"async\" width=\"150\" height=\"150\" src=\"https:\/\/shop.labi.lv\/lv\/wp-content\/uploads\/2017\/06\/lingox-Anna-Rose-private-02-150x150.jpg\" class=\"attachment-thumbnail size-thumbnail\" alt=\"Vag\u012bna Lingox Anna Rose\" aria-describedby=\"gallery-1-2520\" srcset=\"https:\/\/shop.labi.lv\/lv\/wp-content\/uploads\/2017\/06\/lingox-Anna-Rose-private-02-150x150.jpg 150w, https:\/\/shop.labi.lv\/lv\/wp-content\/uploads\/2017\/06\/lingox-Anna-Rose-private-02-300x300.jpg 300w, https:\/\/shop.labi.lv\/lv\/wp-content\/uploads\/2017\/06\/lingox-Anna-Rose-private-02.jpg 450w\" sizes=\"auto, (max-width: 150px) 100vw, 150px\" \/><\/a>\n\t\t\t<\/div>\n\t\t\t\t<figcaption class='wp-caption-text gallery-caption' id='gallery-1-2520'>\n\t\t\t\tVag\u012bna Lingox Anna Rose\n\t\t\t\t<\/figcaption><\/figure><figure class='gallery-item'>\n\t\t\t<div class='gallery-icon landscape'>\n\t\t\t\t<a href='https:\/\/shop.labi.lv\/lv\/wp-content\/uploads\/2017\/06\/lingox-Anna-Rose-private-03.jpg'><img loading=\"lazy\" decoding=\"async\" width=\"150\" height=\"150\" src=\"https:\/\/shop.labi.lv\/lv\/wp-content\/uploads\/2017\/06\/lingox-Anna-Rose-private-03-150x150.jpg\" class=\"attachment-thumbnail size-thumbnail\" alt=\"Vag\u012bna Lingox Anna Rose\" aria-describedby=\"gallery-1-2521\" srcset=\"https:\/\/shop.labi.lv\/lv\/wp-content\/uploads\/2017\/06\/lingox-Anna-Rose-private-03-150x150.jpg 150w, https:\/\/shop.labi.lv\/lv\/wp-content\/uploads\/2017\/06\/lingox-Anna-Rose-private-03-300x300.jpg 300w, https:\/\/shop.labi.lv\/lv\/wp-content\/uploads\/2017\/06\/lingox-Anna-Rose-private-03.jpg 450w\" sizes=\"auto, (max-width: 150px) 100vw, 150px\" \/><\/a>\n\t\t\t<\/div>\n\t\t\t\t<figcaption class='wp-caption-text gallery-caption' id='gallery-1-2521'>\n\t\t\t\tVag\u012bna Lingox Anna Rose\n\t\t\t\t<\/figcaption><\/figure><figure class='gallery-item'>\n\t\t\t<div class='gallery-icon landscape'>\n\t\t\t\t<a href='https:\/\/shop.labi.lv\/lv\/wp-content\/uploads\/2017\/06\/lingox-Amarna-Miller-private-03.jpg'><img loading=\"lazy\" decoding=\"async\" width=\"150\" height=\"150\" src=\"https:\/\/shop.labi.lv\/lv\/wp-content\/uploads\/2017\/06\/lingox-Amarna-Miller-private-03-150x150.jpg\" class=\"attachment-thumbnail size-thumbnail\" alt=\"Vag\u012bna Lingox Amarna Miller\" aria-describedby=\"gallery-1-2518\" srcset=\"https:\/\/shop.labi.lv\/lv\/wp-content\/uploads\/2017\/06\/lingox-Amarna-Miller-private-03-150x150.jpg 150w, https:\/\/shop.labi.lv\/lv\/wp-content\/uploads\/2017\/06\/lingox-Amarna-Miller-private-03-300x300.jpg 300w, https:\/\/shop.labi.lv\/lv\/wp-content\/uploads\/2017\/06\/lingox-Amarna-Miller-private-03.jpg 450w\" sizes=\"auto, (max-width: 150px) 100vw, 150px\" \/><\/a>\n\t\t\t<\/div>\n\t\t\t\t<figcaption class='wp-caption-text gallery-caption' id='gallery-1-2518'>\n\t\t\t\tVag\u012bna Lingox Amarna Miller\n\t\t\t\t<\/figcaption><\/figure><figure class='gallery-item'>\n\t\t\t<div class='gallery-icon landscape'>\n\t\t\t\t<a href='https:\/\/shop.labi.lv\/lv\/wp-content\/uploads\/2017\/06\/lingox-Amarna-Miller-private-02.jpg'><img loading=\"lazy\" decoding=\"async\" width=\"150\" height=\"150\" src=\"https:\/\/shop.labi.lv\/lv\/wp-content\/uploads\/2017\/06\/lingox-Amarna-Miller-private-02-150x150.jpg\" class=\"attachment-thumbnail size-thumbnail\" alt=\"Vag\u012bna Lingox Amarna Miller\" aria-describedby=\"gallery-1-2517\" srcset=\"https:\/\/shop.labi.lv\/lv\/wp-content\/uploads\/2017\/06\/lingox-Amarna-Miller-private-02-150x150.jpg 150w, https:\/\/shop.labi.lv\/lv\/wp-content\/uploads\/2017\/06\/lingox-Amarna-Miller-private-02-300x300.jpg 300w, https:\/\/shop.labi.lv\/lv\/wp-content\/uploads\/2017\/06\/lingox-Amarna-Miller-private-02.jpg 450w\" sizes=\"auto, (max-width: 150px) 100vw, 150px\" \/><\/a>\n\t\t\t<\/div>\n\t\t\t\t<figcaption class='wp-caption-text gallery-caption' id='gallery-1-2517'>\n\t\t\t\tVag\u012bna Lingox Amarna Miller\n\t\t\t\t<\/figcaption><\/figure><figure class='gallery-item'>\n\t\t\t<div class='gallery-icon landscape'>\n\t\t\t\t<a href='https:\/\/shop.labi.lv\/lv\/wp-content\/uploads\/2017\/06\/lingox-Amarna-Miller-private-01.jpg'><img loading=\"lazy\" decoding=\"async\" width=\"150\" height=\"150\" src=\"https:\/\/shop.labi.lv\/lv\/wp-content\/uploads\/2017\/06\/lingox-Amarna-Miller-private-01-150x150.jpg\" class=\"attachment-thumbnail size-thumbnail\" alt=\"Vag\u012bna Lingox Amarna Miller\" aria-describedby=\"gallery-1-2516\" srcset=\"https:\/\/shop.labi.lv\/lv\/wp-content\/uploads\/2017\/06\/lingox-Amarna-Miller-private-01-150x150.jpg 150w, https:\/\/shop.labi.lv\/lv\/wp-content\/uploads\/2017\/06\/lingox-Amarna-Miller-private-01-300x300.jpg 300w, https:\/\/shop.labi.lv\/lv\/wp-content\/uploads\/2017\/06\/lingox-Amarna-Miller-private-01.jpg 450w\" sizes=\"auto, (max-width: 150px) 100vw, 150px\" \/><\/a>\n\t\t\t<\/div>\n\t\t\t\t<figcaption class='wp-caption-text gallery-caption' id='gallery-1-2516'>\n\t\t\t\tVag\u012bna Lingox Amarna Miller\n\t\t\t\t<\/figcaption><\/figure>\n\t\t<\/div>\n\n<h3>Kur var \u0161\u012bs preces ieg\u0101d\u0101ties?<\/h3>\n<p>Seksa ma\u0161\u012bnu noteikti atrad\u012bsiet salonos \u201e<a href=\"https:\/\/shop.labi.lv\/lv\/par-mums\/kontakti\/\" target=\"_blank\" rel=\"noopener\">LABI<\/a>\u201d un int\u012bmpre\u010du interneta veikal\u0101 \u201e<a href=\"https:\/\/tev.lv\/lv\" target=\"_blank\" rel=\"noopener\">TEV.LV<\/a>\u201d.<\/p>\n","protected":false},"excerpt":{"rendered":"<p>Lingox produkcija Lingox pied\u0101v\u0101 m\u0101ksl\u012bg\u0101s mutes, vag\u012bnas un \u0101nusus no jauna &#8211; bezgal\u012bgi maiga, elast\u012bga un tvirta materi\u0101la! Ja v\u0113lies&hellip;<\/p>\n","protected":false},"author":1,"featured_media":0,"parent":2911,"menu_order":0,"comment_status":"closed","ping_status":"closed","template":"","meta":{"footnotes":""},"class_list":["post-2938","page","type-page","status-publish","hentry"],"_links":{"self":[{"href":"https:\/\/shop.labi.lv\/lv\/wp-json\/wp\/v2\/pages\/2938","targetHints":{"allow":["GET"]}}],"collection":[{"href":"https:\/\/shop.labi.lv\/lv\/wp-json\/wp\/v2\/pages"}],"about":[{"href":"https:\/\/shop.labi.lv\/lv\/wp-json\/wp\/v2\/types\/page"}],"author":[{"embeddable":true,"href":"https:\/\/shop.labi.lv\/lv\/wp-json\/wp\/v2\/users\/1"}],"replies":[{"embeddable":true,"href":"https:\/\/shop.labi.lv\/lv\/wp-json\/wp\/v2\/comments?post=2938"}],"version-history":[{"count":17,"href":"https:\/\/shop.labi.lv\/lv\/wp-json\/wp\/v2\/pages\/2938\/revisions"}],"predecessor-version":[{"id":5338,"href":"https:\/\/shop.labi.lv\/lv\/wp-json\/wp\/v2\/pages\/2938\/revisions\/5338"}],"up":[{"embeddable":true,"href":"https:\/\/shop.labi.lv\/lv\/wp-json\/wp\/v2\/pages\/2911"}],"wp:attachment":[{"href":"https:\/\/shop.labi.lv\/lv\/wp-json\/wp\/v2\/media?parent=2938"}],"curies":[{"name":"wp","href":"https:\/\/api.w.org\/{rel}","templated":true}]}}