  {"id":2961,"date":"2018-01-19T12:45:37","date_gmt":"2018-01-19T10:45:37","guid":{"rendered":"http:\/\/labi.lv\/?page_id=2961"},"modified":"2023-12-19T17:15:53","modified_gmt":"2023-12-19T15:15:53","slug":"luxe-prezervat%c4%abvi","status":"publish","type":"page","link":"https:\/\/shop.labi.lv\/lv\/int%c4%abmpreces\/izcelt%c4%81s-preces\/luxe-prezervat%c4%abvi\/","title":{"rendered":"Luxe prezervat\u012bvi"},"content":{"rendered":"<h2>Prezervat\u012bvi Luxe egzo<\/h2>\n<p>Tagad m\u016bsu sortiment\u0101 ir prezervat\u012bvi Luxe egzo &#8211; unk\u0101li un \u012bpa\u0161i prezervat\u012bvi ar neparastu formu!<\/p>\n<div id='gallery-1' class='gallery galleryid-2961 gallery-columns-3 gallery-size-thumbnail'><figure class='gallery-item'>\n\t\t\t<div class='gallery-icon landscape'>\n\t\t\t\t<a href='https:\/\/shop.labi.lv\/lv\/wp-content\/uploads\/2018\/06\/Egzo_Bees_Knees_001.jpg'><img loading=\"lazy\" decoding=\"async\" width=\"150\" height=\"150\" src=\"https:\/\/shop.labi.lv\/lv\/wp-content\/uploads\/2018\/06\/Egzo_Bees_Knees_001-150x150.jpg\" class=\"attachment-thumbnail size-thumbnail\" alt=\"Egzo Bees Knees\" aria-describedby=\"gallery-1-3327\" srcset=\"https:\/\/shop.labi.lv\/lv\/wp-content\/uploads\/2018\/06\/Egzo_Bees_Knees_001-150x150.jpg 150w, https:\/\/shop.labi.lv\/lv\/wp-content\/uploads\/2018\/06\/Egzo_Bees_Knees_001-300x300.jpg 300w, https:\/\/shop.labi.lv\/lv\/wp-content\/uploads\/2018\/06\/Egzo_Bees_Knees_001.jpg 450w\" sizes=\"auto, (max-width: 150px) 100vw, 150px\" \/><\/a>\n\t\t\t<\/div>\n\t\t\t\t<figcaption class='wp-caption-text gallery-caption' id='gallery-1-3327'>\n\t\t\t\tEgzo Bees Knees\n\t\t\t\t<\/figcaption><\/figure><figure class='gallery-item'>\n\t\t\t<div class='gallery-icon landscape'>\n\t\t\t\t<a href='https:\/\/shop.labi.lv\/lv\/wp-content\/uploads\/2018\/06\/Egzo_Dragon_Lords_001.jpg'><img loading=\"lazy\" decoding=\"async\" width=\"150\" height=\"150\" src=\"https:\/\/shop.labi.lv\/lv\/wp-content\/uploads\/2018\/06\/Egzo_Dragon_Lords_001-150x150.jpg\" class=\"attachment-thumbnail size-thumbnail\" alt=\"Egzo Dragon Lords\" aria-describedby=\"gallery-1-3329\" srcset=\"https:\/\/shop.labi.lv\/lv\/wp-content\/uploads\/2018\/06\/Egzo_Dragon_Lords_001-150x150.jpg 150w, https:\/\/shop.labi.lv\/lv\/wp-content\/uploads\/2018\/06\/Egzo_Dragon_Lords_001-300x300.jpg 300w, https:\/\/shop.labi.lv\/lv\/wp-content\/uploads\/2018\/06\/Egzo_Dragon_Lords_001.jpg 450w\" sizes=\"auto, (max-width: 150px) 100vw, 150px\" \/><\/a>\n\t\t\t<\/div>\n\t\t\t\t<figcaption class='wp-caption-text gallery-caption' id='gallery-1-3329'>\n\t\t\t\tEgzo Dragon Lords\n\t\t\t\t<\/figcaption><\/figure><figure class='gallery-item'>\n\t\t\t<div class='gallery-icon landscape'>\n\t\t\t\t<a href='https:\/\/shop.labi.lv\/lv\/wp-content\/uploads\/2018\/06\/Egzo_Jolly_Roger_001.jpg'><img loading=\"lazy\" decoding=\"async\" width=\"150\" height=\"150\" src=\"https:\/\/shop.labi.lv\/lv\/wp-content\/uploads\/2018\/06\/Egzo_Jolly_Roger_001-150x150.jpg\" class=\"attachment-thumbnail size-thumbnail\" alt=\"Egzo Jolly Roger\" aria-describedby=\"gallery-1-3331\" srcset=\"https:\/\/shop.labi.lv\/lv\/wp-content\/uploads\/2018\/06\/Egzo_Jolly_Roger_001-150x150.jpg 150w, https:\/\/shop.labi.lv\/lv\/wp-content\/uploads\/2018\/06\/Egzo_Jolly_Roger_001-300x300.jpg 300w, https:\/\/shop.labi.lv\/lv\/wp-content\/uploads\/2018\/06\/Egzo_Jolly_Roger_001.jpg 450w\" sizes=\"auto, (max-width: 150px) 100vw, 150px\" \/><\/a>\n\t\t\t<\/div>\n\t\t\t\t<figcaption class='wp-caption-text gallery-caption' id='gallery-1-3331'>\n\t\t\t\tEgzo Jolly Roger\n\t\t\t\t<\/figcaption><\/figure><figure class='gallery-item'>\n\t\t\t<div class='gallery-icon landscape'>\n\t\t\t\t<a href='https:\/\/shop.labi.lv\/lv\/wp-content\/uploads\/2018\/06\/Egzo_Lucky_Dude_001.jpg'><img loading=\"lazy\" decoding=\"async\" width=\"150\" height=\"150\" src=\"https:\/\/shop.labi.lv\/lv\/wp-content\/uploads\/2018\/06\/Egzo_Lucky_Dude_001-150x150.jpg\" class=\"attachment-thumbnail size-thumbnail\" alt=\"Egzo Lucky Dude\" aria-describedby=\"gallery-1-3333\" srcset=\"https:\/\/shop.labi.lv\/lv\/wp-content\/uploads\/2018\/06\/Egzo_Lucky_Dude_001-150x150.jpg 150w, https:\/\/shop.labi.lv\/lv\/wp-content\/uploads\/2018\/06\/Egzo_Lucky_Dude_001-300x300.jpg 300w, https:\/\/shop.labi.lv\/lv\/wp-content\/uploads\/2018\/06\/Egzo_Lucky_Dude_001.jpg 450w\" sizes=\"auto, (max-width: 150px) 100vw, 150px\" \/><\/a>\n\t\t\t<\/div>\n\t\t\t\t<figcaption class='wp-caption-text gallery-caption' id='gallery-1-3333'>\n\t\t\t\tEgzo Lucky Dude\n\t\t\t\t<\/figcaption><\/figure><figure class='gallery-item'>\n\t\t\t<div class='gallery-icon landscape'>\n\t\t\t\t<a href='https:\/\/shop.labi.lv\/lv\/wp-content\/uploads\/2018\/06\/Egzo_Tought_Cat_001.jpg'><img loading=\"lazy\" decoding=\"async\" width=\"150\" height=\"150\" src=\"https:\/\/shop.labi.lv\/lv\/wp-content\/uploads\/2018\/06\/Egzo_Tought_Cat_001-150x150.jpg\" class=\"attachment-thumbnail size-thumbnail\" alt=\"Egzo Tought Cat\" aria-describedby=\"gallery-1-3335\" srcset=\"https:\/\/shop.labi.lv\/lv\/wp-content\/uploads\/2018\/06\/Egzo_Tought_Cat_001-150x150.jpg 150w, https:\/\/shop.labi.lv\/lv\/wp-content\/uploads\/2018\/06\/Egzo_Tought_Cat_001-300x300.jpg 300w, https:\/\/shop.labi.lv\/lv\/wp-content\/uploads\/2018\/06\/Egzo_Tought_Cat_001.jpg 450w\" sizes=\"auto, (max-width: 150px) 100vw, 150px\" \/><\/a>\n\t\t\t<\/div>\n\t\t\t\t<figcaption class='wp-caption-text gallery-caption' id='gallery-1-3335'>\n\t\t\t\tEgzo Tought Cat\n\t\t\t\t<\/figcaption><\/figure><figure class='gallery-item'>\n\t\t\t<div class='gallery-icon landscape'>\n\t\t\t\t<a href='https:\/\/shop.labi.lv\/lv\/wp-content\/uploads\/2018\/06\/Egzo_Ugly_Coyote_001.jpg'><img loading=\"lazy\" decoding=\"async\" width=\"150\" height=\"150\" src=\"https:\/\/shop.labi.lv\/lv\/wp-content\/uploads\/2018\/06\/Egzo_Ugly_Coyote_001-150x150.jpg\" class=\"attachment-thumbnail size-thumbnail\" alt=\"Egzo Ugly Coyote\" aria-describedby=\"gallery-1-3337\" srcset=\"https:\/\/shop.labi.lv\/lv\/wp-content\/uploads\/2018\/06\/Egzo_Ugly_Coyote_001-150x150.jpg 150w, https:\/\/shop.labi.lv\/lv\/wp-content\/uploads\/2018\/06\/Egzo_Ugly_Coyote_001-300x300.jpg 300w, https:\/\/shop.labi.lv\/lv\/wp-content\/uploads\/2018\/06\/Egzo_Ugly_Coyote_001.jpg 450w\" sizes=\"auto, (max-width: 150px) 100vw, 150px\" \/><\/a>\n\t\t\t<\/div>\n\t\t\t\t<figcaption class='wp-caption-text gallery-caption' id='gallery-1-3337'>\n\t\t\t\tEgzo Ugly Coyote\n\t\t\t\t<\/figcaption><\/figure><figure class='gallery-item'>\n\t\t\t<div class='gallery-icon landscape'>\n\t\t\t\t<a href='https:\/\/shop.labi.lv\/lv\/wp-content\/uploads\/2018\/06\/Egzo_Uncle_Bob_001.jpg'><img loading=\"lazy\" decoding=\"async\" width=\"150\" height=\"150\" src=\"https:\/\/shop.labi.lv\/lv\/wp-content\/uploads\/2018\/06\/Egzo_Uncle_Bob_001-150x150.jpg\" class=\"attachment-thumbnail size-thumbnail\" alt=\"Egzo Uncle Bob\" aria-describedby=\"gallery-1-3339\" srcset=\"https:\/\/shop.labi.lv\/lv\/wp-content\/uploads\/2018\/06\/Egzo_Uncle_Bob_001-150x150.jpg 150w, https:\/\/shop.labi.lv\/lv\/wp-content\/uploads\/2018\/06\/Egzo_Uncle_Bob_001-300x300.jpg 300w, https:\/\/shop.labi.lv\/lv\/wp-content\/uploads\/2018\/06\/Egzo_Uncle_Bob_001.jpg 450w\" sizes=\"auto, (max-width: 150px) 100vw, 150px\" \/><\/a>\n\t\t\t<\/div>\n\t\t\t\t<figcaption class='wp-caption-text gallery-caption' id='gallery-1-3339'>\n\t\t\t\tEgzo Uncle Bob\n\t\t\t\t<\/figcaption><\/figure><figure class='gallery-item'>\n\t\t\t<div class='gallery-icon landscape'>\n\t\t\t\t<a href='https:\/\/shop.labi.lv\/lv\/wp-content\/uploads\/2018\/06\/Egzo_Hot_Red_001.jpg'><img loading=\"lazy\" decoding=\"async\" width=\"150\" height=\"150\" src=\"https:\/\/shop.labi.lv\/lv\/wp-content\/uploads\/2018\/06\/Egzo_Hot_Red_001-150x150.jpg\" class=\"attachment-thumbnail size-thumbnail\" alt=\"Egzo Hot Red\" aria-describedby=\"gallery-1-3341\" srcset=\"https:\/\/shop.labi.lv\/lv\/wp-content\/uploads\/2018\/06\/Egzo_Hot_Red_001-150x150.jpg 150w, https:\/\/shop.labi.lv\/lv\/wp-content\/uploads\/2018\/06\/Egzo_Hot_Red_001-300x300.jpg 300w, https:\/\/shop.labi.lv\/lv\/wp-content\/uploads\/2018\/06\/Egzo_Hot_Red_001.jpg 450w\" sizes=\"auto, (max-width: 150px) 100vw, 150px\" \/><\/a>\n\t\t\t<\/div>\n\t\t\t\t<figcaption class='wp-caption-text gallery-caption' id='gallery-1-3341'>\n\t\t\t\tEgzo Hot Red\n\t\t\t\t<\/figcaption><\/figure>\n\t\t<\/div>\n\n<h2>Prezervat\u012bvi Luxe maxima<\/h2>\n<p>Tagad m\u016bsu sortiment\u0101 ir prezervat\u012bvi Luxe maximus &#8211; unk\u0101li un \u012bpa\u0161i prezervat\u012bvi ar neparastu formu!<\/p>\n<div id='gallery-2' class='gallery galleryid-2961 gallery-columns-3 gallery-size-thumbnail'><figure class='gallery-item'>\n\t\t\t<div class='gallery-icon landscape'>\n\t\t\t\t<a href='https:\/\/shop.labi.lv\/lv\/jaunumi\/condom_luxe_royal_express_001\/'><img loading=\"lazy\" decoding=\"async\" width=\"150\" height=\"150\" src=\"https:\/\/shop.labi.lv\/lv\/wp-content\/uploads\/2017\/06\/condom_luxe_royal_express_001-150x150.jpg\" class=\"attachment-thumbnail size-thumbnail\" alt=\"Prezervat\u012bvs Luxe maxima\" aria-describedby=\"gallery-2-2463\" srcset=\"https:\/\/shop.labi.lv\/lv\/wp-content\/uploads\/2017\/06\/condom_luxe_royal_express_001-150x150.jpg 150w, https:\/\/shop.labi.lv\/lv\/wp-content\/uploads\/2017\/06\/condom_luxe_royal_express_001-300x300.jpg 300w, https:\/\/shop.labi.lv\/lv\/wp-content\/uploads\/2017\/06\/condom_luxe_royal_express_001.jpg 450w\" sizes=\"auto, (max-width: 150px) 100vw, 150px\" \/><\/a>\n\t\t\t<\/div>\n\t\t\t\t<figcaption class='wp-caption-text gallery-caption' id='gallery-2-2463'>\n\t\t\t\tPrezervat\u012bvs Luxe maxima\n\t\t\t\t<\/figcaption><\/figure><figure class='gallery-item'>\n\t\t\t<div class='gallery-icon landscape'>\n\t\t\t\t<a href='https:\/\/shop.labi.lv\/lv\/jaunumi\/condom_luxe_pokalipsis_001\/'><img loading=\"lazy\" decoding=\"async\" width=\"150\" height=\"150\" src=\"https:\/\/shop.labi.lv\/lv\/wp-content\/uploads\/2017\/06\/condom_luxe_pokalipsis_001-150x150.jpg\" class=\"attachment-thumbnail size-thumbnail\" alt=\"Prezervat\u012bvs Luxe maxima\" aria-describedby=\"gallery-2-2462\" srcset=\"https:\/\/shop.labi.lv\/lv\/wp-content\/uploads\/2017\/06\/condom_luxe_pokalipsis_001-150x150.jpg 150w, https:\/\/shop.labi.lv\/lv\/wp-content\/uploads\/2017\/06\/condom_luxe_pokalipsis_001-300x300.jpg 300w, https:\/\/shop.labi.lv\/lv\/wp-content\/uploads\/2017\/06\/condom_luxe_pokalipsis_001.jpg 450w\" sizes=\"auto, (max-width: 150px) 100vw, 150px\" \/><\/a>\n\t\t\t<\/div>\n\t\t\t\t<figcaption class='wp-caption-text gallery-caption' id='gallery-2-2462'>\n\t\t\t\tPrezervat\u012bvs Luxe maxima\n\t\t\t\t<\/figcaption><\/figure><figure class='gallery-item'>\n\t\t\t<div class='gallery-icon landscape'>\n\t\t\t\t<a href='https:\/\/shop.labi.lv\/lv\/jaunumi\/condom_luxe_yellow_devil_001\/'><img loading=\"lazy\" decoding=\"async\" width=\"150\" height=\"150\" src=\"https:\/\/shop.labi.lv\/lv\/wp-content\/uploads\/2017\/06\/condom_luxe_yellow_devil_001-150x150.jpg\" class=\"attachment-thumbnail size-thumbnail\" alt=\"Prezervat\u012bvs Luxe maxima\" aria-describedby=\"gallery-2-2461\" srcset=\"https:\/\/shop.labi.lv\/lv\/wp-content\/uploads\/2017\/06\/condom_luxe_yellow_devil_001-150x150.jpg 150w, https:\/\/shop.labi.lv\/lv\/wp-content\/uploads\/2017\/06\/condom_luxe_yellow_devil_001-300x300.jpg 300w, https:\/\/shop.labi.lv\/lv\/wp-content\/uploads\/2017\/06\/condom_luxe_yellow_devil_001.jpg 450w\" sizes=\"auto, (max-width: 150px) 100vw, 150px\" \/><\/a>\n\t\t\t<\/div>\n\t\t\t\t<figcaption class='wp-caption-text gallery-caption' id='gallery-2-2461'>\n\t\t\t\tPrezervat\u012bvs Luxe maxima\n\t\t\t\t<\/figcaption><\/figure><figure class='gallery-item'>\n\t\t\t<div class='gallery-icon landscape'>\n\t\t\t\t<a href='https:\/\/shop.labi.lv\/lv\/jaunumi\/condom_luxe_deep_bomb_001\/'><img loading=\"lazy\" decoding=\"async\" width=\"150\" height=\"150\" src=\"https:\/\/shop.labi.lv\/lv\/wp-content\/uploads\/2017\/06\/condom_luxe_deep_bomb_001-150x150.jpg\" class=\"attachment-thumbnail size-thumbnail\" alt=\"Prezervat\u012bvs Luxe maxima\" aria-describedby=\"gallery-2-2456\" srcset=\"https:\/\/shop.labi.lv\/lv\/wp-content\/uploads\/2017\/06\/condom_luxe_deep_bomb_001-150x150.jpg 150w, https:\/\/shop.labi.lv\/lv\/wp-content\/uploads\/2017\/06\/condom_luxe_deep_bomb_001-300x300.jpg 300w, https:\/\/shop.labi.lv\/lv\/wp-content\/uploads\/2017\/06\/condom_luxe_deep_bomb_001.jpg 450w\" sizes=\"auto, (max-width: 150px) 100vw, 150px\" \/><\/a>\n\t\t\t<\/div>\n\t\t\t\t<figcaption class='wp-caption-text gallery-caption' id='gallery-2-2456'>\n\t\t\t\tPrezervat\u012bvs Luxe maxima\n\t\t\t\t<\/figcaption><\/figure><figure class='gallery-item'>\n\t\t\t<div class='gallery-icon landscape'>\n\t\t\t\t<a href='https:\/\/shop.labi.lv\/lv\/jaunumi\/condom_luxe_french_gigolo_001\/'><img loading=\"lazy\" decoding=\"async\" width=\"150\" height=\"150\" src=\"https:\/\/shop.labi.lv\/lv\/wp-content\/uploads\/2017\/06\/condom_luxe_french_gigolo_001-150x150.jpg\" class=\"attachment-thumbnail size-thumbnail\" alt=\"Prezervat\u012bvs Luxe maxima\" aria-describedby=\"gallery-2-2457\" srcset=\"https:\/\/shop.labi.lv\/lv\/wp-content\/uploads\/2017\/06\/condom_luxe_french_gigolo_001-150x150.jpg 150w, https:\/\/shop.labi.lv\/lv\/wp-content\/uploads\/2017\/06\/condom_luxe_french_gigolo_001-300x300.jpg 300w, https:\/\/shop.labi.lv\/lv\/wp-content\/uploads\/2017\/06\/condom_luxe_french_gigolo_001.jpg 450w\" sizes=\"auto, (max-width: 150px) 100vw, 150px\" \/><\/a>\n\t\t\t<\/div>\n\t\t\t\t<figcaption class='wp-caption-text gallery-caption' id='gallery-2-2457'>\n\t\t\t\tPrezervat\u012bvs Luxe maxima\n\t\t\t\t<\/figcaption><\/figure><figure class='gallery-item'>\n\t\t\t<div class='gallery-icon landscape'>\n\t\t\t\t<a href='https:\/\/shop.labi.lv\/lv\/jaunumi\/condom_luxe_hadshot_001\/'><img loading=\"lazy\" decoding=\"async\" width=\"150\" height=\"150\" src=\"https:\/\/shop.labi.lv\/lv\/wp-content\/uploads\/2017\/06\/condom_luxe_hadshot_001-150x150.jpg\" class=\"attachment-thumbnail size-thumbnail\" alt=\"Prezervat\u012bvs Luxe maxima\" aria-describedby=\"gallery-2-2458\" srcset=\"https:\/\/shop.labi.lv\/lv\/wp-content\/uploads\/2017\/06\/condom_luxe_hadshot_001-150x150.jpg 150w, https:\/\/shop.labi.lv\/lv\/wp-content\/uploads\/2017\/06\/condom_luxe_hadshot_001-300x300.jpg 300w, https:\/\/shop.labi.lv\/lv\/wp-content\/uploads\/2017\/06\/condom_luxe_hadshot_001.jpg 450w\" sizes=\"auto, (max-width: 150px) 100vw, 150px\" \/><\/a>\n\t\t\t<\/div>\n\t\t\t\t<figcaption class='wp-caption-text gallery-caption' id='gallery-2-2458'>\n\t\t\t\tPrezervat\u012bvs Luxe maxima\n\t\t\t\t<\/figcaption><\/figure><figure class='gallery-item'>\n\t\t\t<div class='gallery-icon landscape'>\n\t\t\t\t<a href='https:\/\/shop.labi.lv\/lv\/jaunumi\/condom_luxe_havaii_cactus_001\/'><img loading=\"lazy\" decoding=\"async\" width=\"150\" height=\"150\" src=\"https:\/\/shop.labi.lv\/lv\/wp-content\/uploads\/2017\/06\/condom_luxe_havaii_cactus_001-150x150.jpg\" class=\"attachment-thumbnail size-thumbnail\" alt=\"Prezervat\u012bvs Luxe maxima\" aria-describedby=\"gallery-2-2459\" srcset=\"https:\/\/shop.labi.lv\/lv\/wp-content\/uploads\/2017\/06\/condom_luxe_havaii_cactus_001-150x150.jpg 150w, https:\/\/shop.labi.lv\/lv\/wp-content\/uploads\/2017\/06\/condom_luxe_havaii_cactus_001-300x300.jpg 300w, https:\/\/shop.labi.lv\/lv\/wp-content\/uploads\/2017\/06\/condom_luxe_havaii_cactus_001.jpg 450w\" sizes=\"auto, (max-width: 150px) 100vw, 150px\" \/><\/a>\n\t\t\t<\/div>\n\t\t\t\t<figcaption class='wp-caption-text gallery-caption' id='gallery-2-2459'>\n\t\t\t\tPrezervat\u012bvs Luxe maxima\n\t\t\t\t<\/figcaption><\/figure><figure class='gallery-item'>\n\t\t\t<div class='gallery-icon landscape'>\n\t\t\t\t<a href='https:\/\/shop.labi.lv\/lv\/jaunumi\/condom_luxe_huans_sigar_001\/'><img loading=\"lazy\" decoding=\"async\" width=\"150\" height=\"150\" src=\"https:\/\/shop.labi.lv\/lv\/wp-content\/uploads\/2017\/06\/condom_luxe_huans_sigar_001-150x150.jpg\" class=\"attachment-thumbnail size-thumbnail\" alt=\"Prezervat\u012bvs Luxe maxima\" aria-describedby=\"gallery-2-2460\" srcset=\"https:\/\/shop.labi.lv\/lv\/wp-content\/uploads\/2017\/06\/condom_luxe_huans_sigar_001-150x150.jpg 150w, https:\/\/shop.labi.lv\/lv\/wp-content\/uploads\/2017\/06\/condom_luxe_huans_sigar_001-300x300.jpg 300w, https:\/\/shop.labi.lv\/lv\/wp-content\/uploads\/2017\/06\/condom_luxe_huans_sigar_001.jpg 450w\" sizes=\"auto, (max-width: 150px) 100vw, 150px\" \/><\/a>\n\t\t\t<\/div>\n\t\t\t\t<figcaption class='wp-caption-text gallery-caption' id='gallery-2-2460'>\n\t\t\t\tPrezervat\u012bvs Luxe maxima\n\t\t\t\t<\/figcaption><\/figure><figure class='gallery-item'>\n\t\t\t<div class='gallery-icon landscape'>\n\t\t\t\t<a href='https:\/\/shop.labi.lv\/lv\/jaunumi\/condom_luxe_arizoner_bulldog_001\/'><img loading=\"lazy\" decoding=\"async\" width=\"150\" height=\"150\" src=\"https:\/\/shop.labi.lv\/lv\/wp-content\/uploads\/2017\/06\/condom_luxe_arizoner_bulldog_001-150x150.jpg\" class=\"attachment-thumbnail size-thumbnail\" alt=\"Prezervat\u012bvs Luxe maxima\" aria-describedby=\"gallery-2-2455\" srcset=\"https:\/\/shop.labi.lv\/lv\/wp-content\/uploads\/2017\/06\/condom_luxe_arizoner_bulldog_001-150x150.jpg 150w, https:\/\/shop.labi.lv\/lv\/wp-content\/uploads\/2017\/06\/condom_luxe_arizoner_bulldog_001-300x300.jpg 300w, https:\/\/shop.labi.lv\/lv\/wp-content\/uploads\/2017\/06\/condom_luxe_arizoner_bulldog_001.jpg 450w\" sizes=\"auto, (max-width: 150px) 100vw, 150px\" \/><\/a>\n\t\t\t<\/div>\n\t\t\t\t<figcaption class='wp-caption-text gallery-caption' id='gallery-2-2455'>\n\t\t\t\tPrezervat\u012bvs Luxe maxima\n\t\t\t\t<\/figcaption><\/figure><figure class='gallery-item'>\n\t\t\t<div class='gallery-icon landscape'>\n\t\t\t\t<a href='https:\/\/shop.labi.lv\/lv\/jaunumi\/condom_luxe_bad_cowboy_001\/'><img loading=\"lazy\" decoding=\"async\" width=\"150\" height=\"150\" src=\"https:\/\/shop.labi.lv\/lv\/wp-content\/uploads\/2017\/06\/condom_luxe_bad_cowboy_001-150x150.jpg\" class=\"attachment-thumbnail size-thumbnail\" alt=\"Prezervat\u012bvs Luxe maxima\" aria-describedby=\"gallery-2-2481\" srcset=\"https:\/\/shop.labi.lv\/lv\/wp-content\/uploads\/2017\/06\/condom_luxe_bad_cowboy_001-150x150.jpg 150w, https:\/\/shop.labi.lv\/lv\/wp-content\/uploads\/2017\/06\/condom_luxe_bad_cowboy_001-300x300.jpg 300w, https:\/\/shop.labi.lv\/lv\/wp-content\/uploads\/2017\/06\/condom_luxe_bad_cowboy_001.jpg 450w\" sizes=\"auto, (max-width: 150px) 100vw, 150px\" \/><\/a>\n\t\t\t<\/div>\n\t\t\t\t<figcaption class='wp-caption-text gallery-caption' id='gallery-2-2481'>\n\t\t\t\tPrezervat\u012bvs Luxe maxima\n\t\t\t\t<\/figcaption><\/figure>\n\t\t<\/div>\n\n<h3>Kur var \u0161\u012bs preces ieg\u0101d\u0101ties?<\/h3>\n<p>Seksa ma\u0161\u012bnu noteikti atrad\u012bsiet salonos \u201e<a href=\"https:\/\/shop.labi.lv\/lv\/par-mums\/kontakti\/\" target=\"_blank\" rel=\"noopener\">LABI<\/a>\u201d un int\u012bmpre\u010du interneta veikal\u0101 \u201e<a href=\"https:\/\/tev.lv\/lv\" target=\"_blank\" rel=\"noopener\">TEV.LV<\/a>\u201d.<\/p>\n","protected":false},"excerpt":{"rendered":"<p>Prezervat\u012bvi Luxe egzo Tagad m\u016bsu sortiment\u0101 ir prezervat\u012bvi Luxe egzo &#8211; unk\u0101li un \u012bpa\u0161i prezervat\u012bvi ar neparastu formu! Prezervat\u012bvi Luxe&hellip;<\/p>\n","protected":false},"author":1,"featured_media":0,"parent":2911,"menu_order":0,"comment_status":"closed","ping_status":"closed","template":"","meta":{"footnotes":""},"class_list":["post-2961","page","type-page","status-publish","hentry"],"_links":{"self":[{"href":"https:\/\/shop.labi.lv\/lv\/wp-json\/wp\/v2\/pages\/2961","targetHints":{"allow":["GET"]}}],"collection":[{"href":"https:\/\/shop.labi.lv\/lv\/wp-json\/wp\/v2\/pages"}],"about":[{"href":"https:\/\/shop.labi.lv\/lv\/wp-json\/wp\/v2\/types\/page"}],"author":[{"embeddable":true,"href":"https:\/\/shop.labi.lv\/lv\/wp-json\/wp\/v2\/users\/1"}],"replies":[{"embeddable":true,"href":"https:\/\/shop.labi.lv\/lv\/wp-json\/wp\/v2\/comments?post=2961"}],"version-history":[{"count":16,"href":"https:\/\/shop.labi.lv\/lv\/wp-json\/wp\/v2\/pages\/2961\/revisions"}],"predecessor-version":[{"id":5339,"href":"https:\/\/shop.labi.lv\/lv\/wp-json\/wp\/v2\/pages\/2961\/revisions\/5339"}],"up":[{"embeddable":true,"href":"https:\/\/shop.labi.lv\/lv\/wp-json\/wp\/v2\/pages\/2911"}],"wp:attachment":[{"href":"https:\/\/shop.labi.lv\/lv\/wp-json\/wp\/v2\/media?parent=2961"}],"curies":[{"name":"wp","href":"https:\/\/api.w.org\/{rel}","templated":true}]}}