  {"id":2963,"date":"2018-01-19T12:52:24","date_gmt":"2018-01-19T10:52:24","guid":{"rendered":"http:\/\/labi.lv\/?page_id=2963"},"modified":"2023-12-19T17:14:12","modified_gmt":"2023-12-19T15:14:12","slug":"womanizer","status":"publish","type":"page","link":"https:\/\/shop.labi.lv\/lv\/int%c4%abmpreces\/izcelt%c4%81s-preces\/womanizer\/","title":{"rendered":"Womanizer"},"content":{"rendered":"<h2>Womanizer produkcija<\/h2>\n<p>V\u0113lamies \u012bpa\u0161i izcelt \u201eWomanizer\u201d produkciju, kas papildin\u0101ta ar pavisam jaunu modeli: \u201eWomanizer2GO\u201d. Tas patur \u201eWomanizer\u201d rakstur\u012bgo klitora stimul\u0113\u0161anu ar gaisa pl\u016bsmu, un ietver to kompakt\u0101 l\u016bpkr\u0101sas tipa korpus\u0101! Mazo izm\u0113ru d\u0113\u013c, tas lieliski der ce\u013co\u0161anai vai komand\u0113jumam.<\/p>\n<blockquote><p>Tev to vienk\u0101r\u0161i ir j\u0101pam\u0113\u0123ina!<\/p><\/blockquote>\n<div id='gallery-1' class='gallery galleryid-2963 gallery-columns-2 gallery-size-thumbnail'><figure class='gallery-item'>\n\t\t\t<div class='gallery-icon landscape'>\n\t\t\t\t<a href='https:\/\/shop.labi.lv\/lv\/wp-content\/uploads\/2017\/07\/womanizer2go_black_03.jpg'><img loading=\"lazy\" decoding=\"async\" width=\"150\" height=\"150\" src=\"https:\/\/shop.labi.lv\/lv\/wp-content\/uploads\/2017\/07\/womanizer2go_black_03-150x150.jpg\" class=\"attachment-thumbnail size-thumbnail\" alt=\"womanizer2go\" aria-describedby=\"gallery-1-2610\" srcset=\"https:\/\/shop.labi.lv\/lv\/wp-content\/uploads\/2017\/07\/womanizer2go_black_03-150x150.jpg 150w, https:\/\/shop.labi.lv\/lv\/wp-content\/uploads\/2017\/07\/womanizer2go_black_03-300x300.jpg 300w, https:\/\/shop.labi.lv\/lv\/wp-content\/uploads\/2017\/07\/womanizer2go_black_03.jpg 450w\" sizes=\"auto, (max-width: 150px) 100vw, 150px\" \/><\/a>\n\t\t\t<\/div>\n\t\t\t\t<figcaption class='wp-caption-text gallery-caption' id='gallery-1-2610'>\n\t\t\t\twomanizer2go\n\t\t\t\t<\/figcaption><\/figure><figure class='gallery-item'>\n\t\t\t<div class='gallery-icon landscape'>\n\t\t\t\t<a href='https:\/\/shop.labi.lv\/lv\/wp-content\/uploads\/2017\/07\/womanizer2go_white_03.jpg'><img loading=\"lazy\" decoding=\"async\" width=\"150\" height=\"150\" src=\"https:\/\/shop.labi.lv\/lv\/wp-content\/uploads\/2017\/07\/womanizer2go_white_03-150x150.jpg\" class=\"attachment-thumbnail size-thumbnail\" alt=\"womanizer2go\" aria-describedby=\"gallery-1-2611\" srcset=\"https:\/\/shop.labi.lv\/lv\/wp-content\/uploads\/2017\/07\/womanizer2go_white_03-150x150.jpg 150w, https:\/\/shop.labi.lv\/lv\/wp-content\/uploads\/2017\/07\/womanizer2go_white_03-300x300.jpg 300w, https:\/\/shop.labi.lv\/lv\/wp-content\/uploads\/2017\/07\/womanizer2go_white_03.jpg 450w\" sizes=\"auto, (max-width: 150px) 100vw, 150px\" \/><\/a>\n\t\t\t<\/div>\n\t\t\t\t<figcaption class='wp-caption-text gallery-caption' id='gallery-1-2611'>\n\t\t\t\twomanizer2go\n\t\t\t\t<\/figcaption><\/figure>\n\t\t<\/div>\n\n<p>\u201eWomanizer PRO40\u201d &#8211; \u016bdens tam nav \u0161\u0137\u0113rslis! \u0160is \u201eWomanizer\u201d modelis ir \u016bdensdro\u0161s. Tas ir kompakts un \u0113rts. Tam ir 8 gaisa pl\u016bsmas intensit\u0101tes l\u012bme\u0146i. Ier\u012bce lieliski der, lai iepaz\u012btos ar orgasmiem, ko sniedz \u201eWomanizer\u201d tehnolo\u0123ijas!<\/p>\n<div id='gallery-2' class='gallery galleryid-2963 gallery-columns-3 gallery-size-thumbnail'><figure class='gallery-item'>\n\t\t\t<div class='gallery-icon landscape'>\n\t\t\t\t<a href='https:\/\/shop.labi.lv\/lv\/wp-content\/uploads\/2016\/03\/E27786_02.jpg'><img loading=\"lazy\" decoding=\"async\" width=\"150\" height=\"150\" src=\"https:\/\/shop.labi.lv\/lv\/wp-content\/uploads\/2016\/03\/E27786_02-150x150.jpg\" class=\"attachment-thumbnail size-thumbnail\" alt=\"Womanizer PRO 40\" aria-describedby=\"gallery-2-2367\" srcset=\"https:\/\/shop.labi.lv\/lv\/wp-content\/uploads\/2016\/03\/E27786_02-150x150.jpg 150w, https:\/\/shop.labi.lv\/lv\/wp-content\/uploads\/2016\/03\/E27786_02-300x300.jpg 300w, https:\/\/shop.labi.lv\/lv\/wp-content\/uploads\/2016\/03\/E27786_02.jpg 450w\" sizes=\"auto, (max-width: 150px) 100vw, 150px\" \/><\/a>\n\t\t\t<\/div>\n\t\t\t\t<figcaption class='wp-caption-text gallery-caption' id='gallery-2-2367'>\n\t\t\t\tWomanizer PRO 40\n\t\t\t\t<\/figcaption><\/figure><figure class='gallery-item'>\n\t\t\t<div class='gallery-icon landscape'>\n\t\t\t\t<a href='https:\/\/shop.labi.lv\/lv\/wp-content\/uploads\/2016\/03\/E27786_01.jpg'><img loading=\"lazy\" decoding=\"async\" width=\"150\" height=\"150\" src=\"https:\/\/shop.labi.lv\/lv\/wp-content\/uploads\/2016\/03\/E27786_01-150x150.jpg\" class=\"attachment-thumbnail size-thumbnail\" alt=\"Womanizer PRO 40\" aria-describedby=\"gallery-2-2366\" srcset=\"https:\/\/shop.labi.lv\/lv\/wp-content\/uploads\/2016\/03\/E27786_01-150x150.jpg 150w, https:\/\/shop.labi.lv\/lv\/wp-content\/uploads\/2016\/03\/E27786_01-300x300.jpg 300w, https:\/\/shop.labi.lv\/lv\/wp-content\/uploads\/2016\/03\/E27786_01.jpg 450w\" sizes=\"auto, (max-width: 150px) 100vw, 150px\" \/><\/a>\n\t\t\t<\/div>\n\t\t\t\t<figcaption class='wp-caption-text gallery-caption' id='gallery-2-2366'>\n\t\t\t\tWomanizer PRO 40\n\t\t\t\t<\/figcaption><\/figure><figure class='gallery-item'>\n\t\t\t<div class='gallery-icon landscape'>\n\t\t\t\t<a href='https:\/\/shop.labi.lv\/lv\/wp-content\/uploads\/2016\/03\/E27786_03.jpg'><img loading=\"lazy\" decoding=\"async\" width=\"150\" height=\"150\" src=\"https:\/\/shop.labi.lv\/lv\/wp-content\/uploads\/2016\/03\/E27786_03-150x150.jpg\" class=\"attachment-thumbnail size-thumbnail\" alt=\"Womanizer PRO 40\" aria-describedby=\"gallery-2-2368\" srcset=\"https:\/\/shop.labi.lv\/lv\/wp-content\/uploads\/2016\/03\/E27786_03-150x150.jpg 150w, https:\/\/shop.labi.lv\/lv\/wp-content\/uploads\/2016\/03\/E27786_03-300x300.jpg 300w, https:\/\/shop.labi.lv\/lv\/wp-content\/uploads\/2016\/03\/E27786_03.jpg 450w\" sizes=\"auto, (max-width: 150px) 100vw, 150px\" \/><\/a>\n\t\t\t<\/div>\n\t\t\t\t<figcaption class='wp-caption-text gallery-caption' id='gallery-2-2368'>\n\t\t\t\tWomanizer PRO 40\n\t\t\t\t<\/figcaption><\/figure>\n\t\t<\/div>\n\n<p>T\u0101pat esam papildin\u0101ju\u0161i \u201eWomanizer PRO\u201d kl\u0101stu ar jauniem mode\u013ciem (pied\u0101v\u0101jam grezno \u201eWomanizer PRO\u201d meln\u0101 kr\u0101s\u0101 ar 18 kar\u0101tu zelta p\u0101rkl\u0101jumu, \u201eWomanizer PRO\u201d ar sarkan\u0101 kr\u0101s\u0101 un ro\u017eu apdari, k\u0101 ar\u012b \u201eWomanizer PRO\u201d balt\u0101 kr\u0101s\u0101 ar hroma apdari).<\/p>\n<div id='gallery-3' class='gallery galleryid-2963 gallery-columns-3 gallery-size-thumbnail'><figure class='gallery-item'>\n\t\t\t<div class='gallery-icon landscape'>\n\t\t\t\t<a href='https:\/\/shop.labi.lv\/lv\/wp-content\/uploads\/2017\/07\/womanizer_pro_rosen_01.jpg'><img loading=\"lazy\" decoding=\"async\" width=\"150\" height=\"150\" src=\"https:\/\/shop.labi.lv\/lv\/wp-content\/uploads\/2017\/07\/womanizer_pro_rosen_01-150x150.jpg\" class=\"attachment-thumbnail size-thumbnail\" alt=\"womanizer pro\" aria-describedby=\"gallery-3-2609\" srcset=\"https:\/\/shop.labi.lv\/lv\/wp-content\/uploads\/2017\/07\/womanizer_pro_rosen_01-150x150.jpg 150w, https:\/\/shop.labi.lv\/lv\/wp-content\/uploads\/2017\/07\/womanizer_pro_rosen_01-300x300.jpg 300w, https:\/\/shop.labi.lv\/lv\/wp-content\/uploads\/2017\/07\/womanizer_pro_rosen_01.jpg 450w\" sizes=\"auto, (max-width: 150px) 100vw, 150px\" \/><\/a>\n\t\t\t<\/div>\n\t\t\t\t<figcaption class='wp-caption-text gallery-caption' id='gallery-3-2609'>\n\t\t\t\twomanizer pro\n\t\t\t\t<\/figcaption><\/figure><figure class='gallery-item'>\n\t\t\t<div class='gallery-icon landscape'>\n\t\t\t\t<a href='https:\/\/shop.labi.lv\/lv\/wp-content\/uploads\/2017\/07\/womanizer_pro_gold_01.jpg'><img loading=\"lazy\" decoding=\"async\" width=\"150\" height=\"150\" src=\"https:\/\/shop.labi.lv\/lv\/wp-content\/uploads\/2017\/07\/womanizer_pro_gold_01-150x150.jpg\" class=\"attachment-thumbnail size-thumbnail\" alt=\"womanizer pro\" aria-describedby=\"gallery-3-2608\" srcset=\"https:\/\/shop.labi.lv\/lv\/wp-content\/uploads\/2017\/07\/womanizer_pro_gold_01-150x150.jpg 150w, https:\/\/shop.labi.lv\/lv\/wp-content\/uploads\/2017\/07\/womanizer_pro_gold_01-300x300.jpg 300w, https:\/\/shop.labi.lv\/lv\/wp-content\/uploads\/2017\/07\/womanizer_pro_gold_01.jpg 450w\" sizes=\"auto, (max-width: 150px) 100vw, 150px\" \/><\/a>\n\t\t\t<\/div>\n\t\t\t\t<figcaption class='wp-caption-text gallery-caption' id='gallery-3-2608'>\n\t\t\t\twomanizer pro\n\t\t\t\t<\/figcaption><\/figure><figure class='gallery-item'>\n\t\t\t<div class='gallery-icon landscape'>\n\t\t\t\t<a href='https:\/\/shop.labi.lv\/lv\/wp-content\/uploads\/2016\/03\/05843390000_nor_a.jpg'><img loading=\"lazy\" decoding=\"async\" width=\"150\" height=\"150\" src=\"https:\/\/shop.labi.lv\/lv\/wp-content\/uploads\/2016\/03\/05843390000_nor_a-150x150.jpg\" class=\"attachment-thumbnail size-thumbnail\" alt=\"womanizer pro\" aria-describedby=\"gallery-3-1585\" srcset=\"https:\/\/shop.labi.lv\/lv\/wp-content\/uploads\/2016\/03\/05843390000_nor_a-150x150.jpg 150w, https:\/\/shop.labi.lv\/lv\/wp-content\/uploads\/2016\/03\/05843390000_nor_a-300x300.jpg 300w, https:\/\/shop.labi.lv\/lv\/wp-content\/uploads\/2016\/03\/05843390000_nor_a.jpg 450w\" sizes=\"auto, (max-width: 150px) 100vw, 150px\" \/><\/a>\n\t\t\t<\/div>\n\t\t\t\t<figcaption class='wp-caption-text gallery-caption' id='gallery-3-1585'>\n\t\t\t\twomanizer pro\n\t\t\t\t<\/figcaption><\/figure>\n\t\t<\/div>\n\n<p>Visi \u201eWomanizer\u201d produkti tiek p\u0101rdoti d\u0101vanu iepakojum\u0101, l\u012bdz ar to, var izmantot iesp\u0113ju lieki neuztraukties par papildus iepakojumu un pasniegt k\u0101roto d\u0101vanu gavi\u013cniecei uzreiz.<\/p>\n<h3>Kur var \u0161\u012bs preces ieg\u0101d\u0101ties?<\/h3>\n<p>Seksa ma\u0161\u012bnu noteikti atrad\u012bsiet salonos \u201e<a href=\"https:\/\/shop.labi.lv\/lv\/par-mums\/kontakti\/\" target=\"_blank\" rel=\"noopener\">LABI<\/a>\u201d un int\u012bmpre\u010du interneta veikal\u0101 \u201e<a href=\"https:\/\/tev.lv\/lv\" target=\"_blank\" rel=\"noopener\">TEV.LV<\/a>\u201d.<\/p>\n","protected":false},"excerpt":{"rendered":"<p>Womanizer produkcija V\u0113lamies \u012bpa\u0161i izcelt \u201eWomanizer\u201d produkciju, kas papildin\u0101ta ar pavisam jaunu modeli: \u201eWomanizer2GO\u201d. Tas patur \u201eWomanizer\u201d rakstur\u012bgo klitora stimul\u0113\u0161anu&hellip;<\/p>\n","protected":false},"author":1,"featured_media":0,"parent":2911,"menu_order":0,"comment_status":"closed","ping_status":"closed","template":"","meta":{"footnotes":""},"class_list":["post-2963","page","type-page","status-publish","hentry"],"_links":{"self":[{"href":"https:\/\/shop.labi.lv\/lv\/wp-json\/wp\/v2\/pages\/2963","targetHints":{"allow":["GET"]}}],"collection":[{"href":"https:\/\/shop.labi.lv\/lv\/wp-json\/wp\/v2\/pages"}],"about":[{"href":"https:\/\/shop.labi.lv\/lv\/wp-json\/wp\/v2\/types\/page"}],"author":[{"embeddable":true,"href":"https:\/\/shop.labi.lv\/lv\/wp-json\/wp\/v2\/users\/1"}],"replies":[{"embeddable":true,"href":"https:\/\/shop.labi.lv\/lv\/wp-json\/wp\/v2\/comments?post=2963"}],"version-history":[{"count":21,"href":"https:\/\/shop.labi.lv\/lv\/wp-json\/wp\/v2\/pages\/2963\/revisions"}],"predecessor-version":[{"id":5335,"href":"https:\/\/shop.labi.lv\/lv\/wp-json\/wp\/v2\/pages\/2963\/revisions\/5335"}],"up":[{"embeddable":true,"href":"https:\/\/shop.labi.lv\/lv\/wp-json\/wp\/v2\/pages\/2911"}],"wp:attachment":[{"href":"https:\/\/shop.labi.lv\/lv\/wp-json\/wp\/v2\/media?parent=2963"}],"curies":[{"name":"wp","href":"https:\/\/api.w.org\/{rel}","templated":true}]}}