  {"id":3006,"date":"2018-01-24T15:14:32","date_gmt":"2018-01-24T13:14:32","guid":{"rendered":"http:\/\/labi.lv\/?page_id=3006"},"modified":"2023-12-19T17:12:09","modified_gmt":"2023-12-19T15:12:09","slug":"we-vibe","status":"publish","type":"page","link":"https:\/\/shop.labi.lv\/lv\/int%c4%abmpreces\/izcelt%c4%81s-preces\/we-vibe\/","title":{"rendered":"We-vibe"},"content":{"rendered":"<h2>We-vibe produkcija<\/h2>\n<p>Tie\u0161i uz\u0146\u0113muma \u201eWe-vibe\u201d darbinieki rad\u012bja un v\u0113l\u0101k att\u012bst\u012bja abu partneru baudpilna piedz\u012bvojuma konceptu!<\/p>\n<blockquote><p>Revolucion\u0101rais \u201eWe-vibe Classic\u201d bija pirmais p\u0101ru vibrators, ko j\u0101valk\u0101 seksa laik\u0101!<\/p><\/blockquote>\n<p><img loading=\"lazy\" decoding=\"async\" class=\"aligncenter wp-image-3077 size-medium\" src=\"https:\/\/shop.labi.lv\/lv\/wp-content\/uploads\/2018\/01\/we-vibe-usage-300x200.jpg\" alt=\"\" width=\"300\" height=\"200\" srcset=\"https:\/\/shop.labi.lv\/lv\/wp-content\/uploads\/2018\/01\/we-vibe-usage-300x200.jpg 300w, https:\/\/shop.labi.lv\/lv\/wp-content\/uploads\/2018\/01\/we-vibe-usage.jpg 450w\" sizes=\"auto, (max-width: 300px) 100vw, 300px\" \/><\/p>\n<p>\u0160\u012bs ier\u012bces ir paz\u012bstamas kop\u0161 2008. gada. Straujais to popularit\u0101tes k\u0101pums \u013c\u0101va invest\u0113t izstr\u0101d\u0113 un ra\u017eo\u0161an\u0101. Invest\u012bcijas vainagoj\u0101s ar uzviju &#8211; \u013caujot att\u012bst\u012bt produktu kl\u0101stu un ra\u017eot uzlabotus p\u0101ru vibratora mode\u013cus.<\/p>\n<ul class=\"same-page-links\">\n<li><a id=\"same-page-link\" href=\"#we-vibe-classic\">We-vibe Classic apraksts<\/a><\/li>\n<li><a id=\"same-page-link\" href=\"#we-vibe-sync\">We-vibe Sync apraksts<\/a><\/li>\n<li><a id=\"same-page-link\" href=\"#we-vibe-jive\">We-vibe Jive apraksts<\/a><\/li>\n<li><a id=\"same-page-link\" href=\"#we-music\">Vibr\u0101cijas m\u016bzikas ritm\u0101<\/a><\/li>\n<li><a id=\"same-page-link\" href=\"#we-connect\">Lietotne We-Connect<\/a><\/li>\n<\/ul>\n<h2 id=\"we-vibe-classic\">We-vibe Classic<\/h2>\n<blockquote><p>\u0160im p\u0101ru vibratoram ir \u012bpa\u0161a &#8220;C&#8221; burta forma, un tas sp\u0113j, ne tikai, stimul\u0113t sievietes klitoru un G-punktu, bet ar\u012b sniegt vibr\u0101cijas v\u012brie\u0161a dzimumloceklim.<\/p><\/blockquote>\n<p>Ier\u012bcei ir 2 motori, kas novietoti t\u0101, lai vibr\u0101cijas tiktu nog\u0101d\u0101tas sievietes klitoram un G-punktam. \u201eWe-vibe Classic\u201d ir lokans, lai piem\u0113rotos sievietes \u0137erme\u0146a l\u012bnij\u0101m. Ier\u012bce ir \u016bdensdro\u0161a. To var vad\u012bt no viedtelefona (turkl\u0101t, tas \u013cauj izmantot papildus vibr\u0101ciju re\u017e\u012bmus).<\/p>\n<div id='gallery-1' class='gallery galleryid-3006 gallery-columns-3 gallery-size-thumbnail'><figure class='gallery-item'>\n\t\t\t<div class='gallery-icon landscape'>\n\t\t\t\t<a href='https:\/\/shop.labi.lv\/lv\/wp-content\/uploads\/2018\/01\/we-vibe_classic_01.jpg'><img loading=\"lazy\" decoding=\"async\" width=\"150\" height=\"150\" src=\"https:\/\/shop.labi.lv\/lv\/wp-content\/uploads\/2018\/01\/we-vibe_classic_01-150x150.jpg\" class=\"attachment-thumbnail size-thumbnail\" alt=\"we-vibe classic\" aria-describedby=\"gallery-1-3064\" srcset=\"https:\/\/shop.labi.lv\/lv\/wp-content\/uploads\/2018\/01\/we-vibe_classic_01-150x150.jpg 150w, https:\/\/shop.labi.lv\/lv\/wp-content\/uploads\/2018\/01\/we-vibe_classic_01-300x300.jpg 300w, https:\/\/shop.labi.lv\/lv\/wp-content\/uploads\/2018\/01\/we-vibe_classic_01.jpg 450w\" sizes=\"auto, (max-width: 150px) 100vw, 150px\" \/><\/a>\n\t\t\t<\/div>\n\t\t\t\t<figcaption class='wp-caption-text gallery-caption' id='gallery-1-3064'>\n\t\t\t\twe-vibe classic\n\t\t\t\t<\/figcaption><\/figure><figure class='gallery-item'>\n\t\t\t<div class='gallery-icon landscape'>\n\t\t\t\t<a href='https:\/\/shop.labi.lv\/lv\/wp-content\/uploads\/2018\/01\/we-vibe_classic_03.jpg'><img loading=\"lazy\" decoding=\"async\" width=\"150\" height=\"150\" src=\"https:\/\/shop.labi.lv\/lv\/wp-content\/uploads\/2018\/01\/we-vibe_classic_03-150x150.jpg\" class=\"attachment-thumbnail size-thumbnail\" alt=\"we-vibe classic\" aria-describedby=\"gallery-1-3066\" srcset=\"https:\/\/shop.labi.lv\/lv\/wp-content\/uploads\/2018\/01\/we-vibe_classic_03-150x150.jpg 150w, https:\/\/shop.labi.lv\/lv\/wp-content\/uploads\/2018\/01\/we-vibe_classic_03-300x300.jpg 300w, https:\/\/shop.labi.lv\/lv\/wp-content\/uploads\/2018\/01\/we-vibe_classic_03.jpg 450w\" sizes=\"auto, (max-width: 150px) 100vw, 150px\" \/><\/a>\n\t\t\t<\/div>\n\t\t\t\t<figcaption class='wp-caption-text gallery-caption' id='gallery-1-3066'>\n\t\t\t\twe-vibe classic\n\t\t\t\t<\/figcaption><\/figure><figure class='gallery-item'>\n\t\t\t<div class='gallery-icon landscape'>\n\t\t\t\t<a href='https:\/\/shop.labi.lv\/lv\/wp-content\/uploads\/2018\/01\/we-vibe_classic_02.jpg'><img loading=\"lazy\" decoding=\"async\" width=\"150\" height=\"150\" src=\"https:\/\/shop.labi.lv\/lv\/wp-content\/uploads\/2018\/01\/we-vibe_classic_02-150x150.jpg\" class=\"attachment-thumbnail size-thumbnail\" alt=\"we-vibe classic\" aria-describedby=\"gallery-1-3065\" srcset=\"https:\/\/shop.labi.lv\/lv\/wp-content\/uploads\/2018\/01\/we-vibe_classic_02-150x150.jpg 150w, https:\/\/shop.labi.lv\/lv\/wp-content\/uploads\/2018\/01\/we-vibe_classic_02-300x300.jpg 300w, https:\/\/shop.labi.lv\/lv\/wp-content\/uploads\/2018\/01\/we-vibe_classic_02.jpg 450w\" sizes=\"auto, (max-width: 150px) 100vw, 150px\" \/><\/a>\n\t\t\t<\/div>\n\t\t\t\t<figcaption class='wp-caption-text gallery-caption' id='gallery-1-3065'>\n\t\t\t\twe-vibe classic\n\t\t\t\t<\/figcaption><\/figure>\n\t\t<\/div>\n\n<blockquote><p>Darbinot ier\u012bci ar komplekt\u0101 iek\u013cauto pulti (bez viedtelefona), ir pieejami 5 vibr\u0101ciju re\u017e\u012bmi, ta\u010du vadot ier\u012bci ar viedtelefonu k\u013c\u016bst pieejami papildus 6 re\u017e\u012bmi!<\/p><\/blockquote>\n<p>Ier\u012bce ir daudzk\u0101rt\u0113ji uzl\u0101d\u0113jama &#8211; pilna uzl\u0101de ilgst 4 stundas, kas sniedz l\u012bdz pat 3 stund\u0101m baudas! Ier\u012bce ir veidota no \u0137ermenim dro\u0161iem materi\u0101liem &#8211; t\u0101 nesatur ftal\u0101tus, lateksu un BPA. Kompakts un diskr\u0113ts uzglab\u0101\u0161anas iepakojums, ko \u0113rti lietot gan uzl\u0101d\u0113jot ier\u012bci, gan ce\u013cojum\u0101.<\/p>\n<h2 id=\"we-vibe-sync\">We-vibe Sync<\/h2>\n<p>Tas ir paredz\u0113ts, kop\u012bgam baud\u012bjumam seksa laik\u0101. Vi\u0146a sa\u0146em sp\u0113c\u012bgu stimul\u0101ciju klitoram un G-punktam, savuk\u0101rt, J\u016bs abi kop\u0101 izbaud\u0101t vibr\u0101ciju ritmu.<\/p>\n<blockquote><p>\u201eWe-vibe Sync\u201d ir piel\u0101gota forma t\u0101, lai tas tur\u0113tos viet\u0101 jebkuras seksa poz\u012bcijas laik\u0101!<\/p><\/blockquote>\n<p>Nav divu vien\u0101du \u0137erme\u0146a apri\u0161u. T\u0101p\u0113c \u201eWe-vibe Sync\u201d var piel\u0101got J\u016bsu \u0137erme\u0146a unik\u0101lajai formai. Ir divi regul\u0113jami punkti, kas lab\u0101k piek\u013caujas klitoram un G-punktam ar liel\u0101ku vai maz\u0101ku spiedienu. Tas \u0113rti turas viet\u0101, kad main\u0101t poz\u012bcijas seksa laik\u0101.<\/p>\n<div id='gallery-2' class='gallery galleryid-3006 gallery-columns-3 gallery-size-thumbnail'><figure class='gallery-item'>\n\t\t\t<div class='gallery-icon landscape'>\n\t\t\t\t<a href='https:\/\/shop.labi.lv\/lv\/wp-content\/uploads\/2018\/01\/05881210000_nor_b_2_1_1_1_2.jpg'><img loading=\"lazy\" decoding=\"async\" width=\"150\" height=\"150\" src=\"https:\/\/shop.labi.lv\/lv\/wp-content\/uploads\/2018\/01\/05881210000_nor_b_2_1_1_1_2-150x150.jpg\" class=\"attachment-thumbnail size-thumbnail\" alt=\"We vibe Sync\" aria-describedby=\"gallery-2-3073\" srcset=\"https:\/\/shop.labi.lv\/lv\/wp-content\/uploads\/2018\/01\/05881210000_nor_b_2_1_1_1_2-150x150.jpg 150w, https:\/\/shop.labi.lv\/lv\/wp-content\/uploads\/2018\/01\/05881210000_nor_b_2_1_1_1_2-300x300.jpg 300w, https:\/\/shop.labi.lv\/lv\/wp-content\/uploads\/2018\/01\/05881210000_nor_b_2_1_1_1_2.jpg 450w\" sizes=\"auto, (max-width: 150px) 100vw, 150px\" \/><\/a>\n\t\t\t<\/div>\n\t\t\t\t<figcaption class='wp-caption-text gallery-caption' id='gallery-2-3073'>\n\t\t\t\tWe vibe Sync\n\t\t\t\t<\/figcaption><\/figure><figure class='gallery-item'>\n\t\t\t<div class='gallery-icon landscape'>\n\t\t\t\t<a href='https:\/\/shop.labi.lv\/lv\/wp-content\/uploads\/2018\/01\/05881210000_verp_2_1_1_1_2.jpg'><img loading=\"lazy\" decoding=\"async\" width=\"150\" height=\"150\" src=\"https:\/\/shop.labi.lv\/lv\/wp-content\/uploads\/2018\/01\/05881210000_verp_2_1_1_1_2-150x150.jpg\" class=\"attachment-thumbnail size-thumbnail\" alt=\"We vibe Sync\" aria-describedby=\"gallery-2-3074\" srcset=\"https:\/\/shop.labi.lv\/lv\/wp-content\/uploads\/2018\/01\/05881210000_verp_2_1_1_1_2-150x150.jpg 150w, https:\/\/shop.labi.lv\/lv\/wp-content\/uploads\/2018\/01\/05881210000_verp_2_1_1_1_2-300x300.jpg 300w, https:\/\/shop.labi.lv\/lv\/wp-content\/uploads\/2018\/01\/05881210000_verp_2_1_1_1_2.jpg 450w\" sizes=\"auto, (max-width: 150px) 100vw, 150px\" \/><\/a>\n\t\t\t<\/div>\n\t\t\t\t<figcaption class='wp-caption-text gallery-caption' id='gallery-2-3074'>\n\t\t\t\tWe vibe Sync\n\t\t\t\t<\/figcaption><\/figure><figure class='gallery-item'>\n\t\t\t<div class='gallery-icon landscape'>\n\t\t\t\t<a href='https:\/\/shop.labi.lv\/lv\/wp-content\/uploads\/2018\/01\/05881210000_nor_a_2_1_1_1_2.jpg'><img loading=\"lazy\" decoding=\"async\" width=\"150\" height=\"150\" src=\"https:\/\/shop.labi.lv\/lv\/wp-content\/uploads\/2018\/01\/05881210000_nor_a_2_1_1_1_2-150x150.jpg\" class=\"attachment-thumbnail size-thumbnail\" alt=\"We vibe Sync\" aria-describedby=\"gallery-2-3072\" srcset=\"https:\/\/shop.labi.lv\/lv\/wp-content\/uploads\/2018\/01\/05881210000_nor_a_2_1_1_1_2-150x150.jpg 150w, https:\/\/shop.labi.lv\/lv\/wp-content\/uploads\/2018\/01\/05881210000_nor_a_2_1_1_1_2-300x300.jpg 300w, https:\/\/shop.labi.lv\/lv\/wp-content\/uploads\/2018\/01\/05881210000_nor_a_2_1_1_1_2.jpg 450w\" sizes=\"auto, (max-width: 150px) 100vw, 150px\" \/><\/a>\n\t\t\t<\/div>\n\t\t\t\t<figcaption class='wp-caption-text gallery-caption' id='gallery-2-3072'>\n\t\t\t\tWe vibe Sync\n\t\t\t\t<\/figcaption><\/figure>\n\t\t<\/div>\n\n<p>Jaun\u0101 un uzlabot\u0101 t\u0101lvad\u012bbas pults var main\u012bt vibr\u0101cijas re\u017e\u012bmus, k\u0101 ar\u012b intensit\u0101ti nekav\u0113joties, p\u0113c pogas nospie\u0161anas. Abi partneri var izmantot t\u0101lvad\u012bbas pulti, t\u0101 darbojas l\u012bdz pat 3 metru r\u0101dius\u0101 ap ier\u012bci.<\/p>\n<p>Ier\u012bce ir daudzk\u0101rt\u0113ji uzl\u0101d\u0113jama &#8211; pilna uzl\u0101de ilgst 2 stundas, kas d\u0101v\u0101 l\u012bdz pat 90 min\u016bt\u0113m baudas!<\/p>\n<h2 id=\"we-vibe-jive\">We-vibe Jive<\/h2>\n<p>Vibrators \u201eWe-vibe Jive\u201d ir vad\u0101ms ar viedtelefonu un ir \u012bpa\u0161i paredz\u0113ts diskr\u0113tam baud\u012bjumam.<\/p>\n<p>Sa\u0146emiet visaptvero\u0161u prieku, ko d\u0101v\u0101s ar bluetooth vad\u0101ms valk\u0101jams vibrators \u201eWe-vibe Jive\u201d. Baudiet br\u012bvroku sp\u0113li, individu\u0101li vai kop\u0101 ar savu partneri, izmantojot bezmaksas lietotni We-Connect.<\/p>\n<blockquote><p>V\u0113l nekad, l\u012bdz \u0161im, J\u016bs neesat biju\u0161i tuv\u0101ki, atrodoties atstatus!<\/p><\/blockquote>\n<p>Pievienojiet mazliet piedz\u012bvojumu savai rut\u012bnai ar neredzamu un diskr\u0113tu baud\u012bjuma prieku, ko J\u016bs vai J\u016bsu partneris var kontrol\u0113t!<\/p>\n<p>Kontrol\u0113 ier\u012bci atrodoties vien\u0101 istab\u0101 ar otru pus\u012bti vai esot komand\u0113jum\u0101.<\/p>\n<p>Izbaudiet sp\u0113c\u012bgas un &#8220;d\u0101rdo\u0161as&#8221; vibr\u0101cijas, p\u0113c Jive sap\u0101ro\u0161anas ar J\u016bsu viedt\u0101lruni. Bezmaksas lietotne We-Connect \u013cauj Jums vai J\u016bsu partnerim kontrol\u0113t Jive vien\u0101 telp\u0101 vai lielos att\u0101lumos. Izv\u0113lieties no 10 vibr\u0101cijas re\u017e\u012bmiem vai izveidojiet piel\u0101gotas vibr\u0101cijas, kas pie\u0161kirs vair\u0101k aizraut\u012bbas J\u016bsu kop\u012bgai sp\u0113lei.<\/p>\n<div id='gallery-3' class='gallery galleryid-3006 gallery-columns-3 gallery-size-thumbnail'><figure class='gallery-item'>\n\t\t\t<div class='gallery-icon landscape'>\n\t\t\t\t<a href='https:\/\/shop.labi.lv\/lv\/wp-content\/uploads\/2018\/01\/we-vibe-12-2.jpg'><img loading=\"lazy\" decoding=\"async\" width=\"150\" height=\"150\" src=\"https:\/\/shop.labi.lv\/lv\/wp-content\/uploads\/2018\/01\/we-vibe-12-2-150x150.jpg\" class=\"attachment-thumbnail size-thumbnail\" alt=\"We-vibe Jive\" aria-describedby=\"gallery-3-3080\" srcset=\"https:\/\/shop.labi.lv\/lv\/wp-content\/uploads\/2018\/01\/we-vibe-12-2-150x150.jpg 150w, https:\/\/shop.labi.lv\/lv\/wp-content\/uploads\/2018\/01\/we-vibe-12-2-300x300.jpg 300w, https:\/\/shop.labi.lv\/lv\/wp-content\/uploads\/2018\/01\/we-vibe-12-2.jpg 450w\" sizes=\"auto, (max-width: 150px) 100vw, 150px\" \/><\/a>\n\t\t\t<\/div>\n\t\t\t\t<figcaption class='wp-caption-text gallery-caption' id='gallery-3-3080'>\n\t\t\t\tWe-vibe Jive\n\t\t\t\t<\/figcaption><\/figure><figure class='gallery-item'>\n\t\t\t<div class='gallery-icon landscape'>\n\t\t\t\t<a href='https:\/\/shop.labi.lv\/lv\/wp-content\/uploads\/2018\/01\/we-vibe-12-3.jpg'><img loading=\"lazy\" decoding=\"async\" width=\"150\" height=\"150\" src=\"https:\/\/shop.labi.lv\/lv\/wp-content\/uploads\/2018\/01\/we-vibe-12-3-150x150.jpg\" class=\"attachment-thumbnail size-thumbnail\" alt=\"We-vibe Jive\" aria-describedby=\"gallery-3-3081\" srcset=\"https:\/\/shop.labi.lv\/lv\/wp-content\/uploads\/2018\/01\/we-vibe-12-3-150x150.jpg 150w, https:\/\/shop.labi.lv\/lv\/wp-content\/uploads\/2018\/01\/we-vibe-12-3-300x300.jpg 300w, https:\/\/shop.labi.lv\/lv\/wp-content\/uploads\/2018\/01\/we-vibe-12-3.jpg 450w\" sizes=\"auto, (max-width: 150px) 100vw, 150px\" \/><\/a>\n\t\t\t<\/div>\n\t\t\t\t<figcaption class='wp-caption-text gallery-caption' id='gallery-3-3081'>\n\t\t\t\tWe-vibe Jive\n\t\t\t\t<\/figcaption><\/figure><figure class='gallery-item'>\n\t\t\t<div class='gallery-icon landscape'>\n\t\t\t\t<a href='https:\/\/shop.labi.lv\/lv\/wp-content\/uploads\/2018\/01\/we-vibe-12-5.jpg'><img loading=\"lazy\" decoding=\"async\" width=\"150\" height=\"150\" src=\"https:\/\/shop.labi.lv\/lv\/wp-content\/uploads\/2018\/01\/we-vibe-12-5-150x150.jpg\" class=\"attachment-thumbnail size-thumbnail\" alt=\"We-vibe Jive\" aria-describedby=\"gallery-3-3082\" srcset=\"https:\/\/shop.labi.lv\/lv\/wp-content\/uploads\/2018\/01\/we-vibe-12-5-150x150.jpg 150w, https:\/\/shop.labi.lv\/lv\/wp-content\/uploads\/2018\/01\/we-vibe-12-5-300x300.jpg 300w, https:\/\/shop.labi.lv\/lv\/wp-content\/uploads\/2018\/01\/we-vibe-12-5.jpg 450w\" sizes=\"auto, (max-width: 150px) 100vw, 150px\" \/><\/a>\n\t\t\t<\/div>\n\t\t\t\t<figcaption class='wp-caption-text gallery-caption' id='gallery-3-3082'>\n\t\t\t\tWe-vibe Jive\n\t\t\t\t<\/figcaption><\/figure>\n\t\t<\/div>\n\n<p>Izbaudiet br\u012bvroku G-punkta stimul\u0101ciju un jaud\u012bgas &#8220;d\u0101rdo\u0161as&#8221; vibr\u0101cijas diskr\u0113ti ar vair\u0101k k\u0101 10 iepriek\u0161 iestat\u012btiem re\u017e\u012bmiem vai savu piel\u0101goto vibr\u0101ciju re\u017e\u012bmu.<\/p>\n<p>Jive ir \u012bpa\u0161i iztur\u012bgs un izgatavots no z\u012bdaini gluda silikona, kas ir \u0113rts pat valk\u0101jot ilgsto\u0161i. Ier\u012bci ir vienk\u0101r\u0161i iz\u0146emt velkot aiz elast\u012bg\u0101 k\u0101ti\u0146a, kas piel\u0101gojas J\u016bsu \u0137erme\u0146a \u0101rpusei.<\/p>\n<h2 id=\"we-music\">Vibr\u0101cijas m\u016bzikas ritm\u0101<\/h2>\n<p>\u201eWe-vibe\u201d mode\u013ciem, kurus var vad\u012bt ar lietotni (applik\u0101ciju) ir pieejams eksluz\u012bvs re\u017e\u012bms, kas \u013cauj izbaud\u012bt m\u016bziku jaun\u0101 griezum\u0101! Izv\u0113loties \u0161o re\u017e\u012bmu J\u016bsu ier\u012bce vibr\u0113s viedt\u0101lrun\u012b atska\u0146ojam\u0101s m\u016bzikas ritm\u0101!<\/p>\n<h2 id=\"we-connect\">We-Connect<\/h2>\n<blockquote><p>Kaislei nav robe\u017eu un l\u012bdz ar We-Connect lietotnes pal\u012bdz\u012bbu ar\u012b J\u016bs nezin\u0101siet kasles robe\u017eas.<\/p><\/blockquote>\n<p>\u0160\u012b viedt\u0101lrunim paredz\u0113t\u0101 bezmaksas lietotne \u013cauj kontrol\u0113t J\u016bsu \u201eWe-vibe\u201d ier\u012bces.<\/p>\n<p>J\u016bs varat sniegt\/g\u016bt baud\u012bjumu un kontrol\u0113t t\u0101 parametrus pat atrodoties da\u017e\u0101dos kontinentos (ar nosac\u012bjumu, ka Jums abiem ir pieejams internets, ko izmanto ier\u012bce un lietotne).<\/p>\n<div id='gallery-4' class='gallery galleryid-3006 gallery-columns-2 gallery-size-medium'><figure class='gallery-item'>\n\t\t\t<div class='gallery-icon landscape'>\n\t\t\t\t<a href='https:\/\/shop.labi.lv\/lv\/wp-content\/uploads\/2018\/01\/jive-waystoplay-same.jpg'><img loading=\"lazy\" decoding=\"async\" width=\"300\" height=\"188\" src=\"https:\/\/shop.labi.lv\/lv\/wp-content\/uploads\/2018\/01\/jive-waystoplay-same-300x188.jpg\" class=\"attachment-medium size-medium\" alt=\"Lietojiet Jive atrodoties vien\u0101 istab\u0101\" aria-describedby=\"gallery-4-3079\" srcset=\"https:\/\/shop.labi.lv\/lv\/wp-content\/uploads\/2018\/01\/jive-waystoplay-same-300x188.jpg 300w, https:\/\/shop.labi.lv\/lv\/wp-content\/uploads\/2018\/01\/jive-waystoplay-same.jpg 400w\" sizes=\"auto, (max-width: 300px) 100vw, 300px\" \/><\/a>\n\t\t\t<\/div>\n\t\t\t\t<figcaption class='wp-caption-text gallery-caption' id='gallery-4-3079'>\n\t\t\t\tLietojiet Jive atrodoties vien\u0101 istab\u0101\n\t\t\t\t<\/figcaption><\/figure><figure class='gallery-item'>\n\t\t\t<div class='gallery-icon landscape'>\n\t\t\t\t<a href='https:\/\/shop.labi.lv\/lv\/wp-content\/uploads\/2018\/01\/jive-waystoplay-anywhere.jpg'><img loading=\"lazy\" decoding=\"async\" width=\"300\" height=\"188\" src=\"https:\/\/shop.labi.lv\/lv\/wp-content\/uploads\/2018\/01\/jive-waystoplay-anywhere-300x188.jpg\" class=\"attachment-medium size-medium\" alt=\"Lietojiet Jive jebkur\" aria-describedby=\"gallery-4-3078\" srcset=\"https:\/\/shop.labi.lv\/lv\/wp-content\/uploads\/2018\/01\/jive-waystoplay-anywhere-300x188.jpg 300w, https:\/\/shop.labi.lv\/lv\/wp-content\/uploads\/2018\/01\/jive-waystoplay-anywhere.jpg 400w\" sizes=\"auto, (max-width: 300px) 100vw, 300px\" \/><\/a>\n\t\t\t<\/div>\n\t\t\t\t<figcaption class='wp-caption-text gallery-caption' id='gallery-4-3078'>\n\t\t\t\tLietojiet Jive jebkur\n\t\t\t\t<\/figcaption><\/figure>\n\t\t<\/div>\n\n<p>Svar\u012bga programmas funkcija ir ieb\u016bv\u0113ta sarakste un video zvans, kuru var izmantot baud\u012bjuma laik\u0101! T\u0101pat, lietotne \u013cauj veidot priek\u0161sp\u0113li un &#8220;\u0137ircin\u0101t&#8221; J\u016bsu partneri tie\u0161i t\u0101d\u0101 ritm\u0101, k\u0101 J\u016bsu pirksts pieskaras viedt\u0101lru\u0146a ekr\u0101nam.<\/p>\n<h3>Kur var \u0161\u012bs preces ieg\u0101d\u0101ties?<\/h3>\n<p>Seksa ma\u0161\u012bnu noteikti atrad\u012bsiet salonos \u201e<a href=\"https:\/\/shop.labi.lv\/lv\/par-mums\/kontakti\/\" target=\"_blank\" rel=\"noopener\">LABI<\/a>\u201d un int\u012bmpre\u010du interneta veikal\u0101 \u201e<a href=\"https:\/\/tev.lv\/lv\" target=\"_blank\" rel=\"noopener\">TEV.LV<\/a>\u201d.<\/p>\n","protected":false},"excerpt":{"rendered":"<p>We-vibe produkcija Tie\u0161i uz\u0146\u0113muma \u201eWe-vibe\u201d darbinieki rad\u012bja un v\u0113l\u0101k att\u012bst\u012bja abu partneru baudpilna piedz\u012bvojuma konceptu! Revolucion\u0101rais \u201eWe-vibe Classic\u201d bija pirmais&hellip;<\/p>\n","protected":false},"author":1,"featured_media":0,"parent":2911,"menu_order":0,"comment_status":"closed","ping_status":"closed","template":"","meta":{"footnotes":""},"class_list":["post-3006","page","type-page","status-publish","hentry"],"_links":{"self":[{"href":"https:\/\/shop.labi.lv\/lv\/wp-json\/wp\/v2\/pages\/3006","targetHints":{"allow":["GET"]}}],"collection":[{"href":"https:\/\/shop.labi.lv\/lv\/wp-json\/wp\/v2\/pages"}],"about":[{"href":"https:\/\/shop.labi.lv\/lv\/wp-json\/wp\/v2\/types\/page"}],"author":[{"embeddable":true,"href":"https:\/\/shop.labi.lv\/lv\/wp-json\/wp\/v2\/users\/1"}],"replies":[{"embeddable":true,"href":"https:\/\/shop.labi.lv\/lv\/wp-json\/wp\/v2\/comments?post=3006"}],"version-history":[{"count":56,"href":"https:\/\/shop.labi.lv\/lv\/wp-json\/wp\/v2\/pages\/3006\/revisions"}],"predecessor-version":[{"id":5333,"href":"https:\/\/shop.labi.lv\/lv\/wp-json\/wp\/v2\/pages\/3006\/revisions\/5333"}],"up":[{"embeddable":true,"href":"https:\/\/shop.labi.lv\/lv\/wp-json\/wp\/v2\/pages\/2911"}],"wp:attachment":[{"href":"https:\/\/shop.labi.lv\/lv\/wp-json\/wp\/v2\/media?parent=3006"}],"curies":[{"name":"wp","href":"https:\/\/api.w.org\/{rel}","templated":true}]}}