  {"id":3088,"date":"2018-02-22T12:50:44","date_gmt":"2018-02-22T10:50:44","guid":{"rendered":"http:\/\/labi.lv\/?page_id=3088"},"modified":"2023-12-19T17:15:19","modified_gmt":"2023-12-19T15:15:19","slug":"lelo","status":"publish","type":"page","link":"https:\/\/shop.labi.lv\/lv\/int%c4%abmpreces\/izcelt%c4%81s-preces\/lelo\/","title":{"rendered":"Lelo"},"content":{"rendered":"<h2>LELO st\u0101sts<\/h2>\n<p>\u201eLELO\u201d st\u0101sts ir s\u0101cies v\u0113l 2003. gad\u0101 Zviedrij\u0101, Stokholm\u0101, kur tika izveidots pirmais \u201eLELO\u201d baudas objekts \u201eLILY\u201d. Ar laiku \u201eLELO\u201d papla\u0161in\u0101ja pied\u0101v\u0101jamo int\u012bmpre\u010du kl\u0101stu pied\u0101v\u0101jot jaunas formas un apg\u016bstot jaunas idejas.<\/p>\n<blockquote><p>Eleganta bauda un prieka mirk\u013ci ikvienam!<\/p><\/blockquote>\n<p>Piepras\u012bjums p\u0113c elegant\u0101m un efekt\u012bv\u0101m koncepcij\u0101m radik\u0101li p\u0101rveidoja seksa rota\u013clietu dizaina pieeju, pier\u0101dot, ka past\u0101v kolekt\u012bva v\u0113lme par skaist\u0101kiem int\u012bmiem priek\u0161metiem. \u201eLELO\u201d bija atkl\u0101ju\u0161i savu ni\u0161u!<\/p>\n<div id='gallery-1' class='gallery galleryid-3088 gallery-columns-1 gallery-size-large'><figure class='gallery-item'>\n\t\t\t<div class='gallery-icon landscape'>\n\t\t\t\t<a href='https:\/\/shop.labi.lv\/lv\/wp-content\/uploads\/2018\/02\/love2.jpg'><img loading=\"lazy\" decoding=\"async\" width=\"660\" height=\"330\" src=\"https:\/\/shop.labi.lv\/lv\/wp-content\/uploads\/2018\/02\/love2.jpg\" class=\"attachment-large size-large\" alt=\"m\u012blest\u012bba\" aria-describedby=\"gallery-1-3156\" srcset=\"https:\/\/shop.labi.lv\/lv\/wp-content\/uploads\/2018\/02\/love2.jpg 660w, https:\/\/shop.labi.lv\/lv\/wp-content\/uploads\/2018\/02\/love2-300x150.jpg 300w\" sizes=\"auto, (max-width: 660px) 100vw, 660px\" \/><\/a>\n\t\t\t<\/div>\n\t\t\t\t<figcaption class='wp-caption-text gallery-caption' id='gallery-1-3156'>\n\t\t\t\tm\u012blest\u012bba\n\t\t\t\t<\/figcaption><\/figure>\n\t\t<\/div>\n\n<p>Tagad \u201eLELO\u201d ir biroji \u0160anhaj\u0101, Sanhos\u0113 un daudz\u0101s cit\u0101s pils\u0113t\u0101s. \u201eLELO\u201d st\u0101sts ir nedal\u0101mi savijies ar main\u012bgo seksu\u0101lo ainavu.<\/p>\n<p>\u201eLELO\u201d int\u012bmpreces un baudas objekti tiek ra\u017eoti pa\u0161u r\u016bpn\u012bc\u0101 Eirop\u0101!<\/p>\n<h2>LELO produkcija<\/h2>\n<p>Zviedrij\u0101 izstr\u0101d\u0101tajiem baudas objekiem \u201eLELO\u201d ir rakstur\u012bgs unik\u0101ls un elegants dizains, kvalitat\u012bvi un piln\u012bgi dro\u0161i materi\u0101li, k\u0101 ar\u012b no jauna rad\u012btas tehnolo\u0123ijas, kas pirmo reizi par\u0101d\u012bj\u0101s tie\u0161i \u201eLELO\u201d produktos!<\/p>\n<ul class=\"same-page-links\">\n<li><a id=\"same-page-link\" href=\"#lelo-sona\">Lelo SONA apraksts<\/a><\/li>\n<li><a id=\"same-page-link\" href=\"#lelo-sona-cruise\">Lelo SONA Cruise apraksts<\/a><\/li>\n<li><a id=\"same-page-link\" href=\"#lelo-insignia\">Lelo Insignia kolekcija<\/a><\/li>\n<\/ul>\n<h2 id=\"lelo-sona\">Lelo SONA<\/h2>\n<p>\u201eSONA\u201d &#8211; ir unik\u0101ls baudas objekts &#8211; klitora stimul\u0113t\u0101js ar ska\u0146as puls\u0101cij\u0101m!<\/p>\n<p>Pateicoties unik\u0101lajai tehnolo\u0123ijai, kas kairina visu klitoru nevis tikai t\u0101 virspusi (k\u0101 dara ier\u012bces, kas stimul\u0113 ar gaisa pl\u016bsmu izmai\u0146\u0101m) sieviete var izbaud\u012bt piln\u012bg\u0101ku stimul\u0101ciju un juteklisk\u0101ku orgasmu.<\/p>\n<div id='gallery-2' class='gallery galleryid-3088 gallery-columns-3 gallery-size-thumbnail'><figure class='gallery-item'>\n\t\t\t<div class='gallery-icon landscape'>\n\t\t\t\t<a href='https:\/\/shop.labi.lv\/lv\/wp-content\/uploads\/2018\/02\/LELO_SONA_Black.jpg'><img loading=\"lazy\" decoding=\"async\" width=\"150\" height=\"150\" src=\"https:\/\/shop.labi.lv\/lv\/wp-content\/uploads\/2018\/02\/LELO_SONA_Black-150x150.jpg\" class=\"attachment-thumbnail size-thumbnail\" alt=\"LELO SONA\" aria-describedby=\"gallery-2-3131\" srcset=\"https:\/\/shop.labi.lv\/lv\/wp-content\/uploads\/2018\/02\/LELO_SONA_Black-150x150.jpg 150w, https:\/\/shop.labi.lv\/lv\/wp-content\/uploads\/2018\/02\/LELO_SONA_Black-300x300.jpg 300w, https:\/\/shop.labi.lv\/lv\/wp-content\/uploads\/2018\/02\/LELO_SONA_Black.jpg 480w\" sizes=\"auto, (max-width: 150px) 100vw, 150px\" \/><\/a>\n\t\t\t<\/div>\n\t\t\t\t<figcaption class='wp-caption-text gallery-caption' id='gallery-2-3131'>\n\t\t\t\tLELO SONA\n\t\t\t\t<\/figcaption><\/figure><figure class='gallery-item'>\n\t\t\t<div class='gallery-icon landscape'>\n\t\t\t\t<a href='https:\/\/shop.labi.lv\/lv\/wp-content\/uploads\/2018\/02\/LELO_SONA_Cerise.jpg'><img loading=\"lazy\" decoding=\"async\" width=\"150\" height=\"150\" src=\"https:\/\/shop.labi.lv\/lv\/wp-content\/uploads\/2018\/02\/LELO_SONA_Cerise-150x150.jpg\" class=\"attachment-thumbnail size-thumbnail\" alt=\"LELO SONA\" aria-describedby=\"gallery-2-3132\" srcset=\"https:\/\/shop.labi.lv\/lv\/wp-content\/uploads\/2018\/02\/LELO_SONA_Cerise-150x150.jpg 150w, https:\/\/shop.labi.lv\/lv\/wp-content\/uploads\/2018\/02\/LELO_SONA_Cerise-300x300.jpg 300w, https:\/\/shop.labi.lv\/lv\/wp-content\/uploads\/2018\/02\/LELO_SONA_Cerise.jpg 480w\" sizes=\"auto, (max-width: 150px) 100vw, 150px\" \/><\/a>\n\t\t\t<\/div>\n\t\t\t\t<figcaption class='wp-caption-text gallery-caption' id='gallery-2-3132'>\n\t\t\t\tLELO SONA\n\t\t\t\t<\/figcaption><\/figure><figure class='gallery-item'>\n\t\t\t<div class='gallery-icon landscape'>\n\t\t\t\t<a href='https:\/\/shop.labi.lv\/lv\/wp-content\/uploads\/2018\/02\/LELO_SONA_Pink.jpg'><img loading=\"lazy\" decoding=\"async\" width=\"150\" height=\"150\" src=\"https:\/\/shop.labi.lv\/lv\/wp-content\/uploads\/2018\/02\/LELO_SONA_Pink-150x150.jpg\" class=\"attachment-thumbnail size-thumbnail\" alt=\"LELO SONA\" aria-describedby=\"gallery-2-3133\" srcset=\"https:\/\/shop.labi.lv\/lv\/wp-content\/uploads\/2018\/02\/LELO_SONA_Pink-150x150.jpg 150w, https:\/\/shop.labi.lv\/lv\/wp-content\/uploads\/2018\/02\/LELO_SONA_Pink-300x300.jpg 300w, https:\/\/shop.labi.lv\/lv\/wp-content\/uploads\/2018\/02\/LELO_SONA_Pink.jpg 480w\" sizes=\"auto, (max-width: 150px) 100vw, 150px\" \/><\/a>\n\t\t\t<\/div>\n\t\t\t\t<figcaption class='wp-caption-text gallery-caption' id='gallery-2-3133'>\n\t\t\t\tLELO SONA\n\t\t\t\t<\/figcaption><\/figure>\n\t\t<\/div>\n\n<p><strong>Izj\u016btat baudas vi\u013c\u0146us!<\/strong> \u201eSONA\u201d stimul\u0113 klitoru ar ska\u0146as puls\u0101cij\u0101m! Tas noz\u012bm\u0113, ka tas nebalst\u0101s uz vibr\u0101cij\u0101m k\u0101 parast\u0101s seksa rota\u013clietas. T\u0101 viet\u0101 tas izmanto ska\u0146as vi\u013c\u0146us un impulsus, lai stimul\u0113tu visu klitoru &#8211; ne tikai \u0101r\u0113jo da\u013cu, kuru J\u016bs varat redz\u0113t un kurai var pieskarties.<\/p>\n<p><strong>Uzman\u012bbu, gatav\u012bbu, aiziet!<\/strong> \u201eSONA\u201d pied\u0101v\u0101 asto\u0146us da\u017e\u0101dus un intens\u012bvi pievilc\u012bgus iestat\u012bjumus, lai J\u016bs var\u0113tu atrast to, kas Jums pat\u012bk vislab\u0101k. Ar\u012b saskarne ir p\u0101rveidota, padarot to tik vienk\u0101r\u0161u, ka J\u016bs varat to izmantot ar aizv\u0113rt\u0101m ac\u012bm. Kas par baudu!<\/p>\n<div id='gallery-3' class='gallery galleryid-3088 gallery-columns-1 gallery-size-medium'><figure class='gallery-item'>\n\t\t\t<div class='gallery-icon landscape'>\n\t\t\t\t<a href='https:\/\/shop.labi.lv\/lv\/wp-content\/uploads\/2018\/02\/sona_cruise_model.jpg'><img loading=\"lazy\" decoding=\"async\" width=\"300\" height=\"294\" src=\"https:\/\/shop.labi.lv\/lv\/wp-content\/uploads\/2018\/02\/sona_cruise_model-300x294.jpg\" class=\"attachment-medium size-medium\" alt=\"LELO SONA\" aria-describedby=\"gallery-3-3139\" srcset=\"https:\/\/shop.labi.lv\/lv\/wp-content\/uploads\/2018\/02\/sona_cruise_model-300x294.jpg 300w, https:\/\/shop.labi.lv\/lv\/wp-content\/uploads\/2018\/02\/sona_cruise_model-768x752.jpg 768w, https:\/\/shop.labi.lv\/lv\/wp-content\/uploads\/2018\/02\/sona_cruise_model-1024x1003.jpg 1024w, https:\/\/shop.labi.lv\/lv\/wp-content\/uploads\/2018\/02\/sona_cruise_model.jpg 1920w\" sizes=\"auto, (max-width: 300px) 100vw, 300px\" \/><\/a>\n\t\t\t<\/div>\n\t\t\t\t<figcaption class='wp-caption-text gallery-caption' id='gallery-3-3139'>\n\t\t\t\tLELO SONA\n\t\t\t\t<\/figcaption><\/figure>\n\t\t<\/div>\n\n<p><strong>Samirkstat bez raiz\u0113m!<\/strong> \u201eSONA\u201d ir 100% \u016bdensiztur\u012bgs. T\u0101tad, ja jums pat\u012bk kokteilis Pina colada un nok\u013c\u016bt liet\u016b, tad J\u016bsu varonis ir ieradies! Tas ar\u012b nodro\u0161ina \u013coti vieglu ier\u012bces kop\u0161anu. \u201eSONA\u201d ir izgatavots no viena silikona gabala, un \u0161is struktur\u0101lais dizains saglab\u0101 t\u0101 \u016bdensnecaurlaid\u012bbu &#8211; pat pie uzl\u0101des ligzdas. Ide\u0101ls vannai, du\u0161ai vai burbu\u013cvannai!<\/p>\n<p><strong>Klus\u0113\u0161ana ir zelts!<\/strong> T\u0101 k\u0101 \u201eSONA\u201d nav l\u012bdz\u012bgs tradicion\u0101lajam izklaides produktam, tas ar\u012b neskan t\u0101. Tas ir kluss un diskr\u0113ts &#8211; ide\u0101ls lietot\u0101jiem, kuriem nepiecie\u0161ama r\u012bc\u012bbas br\u012bv\u012bba. Turkl\u0101t tas ir USB uzl\u0101d\u0113jams, t\u0101p\u0113c J\u016bs to varat izmantot visur, kur Jums j\u0101dodas. Uzlad\u0113jot ier\u012bci vienu stundu, t\u0101 sag\u0101d\u0101s Jums l\u012bdz stundai baudpilna prieka.<\/p>\n<p><strong>Tas ir izskata jaut\u0101jums!<\/strong> \u201eSONA\u201d lieliski iederas j\u016bsu rokas plaukst\u0101 un diskr\u0113ti somi\u0146\u0101.<\/p>\n<p><strong>Iz\u0123\u0113rbjaties!<\/strong> \u201eLELO\u201d kastes atv\u0113r\u0161ana ir seks\u012bgs, juteklisks ritu\u0101ls: prieka svin\u012bbas, piln\u012bgas indul\u0123ences un satraukuma izpausme. Lietojat to sapr\u0101t\u012bgi, bie\u017ei un r\u016bp\u012bgi.<\/p>\n<h2 id=\"lelo-sona-cruise\">Lelo SONA Cruise<\/h2>\n<p>\u201eSONA Cruise\u201d &#8211; ir unik\u0101ls baudas objekts &#8211; klitora stimul\u0113t\u0101js ar ska\u0146as puls\u0101cij\u0101m!<\/p>\n<p>Iepaz\u012bstieties ar ska\u0146as masieri, kas stimul\u0113 par 75% vair\u0101k no J\u016bsu klitora &#8211; saj\u016btai, kas main\u012bs J\u016bsu dz\u012bvi, ik p\u0113c katra orgasma!<\/p>\n<div id='gallery-4' class='gallery galleryid-3088 gallery-columns-1 gallery-size-medium'><figure class='gallery-item'>\n\t\t\t<div class='gallery-icon landscape'>\n\t\t\t\t<a href='https:\/\/shop.labi.lv\/lv\/wp-content\/uploads\/2018\/03\/sona_cruise_model_002.jpg'><img loading=\"lazy\" decoding=\"async\" width=\"300\" height=\"225\" src=\"https:\/\/shop.labi.lv\/lv\/wp-content\/uploads\/2018\/03\/sona_cruise_model_002-300x225.jpg\" class=\"attachment-medium size-medium\" alt=\"\" aria-describedby=\"gallery-4-3198\" srcset=\"https:\/\/shop.labi.lv\/lv\/wp-content\/uploads\/2018\/03\/sona_cruise_model_002-300x225.jpg 300w, https:\/\/shop.labi.lv\/lv\/wp-content\/uploads\/2018\/03\/sona_cruise_model_002-768x577.jpg 768w, https:\/\/shop.labi.lv\/lv\/wp-content\/uploads\/2018\/03\/sona_cruise_model_002-1024x769.jpg 1024w, https:\/\/shop.labi.lv\/lv\/wp-content\/uploads\/2018\/03\/sona_cruise_model_002.jpg 1913w\" sizes=\"auto, (max-width: 300px) 100vw, 300px\" \/><\/a>\n\t\t\t<\/div>\n\t\t\t\t<figcaption class='wp-caption-text gallery-caption' id='gallery-4-3198'>\n\t\t\t\tLelo SONA Cruise\n\t\t\t\t<\/figcaption><\/figure>\n\t\t<\/div>\n\n<blockquote><p>Papildus \u012bpa\u0161\u012bb\u0101m, kas rakst\u016br\u012bgas parastaj\u0101m \u201eLelo SONA\u201d variantam, \u201eLelo SONA Cruise\u201d ir apr\u012bkots ar \u012bpa\u0161u re\u017eimu &#8211; kru\u012bza kontroli!<\/p><\/blockquote>\n<p>Kru\u012bzkontrole ir speci\u0101li izstr\u0101d\u0101ta LELO tehnolo\u0123ija, kas pa\u0161laik ir eksluz\u012bvi pieejama tikai Lelo SONA Cruise ier\u012bc\u0113m. T\u0101 ir \u012bpa\u0161\u012bba, kas parasti saglab\u0101 20% no visas SONA Cruise norm\u0101l\u0101s lieto\u0161anas jaudas, gad\u012bjumiem, kad ier\u012bce ir stingri piek\u013cauta (piespiesta) \u0137ermenim. T\u0101dos br\u012b\u017eos ier\u012b\u010du motors parasti zaud\u0113 jaudu. Tie\u0161i \u0161\u0101dos gad\u012bjumos tiek izmantota rezerv\u0113t\u0101 20% jauda, lai stimul\u0113\u0161anas intensit\u0101te nesamazin\u0101tos. Tas nav iestat\u012bjums, tas notiek piln\u012bgi autom\u0101tiski, turkl\u0101t, tas nov\u0113r\u0161 visizplat\u012bt\u0101ko s\u016bdz\u012bbu par \u0161\u0101da tipa izklaides produktiem.<\/p>\n<div id='gallery-5' class='gallery galleryid-3088 gallery-columns-3 gallery-size-thumbnail'><figure class='gallery-item'>\n\t\t\t<div class='gallery-icon landscape'>\n\t\t\t\t<a href='https:\/\/shop.labi.lv\/lv\/int%c4%abmpreces\/izcelt%c4%81s-preces\/lelo\/lelo_sona_black_pack\/'><img loading=\"lazy\" decoding=\"async\" width=\"150\" height=\"150\" src=\"https:\/\/shop.labi.lv\/lv\/wp-content\/uploads\/2018\/02\/LELO_SONA_Black_pack-150x150.jpg\" class=\"attachment-thumbnail size-thumbnail\" alt=\"LELO SONA\" aria-describedby=\"gallery-5-3143\" srcset=\"https:\/\/shop.labi.lv\/lv\/wp-content\/uploads\/2018\/02\/LELO_SONA_Black_pack-150x150.jpg 150w, https:\/\/shop.labi.lv\/lv\/wp-content\/uploads\/2018\/02\/LELO_SONA_Black_pack-300x300.jpg 300w, https:\/\/shop.labi.lv\/lv\/wp-content\/uploads\/2018\/02\/LELO_SONA_Black_pack.jpg 480w\" sizes=\"auto, (max-width: 150px) 100vw, 150px\" \/><\/a>\n\t\t\t<\/div>\n\t\t\t\t<figcaption class='wp-caption-text gallery-caption' id='gallery-5-3143'>\n\t\t\t\tLELO SONA\n\t\t\t\t<\/figcaption><\/figure><figure class='gallery-item'>\n\t\t\t<div class='gallery-icon landscape'>\n\t\t\t\t<a href='https:\/\/shop.labi.lv\/lv\/int%c4%abmpreces\/izcelt%c4%81s-preces\/lelo\/lelo_sona_cerise_pack\/'><img loading=\"lazy\" decoding=\"async\" width=\"150\" height=\"150\" src=\"https:\/\/shop.labi.lv\/lv\/wp-content\/uploads\/2018\/02\/LELO_SONA_Cerise_pack-150x150.jpg\" class=\"attachment-thumbnail size-thumbnail\" alt=\"LELO SONA\" aria-describedby=\"gallery-5-3144\" srcset=\"https:\/\/shop.labi.lv\/lv\/wp-content\/uploads\/2018\/02\/LELO_SONA_Cerise_pack-150x150.jpg 150w, https:\/\/shop.labi.lv\/lv\/wp-content\/uploads\/2018\/02\/LELO_SONA_Cerise_pack-300x300.jpg 300w, https:\/\/shop.labi.lv\/lv\/wp-content\/uploads\/2018\/02\/LELO_SONA_Cerise_pack.jpg 480w\" sizes=\"auto, (max-width: 150px) 100vw, 150px\" \/><\/a>\n\t\t\t<\/div>\n\t\t\t\t<figcaption class='wp-caption-text gallery-caption' id='gallery-5-3144'>\n\t\t\t\tLELO SONA\n\t\t\t\t<\/figcaption><\/figure><figure class='gallery-item'>\n\t\t\t<div class='gallery-icon landscape'>\n\t\t\t\t<a href='https:\/\/shop.labi.lv\/lv\/int%c4%abmpreces\/izcelt%c4%81s-preces\/lelo\/lelo_sona_pink_pack\/'><img loading=\"lazy\" decoding=\"async\" width=\"150\" height=\"150\" src=\"https:\/\/shop.labi.lv\/lv\/wp-content\/uploads\/2018\/02\/LELO_SONA_Pink_pack-150x150.jpg\" class=\"attachment-thumbnail size-thumbnail\" alt=\"LELO SONA\" aria-describedby=\"gallery-5-3145\" srcset=\"https:\/\/shop.labi.lv\/lv\/wp-content\/uploads\/2018\/02\/LELO_SONA_Pink_pack-150x150.jpg 150w, https:\/\/shop.labi.lv\/lv\/wp-content\/uploads\/2018\/02\/LELO_SONA_Pink_pack-300x300.jpg 300w, https:\/\/shop.labi.lv\/lv\/wp-content\/uploads\/2018\/02\/LELO_SONA_Pink_pack.jpg 480w\" sizes=\"auto, (max-width: 150px) 100vw, 150px\" \/><\/a>\n\t\t\t<\/div>\n\t\t\t\t<figcaption class='wp-caption-text gallery-caption' id='gallery-5-3145'>\n\t\t\t\tLELO SONA\n\t\t\t\t<\/figcaption><\/figure>\n\t\t<\/div>\n\n<p>Lelo baudas priek\u0161meti pie pirc\u0113jiem non\u0101k gaum\u012bgi iepakoti &#8211; t\u0101tad, tos var d\u0101vin\u0101t bez papildus raiz\u0113m.<\/p>\n<h2 id=\"lelo-insignia\">Lelo Insignia kolekcija<\/h2>\n<p>\u201eLELO Insignia\u201d kolekcija ietver tikai pa\u0161us izmekl\u0113t\u0101kos baudas priek\u0161metus! \u012apa\u0161a g\u0101d\u012bba materi\u0101lu un tehnolo\u0123iju izv\u0113l\u0113 nodro\u0161ina unik\u0101lu pieredzi, ko sniedz tikai \u201eLELO\u201d!<\/p>\n<blockquote><p>Grezna elegance un p\u0101rdom\u0101t\u012bba it vis\u0101!<\/p><\/blockquote>\n<div id='gallery-6' class='gallery galleryid-3088 gallery-columns-3 gallery-size-thumbnail'><figure class='gallery-item'>\n\t\t\t<div class='gallery-icon landscape'>\n\t\t\t\t<a href='https:\/\/shop.labi.lv\/lv\/int%c4%abmpreces\/izcelt%c4%81s-preces\/lelo\/lelo_insignia_tiani_24k_product_black_2x_1\/'><img loading=\"lazy\" decoding=\"async\" width=\"150\" height=\"150\" src=\"https:\/\/shop.labi.lv\/lv\/wp-content\/uploads\/2018\/02\/LELO_Insignia_Tiani_24k_Product_Black_2x_1-150x150.jpg\" class=\"attachment-thumbnail size-thumbnail\" alt=\"LELO Insignia Tiani\" aria-describedby=\"gallery-6-3149\" srcset=\"https:\/\/shop.labi.lv\/lv\/wp-content\/uploads\/2018\/02\/LELO_Insignia_Tiani_24k_Product_Black_2x_1-150x150.jpg 150w, https:\/\/shop.labi.lv\/lv\/wp-content\/uploads\/2018\/02\/LELO_Insignia_Tiani_24k_Product_Black_2x_1-300x300.jpg 300w, https:\/\/shop.labi.lv\/lv\/wp-content\/uploads\/2018\/02\/LELO_Insignia_Tiani_24k_Product_Black_2x_1-768x768.jpg 768w, https:\/\/shop.labi.lv\/lv\/wp-content\/uploads\/2018\/02\/LELO_Insignia_Tiani_24k_Product_Black_2x_1.jpg 1000w\" sizes=\"auto, (max-width: 150px) 100vw, 150px\" \/><\/a>\n\t\t\t<\/div>\n\t\t\t\t<figcaption class='wp-caption-text gallery-caption' id='gallery-6-3149'>\n\t\t\t\tLELO Insignia Tiani\n\t\t\t\t<\/figcaption><\/figure><figure class='gallery-item'>\n\t\t\t<div class='gallery-icon landscape'>\n\t\t\t\t<a href='https:\/\/shop.labi.lv\/lv\/int%c4%abmpreces\/izcelt%c4%81s-preces\/lelo\/lelo_insignia_soraya_product_cerise_2x_0\/'><img loading=\"lazy\" decoding=\"async\" width=\"150\" height=\"150\" src=\"https:\/\/shop.labi.lv\/lv\/wp-content\/uploads\/2018\/02\/LELO_Insignia_Soraya_product_cerise_2x_0-150x150.jpg\" class=\"attachment-thumbnail size-thumbnail\" alt=\"LELO Insignia Soraya\" aria-describedby=\"gallery-6-3148\" srcset=\"https:\/\/shop.labi.lv\/lv\/wp-content\/uploads\/2018\/02\/LELO_Insignia_Soraya_product_cerise_2x_0-150x150.jpg 150w, https:\/\/shop.labi.lv\/lv\/wp-content\/uploads\/2018\/02\/LELO_Insignia_Soraya_product_cerise_2x_0-300x300.jpg 300w, https:\/\/shop.labi.lv\/lv\/wp-content\/uploads\/2018\/02\/LELO_Insignia_Soraya_product_cerise_2x_0.jpg 480w\" sizes=\"auto, (max-width: 150px) 100vw, 150px\" \/><\/a>\n\t\t\t<\/div>\n\t\t\t\t<figcaption class='wp-caption-text gallery-caption' id='gallery-6-3148'>\n\t\t\t\tLELO Insignia Soraya\n\t\t\t\t<\/figcaption><\/figure><figure class='gallery-item'>\n\t\t\t<div class='gallery-icon landscape'>\n\t\t\t\t<a href='https:\/\/shop.labi.lv\/lv\/int%c4%abmpreces\/izcelt%c4%81s-preces\/lelo\/lelo_insignia_hula-beads_product-1_ocean-blue_2x\/'><img loading=\"lazy\" decoding=\"async\" width=\"150\" height=\"150\" src=\"https:\/\/shop.labi.lv\/lv\/wp-content\/uploads\/2018\/02\/LELO_Insignia_HULA-BEADS_product-1_ocean-blue_2x-150x150.jpg\" class=\"attachment-thumbnail size-thumbnail\" alt=\"LELO Insignia HULA BEADS\" aria-describedby=\"gallery-6-3151\" srcset=\"https:\/\/shop.labi.lv\/lv\/wp-content\/uploads\/2018\/02\/LELO_Insignia_HULA-BEADS_product-1_ocean-blue_2x-150x150.jpg 150w, https:\/\/shop.labi.lv\/lv\/wp-content\/uploads\/2018\/02\/LELO_Insignia_HULA-BEADS_product-1_ocean-blue_2x-300x300.jpg 300w, https:\/\/shop.labi.lv\/lv\/wp-content\/uploads\/2018\/02\/LELO_Insignia_HULA-BEADS_product-1_ocean-blue_2x.jpg 480w\" sizes=\"auto, (max-width: 150px) 100vw, 150px\" \/><\/a>\n\t\t\t<\/div>\n\t\t\t\t<figcaption class='wp-caption-text gallery-caption' id='gallery-6-3151'>\n\t\t\t\tLELO Insignia HULA BEADS\n\t\t\t\t<\/figcaption><\/figure>\n\t\t<\/div>\n\n<p>\u201eLELO Insignia\u201d kolekcijas baudas objekti komplekt\u0101 iek\u013cauj bezvadu pulti. \u0160\u012b pults str\u0101d\u0101 ar revolucion\u0101ro \u201eSenseMotion\u201d tehnolo\u0123iju, kas \u013cauj Jums jebkur\u0101 br\u012bd\u012b, ar vienk\u0101r\u0161u plaukstas kust\u012bbu, piel\u0101got vibr\u0101cijas re\u017e\u012bmu un main\u012bt to ritmu.<\/p>\n<p>Da\u017ei \u201eLELO Insignia\u201d ser\u012bjas baudas priek\u0161meti komplekt\u0101 ietver \u012bpa\u0161u bro\u0161u. Valk\u0101jot to, J\u016bs diskr\u0113ti pazi\u0146ojat, ka ziniet k\u0101du nosl\u0113pumu. Elegances un baudas apv\u0101r\u0161\u0146u nosl\u0113pums ir \u201eLELO\u201d!<\/p>\n<p>\u201eLELO Insignia\u201d var k\u013c\u016bt par greznu papildin\u0101jumu J\u016bsu m\u012blest\u012bba dz\u012bv\u0113.<\/p>\n<h3>Kur var \u0161\u012bs preces ieg\u0101d\u0101ties?<\/h3>\n<p>Seksa ma\u0161\u012bnu noteikti atrad\u012bsiet salonos \u201e<a href=\"https:\/\/shop.labi.lv\/lv\/par-mums\/kontakti\/\" target=\"_blank\" rel=\"noopener\">LABI<\/a>\u201d un int\u012bmpre\u010du interneta veikal\u0101 \u201e<a href=\"https:\/\/tev.lv\/lv\" target=\"_blank\" rel=\"noopener\">TEV.LV<\/a>\u201d.<\/p>\n","protected":false},"excerpt":{"rendered":"<p>LELO st\u0101sts \u201eLELO\u201d st\u0101sts ir s\u0101cies v\u0113l 2003. gad\u0101 Zviedrij\u0101, Stokholm\u0101, kur tika izveidots pirmais \u201eLELO\u201d baudas objekts \u201eLILY\u201d. Ar&hellip;<\/p>\n","protected":false},"author":1,"featured_media":0,"parent":2911,"menu_order":0,"comment_status":"closed","ping_status":"closed","template":"","meta":{"footnotes":""},"class_list":["post-3088","page","type-page","status-publish","hentry"],"_links":{"self":[{"href":"https:\/\/shop.labi.lv\/lv\/wp-json\/wp\/v2\/pages\/3088","targetHints":{"allow":["GET"]}}],"collection":[{"href":"https:\/\/shop.labi.lv\/lv\/wp-json\/wp\/v2\/pages"}],"about":[{"href":"https:\/\/shop.labi.lv\/lv\/wp-json\/wp\/v2\/types\/page"}],"author":[{"embeddable":true,"href":"https:\/\/shop.labi.lv\/lv\/wp-json\/wp\/v2\/users\/1"}],"replies":[{"embeddable":true,"href":"https:\/\/shop.labi.lv\/lv\/wp-json\/wp\/v2\/comments?post=3088"}],"version-history":[{"count":63,"href":"https:\/\/shop.labi.lv\/lv\/wp-json\/wp\/v2\/pages\/3088\/revisions"}],"predecessor-version":[{"id":5337,"href":"https:\/\/shop.labi.lv\/lv\/wp-json\/wp\/v2\/pages\/3088\/revisions\/5337"}],"up":[{"embeddable":true,"href":"https:\/\/shop.labi.lv\/lv\/wp-json\/wp\/v2\/pages\/2911"}],"wp:attachment":[{"href":"https:\/\/shop.labi.lv\/lv\/wp-json\/wp\/v2\/media?parent=3088"}],"curies":[{"name":"wp","href":"https:\/\/api.w.org\/{rel}","templated":true}]}}