  {"id":3163,"date":"2018-02-26T13:19:30","date_gmt":"2018-02-26T11:19:30","guid":{"rendered":"http:\/\/labi.lv\/?page_id=3163"},"modified":"2023-12-20T22:37:58","modified_gmt":"2023-12-20T20:37:58","slug":"seksa-ma%c5%a1%c4%abna","status":"publish","type":"page","link":"https:\/\/shop.labi.lv\/lv\/int%c4%abmpreces\/izcelt%c4%81s-preces\/seksa-ma%c5%a1%c4%abna\/","title":{"rendered":"Seksa ma\u0161\u012bna"},"content":{"rendered":"<h2>Seksa ma\u0161\u012bnas st\u0101sts<\/h2>\n<p>Ar seksa ma\u0161\u012bnas pal\u012bdz\u012bbu jebkura sieviete var atrisin\u0101t probl\u0113mu, ko rada v\u012brie\u0161a tr\u016bkums sav\u0101 dz\u012bv\u0113!<\/p>\n<p>T\u0101pat, ar\u012b v\u012brie\u0161i var automatiz\u0113t relaks\u0113\u0161anos izmantojot seksa ma\u0161\u012bnu! \u0160im nol\u016bkam tiek pied\u0101v\u0101ts uzgalis-vag\u012bna.<\/p>\n<blockquote><p>Atrodiet \u0113rt\u0101ko st\u0101vokli, aizveriet savas acis un izbaudiet lielisku izpriecu, kas Jums liks (ne vienu reizi vien) sasniegt baudas virsotnes.<\/p><\/blockquote>\n<p>Ier\u012bces lieto\u0161ana \u013cauj atp\u016btin\u0101t \u0137ermeni un g\u016bt baudu. T\u0101 nav atkar\u012bga no partnera, jo ir pak\u013cauta tikai J\u016bsu v\u0113lm\u0113m un iegrib\u0101m, kuras ier\u012bce izpilda tikl\u012bdz t\u0101s ir iestat\u012btas ar vad\u012bbas pulti. Turkl\u0101t, gr\u016bdienu le\u0146\u0137i un frekvenci (bie\u017eumu) var regul\u0113t (main\u012bt) p\u0113c labpatikas, tie\u0161i taj\u0101 br\u012bd\u012b, kad tas &#8220;ien\u0101k pr\u0101t\u0101&#8221;!<\/p>\n<h2>Seksa ma\u0161\u012bna<\/h2>\n<p>Uzlabot\u0101, autom\u0101tisk\u0101 seksa ma\u0161\u012bna pied\u0101v\u0101 visu nepiecie\u0161amo.<\/p>\n<p><img loading=\"lazy\" decoding=\"async\" class=\"aligncenter size-medium wp-image-3173\" src=\"https:\/\/shop.labi.lv\/lv\/wp-content\/uploads\/2018\/02\/sexmachine_003.355c0049-300x300.jpg\" alt=\"\" width=\"300\" height=\"300\" srcset=\"https:\/\/shop.labi.lv\/lv\/wp-content\/uploads\/2018\/02\/sexmachine_003.355c0049-300x300.jpg 300w, https:\/\/shop.labi.lv\/lv\/wp-content\/uploads\/2018\/02\/sexmachine_003.355c0049-150x150.jpg 150w, https:\/\/shop.labi.lv\/lv\/wp-content\/uploads\/2018\/02\/sexmachine_003.355c0049.jpg 600w\" sizes=\"auto, (max-width: 300px) 100vw, 300px\" \/><\/p>\n<p>Ier\u012bcei ir met\u0101la stiprin\u0101jums priek\u0161pus\u0113, kas piem\u0113rots da\u017e\u0101diem uzga\u013ciem.<\/p>\n<p>Pie t\u0101 ir stiprin\u0101ms augstas kvalit\u0101tes falla imitators (dildo) vai vag\u012bnas imitators (m\u0101ksl\u012bg\u0101 vag\u012bna), kas sniedz Jums perfektu stimul\u0101ciju.<\/p>\n<blockquote><p>Ar \u0161\u012bs izsmalcin\u0101t\u0101s konstrukcijas straujaj\u0101m kust\u012bb\u0101m J\u016bs var\u0113siet burv\u012bgus mirk\u013cus pagarin\u0101t l\u012bdz baudas stund\u0101m!<\/p><\/blockquote>\n<p>Dildo (falla imitators) ir veidots t\u0101, lai uzga\u013ca forma un virsmas strukt\u016bra atdarin\u0101tu dabisku v\u012brie\u0161a dzimumlocekli.<\/p>\n<p>M\u0101ksl\u012bg\u0101 vag\u012bna ir veidota t\u0101, lai t\u0101s forma un iek\u0161\u0113j\u0101 strukt\u016bra atdarin\u0101tu dabisku sievietes vag\u012bnu.<\/p>\n<h2>Seksa ma\u0161\u012bnas uzga\u013ci<\/h2>\n<p>Uzga\u013ci tiek veidoti no p\u0101rbaud\u012btiem, kvalitat\u012bviem un dro\u0161iem materi\u0101liem.<\/p>\n<p>Katram uzgalim centr\u0101 ir met\u0101la kodols, kas nodro\u0161ina stingr\u012bbu, un ir savientos ar stiprin\u0101juma vietu.<\/p>\n<div id='gallery-1' class='gallery galleryid-3163 gallery-columns-3 gallery-size-thumbnail'><figure class='gallery-item'>\n\t\t\t<div class='gallery-icon landscape'>\n\t\t\t\t<a href='https:\/\/shop.labi.lv\/lv\/wp-content\/uploads\/2018\/02\/sexmachine_extension_A1_001.f1f477dc.jpg'><img loading=\"lazy\" decoding=\"async\" width=\"150\" height=\"150\" src=\"https:\/\/shop.labi.lv\/lv\/wp-content\/uploads\/2018\/02\/sexmachine_extension_A1_001.f1f477dc-150x150.jpg\" class=\"attachment-thumbnail size-thumbnail\" alt=\"Uzgalis no silikona ar v\u0113nu t\u012bklojumu\" aria-describedby=\"gallery-1-3166\" srcset=\"https:\/\/shop.labi.lv\/lv\/wp-content\/uploads\/2018\/02\/sexmachine_extension_A1_001.f1f477dc-150x150.jpg 150w, https:\/\/shop.labi.lv\/lv\/wp-content\/uploads\/2018\/02\/sexmachine_extension_A1_001.f1f477dc-300x300.jpg 300w, https:\/\/shop.labi.lv\/lv\/wp-content\/uploads\/2018\/02\/sexmachine_extension_A1_001.f1f477dc.jpg 600w\" sizes=\"auto, (max-width: 150px) 100vw, 150px\" \/><\/a>\n\t\t\t<\/div>\n\t\t\t\t<figcaption class='wp-caption-text gallery-caption' id='gallery-1-3166'>\n\t\t\t\tUzgalis no silikona ar v\u0113nu t\u012bklojumu\n\t\t\t\t<\/figcaption><\/figure><figure class='gallery-item'>\n\t\t\t<div class='gallery-icon landscape'>\n\t\t\t\t<a href='https:\/\/shop.labi.lv\/lv\/wp-content\/uploads\/2018\/02\/sexmachine_extension_A2_001.0c5bb2b9.jpg'><img loading=\"lazy\" decoding=\"async\" width=\"150\" height=\"150\" src=\"https:\/\/shop.labi.lv\/lv\/wp-content\/uploads\/2018\/02\/sexmachine_extension_A2_001.0c5bb2b9-150x150.jpg\" class=\"attachment-thumbnail size-thumbnail\" alt=\"Uzgalis no silikona ar izteiktu v\u0113nu t\u012bklojumu\" aria-describedby=\"gallery-1-3167\" srcset=\"https:\/\/shop.labi.lv\/lv\/wp-content\/uploads\/2018\/02\/sexmachine_extension_A2_001.0c5bb2b9-150x150.jpg 150w, https:\/\/shop.labi.lv\/lv\/wp-content\/uploads\/2018\/02\/sexmachine_extension_A2_001.0c5bb2b9-300x300.jpg 300w, https:\/\/shop.labi.lv\/lv\/wp-content\/uploads\/2018\/02\/sexmachine_extension_A2_001.0c5bb2b9.jpg 600w\" sizes=\"auto, (max-width: 150px) 100vw, 150px\" \/><\/a>\n\t\t\t<\/div>\n\t\t\t\t<figcaption class='wp-caption-text gallery-caption' id='gallery-1-3167'>\n\t\t\t\tUzgalis no silikona ar izteiktu v\u0113nu t\u012bklojumu\n\t\t\t\t<\/figcaption><\/figure><figure class='gallery-item'>\n\t\t\t<div class='gallery-icon landscape'>\n\t\t\t\t<a href='https:\/\/shop.labi.lv\/lv\/wp-content\/uploads\/2018\/02\/sexmachine_extension_A3_001.e7ab52d1.jpg'><img loading=\"lazy\" decoding=\"async\" width=\"150\" height=\"150\" src=\"https:\/\/shop.labi.lv\/lv\/wp-content\/uploads\/2018\/02\/sexmachine_extension_A3_001.e7ab52d1-150x150.jpg\" class=\"attachment-thumbnail size-thumbnail\" alt=\"Uzgalis no silikona ar v\u0113nu t\u012bklojumu un pautiem\" aria-describedby=\"gallery-1-3168\" srcset=\"https:\/\/shop.labi.lv\/lv\/wp-content\/uploads\/2018\/02\/sexmachine_extension_A3_001.e7ab52d1-150x150.jpg 150w, https:\/\/shop.labi.lv\/lv\/wp-content\/uploads\/2018\/02\/sexmachine_extension_A3_001.e7ab52d1-300x300.jpg 300w, https:\/\/shop.labi.lv\/lv\/wp-content\/uploads\/2018\/02\/sexmachine_extension_A3_001.e7ab52d1.jpg 600w\" sizes=\"auto, (max-width: 150px) 100vw, 150px\" \/><\/a>\n\t\t\t<\/div>\n\t\t\t\t<figcaption class='wp-caption-text gallery-caption' id='gallery-1-3168'>\n\t\t\t\tUzgalis no silikona ar v\u0113nu t\u012bklojumu un pautiem\n\t\t\t\t<\/figcaption><\/figure><figure class='gallery-item'>\n\t\t\t<div class='gallery-icon landscape'>\n\t\t\t\t<a href='https:\/\/shop.labi.lv\/lv\/wp-content\/uploads\/2018\/02\/sexmachine_extension_B1_001.f178dcbc.jpg'><img loading=\"lazy\" decoding=\"async\" width=\"150\" height=\"150\" src=\"https:\/\/shop.labi.lv\/lv\/wp-content\/uploads\/2018\/02\/sexmachine_extension_B1_001.f178dcbc-150x150.jpg\" class=\"attachment-thumbnail size-thumbnail\" alt=\"Uzgalis no \u017eelejas veida materi\u0101la\" aria-describedby=\"gallery-1-3169\" srcset=\"https:\/\/shop.labi.lv\/lv\/wp-content\/uploads\/2018\/02\/sexmachine_extension_B1_001.f178dcbc-150x150.jpg 150w, https:\/\/shop.labi.lv\/lv\/wp-content\/uploads\/2018\/02\/sexmachine_extension_B1_001.f178dcbc-300x300.jpg 300w, https:\/\/shop.labi.lv\/lv\/wp-content\/uploads\/2018\/02\/sexmachine_extension_B1_001.f178dcbc.jpg 600w\" sizes=\"auto, (max-width: 150px) 100vw, 150px\" \/><\/a>\n\t\t\t<\/div>\n\t\t\t\t<figcaption class='wp-caption-text gallery-caption' id='gallery-1-3169'>\n\t\t\t\tUzgalis no \u017eelejas veida materi\u0101la\n\t\t\t\t<\/figcaption><\/figure><figure class='gallery-item'>\n\t\t\t<div class='gallery-icon landscape'>\n\t\t\t\t<a href='https:\/\/shop.labi.lv\/lv\/wp-content\/uploads\/2018\/02\/sexmachine_extension_B2_001.238ce3d6.jpg'><img loading=\"lazy\" decoding=\"async\" width=\"150\" height=\"150\" src=\"https:\/\/shop.labi.lv\/lv\/wp-content\/uploads\/2018\/02\/sexmachine_extension_B2_001.238ce3d6-150x150.jpg\" class=\"attachment-thumbnail size-thumbnail\" alt=\"Uzgalis no \u017eelejas veida materi\u0101la\" aria-describedby=\"gallery-1-3170\" srcset=\"https:\/\/shop.labi.lv\/lv\/wp-content\/uploads\/2018\/02\/sexmachine_extension_B2_001.238ce3d6-150x150.jpg 150w, https:\/\/shop.labi.lv\/lv\/wp-content\/uploads\/2018\/02\/sexmachine_extension_B2_001.238ce3d6-300x300.jpg 300w, https:\/\/shop.labi.lv\/lv\/wp-content\/uploads\/2018\/02\/sexmachine_extension_B2_001.238ce3d6.jpg 600w\" sizes=\"auto, (max-width: 150px) 100vw, 150px\" \/><\/a>\n\t\t\t<\/div>\n\t\t\t\t<figcaption class='wp-caption-text gallery-caption' id='gallery-1-3170'>\n\t\t\t\tUzgalis no \u017eelejas veida materi\u0101la\n\t\t\t\t<\/figcaption><\/figure><figure class='gallery-item'>\n\t\t\t<div class='gallery-icon landscape'>\n\t\t\t\t<a href='https:\/\/shop.labi.lv\/lv\/wp-content\/uploads\/2018\/02\/sexmachine_extension_K1_001.0158efe7.jpg'><img loading=\"lazy\" decoding=\"async\" width=\"150\" height=\"150\" src=\"https:\/\/shop.labi.lv\/lv\/wp-content\/uploads\/2018\/02\/sexmachine_extension_K1_001.0158efe7-150x150.jpg\" class=\"attachment-thumbnail size-thumbnail\" alt=\"Uzgalis vag\u012bnas imitators\" aria-describedby=\"gallery-1-3171\" srcset=\"https:\/\/shop.labi.lv\/lv\/wp-content\/uploads\/2018\/02\/sexmachine_extension_K1_001.0158efe7-150x150.jpg 150w, https:\/\/shop.labi.lv\/lv\/wp-content\/uploads\/2018\/02\/sexmachine_extension_K1_001.0158efe7-300x300.jpg 300w, https:\/\/shop.labi.lv\/lv\/wp-content\/uploads\/2018\/02\/sexmachine_extension_K1_001.0158efe7.jpg 600w\" sizes=\"auto, (max-width: 150px) 100vw, 150px\" \/><\/a>\n\t\t\t<\/div>\n\t\t\t\t<figcaption class='wp-caption-text gallery-caption' id='gallery-1-3171'>\n\t\t\t\tUzgalis vag\u012bnas imitators\n\t\t\t\t<\/figcaption><\/figure>\n\t\t<\/div>\n\n<p>Dildo gad\u012bjum\u0101 &#8211; met\u0101la kodolu aptver plastmasas p\u0101rkl\u0101jums, kuru no \u0101rpuses nosedz silikona vai \u017eelejas veida materi\u0101la kl\u0101jums. Savuk\u0101rt, m\u0101ksl\u012bg\u0101s vag\u012bnas gad\u012bjum\u0101, t\u0101 ir veidota no silikona un ievietota plastmasas cilindr\u0101, kas piestiprin\u0101ts met\u0101la kodolam.<\/p>\n<h3>Kur var izlas\u012bt papildus infom\u0101ciju par seksa ma\u0161\u012bnu?<\/h3>\n<p>Iepaz\u012bties ar pilnu seksa ma\u0161inas aprakstu, tehnkajiem parametriem, k\u0101 ar\u012b citu svar\u012bgu inform\u0101ciju var interneta vietn\u0113 \u201e<a href=\"https:\/\/sexmachine.lv\" target=\"_blank\" rel=\"noopener\">SexMachine.lv<\/a>\u201d!<\/p>\n<h3>Kur var \u0161\u012bs preces ieg\u0101d\u0101ties?<\/h3>\n<p>Seksa ma\u0161\u012bnu noteikti atrad\u012bsiet salonos \u201e<a href=\"https:\/\/shop.labi.lv\/lv\/par-mums\/kontakti\/\" target=\"_blank\" rel=\"noopener\">LABI<\/a>\u201d un int\u012bmpre\u010du interneta veikal\u0101 \u201e<a href=\"https:\/\/tev.lv\/lv\" target=\"_blank\" rel=\"noopener\">TEV.LV<\/a>\u201d.<\/p>\n","protected":false},"excerpt":{"rendered":"<p>Seksa ma\u0161\u012bnas st\u0101sts Ar seksa ma\u0161\u012bnas pal\u012bdz\u012bbu jebkura sieviete var atrisin\u0101t probl\u0113mu, ko rada v\u012brie\u0161a tr\u016bkums sav\u0101 dz\u012bv\u0113! T\u0101pat, ar\u012b&hellip;<\/p>\n","protected":false},"author":1,"featured_media":0,"parent":2911,"menu_order":0,"comment_status":"closed","ping_status":"closed","template":"","meta":{"footnotes":""},"class_list":["post-3163","page","type-page","status-publish","hentry"],"_links":{"self":[{"href":"https:\/\/shop.labi.lv\/lv\/wp-json\/wp\/v2\/pages\/3163","targetHints":{"allow":["GET"]}}],"collection":[{"href":"https:\/\/shop.labi.lv\/lv\/wp-json\/wp\/v2\/pages"}],"about":[{"href":"https:\/\/shop.labi.lv\/lv\/wp-json\/wp\/v2\/types\/page"}],"author":[{"embeddable":true,"href":"https:\/\/shop.labi.lv\/lv\/wp-json\/wp\/v2\/users\/1"}],"replies":[{"embeddable":true,"href":"https:\/\/shop.labi.lv\/lv\/wp-json\/wp\/v2\/comments?post=3163"}],"version-history":[{"count":18,"href":"https:\/\/shop.labi.lv\/lv\/wp-json\/wp\/v2\/pages\/3163\/revisions"}],"predecessor-version":[{"id":5417,"href":"https:\/\/shop.labi.lv\/lv\/wp-json\/wp\/v2\/pages\/3163\/revisions\/5417"}],"up":[{"embeddable":true,"href":"https:\/\/shop.labi.lv\/lv\/wp-json\/wp\/v2\/pages\/2911"}],"wp:attachment":[{"href":"https:\/\/shop.labi.lv\/lv\/wp-json\/wp\/v2\/media?parent=3163"}],"curies":[{"name":"wp","href":"https:\/\/api.w.org\/{rel}","templated":true}]}}