  {"id":3219,"date":"2018-05-02T20:39:18","date_gmt":"2018-05-02T17:39:18","guid":{"rendered":"http:\/\/labi.lv\/?page_id=3219"},"modified":"2023-12-20T22:16:38","modified_gmt":"2023-12-20T20:16:38","slug":"lab%c4%81k%c4%81s-cenas-garantija","status":"publish","type":"page","link":"https:\/\/shop.labi.lv\/lv\/par-mums\/lab%c4%81k%c4%81s-cenas-garantija\/","title":{"rendered":"Lab\u0101k\u0101s cenas garantija"},"content":{"rendered":"<h2>Vai zin\u0101t k\u0101d\u0113\u013c m\u016bsu cenas ir vislab\u0101k\u0101s?<\/h2>\n<p>\u0160aj\u0101 rakst\u0101 ir izst\u0101st\u012bts k\u0101p\u0113c, iep\u0113rkoties int\u012bmpre\u010du salonos \u201c<a href=\"https:\/\/shop.labi.lv\/lv\/\">LABI<\/a>\u201d un int\u012bmpre\u010du interneta veikal\u0101 \u201c<a href=\"https:\/\/tev.lv\/\">TEV.LV<\/a>\u201d, m\u016bsu klientiem izdodas ietaup\u012bt gan naudu, gan laiku.<\/p>\n<p><img loading=\"lazy\" decoding=\"async\" class=\"aligncenter size-full wp-image-3230\" src=\"https:\/\/shop.labi.lv\/lv\/\/wp-content\/uploads\/2018\/05\/bank-notes-cash-cash-box-210599.jpg\" alt=\"\" width=\"720\" height=\"468\" srcset=\"https:\/\/shop.labi.lv\/lv\/wp-content\/uploads\/2018\/05\/bank-notes-cash-cash-box-210599.jpg 720w, https:\/\/shop.labi.lv\/lv\/wp-content\/uploads\/2018\/05\/bank-notes-cash-cash-box-210599-300x195.jpg 300w\" sizes=\"auto, (max-width: 720px) 100vw, 720px\" \/><\/p>\n<h3>1. M\u0113s pas\u016btam un sa\u0146emam preces no to ra\u017eot\u0101jiem<\/h3>\n<p>M\u016bsu uz\u0146\u0113muma vair\u0101k k\u0101 30 gadu past\u0101v\u0113\u0161anas laik\u0101 m\u0113s esam izveidoju\u0161i kontaktus ar daudziem int\u012bmpre\u010du ra\u017eot\u0101jiem Eirop\u0101 (Lielbrit\u0101nija, N\u012bderlande, Polija, Sp\u0101nija, V\u0101cija, Zviedrija), \u0100zij\u0101 (Jap\u0101na un \u0136\u012bna) un Zieme\u013camerik\u0101 (ASV un Kan\u0101da). Liel\u0101ko da\u013cu int\u012bmpre\u010du m\u0113s ieg\u0101d\u0101jamies bez starpniekiem! Tas m\u016bsu klientiem nodro\u0161ina cenu l\u012bmeni, kas ir l\u012bdz\u012bgs vai zem\u0101ks par to pa\u0161u pre\u010du cen\u0101m cit\u0101s Eiropas valst\u012bs.<\/p>\n<h3>2. Liel\u0101kais int\u012bmpre\u010du tirgot\u0101js Latvij\u0101<\/h3>\n<p>SIA \u201cCSSL\u201d, kurai pieder gan pla\u0161i paz\u012bstamais int\u012bmpre\u010du salonu t\u012bkls \u201c<a href=\"https:\/\/shop.labi.lv\/lv\/\">LABI<\/a>\u201d, gan int\u012bmpre\u010du interneta veikals \u201c<a href=\"https:\/\/tev.lv\/\">TEV.LV<\/a>\u201d ir liel\u0101kais int\u012bmpre\u010du tirgot\u0101js Latvij\u0101! Salonu \u201c<a href=\"https:\/\/shop.labi.lv\/lv\/\">LABI<\/a>\u201d sortiment\u0101 alla\u017e ir ap 5000 pre\u010du, savuk\u0101rt, ap 3000 no t\u0101m pieejamas ieg\u0101dei \u201c<a href=\"https:\/\/tev.lv\/\">TEV.LV<\/a>\u201d.<\/p>\n<h3>3. Klienta dro\u0161\u012bba<\/h3>\n<p>Pas\u016btot k\u0101d\u0101 no liel\u0101kajiem Eiropas interneta veikaliem ir sastopami gad\u012bjumi, ka ats\u016bt\u012bt\u0101s preces neatbilst aprakstam vai ats\u016bt\u012bta cita, lai gan l\u012bdz\u012bga prece. T\u0101d\u0101s reiz\u0113s var rakst\u012bt pretenzijas, ta\u010du nepareiz\u0101s preces nos\u016bt\u012b\u0161ana atpaka\u013c un pareiz\u0101s preces gaid\u012b\u0161ana aiz\u0146em laiku un \u201cizraisa liekas galvass\u0101pes\u201d&#8230;<\/p>\n<p>Pas\u016btot int\u012bmpreces interneta veikal\u0101 \u201c<a href=\"https:\/\/tev.lv\/\">TEV.LV<\/a>\u201d, ne vien pre\u010du s\u016bt\u012b\u0161ana b\u016bs \u0101tr\u0101ka k\u0101 no \u0101rzem\u0113m, bet ar\u012b, pre\u010du gala cena b\u016bs l\u0113t\u0101ka, lab\u0101s cenas un zem\u0101ku s\u016bt\u012b\u0161anas izmaksu d\u0113\u013c.<\/p>\n<p>Savuk\u0101rt, kl\u0101tien\u0113 \u2013 int\u012bmpre\u010du salonos \u201c<a href=\"https:\/\/shop.labi.lv\/lv\/\">LABI<\/a>\u201d J\u016bs varat apskat\u012bt visu pre\u010du kl\u0101stu un sa\u0146emt p\u0101rdev\u0113ja konsult\u0101ciju! T\u0101d\u0113j\u0101di varat izv\u0113l\u0113ties, J\u016bsu v\u0113lm\u0113m, piem\u0113rot\u0101ko preci!<\/p>\n<h3>4. Baterijas<\/h3>\n<p>Visiem vibratoriem un mas\u0101\u017eas ier\u012bc\u0113m, kas ir darbin\u0101mas ar baterij\u0101m un kas pirktas int\u012bmpre\u010du interneta veikal\u0101 \u201c<a href=\"https:\/\/tev.lv\/\">TEV.LV<\/a>\u201d tiek nodro\u0161in\u0101ts viens \u2013 bezmaksas \u2013 bateriju komplekts (ja min\u0113t\u0101s baterijas neietilpst ier\u012bces komplekt\u0101cij\u0101).<\/p>\n<p>L\u012bdz ar to J\u016bs varat \u013cauties baud\u012bjumam uzreiz p\u0113c \u201c<a href=\"https:\/\/tev.lv\/\">TEV.LV<\/a>\u201d pas\u016bt\u012bjuma pakas atv\u0113r\u0161anas un nav j\u0101uztraucas par pareizo bateriju piemekl\u0113\u0161anu.<\/p>\n<p>Salonos \u201c<a href=\"https:\/\/shop.labi.lv\/lv\/\">LABI<\/a>\u201d p\u0101rdev\u0113js Jums pied\u0101v\u0101s ieg\u0101d\u0101ties J\u016bsu ier\u012bcei atbilsto\u0161u bateriju komplektu.<\/p>\n<h3>5. Sl\u0113pt\u0101s izmaksas<\/h3>\n<p>Cenas \u0101rzemju int\u012bmpre\u010du interneta veikalos ir m\u0101n\u012bgi zemas. L\u016bdzu, \u0146emiet v\u0113r\u0101 to, ka, ja gala p\u0101rdev\u0113js neatrodas k\u0101d\u0101 no ES valst\u012bm, tad pirc\u0113jam b\u016bs j\u0101maks\u0101 ar\u012b PVN. Tas iev\u0113rojami sad\u0101rdzina preces gala cenu!<\/p>\n<p>T\u0101pat ir j\u0101atceras, ka pre\u010du atve\u0161anas, ko nodro\u0161ina starptautiski kurjeru dienesti vai citu valsts pasta dienesti, izmaksas no \u0101rzem\u0113m ir vair\u0101kk\u0101rt liel\u0101kas par s\u016bt\u012bjumu pieg\u0101des maksu Latvijas iek\u0161zem\u0113.<\/p>\n<p>Tie\u0161saistes (interneta) int\u012bmpre\u010du veikals \u201c<a href=\"https:\/\/tev.lv\/\">TEV.LV<\/a>\u201d s\u016bta ieg\u0101d\u0101t\u0101s preces vis\u0101 Latvijas teritorij\u0101 ar trim pieg\u0101des veidiem:<\/p>\n<ul>\n<li>Pirmais: Latvijas pasta s\u016bt\u012bjumi uz pasta noda\u013c\u0101m vis\u0101 Latvij\u0101 (izmaksas: 1,99\u20ac un Latvijas pasts nodro\u0161ina paku sa\u0146em\u0161anu 2-3 darba dienu laik\u0101);<\/li>\n<li>Otrais: izs\u016bt\u012b\u0161ana ar Omniva kurjeru dienestu uz Omniva pakom\u0101tiem vis\u0101 Latvij\u0101 (izmaksas: 1,99\u20ac un Omniva nodro\u0161ina paku sa\u0146em\u0161anu 2-3 darba dienu laik\u0101);<\/li>\n<li>Tre\u0161ais: DPD kurjeru dienests pieg\u0101d\u0101 pas\u016bt\u012bjumus person\u012bgi, l\u012bdz m\u0101jas \u0101rdurv\u012bm, \u0161\u012b pieg\u0101de ir pieejama tikai R\u012bg\u0101 (izmaksas: 6,00\u20ac un DPD nodro\u0161ina paku sa\u0146em\u0161anu 2-3 darba dienu laik\u0101);<\/li>\n<\/ul>\n<p>\u0145emot v\u0113r\u0101 augst\u0101k rakst\u012bto pre\u010du cenas int\u012bmpre\u010du salonos \u201c<a href=\"https:\/\/shop.labi.lv\/lv\/\">LABI<\/a>\u201d un int\u012bmpre\u010du interneta veikal\u0101 \u201c<a href=\"https:\/\/tev.lv\/\">TEV.LV<\/a>\u201d ir lab\u0101kas k\u0101 p\u0113rkot \u0101rzem\u0113s! Un, ja atceras apl\u0113st laiku, no pas\u016bt\u012bjuma veik\u0161anas br\u012b\u017ea l\u012bdz pre\u010du sa\u0146em\u0161anai, tad rodas viens secin\u0101jums \u2013 iepirkties Latvijas int\u012bmpre\u010du veikalos daudzos gad\u012bjumos ir izdev\u012bg\u0101k! T\u0101 tiek ietaup\u012bta nauda (pre\u010du gala cena ir zem\u0101ka pieg\u0101des izmaksu un labas preces cenas d\u0113\u013c) un laiks (\u0101tr\u0101ka pre\u010du pieg\u0101de sal\u012bdzinot ar pas\u016bt\u012b\u0161anu no \u0101rzem\u0113m).<\/p>\n<h3>6. Nek\u0101das papildus gaid\u012b\u0161anas \u2013 preces ir uz vietas m\u016bsu noliktav\u0101 un m\u016bsu veikalos, R\u012bg\u0101!<\/h3>\n<p>Visas preces, kas apskat\u0101mas int\u012bmpre\u010du interneta veikal\u0101\u00a0\u201c<a href=\"https:\/\/tev.lv\/\">TEV.LV<\/a>\u201d ir pieejamas ieg\u0101dei. T\u0101pat, preces, kas kl\u0101tien\u0113 redzamas int\u012bmpre\u010du salonos \u201c<a href=\"https:\/\/shop.labi.lv\/lv\/\">LABI<\/a>\u201d ir pieejamas ieg\u0101dei.<\/p>\n<p>Lai nodro\u0161in\u0101tu augstu pre\u010du pieejam\u012bbu, m\u0113s sekojam l\u012bdzi pre\u010du piepras\u012bjuma izmai\u0146\u0101m un savlaic\u012bgi papildin\u0101m to kr\u0101jumus!<\/p>\n<h3>7. At\u0161\u0137ir\u012bgs pied\u0101v\u0101jums no konkurentiem<\/h3>\n<p>M\u0113s saviem klientiem pied\u0101v\u0101jam da\u017e\u0101du pre\u010du sortimentu. Int\u012bmpre\u010du salonu \u201c<a href=\"https:\/\/shop.labi.lv\/lv\/\">LABI<\/a>\u201d p\u0101rdev\u0113ji sp\u0113j piemekl\u0113t vajadz\u012bg\u0101s preces jebkuram pirc\u0113jam. Savuk\u0101rt, int\u012bmpre\u010du interneta veikal\u0101 \u201c<a href=\"https:\/\/tev.lv\/\">TEV.LV<\/a>\u201d ikviens pats var atrast sevi interes\u0113jo\u0161\u0101s preces.<\/p>\n<p>Pre\u010du kl\u0101sts ir patiesi liels \u2013 vair\u0101k par 80 pre\u010du kategorij\u0101m \u2013 gan \u0101rzem\u0113s popul\u0101ras premium klases preces (z\u012bmoli: Lelo, We-vibe, Luz, Leaf, SexMachine, utt.), gan vid\u0113j\u0101 cenu segmenta pied\u0101v\u0101jums (z\u012bmoli: You2Toys, Malesation, Shot toys, Blush novelities, Smile, NSnovelties, utt.).<\/p>\n<p>M\u016bsu int\u012bmpre\u010du veikalu sortiment\u0101 ir ar\u012b p\u0101rst\u0101v\u0113tas sal\u012bdzino\u0161i l\u0113tas preces. T\u0101s ietilpst \u0161\u0101d\u0101s pre\u010du grup\u0101s: lubrikanti, prezervat\u012bvi, erekcijas gredzeni un suven\u012bri.<\/p>\n","protected":false},"excerpt":{"rendered":"<p>Vai zin\u0101t k\u0101d\u0113\u013c m\u016bsu cenas ir vislab\u0101k\u0101s? \u0160aj\u0101 rakst\u0101 ir izst\u0101st\u012bts k\u0101p\u0113c, iep\u0113rkoties int\u012bmpre\u010du salonos \u201cLABI\u201d un int\u012bmpre\u010du interneta veikal\u0101&hellip;<\/p>\n","protected":false},"author":1,"featured_media":0,"parent":14,"menu_order":0,"comment_status":"closed","ping_status":"closed","template":"","meta":{"footnotes":""},"class_list":["post-3219","page","type-page","status-publish","hentry"],"_links":{"self":[{"href":"https:\/\/shop.labi.lv\/lv\/wp-json\/wp\/v2\/pages\/3219","targetHints":{"allow":["GET"]}}],"collection":[{"href":"https:\/\/shop.labi.lv\/lv\/wp-json\/wp\/v2\/pages"}],"about":[{"href":"https:\/\/shop.labi.lv\/lv\/wp-json\/wp\/v2\/types\/page"}],"author":[{"embeddable":true,"href":"https:\/\/shop.labi.lv\/lv\/wp-json\/wp\/v2\/users\/1"}],"replies":[{"embeddable":true,"href":"https:\/\/shop.labi.lv\/lv\/wp-json\/wp\/v2\/comments?post=3219"}],"version-history":[{"count":28,"href":"https:\/\/shop.labi.lv\/lv\/wp-json\/wp\/v2\/pages\/3219\/revisions"}],"predecessor-version":[{"id":5402,"href":"https:\/\/shop.labi.lv\/lv\/wp-json\/wp\/v2\/pages\/3219\/revisions\/5402"}],"up":[{"embeddable":true,"href":"https:\/\/shop.labi.lv\/lv\/wp-json\/wp\/v2\/pages\/14"}],"wp:attachment":[{"href":"https:\/\/shop.labi.lv\/lv\/wp-json\/wp\/v2\/media?parent=3219"}],"curies":[{"name":"wp","href":"https:\/\/api.w.org\/{rel}","templated":true}]}}