  {"id":3239,"date":"2018-05-20T21:26:01","date_gmt":"2018-05-20T18:26:01","guid":{"rendered":"http:\/\/labi.lv\/?page_id=3239"},"modified":"2020-11-24T17:03:13","modified_gmt":"2020-11-24T15:03:13","slug":"priv%c4%81tuma-politika","status":"publish","type":"page","link":"https:\/\/shop.labi.lv\/lv\/par-mums\/priv%c4%81tuma-politika\/","title":{"rendered":"Priv\u0101tuma politika"},"content":{"rendered":"<p>Pirms uzs\u0101kt lietot \u0161o vietni, aicin\u0101m J\u016bs, uzman\u012bgi iepaz\u012bties ar priv\u0101tuma politiku, jo taj\u0101 izskaidrots, k\u0101 m\u0113s apstr\u0101d\u0101jam personas datus.<\/p>\n<p>Turpinot lietot \u0161o vietni J\u016bs pie\u0146emat \u0161os noteikumus. L\u016bdzam, nelietot \u0161o vietni, ja J\u016bs nev\u0113laties piekrist \u0161iem noteikumiem.<\/p>\n<p><a href=\"https:\/\/shop.labi.lv\/lv\/wp-content\/uploads\/2018\/05\/labi_lv_privacy_policy_v4.pdf\">Las\u012bt priv\u0101tuma politiku<\/a><\/p>\n","protected":false},"excerpt":{"rendered":"<p>Pirms uzs\u0101kt lietot \u0161o vietni, aicin\u0101m J\u016bs, uzman\u012bgi iepaz\u012bties ar priv\u0101tuma politiku, jo taj\u0101 izskaidrots, k\u0101 m\u0113s apstr\u0101d\u0101jam personas datus.&hellip;<\/p>\n","protected":false},"author":1,"featured_media":0,"parent":14,"menu_order":0,"comment_status":"closed","ping_status":"closed","template":"","meta":{"footnotes":""},"class_list":["post-3239","page","type-page","status-publish","hentry"],"_links":{"self":[{"href":"https:\/\/shop.labi.lv\/lv\/wp-json\/wp\/v2\/pages\/3239","targetHints":{"allow":["GET"]}}],"collection":[{"href":"https:\/\/shop.labi.lv\/lv\/wp-json\/wp\/v2\/pages"}],"about":[{"href":"https:\/\/shop.labi.lv\/lv\/wp-json\/wp\/v2\/types\/page"}],"author":[{"embeddable":true,"href":"https:\/\/shop.labi.lv\/lv\/wp-json\/wp\/v2\/users\/1"}],"replies":[{"embeddable":true,"href":"https:\/\/shop.labi.lv\/lv\/wp-json\/wp\/v2\/comments?post=3239"}],"version-history":[{"count":12,"href":"https:\/\/shop.labi.lv\/lv\/wp-json\/wp\/v2\/pages\/3239\/revisions"}],"predecessor-version":[{"id":3244,"href":"https:\/\/shop.labi.lv\/lv\/wp-json\/wp\/v2\/pages\/3239\/revisions\/3244"}],"up":[{"embeddable":true,"href":"https:\/\/shop.labi.lv\/lv\/wp-json\/wp\/v2\/pages\/14"}],"wp:attachment":[{"href":"https:\/\/shop.labi.lv\/lv\/wp-json\/wp\/v2\/media?parent=3239"}],"curies":[{"name":"wp","href":"https:\/\/api.w.org\/{rel}","templated":true}]}}