  {"id":3306,"date":"2018-06-04T14:17:43","date_gmt":"2018-06-04T11:17:43","guid":{"rendered":"http:\/\/labi.lv\/?page_id=3306"},"modified":"2023-12-19T17:10:42","modified_gmt":"2023-12-19T15:10:42","slug":"%c5%a1%c5%abpoles-seksam","status":"publish","type":"page","link":"https:\/\/shop.labi.lv\/lv\/int%c4%abmpreces\/izcelt%c4%81s-preces\/%c5%a1%c5%abpoles-seksam\/","title":{"rendered":"\u0160\u016bpoles seksam"},"content":{"rendered":"<h2>M\u012blas \u0161\u016bpoles<\/h2>\n<p>&#8220;M\u012blas \u0161\u016bpoles&#8221; p\u0101riem<\/p>\n<div id='gallery-1' class='gallery galleryid-3306 gallery-columns-3 gallery-size-thumbnail'><figure class='gallery-item'>\n\t\t\t<div class='gallery-icon landscape'>\n\t\t\t\t<a href='https:\/\/shop.labi.lv\/lv\/wp-content\/uploads\/2018\/06\/120556514_03.jpg'><img loading=\"lazy\" decoding=\"async\" width=\"150\" height=\"150\" src=\"https:\/\/shop.labi.lv\/lv\/wp-content\/uploads\/2018\/06\/120556514_03-150x150.jpg\" class=\"attachment-thumbnail size-thumbnail\" alt=\"\u0160\u016bpoles seksam\" aria-describedby=\"gallery-1-3302\" srcset=\"https:\/\/shop.labi.lv\/lv\/wp-content\/uploads\/2018\/06\/120556514_03-150x150.jpg 150w, https:\/\/shop.labi.lv\/lv\/wp-content\/uploads\/2018\/06\/120556514_03-300x300.jpg 300w, https:\/\/shop.labi.lv\/lv\/wp-content\/uploads\/2018\/06\/120556514_03.jpg 450w\" sizes=\"auto, (max-width: 150px) 100vw, 150px\" \/><\/a>\n\t\t\t<\/div>\n\t\t\t\t<figcaption class='wp-caption-text gallery-caption' id='gallery-1-3302'>\n\t\t\t\t\u0160\u016bpoles seksam\n\t\t\t\t<\/figcaption><\/figure><figure class='gallery-item'>\n\t\t\t<div class='gallery-icon landscape'>\n\t\t\t\t<a href='https:\/\/shop.labi.lv\/lv\/wp-content\/uploads\/2018\/06\/120556514_01.jpg'><img loading=\"lazy\" decoding=\"async\" width=\"150\" height=\"150\" src=\"https:\/\/shop.labi.lv\/lv\/wp-content\/uploads\/2018\/06\/120556514_01-150x150.jpg\" class=\"attachment-thumbnail size-thumbnail\" alt=\"\u0160\u016bpoles seksam\" aria-describedby=\"gallery-1-3300\" srcset=\"https:\/\/shop.labi.lv\/lv\/wp-content\/uploads\/2018\/06\/120556514_01-150x150.jpg 150w, https:\/\/shop.labi.lv\/lv\/wp-content\/uploads\/2018\/06\/120556514_01-300x300.jpg 300w, https:\/\/shop.labi.lv\/lv\/wp-content\/uploads\/2018\/06\/120556514_01.jpg 450w\" sizes=\"auto, (max-width: 150px) 100vw, 150px\" \/><\/a>\n\t\t\t<\/div>\n\t\t\t\t<figcaption class='wp-caption-text gallery-caption' id='gallery-1-3300'>\n\t\t\t\t\u0160\u016bpoles seksam\n\t\t\t\t<\/figcaption><\/figure><figure class='gallery-item'>\n\t\t\t<div class='gallery-icon portrait'>\n\t\t\t\t<a href='https:\/\/shop.labi.lv\/lv\/wp-content\/uploads\/2018\/06\/120556514_06.jpg'><img loading=\"lazy\" decoding=\"async\" width=\"150\" height=\"150\" src=\"https:\/\/shop.labi.lv\/lv\/wp-content\/uploads\/2018\/06\/120556514_06-150x150.jpg\" class=\"attachment-thumbnail size-thumbnail\" alt=\"Pozas\" aria-describedby=\"gallery-1-3321\" \/><\/a>\n\t\t\t<\/div>\n\t\t\t\t<figcaption class='wp-caption-text gallery-caption' id='gallery-1-3321'>\n\t\t\t\tPozas\n\t\t\t\t<\/figcaption><\/figure>\n\t\t<\/div>\n\n<p>\u0160\u016bpoles ir paredz\u0113tas izmanto\u0161anai seksa laik\u0101. T\u0101s \u013cauj izbaud\u012bt seksu citk\u0101rt gr\u016bti pieejamos st\u0101vok\u013cos.<\/p>\n<div id='gallery-2' class='gallery galleryid-3306 gallery-columns-2 gallery-size-thumbnail'><figure class='gallery-item'>\n\t\t\t<div class='gallery-icon landscape'>\n\t\t\t\t<a href='https:\/\/shop.labi.lv\/lv\/wp-content\/uploads\/2018\/06\/120556514_04.jpg'><img loading=\"lazy\" decoding=\"async\" width=\"150\" height=\"150\" src=\"https:\/\/shop.labi.lv\/lv\/wp-content\/uploads\/2018\/06\/120556514_04-150x150.jpg\" class=\"attachment-thumbnail size-thumbnail\" alt=\"\u0160\u016bpoles seksam\" aria-describedby=\"gallery-2-3303\" srcset=\"https:\/\/shop.labi.lv\/lv\/wp-content\/uploads\/2018\/06\/120556514_04-150x150.jpg 150w, https:\/\/shop.labi.lv\/lv\/wp-content\/uploads\/2018\/06\/120556514_04-300x300.jpg 300w, https:\/\/shop.labi.lv\/lv\/wp-content\/uploads\/2018\/06\/120556514_04.jpg 450w\" sizes=\"auto, (max-width: 150px) 100vw, 150px\" \/><\/a>\n\t\t\t<\/div>\n\t\t\t\t<figcaption class='wp-caption-text gallery-caption' id='gallery-2-3303'>\n\t\t\t\t\u0160\u016bpoles seksam\n\t\t\t\t<\/figcaption><\/figure><figure class='gallery-item'>\n\t\t\t<div class='gallery-icon landscape'>\n\t\t\t\t<a href='https:\/\/shop.labi.lv\/lv\/wp-content\/uploads\/2018\/06\/120556514_02.jpg'><img loading=\"lazy\" decoding=\"async\" width=\"150\" height=\"150\" src=\"https:\/\/shop.labi.lv\/lv\/wp-content\/uploads\/2018\/06\/120556514_02-150x150.jpg\" class=\"attachment-thumbnail size-thumbnail\" alt=\"\u0160\u016bpoles seksam\" aria-describedby=\"gallery-2-3301\" srcset=\"https:\/\/shop.labi.lv\/lv\/wp-content\/uploads\/2018\/06\/120556514_02-150x150.jpg 150w, https:\/\/shop.labi.lv\/lv\/wp-content\/uploads\/2018\/06\/120556514_02-300x300.jpg 300w, https:\/\/shop.labi.lv\/lv\/wp-content\/uploads\/2018\/06\/120556514_02.jpg 450w\" sizes=\"auto, (max-width: 150px) 100vw, 150px\" \/><\/a>\n\t\t\t<\/div>\n\t\t\t\t<figcaption class='wp-caption-text gallery-caption' id='gallery-2-3301'>\n\t\t\t\t\u0160\u016bpoles seksam\n\t\t\t\t<\/figcaption><\/figure>\n\t\t<\/div>\n\n<p>Maksim\u0101lais svars, ko \u0161\u016bpoles sp\u0113j notur\u0113t atbilst 150 kg.<\/p>\n<h3>Kur var \u0161\u012bs preces ieg\u0101d\u0101ties?<\/h3>\n<p>Seksa ma\u0161\u012bnu noteikti atrad\u012bsiet salonos \u201e<a href=\"https:\/\/shop.labi.lv\/lv\/par-mums\/kontakti\/\" target=\"_blank\" rel=\"noopener\">LABI<\/a>\u201d un int\u012bmpre\u010du interneta veikal\u0101 \u201e<a href=\"https:\/\/tev.lv\/lv\" target=\"_blank\" rel=\"noopener\">TEV.LV<\/a>\u201d.<\/p>\n","protected":false},"excerpt":{"rendered":"<p>M\u012blas \u0161\u016bpoles &#8220;M\u012blas \u0161\u016bpoles&#8221; p\u0101riem \u0160\u016bpoles ir paredz\u0113tas izmanto\u0161anai seksa laik\u0101. T\u0101s \u013cauj izbaud\u012bt seksu citk\u0101rt gr\u016bti pieejamos st\u0101vok\u013cos. Maksim\u0101lais&hellip;<\/p>\n","protected":false},"author":1,"featured_media":0,"parent":2911,"menu_order":0,"comment_status":"closed","ping_status":"closed","template":"","meta":{"footnotes":""},"class_list":["post-3306","page","type-page","status-publish","hentry"],"_links":{"self":[{"href":"https:\/\/shop.labi.lv\/lv\/wp-json\/wp\/v2\/pages\/3306","targetHints":{"allow":["GET"]}}],"collection":[{"href":"https:\/\/shop.labi.lv\/lv\/wp-json\/wp\/v2\/pages"}],"about":[{"href":"https:\/\/shop.labi.lv\/lv\/wp-json\/wp\/v2\/types\/page"}],"author":[{"embeddable":true,"href":"https:\/\/shop.labi.lv\/lv\/wp-json\/wp\/v2\/users\/1"}],"replies":[{"embeddable":true,"href":"https:\/\/shop.labi.lv\/lv\/wp-json\/wp\/v2\/comments?post=3306"}],"version-history":[{"count":12,"href":"https:\/\/shop.labi.lv\/lv\/wp-json\/wp\/v2\/pages\/3306\/revisions"}],"predecessor-version":[{"id":5332,"href":"https:\/\/shop.labi.lv\/lv\/wp-json\/wp\/v2\/pages\/3306\/revisions\/5332"}],"up":[{"embeddable":true,"href":"https:\/\/shop.labi.lv\/lv\/wp-json\/wp\/v2\/pages\/2911"}],"wp:attachment":[{"href":"https:\/\/shop.labi.lv\/lv\/wp-json\/wp\/v2\/media?parent=3306"}],"curies":[{"name":"wp","href":"https:\/\/api.w.org\/{rel}","templated":true}]}}