  {"id":4202,"date":"2019-11-25T21:57:03","date_gmt":"2019-11-25T19:57:03","guid":{"rendered":"http:\/\/labi.lv\/lv\/?page_id=4202"},"modified":"2023-12-19T22:52:36","modified_gmt":"2023-12-19T20:52:36","slug":"pieaugu%c5%a1o-rota%c4%bclietas","status":"publish","type":"page","link":"https:\/\/shop.labi.lv\/lv\/raksti\/pieaugu%c5%a1o-rota%c4%bclietas\/","title":{"rendered":"Pieaugu\u0161o rota\u013clietas"},"content":{"rendered":"<h2>V\u012brie\u0161i, sav\u0101m d\u0101m\u0101m, v\u0113las uzd\u0101vin\u0101t pa\u0161u LIEL\u0100KO&#8230;<\/h2>\n<p>Vienm\u0113r gatav\u012bb\u0101 eso\u0161ais, vibr\u0113jo\u0161ais draudzi\u0146\u0161 joproj\u0101m ir viena no popul\u0101r\u0101kaj\u0101m pieaugu\u0161o rota\u013cliet\u0101m. Latvij\u0101 \u0161\u0101du d\u0101vani\u0146u sev vai m\u012b\u013cotajam izv\u0113las cilv\u0113ki visda\u017e\u0101d\u0101kajos vecumos un ar at\u0161\u0137ir\u012bgu motiv\u0101ciju,\u201d pieredz\u0113 dal\u0101s pieaugu\u0161o rota\u013clietu veikalu t\u012bkla \u201cLabi\u201d p\u0101rdev\u0113ja El\u012bna.<\/p>\n<figure id=\"attachment_4233\" aria-describedby=\"caption-attachment-4233\" style=\"width: 720px\" class=\"wp-caption aligncenter\"><img loading=\"lazy\" decoding=\"async\" class=\"wp-image-4233 size-full\" title=\"Photo by PhotoMIX Ltd. from Pexels\" src=\"https:\/\/shop.labi.lv\/lv\/wp-content\/uploads\/2019\/11\/balls-bow-boxes-candle-237904.jpg\" alt=\"\" width=\"720\" height=\"481\" srcset=\"https:\/\/shop.labi.lv\/lv\/wp-content\/uploads\/2019\/11\/balls-bow-boxes-candle-237904.jpg 720w, https:\/\/shop.labi.lv\/lv\/wp-content\/uploads\/2019\/11\/balls-bow-boxes-candle-237904-300x200.jpg 300w\" sizes=\"auto, (max-width: 720px) 100vw, 720px\" \/><figcaption id=\"caption-attachment-4233\" class=\"wp-caption-text\">Photo by PhotoMIX Ltd. from Pexels<\/figcaption><\/figure>\n<p>Pieaugu\u0161o rota\u013clietu veikala durvis ikdien\u0101 ver visda\u017e\u0101d\u0101ko profesiju, vecuma, soci\u0101l\u0101 st\u0101vok\u013ca cilv\u0113ki. N\u0101k gan v\u012brie\u0161i, kas nereti v\u0113las izlikties brav\u016br\u012bgi un p\u0101rliecino\u0161i, n\u0101k sievietes, kuras visbie\u017e\u0101k \u013coti labi zina, ko v\u0113las. P\u0113c pieaugu\u0161o rota\u013cliet\u0101m bie\u017ei n\u0101k ar\u012b p\u0101ri, un kam\u0113r kungs veikal\u0101 izv\u0113las k\u0101roto, d\u0101ma nereti kautr\u012bgi gaida \u0101rpus\u0113.<\/p>\n<p>Itin bie\u017ei pieaugu\u0161o rota\u013clietas izv\u0113las draudzenes komp\u0101nij\u0101. Tad parasti s\u0101kas diskusijas &#8211; ja viena draudzene ir izm\u0113\u0123in\u0101jusi, piem\u0113ram, k\u0101du konkr\u0113tu m\u0101ksl\u012bg\u0101 draudzi\u0146a modeli un atz\u012bst to par labu esam, tad, parasti, ar\u012b p\u0101r\u0113j\u0101m draudzen\u0113m t\u0101du gribas.<\/p>\n<p>Neap\u0161aub\u0101mi klasiska v\u0113rt\u012bba ir vibrators. Gadu gait\u0101 tas piedz\u012bvojis da\u017e\u0101dus uzlabojumus, k\u013c\u016bstot gan \u0101tr\u0101ks, gan sp\u0113c\u012bg\u0101ks, kust\u012bgs un pat vad\u0101ms no att\u0101luma. El\u012bna st\u0101sta, ka pa\u0161laik modes kliedziens ir dab\u012bga dzimumlocek\u013ca tekst\u016bras atdarin\u0101t\u0101ji (<a href=\"https:\/\/tev.lv\/lv\/search?q=nature\" target=\"_blank\" rel=\"noopener\">Nature skin<\/a>, <a href=\"https:\/\/tev.lv\/lv\/search?q=realistic\" target=\"_blank\" rel=\"noopener\">Realistic<\/a>, <a href=\"https:\/\/tev.lv\/lv\/search?q=cyberskin\" target=\"_blank\" rel=\"noopener\">Cyberskin<\/a>). \u0160\u0101di izstr\u0101d\u0101jumi p\u0113c izskata un taustes ir identiski \u012aSTAJAM. Aizv\u0113rt\u0101m ac\u012bm, tos aptaustot (brauk\u0101jot pa to ar rok\u0101m), ir piln\u012bga saj\u016bta, ka ikviens no tiem ir \u012bsts. T\u0101pat \u0161os materi\u0101lus, labo \u012bpa\u0161\u012bbu d\u0113\u013c, lieto, lai izveidotu ar\u012b vag\u012bnas aizst\u0101j\u0113jus.<\/p>\n<h2>Mikrofoni<\/h2>\n<p>V\u0113l mod\u0113 ir atgriezies vecais, labais <a href=\"https:\/\/tev.lv\/lv\/mas\u0101\u017eas-ier\u012bces\" target=\"_blank\" rel=\"noopener\">Mikrofons<\/a>. Tas savulaik tika rad\u012bts Amerik\u0101 k\u0101 must have \u2013 lieti\u0146a ikvienai m\u0101jsaimniecei. Latvij\u0101 Mikrofons ir viens no sen\u0101kajiem un ar\u012b vibr\u0101ciju zi\u0146\u0101 sp\u0113c\u012bg\u0101kajiem, to bie\u017ei izv\u0113las cilv\u0113ki, kas jau ir daudz ko izm\u0113\u0123in\u0101ju\u0161i un atgriezu\u0161ies pie ierastaj\u0101m v\u0113rt\u012bb\u0101m.<\/p>\n<p>Mikrofona priek\u0161roc\u012bba ir sal\u012bdzino\u0161i liel\u0101 galvi\u0146a, kas iedarbojas pa\u0161\u0101s jut\u012bg\u0101kaj\u0101s zon\u0101s un ap t\u0101m, k\u0101 ar\u012b tas izskat\u0101s glu\u017ei nevain\u012bgs \u2013 k\u0101 mikrofons. T\u0101p\u0113c, izmantojot to p\u0101ru rota\u013c\u0101s, v\u012brietim nerodas saj\u016bta par tre\u0161\u0101 (konkurenta) kl\u0101tb\u016btni, k\u0101 ar\u012b, ja k\u0101ds, piem\u0113ram, om\u012bte to nejau\u0161i atrad\u012bs, uztvers k\u0101 ikdieni\u0161\u0137u priek\u0161metu vai rota\u013clietu.<\/p>\n<h2>Par sp\u012bti att\u0101lumam!<\/h2>\n<p>\u012apa\u0161i p\u0101riem, kurus \u0161\u0137ir att\u0101lums, ide\u0101ls risin\u0101jums ir att\u0101lin\u0101ti (izmantojot telefona aplik\u0101ciju) vad\u0101ms m\u0101ksl\u012bgais draudzi\u0146\u0161. Piem\u0113ram, <a href=\"https:\/\/tev.lv\/lv\/search?q=we-vibe\" target=\"_blank\" rel=\"noopener\">We-vibe<\/a> darbojas ar\u012b \u013coti liel\u0101 att\u0101lum\u0101 (nepiecie\u0161ams interneta piesl\u0113gums mobilaj\u0101 t\u0101lrun\u012b).<\/p>\n<blockquote><p>V\u012brietis var atrasties, Amerik\u0101, bet sieviete \u2013 Latvij\u0101 un rota\u013c\u0101ties, g\u016bstot neaizmirstamas saj\u016btas.<\/p><\/blockquote>\n<p>Att\u0101lin\u0101t\u0101 vad\u012bba ir \u013coti uzbudino\u0161a ar\u012b p\u0101riem, kam baudu sag\u0101d\u0101, ja partneris var rad\u012bt un kontrol\u0113t otra saj\u016btas. D\u0101ma vibr\u0113jo\u0161o ier\u012bci ievieto sev\u012b, savuk\u0101rt, kungs var to att\u0101lin\u0101ti darbin\u0101t \u2013 radot d\u0101mai uzbudino\u0161\u0101ko ritmu, bie\u017eumu, intensit\u0101ti&#8230; Ieteikums, ja ar \u0161o sp\u0113l\u012bti aizraujaties publisk\u0101 viet\u0101, piem\u0113ram, darba viet\u0101, izv\u0113lieties ier\u012bci ar klus\u0101ku ska\u0146u vai ar\u012b laikus izdom\u0101jiet aizbildin\u0101jumu kol\u0113\u0123iem, piem\u0113ram, ka vibr\u0113jo\u0161\u0101s ska\u0146as n\u0101k no telefona.<\/p>\n<p>El\u012bna st\u0101sta, ka v\u012brie\u0161i, dodoties t\u0101l\u0101k\u0101 ce\u013cojum\u0101 vai komand\u0113jum\u0101, bie\u017ei v\u0113las uzd\u0101vin\u0101t savai d\u0101mai uzticamu aizst\u0101j\u0113ju un nereti veikal\u0101 vaic\u0101 p\u0113c pa\u0161a LIEL\u0100K\u0100, iesp\u0113jams nepadom\u0101jot, ka tas b\u016bs ar\u012b izteikti brangs diametr\u0101 un svar\u0101. Tad p\u0101rdev\u0113js parasti uzdod jaut\u0101jumu: Vai J\u016bsu sieviete jau ko t\u0101du ir m\u0113\u0123in\u0101jusi? Ja n\u0113, tad iesaka izv\u0113l\u0113ties kaut ko maz\u0101ku, toties \u0113rtu un paroc\u012bgu.<\/p>\n<h2>Bez p\u0101rm\u0113r\u012bb\u0101m<\/h2>\n<p>M\u0113dz b\u016bt ar\u012b v\u012brie\u0161i, kas tie\u0161i otr\u0101di \u2013 savai d\u0101mai labpr\u0101t\u0101k d\u0101vina vid\u0113ja izm\u0113ra vibratoru, vair\u0101k l\u012bdz\u012bgu savam dab\u012bgajam izm\u0113ram, ar domu, lai d\u0101ma nepierod pie \u013coti liela.<\/p>\n<p>Savuk\u0101rt sievietes, izv\u0113loties sev m\u0101ksl\u012bgo draudzi\u0146u, bie\u017e\u0101k ieg\u0101d\u0101jas vid\u0113ja izm\u0113ra \u2013 \u013coti bie\u017ei paredz\u0113tu klitora zonas stimul\u0101cijai. Tas ir ide\u0101lais vidusce\u013c\u0161, lai eksperiment\u0113tu un saprastu, kuru zonu stimul\u0101cija sag\u0101d\u0101 visliel\u0101ko baudu.<\/p>\n<blockquote><p>Pieaugu\u0161o rota\u013clietu veikalu apmekl\u0113t\u0101ji ir pier\u0101d\u012bjums tam, ka p\u0113c 60 gadiem \u012bst\u0101 dz\u012bve tikai s\u0101kas.<\/p><\/blockquote>\n<p>El\u012bna atminas, k\u0101du d\u0101mu, kurai bija p\u0101ri 80. Sieviete bija atn\u0101kusi izv\u0113l\u0113ties <a href=\"https:\/\/tev.lv\/lv\/Vibratori\" target=\"_blank\" rel=\"noopener\">m\u0101ksl\u012bgo draudzi\u0146u<\/a>. St\u0101st\u012bja, ka p\u0113c v\u012bra n\u0101ves vi\u0146ai izveidoju\u0161\u0101s attiec\u012bbas ar gados jaun\u0101ku v\u012brieti un grib\u0101s piedz\u012bvot kaut ko \u012bpa\u0161u&#8230;<\/p>\n<h2>Kino kults<\/h2>\n<p>Pieaugu\u0161o rota\u013clietu izv\u0113l\u0113 cilv\u0113ki \u013coti ietekm\u0113jas no popul\u0101r\u0101m film\u0101m un seri\u0101liem. T\u0101, piem\u0113ram, kad Latvij\u0101 tika r\u0101d\u012bta seri\u0101la Sekss un Lielpils\u0113ta s\u0113rija par \u0160arlotes izklaid\u0113m ar m\u0101ksl\u012bgo draudzi\u0146u <a href=\"https:\/\/tev.lv\/lv\/vibratori-ar-klitora-stimul\u0101ciju\" target=\"_blank\" rel=\"noopener\">Rabbit<\/a> &#8211; klitora zonas stimul\u0101cijai, veikalos tie tika izpirkti moment\u0101ni.<\/p>\n<p>Daudzi cilv\u0113ki v\u0113l joproj\u0101m, izv\u0113loties vibratoru, vaic\u0101 tie\u0161i p\u0113c Rabbit, lai ar\u012b formu daudzveid\u012bba m\u016bsdien\u0101s ir \u013coti pla\u0161a \u2013 delf\u012bni, bru\u0146urupu\u010di un citi m\u012b\u013ci zv\u0113ri\u0146i, ar kuriem eksperiment\u0113jot var g\u016bt jaunas un nepiedz\u012bvotas saj\u016btas.<\/p>\n<h2>Ar\u012b kautr\u012bgajiem!<\/h2>\n<p>\u012apa\u0161i kautr\u012bgiem potenci\u0101lajiem klientiem atg\u0101din\u0101m, ka int\u012bmpre\u010du veikals (kas atrodas R\u012bg\u0101, A.Kalni\u0146a 8) str\u0101d\u0101 visu diennakti!<\/p>\n<blockquote><p>Apmekl\u0113jot to nakt\u012b, pirc\u0113js var r\u0113\u0137in\u0101ties ar maz\u0101ku sve\u0161u acu p\u0101ru skaitu un vienlaic\u012bgi sa\u0146emt liel\u0101ku p\u0101rdev\u0113ja uzman\u012bbu, maz\u0101kas klientu pl\u016bsmas d\u0113\u013c.<\/p><\/blockquote>\n<p>Papildinform\u0101ciju par int\u012bmprec\u0113m, to v\u0113sturi, veidiem un materi\u0101liem var smelties t\u012bmek\u013ca vietn\u0113s \u201clabi.lv\u201d sada\u013c\u0101 \u201cRaksti\u201d un \u201ctev.lv\u201d sada\u013c\u0101 \u201cInform\u0101cija\u201d (interneta veikala lapas apak\u0161\u0101).<\/p>\n","protected":false},"excerpt":{"rendered":"<p>V\u012brie\u0161i, sav\u0101m d\u0101m\u0101m, v\u0113las uzd\u0101vin\u0101t pa\u0161u LIEL\u0100KO&#8230; Vienm\u0113r gatav\u012bb\u0101 eso\u0161ais, vibr\u0113jo\u0161ais draudzi\u0146\u0161 joproj\u0101m ir viena no popul\u0101r\u0101kaj\u0101m pieaugu\u0161o rota\u013cliet\u0101m. Latvij\u0101&hellip;<\/p>\n","protected":false},"author":1,"featured_media":0,"parent":12,"menu_order":0,"comment_status":"closed","ping_status":"closed","template":"","meta":{"footnotes":""},"class_list":["post-4202","page","type-page","status-publish","hentry"],"_links":{"self":[{"href":"https:\/\/shop.labi.lv\/lv\/wp-json\/wp\/v2\/pages\/4202","targetHints":{"allow":["GET"]}}],"collection":[{"href":"https:\/\/shop.labi.lv\/lv\/wp-json\/wp\/v2\/pages"}],"about":[{"href":"https:\/\/shop.labi.lv\/lv\/wp-json\/wp\/v2\/types\/page"}],"author":[{"embeddable":true,"href":"https:\/\/shop.labi.lv\/lv\/wp-json\/wp\/v2\/users\/1"}],"replies":[{"embeddable":true,"href":"https:\/\/shop.labi.lv\/lv\/wp-json\/wp\/v2\/comments?post=4202"}],"version-history":[{"count":24,"href":"https:\/\/shop.labi.lv\/lv\/wp-json\/wp\/v2\/pages\/4202\/revisions"}],"predecessor-version":[{"id":5383,"href":"https:\/\/shop.labi.lv\/lv\/wp-json\/wp\/v2\/pages\/4202\/revisions\/5383"}],"up":[{"embeddable":true,"href":"https:\/\/shop.labi.lv\/lv\/wp-json\/wp\/v2\/pages\/12"}],"wp:attachment":[{"href":"https:\/\/shop.labi.lv\/lv\/wp-json\/wp\/v2\/media?parent=4202"}],"curies":[{"name":"wp","href":"https:\/\/api.w.org\/{rel}","templated":true}]}}