  {"id":4216,"date":"2019-11-29T18:45:23","date_gmt":"2019-11-29T16:45:23","guid":{"rendered":"http:\/\/labi.lv\/lv\/?page_id=4216"},"modified":"2023-12-20T17:58:49","modified_gmt":"2023-12-20T15:58:49","slug":"p%c4%81rsteidzo%c5%a1i-ziemassv%c4%93tki","status":"publish","type":"page","link":"https:\/\/shop.labi.lv\/lv\/raksti\/p%c4%81rsteidzo%c5%a1i-ziemassv%c4%93tki\/","title":{"rendered":"P\u0101rsteidzo\u0161i Ziemassv\u0113tki"},"content":{"rendered":"<h2>7 pikantas Ziemassv\u0113tku d\u0101vanas pieaugu\u0161ajiem<\/h2>\n<p>N\u0101k Ziemassv\u0113tki \u2013 d\u0101vanu un iepriecin\u0101\u0161anas laiks! Rota\u013clietas nav dom\u0101tas vien\u012bgi b\u0113rniem \u2013 t\u0101s var b\u016bt piem\u0113rota Ziemassv\u0113tku d\u0101vana jebkur\u0101 vecum\u0101. Atkar\u012bgs, protams, k\u0101das rota\u013clietas. Mums ir da\u017eas idejas d\u0101van\u0101m Tavai otrajai pus\u012btei, kas pal\u012bdz\u0113s sv\u0113tkus padar\u012bt patie\u0161\u0101m int\u012bmus un personiskus!<\/p>\n<figure id=\"attachment_4223\" aria-describedby=\"caption-attachment-4223\" style=\"width: 720px\" class=\"wp-caption aligncenter\"><img loading=\"lazy\" decoding=\"async\" class=\"wp-image-4223 size-full\" title=\"Photo by freestocks.org from Pexels\" src=\"https:\/\/shop.labi.lv\/lv\/wp-content\/uploads\/2019\/11\/woman-doing-gift-wrapping-1687045.jpg\" alt=\"\" width=\"720\" height=\"480\" srcset=\"https:\/\/shop.labi.lv\/lv\/wp-content\/uploads\/2019\/11\/woman-doing-gift-wrapping-1687045.jpg 720w, https:\/\/shop.labi.lv\/lv\/wp-content\/uploads\/2019\/11\/woman-doing-gift-wrapping-1687045-300x200.jpg 300w\" sizes=\"auto, (max-width: 720px) 100vw, 720px\" \/><figcaption id=\"caption-attachment-4223\" class=\"wp-caption-text\">Photo by freestocks.org from Pexels<\/figcaption><\/figure>\n<p>Sv\u0113tki ir lieliska iesp\u0113ja palutin\u0101t tos, kurus m\u012bli visvair\u0101k, tai skait\u0101 ar\u012b sevi! T\u0101d\u0113\u013c da\u017eas no \u0161\u012bm idej\u0101m noder\u0113s ar\u012b vientu\u013cajiem, ne tikai p\u0101riem. Palutini \u0161ajos sv\u0113tkos gan sevi, gan m\u012b\u013coto ar k\u0101du no \u0161\u012bm 7 d\u0101van\u0101m un rota\u013cliet\u0101m pieaugu\u0161ajiem, kuras iesp\u0113jams ieg\u0101d\u0101ties salonos \u201cLABI\u201d:<\/p>\n<ol>\n<li><strong><a href=\"https:\/\/tev.lv\/lv\/feromoni-smar\u017eas\">Feromoni<\/a><\/strong><br \/>\nT\u0101s ir \u012bpa\u0161as vielas, kas iedarbojas tie\u0161i uz cilv\u0113ka zemapzi\u0146u un palielina v\u0113lam\u0101 partnera piesaistes iesp\u0113ju. Smar\u017eas ar feromoniem lieto erotiskas un seksu\u0101las piesaistes efektam \u2013 t\u0101 uzlabojot gan iepaz\u012b\u0161an\u0101s izredzes vientu\u013cajiem, gan atdz\u012bvinot m\u012blas dzirksti ikdienas nogurdin\u0101tajiem p\u0101riem!<\/li>\n<li><strong><a href=\"https:\/\/tev.lv\/lv\/vagin\u0101l\u0101s-un-an\u0101l\u0101s-bumbi\u0146as\">Vagin\u0101l\u0101s bumbi\u0146as<\/a><\/strong><br \/>\nPrim\u0101ri \u0161is produkts ir paredz\u0113ts sievietes int\u012bmo musku\u013cu tren\u0113\u0161anai. Ta\u010du t\u0101s var izmantot ar\u012b erotisk\u0101m rota\u013c\u0101m.<\/li>\n<li><strong><a href=\"https:\/\/tev.lv\/lv\/lubrikanti\">Lubrikanti un mas\u0101\u017eas e\u013c\u013cas!<\/a><\/strong><br \/>\nVai tas ir viens un tas pats? Ne glu\u017ei \u2013 lubrikantus var\u0113siet izmantot ar\u012b mas\u0101\u017eai, ta\u010du mas\u0101\u017eas e\u013c\u013cas gan nevajadz\u0113tu izmantot k\u0101 lubrikantu aizst\u0101j\u0113jus.<\/li>\n<li><strong><a href=\"https:\/\/tev.lv\/lv\/vibratori\">Vibrators<\/a><\/strong><br \/>\nIzv\u0113le ir milz\u012bga! K\u0101du izv\u0113l\u0113ties? Vislab\u0101k s\u0101kt ar vienk\u0101r\u0161u, ne visai lielu vibratoru. Noteikti no silikona, jo tas ir taustei pat\u012bkam\u0101kais materi\u0101ls. T\u0101d\u0113j\u0101di var\u0113s viegl\u0101k aprast ar pa\u0161u rota\u013clietu un saprast k\u0101das izj\u016btas un stimul\u0101cijas lab\u0101k pat\u012bk, turkl\u0101t t\u0101 neb\u016bs vien\u012bgi d\u0101vana vientu\u013cai sievietei, bet, iesp\u0113jams \u2013 jaunu izj\u016btu un atkl\u0101smju s\u0101kums ar\u012b ilglaic\u012bg\u0101s attiec\u012bb\u0101s!<\/li>\n<li><strong><a href=\"https:\/\/tev.lv\/lv\/farmakolo\u0123iskie-prepar\u0101ti\">Erotiskie kr\u0113mi<\/a><\/strong><br \/>\nDa\u017e\u0101di int\u012bm\u0101s farmakolo\u0123ijas izstr\u0101d\u0101jumi \u2013 kr\u0113mi, ziedes, jau min\u0113tie lubrikanti \u2014 ne vien pal\u012bdz\u0113s atsl\u0101bin\u0101ties, bet ar\u012b g\u016bt liel\u0101ku prieku pieaugu\u0161o rota\u013c\u0101s.<\/li>\n<li><strong><a href=\"https:\/\/tev.lv\/lv\/kost\u012bmi-lomu-sp\u0113l\u0113m\">Erotiska ve\u013ca vai kost\u012bms lomu sp\u0113l\u0113m<\/a><\/strong><br \/>\nGalu gal\u0101 \u2013 Jaunais gads ir karnev\u0101lu laiks un k\u0101p\u0113c neiejusties nebiju\u0161os t\u0113los masku ball\u0113, kas paredz\u0113ta \u013coti \u0161auram lokam?<\/li>\n<li><strong><a href=\"https:\/\/tev.lv\/lv\/d\u0101vanu-kartes\">D\u0101vanu karte kautr\u012bgajiem<\/a><\/strong><br \/>\nJa tom\u0113r kautr\u0113jies uzs\u0101kt dialogu ar savu partneri par priv\u0101t\u0101s dz\u012bves daudzveido\u0161anu, d\u0101vanu karte int\u012bmpre\u010du veikal\u0101 b\u016bs nep\u0101rprotams m\u0101jiens otram veikt pirmos so\u013cus, izv\u0113loties sev v\u0113lam\u0101s d\u0101vani\u0146as, un s\u0101kt \u0161o sarunu starp pieaugu\u0161iem cilv\u0113kiem ja ne \u0161ajos sv\u0113tkos, tad Jaunaj\u0101 gad\u0101 noteikti!<\/li>\n<\/ol>\n","protected":false},"excerpt":{"rendered":"<p>7 pikantas Ziemassv\u0113tku d\u0101vanas pieaugu\u0161ajiem N\u0101k Ziemassv\u0113tki \u2013 d\u0101vanu un iepriecin\u0101\u0161anas laiks! Rota\u013clietas nav dom\u0101tas vien\u012bgi b\u0113rniem \u2013 t\u0101s var&hellip;<\/p>\n","protected":false},"author":1,"featured_media":0,"parent":12,"menu_order":0,"comment_status":"closed","ping_status":"closed","template":"","meta":{"footnotes":""},"class_list":["post-4216","page","type-page","status-publish","hentry"],"_links":{"self":[{"href":"https:\/\/shop.labi.lv\/lv\/wp-json\/wp\/v2\/pages\/4216","targetHints":{"allow":["GET"]}}],"collection":[{"href":"https:\/\/shop.labi.lv\/lv\/wp-json\/wp\/v2\/pages"}],"about":[{"href":"https:\/\/shop.labi.lv\/lv\/wp-json\/wp\/v2\/types\/page"}],"author":[{"embeddable":true,"href":"https:\/\/shop.labi.lv\/lv\/wp-json\/wp\/v2\/users\/1"}],"replies":[{"embeddable":true,"href":"https:\/\/shop.labi.lv\/lv\/wp-json\/wp\/v2\/comments?post=4216"}],"version-history":[{"count":16,"href":"https:\/\/shop.labi.lv\/lv\/wp-json\/wp\/v2\/pages\/4216\/revisions"}],"predecessor-version":[{"id":5385,"href":"https:\/\/shop.labi.lv\/lv\/wp-json\/wp\/v2\/pages\/4216\/revisions\/5385"}],"up":[{"embeddable":true,"href":"https:\/\/shop.labi.lv\/lv\/wp-json\/wp\/v2\/pages\/12"}],"wp:attachment":[{"href":"https:\/\/shop.labi.lv\/lv\/wp-json\/wp\/v2\/media?parent=4216"}],"curies":[{"name":"wp","href":"https:\/\/api.w.org\/{rel}","templated":true}]}}