  {"id":46,"date":"2013-08-02T14:21:26","date_gmt":"2013-08-02T12:21:26","guid":{"rendered":"http:\/\/localhost\/wp\/?page_id=46"},"modified":"2023-12-19T17:40:24","modified_gmt":"2023-12-19T15:40:24","slug":"erotiska-vela","status":"publish","type":"page","link":"https:\/\/shop.labi.lv\/lv\/int%c4%abmpreces\/erotiska-vela\/","title":{"rendered":"Erotiska ve\u013ca"},"content":{"rendered":"<h2>Erotiska ve\u013ca sieviet\u0113m<\/h2>\n<p><a title=\"Erotiska ve\u013ca sieviet\u0113m\" href=\"https:\/\/tev.lv\/lv\/sievie\u0161u-ve\u013ca\" target=\"_blank\" rel=\"noopener\">Erotisk\u0101 ve\u013ca sieviet\u0113m<\/a> \u2013 paz\u012bstamu ra\u017eot\u0101ju un to z\u012bmolu apavi, t\u012bkli\u0146ze\u0137es, ze\u0137ubikses un skaista ve\u013ca ar drosm\u012bgiem \u0161\u0137\u0113lumiem \u2013 kvalit\u0101tes un seksualit\u0101tes garantija. Pla\u0161a apak\u0161ve\u013cas izv\u0113le dod Jums iesp\u0113ju pasniegt lielisku d\u0101vanu J\u016bsu m\u012b\u013cotai.<\/p>\n<div id='gallery-1' class='gallery galleryid-46 gallery-columns-3 gallery-size-thumbnail'><figure class='gallery-item'>\n\t\t\t<div class='gallery-icon portrait'>\n\t\t\t\t<a href='https:\/\/shop.labi.lv\/lv\/wp-content\/uploads\/2013\/08\/cottelli_0231550_01.jpg'><img loading=\"lazy\" decoding=\"async\" width=\"150\" height=\"150\" src=\"https:\/\/shop.labi.lv\/lv\/wp-content\/uploads\/2013\/08\/cottelli_0231550_01-150x150.jpg\" class=\"attachment-thumbnail size-thumbnail\" alt=\"T\u012bkli\u0146ze\u0137es\" aria-describedby=\"gallery-1-746\" \/><\/a>\n\t\t\t<\/div>\n\t\t\t\t<figcaption class='wp-caption-text gallery-caption' id='gallery-1-746'>\n\t\t\t\tT\u012bkli\u0146ze\u0137es\n\t\t\t\t<\/figcaption><\/figure><figure class='gallery-item'>\n\t\t\t<div class='gallery-icon landscape'>\n\t\t\t\t<a href='https:\/\/shop.labi.lv\/lv\/wp-content\/uploads\/2013\/08\/item_014.jpg'><img loading=\"lazy\" decoding=\"async\" width=\"150\" height=\"150\" src=\"https:\/\/shop.labi.lv\/lv\/wp-content\/uploads\/2013\/08\/item_014-150x150.jpg\" class=\"attachment-thumbnail size-thumbnail\" alt=\"Erotiska ve\u013ca\" aria-describedby=\"gallery-1-751\" srcset=\"https:\/\/shop.labi.lv\/lv\/wp-content\/uploads\/2013\/08\/item_014-150x150.jpg 150w, https:\/\/shop.labi.lv\/lv\/wp-content\/uploads\/2013\/08\/item_014-300x300.jpg 300w, https:\/\/shop.labi.lv\/lv\/wp-content\/uploads\/2013\/08\/item_014.jpg 450w\" sizes=\"auto, (max-width: 150px) 100vw, 150px\" \/><\/a>\n\t\t\t<\/div>\n\t\t\t\t<figcaption class='wp-caption-text gallery-caption' id='gallery-1-751'>\n\t\t\t\tErotiska ve\u013ca\n\t\t\t\t<\/figcaption><\/figure><figure class='gallery-item'>\n\t\t\t<div class='gallery-icon landscape'>\n\t\t\t\t<a href='https:\/\/shop.labi.lv\/lv\/wp-content\/uploads\/2013\/08\/item_0001_01.jpg'><img loading=\"lazy\" decoding=\"async\" width=\"150\" height=\"150\" src=\"https:\/\/shop.labi.lv\/lv\/wp-content\/uploads\/2013\/08\/item_0001_01-150x150.jpg\" class=\"attachment-thumbnail size-thumbnail\" alt=\"Erotiska ve\u013ca\" aria-describedby=\"gallery-1-747\" srcset=\"https:\/\/shop.labi.lv\/lv\/wp-content\/uploads\/2013\/08\/item_0001_01-150x150.jpg 150w, https:\/\/shop.labi.lv\/lv\/wp-content\/uploads\/2013\/08\/item_0001_01-300x300.jpg 300w, https:\/\/shop.labi.lv\/lv\/wp-content\/uploads\/2013\/08\/item_0001_01.jpg 450w\" sizes=\"auto, (max-width: 150px) 100vw, 150px\" \/><\/a>\n\t\t\t<\/div>\n\t\t\t\t<figcaption class='wp-caption-text gallery-caption' id='gallery-1-747'>\n\t\t\t\tErotiska ve\u013ca\n\t\t\t\t<\/figcaption><\/figure><figure class='gallery-item'>\n\t\t\t<div class='gallery-icon landscape'>\n\t\t\t\t<a href='https:\/\/shop.labi.lv\/lv\/wp-content\/uploads\/2013\/08\/item_010_1.jpg'><img loading=\"lazy\" decoding=\"async\" width=\"150\" height=\"150\" src=\"https:\/\/shop.labi.lv\/lv\/wp-content\/uploads\/2013\/08\/item_010_1-150x150.jpg\" class=\"attachment-thumbnail size-thumbnail\" alt=\"Erotiska ve\u013ca\" aria-describedby=\"gallery-1-749\" srcset=\"https:\/\/shop.labi.lv\/lv\/wp-content\/uploads\/2013\/08\/item_010_1-150x150.jpg 150w, https:\/\/shop.labi.lv\/lv\/wp-content\/uploads\/2013\/08\/item_010_1-300x300.jpg 300w, https:\/\/shop.labi.lv\/lv\/wp-content\/uploads\/2013\/08\/item_010_1.jpg 450w\" sizes=\"auto, (max-width: 150px) 100vw, 150px\" \/><\/a>\n\t\t\t<\/div>\n\t\t\t\t<figcaption class='wp-caption-text gallery-caption' id='gallery-1-749'>\n\t\t\t\tErotiska ve\u013ca\n\t\t\t\t<\/figcaption><\/figure><figure class='gallery-item'>\n\t\t\t<div class='gallery-icon landscape'>\n\t\t\t\t<a href='https:\/\/shop.labi.lv\/lv\/wp-content\/uploads\/2013\/08\/item_003_1.jpg'><img loading=\"lazy\" decoding=\"async\" width=\"150\" height=\"150\" src=\"https:\/\/shop.labi.lv\/lv\/wp-content\/uploads\/2013\/08\/item_003_1-150x150.jpg\" class=\"attachment-thumbnail size-thumbnail\" alt=\"Erotiska ve\u013ca\" aria-describedby=\"gallery-1-748\" srcset=\"https:\/\/shop.labi.lv\/lv\/wp-content\/uploads\/2013\/08\/item_003_1-150x150.jpg 150w, https:\/\/shop.labi.lv\/lv\/wp-content\/uploads\/2013\/08\/item_003_1-300x300.jpg 300w, https:\/\/shop.labi.lv\/lv\/wp-content\/uploads\/2013\/08\/item_003_1.jpg 450w\" sizes=\"auto, (max-width: 150px) 100vw, 150px\" \/><\/a>\n\t\t\t<\/div>\n\t\t\t\t<figcaption class='wp-caption-text gallery-caption' id='gallery-1-748'>\n\t\t\t\tErotiska ve\u013ca\n\t\t\t\t<\/figcaption><\/figure><figure class='gallery-item'>\n\t\t\t<div class='gallery-icon landscape'>\n\t\t\t\t<a href='https:\/\/shop.labi.lv\/lv\/wp-content\/uploads\/2013\/08\/item_013_1.jpg'><img loading=\"lazy\" decoding=\"async\" width=\"150\" height=\"150\" src=\"https:\/\/shop.labi.lv\/lv\/wp-content\/uploads\/2013\/08\/item_013_1-150x150.jpg\" class=\"attachment-thumbnail size-thumbnail\" alt=\"Erotiska ve\u013ca\" aria-describedby=\"gallery-1-750\" srcset=\"https:\/\/shop.labi.lv\/lv\/wp-content\/uploads\/2013\/08\/item_013_1-150x150.jpg 150w, https:\/\/shop.labi.lv\/lv\/wp-content\/uploads\/2013\/08\/item_013_1-300x300.jpg 300w, https:\/\/shop.labi.lv\/lv\/wp-content\/uploads\/2013\/08\/item_013_1.jpg 450w\" sizes=\"auto, (max-width: 150px) 100vw, 150px\" \/><\/a>\n\t\t\t<\/div>\n\t\t\t\t<figcaption class='wp-caption-text gallery-caption' id='gallery-1-750'>\n\t\t\t\tErotiska ve\u013ca\n\t\t\t\t<\/figcaption><\/figure><figure class='gallery-item'>\n\t\t\t<div class='gallery-icon landscape'>\n\t\t\t\t<a href='https:\/\/shop.labi.lv\/lv\/wp-content\/uploads\/2013\/08\/item_028_2.jpg'><img loading=\"lazy\" decoding=\"async\" width=\"150\" height=\"150\" src=\"https:\/\/shop.labi.lv\/lv\/wp-content\/uploads\/2013\/08\/item_028_2-150x150.jpg\" class=\"attachment-thumbnail size-thumbnail\" alt=\"Erotiska ve\u013ca\" aria-describedby=\"gallery-1-753\" srcset=\"https:\/\/shop.labi.lv\/lv\/wp-content\/uploads\/2013\/08\/item_028_2-150x150.jpg 150w, https:\/\/shop.labi.lv\/lv\/wp-content\/uploads\/2013\/08\/item_028_2-300x300.jpg 300w, https:\/\/shop.labi.lv\/lv\/wp-content\/uploads\/2013\/08\/item_028_2.jpg 450w\" sizes=\"auto, (max-width: 150px) 100vw, 150px\" \/><\/a>\n\t\t\t<\/div>\n\t\t\t\t<figcaption class='wp-caption-text gallery-caption' id='gallery-1-753'>\n\t\t\t\tErotiska ve\u013ca\n\t\t\t\t<\/figcaption><\/figure><figure class='gallery-item'>\n\t\t\t<div class='gallery-icon landscape'>\n\t\t\t\t<a href='https:\/\/shop.labi.lv\/lv\/wp-content\/uploads\/2013\/08\/item_019_1.jpg'><img loading=\"lazy\" decoding=\"async\" width=\"150\" height=\"150\" src=\"https:\/\/shop.labi.lv\/lv\/wp-content\/uploads\/2013\/08\/item_019_1-150x150.jpg\" class=\"attachment-thumbnail size-thumbnail\" alt=\"Erotiska ve\u013ca\" aria-describedby=\"gallery-1-752\" srcset=\"https:\/\/shop.labi.lv\/lv\/wp-content\/uploads\/2013\/08\/item_019_1-150x150.jpg 150w, https:\/\/shop.labi.lv\/lv\/wp-content\/uploads\/2013\/08\/item_019_1-300x300.jpg 300w, https:\/\/shop.labi.lv\/lv\/wp-content\/uploads\/2013\/08\/item_019_1.jpg 450w\" sizes=\"auto, (max-width: 150px) 100vw, 150px\" \/><\/a>\n\t\t\t<\/div>\n\t\t\t\t<figcaption class='wp-caption-text gallery-caption' id='gallery-1-752'>\n\t\t\t\tErotiska ve\u013ca\n\t\t\t\t<\/figcaption><\/figure><figure class='gallery-item'>\n\t\t\t<div class='gallery-icon landscape'>\n\t\t\t\t<a href='https:\/\/shop.labi.lv\/lv\/wp-content\/uploads\/2013\/08\/roxana_exc6339_01.jpg'><img loading=\"lazy\" decoding=\"async\" width=\"150\" height=\"150\" src=\"https:\/\/shop.labi.lv\/lv\/wp-content\/uploads\/2013\/08\/roxana_exc6339_01-150x150.jpg\" class=\"attachment-thumbnail size-thumbnail\" alt=\"Erotiska ve\u013ca\" aria-describedby=\"gallery-1-754\" \/><\/a>\n\t\t\t<\/div>\n\t\t\t\t<figcaption class='wp-caption-text gallery-caption' id='gallery-1-754'>\n\t\t\t\tErotiska ve\u013ca\n\t\t\t\t<\/figcaption><\/figure>\n\t\t<\/div>\n\n<p>\u012apa\u0161os apavos un neparast\u0101 ve\u013c\u0101 ar erotiskiem \u0161\u0137\u0113lumiem sieviete j\u016bt\u012bsies grezni, \u0113rti, un galvenais \u013coti seksu\u0101li &#8211; k\u0101 dieviete! Savaldzini savu v\u012brieti ar jaun\u0101m t\u012bkli\u0146ze\u0137\u0113m vai ze\u0137ubiks\u0113m.<\/p>\n<h2>Erotiska ve\u013ca v\u012brie\u0161iem<\/h2>\n<p>Pla\u0161s <a title=\"v\u012brie\u0161u erotisk\u0101s ve\u013cas sortiments\" href=\"https:\/\/tev.lv\/lv\/v\u012brie\u0161u-ve\u013ca\" target=\"_blank\" rel=\"noopener\">v\u012brie\u0161u erotisk\u0101s ve\u013cas sortiments<\/a> &#8211; da\u017e\u0101di mode\u013ci ar drosm\u012bgiem \u0161\u0137\u0113lumiem. P\u0101rsteidziet savu sievieti \u2013 uzvelciet joku <i>stringus<\/i> \u2013 ar zilo\u0146a, bu\u013c\u013ca vai k\u0101da cita dz\u012bvnieka t\u0113lu.<\/p>\n<div id='gallery-2' class='gallery galleryid-46 gallery-columns-3 gallery-size-thumbnail'><figure class='gallery-item'>\n\t\t\t<div class='gallery-icon portrait'>\n\t\t\t\t<a href='https:\/\/shop.labi.lv\/lv\/wp-content\/uploads\/2013\/08\/575.jpg'><img loading=\"lazy\" decoding=\"async\" width=\"150\" height=\"150\" src=\"https:\/\/shop.labi.lv\/lv\/wp-content\/uploads\/2013\/08\/575-150x150.jpg\" class=\"attachment-thumbnail size-thumbnail\" alt=\"Stringi ar ziloni\" aria-describedby=\"gallery-2-756\" \/><\/a>\n\t\t\t<\/div>\n\t\t\t\t<figcaption class='wp-caption-text gallery-caption' id='gallery-2-756'>\n\t\t\t\tStringi ar ziloni\n\t\t\t\t<\/figcaption><\/figure><figure class='gallery-item'>\n\t\t\t<div class='gallery-icon portrait'>\n\t\t\t\t<a href='https:\/\/shop.labi.lv\/lv\/wp-content\/uploads\/2013\/08\/575a.jpg'><img loading=\"lazy\" decoding=\"async\" width=\"150\" height=\"150\" src=\"https:\/\/shop.labi.lv\/lv\/wp-content\/uploads\/2013\/08\/575a-150x150.jpg\" class=\"attachment-thumbnail size-thumbnail\" alt=\"Stringi fraka\" aria-describedby=\"gallery-2-757\" \/><\/a>\n\t\t\t<\/div>\n\t\t\t\t<figcaption class='wp-caption-text gallery-caption' id='gallery-2-757'>\n\t\t\t\tStringi fraka\n\t\t\t\t<\/figcaption><\/figure><figure class='gallery-item'>\n\t\t\t<div class='gallery-icon portrait'>\n\t\t\t\t<a href='https:\/\/shop.labi.lv\/lv\/wp-content\/uploads\/2013\/08\/575w.jpg'><img loading=\"lazy\" decoding=\"async\" width=\"150\" height=\"150\" src=\"https:\/\/shop.labi.lv\/lv\/wp-content\/uploads\/2013\/08\/575w-150x150.jpg\" class=\"attachment-thumbnail size-thumbnail\" alt=\"Stringi ar bulli\" aria-describedby=\"gallery-2-761\" \/><\/a>\n\t\t\t<\/div>\n\t\t\t\t<figcaption class='wp-caption-text gallery-caption' id='gallery-2-761'>\n\t\t\t\tStringi ar bulli\n\t\t\t\t<\/figcaption><\/figure><figure class='gallery-item'>\n\t\t\t<div class='gallery-icon portrait'>\n\t\t\t\t<a href='https:\/\/shop.labi.lv\/lv\/wp-content\/uploads\/2013\/08\/575c.jpg'><img loading=\"lazy\" decoding=\"async\" width=\"150\" height=\"150\" src=\"https:\/\/shop.labi.lv\/lv\/wp-content\/uploads\/2013\/08\/575c-150x150.jpg\" class=\"attachment-thumbnail size-thumbnail\" alt=\"Da\u017e\u0101u kr\u0101su stringi\" aria-describedby=\"gallery-2-759\" \/><\/a>\n\t\t\t<\/div>\n\t\t\t\t<figcaption class='wp-caption-text gallery-caption' id='gallery-2-759'>\n\t\t\t\tDa\u017e\u0101u kr\u0101su stringi\n\t\t\t\t<\/figcaption><\/figure><figure class='gallery-item'>\n\t\t\t<div class='gallery-icon portrait'>\n\t\t\t\t<a href='https:\/\/shop.labi.lv\/lv\/wp-content\/uploads\/2013\/08\/575b.jpg'><img loading=\"lazy\" decoding=\"async\" width=\"150\" height=\"150\" src=\"https:\/\/shop.labi.lv\/lv\/wp-content\/uploads\/2013\/08\/575b-150x150.jpg\" class=\"attachment-thumbnail size-thumbnail\" alt=\"Leoparda stringi\" aria-describedby=\"gallery-2-758\" \/><\/a>\n\t\t\t<\/div>\n\t\t\t\t<figcaption class='wp-caption-text gallery-caption' id='gallery-2-758'>\n\t\t\t\tLeoparda stringi\n\t\t\t\t<\/figcaption><\/figure><figure class='gallery-item'>\n\t\t\t<div class='gallery-icon portrait'>\n\t\t\t\t<a href='https:\/\/shop.labi.lv\/lv\/wp-content\/uploads\/2013\/08\/575d.jpg'><img loading=\"lazy\" decoding=\"async\" width=\"150\" height=\"150\" src=\"https:\/\/shop.labi.lv\/lv\/wp-content\/uploads\/2013\/08\/575d-150x150.jpg\" class=\"attachment-thumbnail size-thumbnail\" alt=\"Da\u017e\u0101di stringi\" aria-describedby=\"gallery-2-760\" \/><\/a>\n\t\t\t<\/div>\n\t\t\t\t<figcaption class='wp-caption-text gallery-caption' id='gallery-2-760'>\n\t\t\t\tDa\u017e\u0101di stringi\n\t\t\t\t<\/figcaption><\/figure>\n\t\t<\/div>\n\n","protected":false},"excerpt":{"rendered":"<p>Erotiska ve\u013ca sieviet\u0113m Erotisk\u0101 ve\u013ca sieviet\u0113m \u2013 paz\u012bstamu ra\u017eot\u0101ju un to z\u012bmolu apavi, t\u012bkli\u0146ze\u0137es, ze\u0137ubikses un skaista ve\u013ca ar drosm\u012bgiem&hellip;<\/p>\n","protected":false},"author":1,"featured_media":0,"parent":9,"menu_order":0,"comment_status":"closed","ping_status":"closed","template":"","meta":{"footnotes":""},"class_list":["post-46","page","type-page","status-publish","hentry"],"_links":{"self":[{"href":"https:\/\/shop.labi.lv\/lv\/wp-json\/wp\/v2\/pages\/46","targetHints":{"allow":["GET"]}}],"collection":[{"href":"https:\/\/shop.labi.lv\/lv\/wp-json\/wp\/v2\/pages"}],"about":[{"href":"https:\/\/shop.labi.lv\/lv\/wp-json\/wp\/v2\/types\/page"}],"author":[{"embeddable":true,"href":"https:\/\/shop.labi.lv\/lv\/wp-json\/wp\/v2\/users\/1"}],"replies":[{"embeddable":true,"href":"https:\/\/shop.labi.lv\/lv\/wp-json\/wp\/v2\/comments?post=46"}],"version-history":[{"count":9,"href":"https:\/\/shop.labi.lv\/lv\/wp-json\/wp\/v2\/pages\/46\/revisions"}],"predecessor-version":[{"id":5341,"href":"https:\/\/shop.labi.lv\/lv\/wp-json\/wp\/v2\/pages\/46\/revisions\/5341"}],"up":[{"embeddable":true,"href":"https:\/\/shop.labi.lv\/lv\/wp-json\/wp\/v2\/pages\/9"}],"wp:attachment":[{"href":"https:\/\/shop.labi.lv\/lv\/wp-json\/wp\/v2\/media?parent=46"}],"curies":[{"name":"wp","href":"https:\/\/api.w.org\/{rel}","templated":true}]}}