  {"id":4742,"date":"2021-01-30T15:34:58","date_gmt":"2021-01-30T13:34:58","guid":{"rendered":"https:\/\/shop.labi.lv\/lv\/?page_id=4742"},"modified":"2021-01-30T15:34:58","modified_gmt":"2021-01-30T13:34:58","slug":"bie%c5%beiuzdotijaut%c4%81jumiuntoatbildes","status":"publish","type":"page","link":"https:\/\/shop.labi.lv\/lv\/par-mums\/bie%c5%beiuzdotijaut%c4%81jumiuntoatbildes\/","title":{"rendered":"Bie\u017ei uzdoti jaut\u0101jumi un to atbildes"},"content":{"rendered":"<h2>Bie\u017ei uzdotie jaut\u0101jumi<\/h2>\n<p class=\"faq\"><b>Jaut\u0101jums:<\/b> Kas ir lubrikants un k\u0101p\u0113c tas ir j\u0101lieto?<br \/>\n<b>Atbilde:<\/b> Lubrikants ir papildus mitrums, un to lieto, ja sievietei ir izteikts sausums, lai nesavainotu maksti. T\u0101pat lubrikantus lieto ar jebkuru pal\u012bgier\u012bci (piem\u0113ram vibratoru vai falla imit\u0101toru). Tas ir absol\u016bti nepiecie\u0161ams.<\/p>\n<p class=\"faq\"><b>Jaut\u0101jums:<\/b> K\u0101dus lubrikantus var lietot ar prezervat\u012bviem?<br \/>\n<b>Atbilde:<\/b> Ar prezervat\u012bviem var lietot lubrikantus gan ar \u016bdens, gan ar silikona b\u0101zi. Ar prezervat\u012bviem <i>nedr\u012bkst<\/i> lietot e\u013c\u013cas b\u0101zes lubrikantus!<\/p>\n<p class=\"faq\"><b>Jaut\u0101jums:<\/b> Kur\u0161 lubrikants nepaliek lip\u012bgs akta laik\u0101?<br \/>\n<b>Atbilde:<\/b> Lip\u012bgi nepaliek silikona b\u0101zes lubrikanti.<\/p>\n<p class=\"faq\"><b>Jaut\u0101jums:<\/b> Vai lubrikanti un mas\u0101\u017eas e\u013c\u013cas ir viens un tas pats?<br \/>\n<b>Atbilde:<\/b> N\u0113, nav. Lai gan lubrikantus var izmantot mas\u0101\u017eai, mas\u0101\u017eas e\u013c\u013cas nevajadz\u0113tu izmantot, k\u0101 lubrikantu aizst\u0101j\u0113jus.<\/p>\n<p class=\"faq\"><b>Jaut\u0101jums:<\/b> Kas ir piepras\u012bt\u0101k\u0101 prece?<br \/>\n<b>Atbilde:<\/b> Lubrikanti.<\/p>\n<p class=\"faq\"><b>Jaut\u0101jums:<\/b> Ar ko at\u0161\u0137iras silikona b\u0101zes un \u016bdens b\u0101zes lubrikanti?<br \/>\n<b>Atbilde:<\/b> Silikona b\u0101zes lubrikanti ir \u0161\u0137idri un tie \u0101tri ies\u016bcas \u0101d\u0101. T\u0101 k\u013c\u016bst z\u012bdaina un gluma. Tie ir ilgi notur\u012bgi intens\u012bva akta laik\u0101. Savuk\u0101rt, \u016bdens b\u0101zes lubrikanti ir g\u0113lveida. Intens\u012bva akta laik\u0101 tie \u0101tri \u017e\u016bst. B\u016bs nepiecie\u0161ams papildin\u0101t! \u016adens b\u0101zes lubrikanti neizraisa aler\u0123ijas, pie nosac\u012bjuma, ka tiem nav pievienots arom\u0101ts vai gar\u0161a. Silikona b\u0101zes lubrikanti saglab\u0101 sl\u012bdam\u012bbu ilg\u0101k par \u016bdens b\u0101zes lubrikantiem, t\u0101d\u0113\u013c tos nepiecie\u0161ams lietot maz\u0101k. Silikona lubrikantus <i>nedr\u012bkst<\/i> lietot ar citiem silikona b\u0101zes produktiem (piem\u0113ram, silikona vibratoriem), jo silikons var savstarp\u0113ji rea\u0123\u0113t radot boj\u0101jumus. T\u0101p\u0113c lietojot silikona lubrikantus ir j\u0101vair\u0101s no m\u012blas rota\u013cliet\u0101m, kas izgatavotas no silikona vai j\u0101lieto \u016bdens b\u0101zes lubrikanti!<\/p>\n<p class=\"faq\"><b>Jaut\u0101jums:<\/b> K\u0101du vibratoru izv\u0113l\u0113ties, k\u0101 savu pirmo?<br \/>\n<b>Atbilde:<\/b> Vislab\u0101k s\u0101kt ar vienk\u0101r\u0161u, ne p\u0101r\u0101k liela izm\u0113ra vibratoru. T\u0101d\u0113j\u0101di var\u0113s viegl\u0101k aprast ar pa\u0161u rota\u013clietu un saprast k\u0101das izj\u016btas un stimul\u0101cijas lab\u0101k pat\u012bk. Ja pirmais vibrators ir p\u0101r\u0101k liels, tas m\u0113dz atbied\u0113t no turpm\u0101kas v\u0113lmes t\u0101du izmantot.<\/p>\n<p class=\"faq\"><b>Jaut\u0101jums:<\/b> Kur\u0161 ir lab\u0101kais vibrators?<br \/>\n<b>Atbilde:<\/b> Kvalit\u0101tes zi\u0146\u0101, augstv\u0113rt\u012bg\u0101kie ir \u201e<a href=\"https:\/\/tev.labi.lv\/lv\/search.asp?v0=search&amp;v1=lelo&amp;v2=30&amp;v3=0\" target=\"_blank\">LELO<\/a>\u201d vibratori.<\/p>\n<p class=\"faq\"><b>Jaut\u0101jums:<\/b> Kur\u0161 vibratoru materi\u0101ls ir lab\u0101kais?<br \/>\n<b>Atbilde:<\/b> Silikons ir kvalitat\u012bv\u0101kais vibratoru materi\u0101ls. Tas p\u0113c taustes ir maig\u0101kais un pat\u012bkam\u0101kais, un nav aler\u0123iju izraiso\u0161s. (Vair\u0101k par int\u012bmo rota\u013clietu materi\u0101liem var uzzin\u0101t pal\u012bgier\u012b\u010du <a href=\"https:\/\/shop.labi.lv\/lv\/raksti\/int\u012bmpre\u010du-materi\u0101lu-gids\/\">materi\u0101lu gid\u0101<\/a>).<\/p>\n<p class=\"faq\"><b>Jaut\u0101jums:<\/b> Kur\u0161 pal\u012bgier\u012b\u010du materi\u0101ls ir vism\u012bkst\u0101kais, maig\u0101kais, vispat\u012bkam\u0101kais?<br \/>\n<b>Atbilde:<\/b> Vien\u0101 v\u0101rd\u0101 &#8211; silikons! Vismaig\u0101kais, vism\u012bkst\u0101kais, un imit\u0113 \u012bstas \u0101das saj\u016btu. \u0145emat v\u0113r\u0101, ka pal\u012bgier\u012bces tiek tais\u012btas no da\u017e\u0101diem materi\u0101liem. Ir j\u0101piev\u0113r\u0161 uzman\u012bba seksa manti\u0146as materi\u0101lam, ja v\u0113laties ieg\u0101d\u0101ties m\u012bkstu rota\u013clietu. Past\u0101v silikons un silikona p\u0101rkl\u0101jums &#8211; t\u0101tad, t\u012brais silikona vibrators b\u016bs m\u012bksts, ta\u010du vibrators ar silikona p\u0101rkl\u0101jumu, maigs, bet ciets!<\/p>\n<p class=\"faq\"><b>Jaut\u0101jums:<\/b> Vai v\u012brie\u0161i ar\u012b var izmantot vibratorus?<br \/>\n<b>Atbilde:<\/b> Ja vien vibratoram kl\u0101t nav speci\u0101ls izvirz\u012bjums klitora stimul\u0113\u0161anai, ar\u012b v\u012brietis var izmantot to pa\u0161u vibratoru.<\/p>\n<p class=\"faq\"><b>Jaut\u0101jums:<\/b> Kam ir dom\u0101tas vagin\u0101l\u0101s bumbi\u0146as?<br \/>\n<b>Atbilde:<\/b> Vagin\u0101l\u0101s bumbi\u0146as ir paredz\u0113tas vag\u012bnas musku\u013cu tren\u0113\u0161anai. Ta\u010du t\u0101s var izmantot ar\u012b erotisk\u0101m rota\u013c\u0101m.<\/p>\n<p class=\"faq\"><b>Jaut\u0101jums:<\/b> Ko dod erekcijas gredzeni, kam tie ir dom\u0101ti?<br \/>\n<b>Atbilde:<\/b> Erekcijas gredzeni kav\u0113 asi\u0146u aizpl\u016b\u0161anu no dzimumlocek\u013ca t\u0101d\u0113j\u0101di nodro\u0161inot ilg\u0101ku locek\u013ca erekciju. Vien\u0101 pieg\u0101jien\u0101 erekcijas gredzenu <i>nedr\u012bkst<\/i> izmantot ilg\u0101k k\u0101 30 min\u016btes!<\/p>\n<p class=\"faq\"><b>Jaut\u0101jums:<\/b> Vai salonos \u201eLABI\u201d var ieg\u0101d\u0101ties HD pornofilmas?<br \/>\n<b>Atbilde:<\/b> J\u0101, tas ir iesp\u0113jams. Salonu \u201eLABI\u201d pre\u010du kl\u0101st\u0101 ir HD porno filmas, proti, porno filmas <a href=\"https:\/\/shop.labi.lv\/lv\/int\u012bmpreces\/dvd-un-blu-ray-diski\/\">Blu-ray un Blu-ray 3D<\/a> form\u0101tos. Ar\u012b interneta veikal\u0101 \u201e<a href=\"https:\/\/www.tev.lv\" target=\"_blank\">TEV.LV<\/a>\u201d ir pieejamas <a href=\"https:\/\/tev.labi.lv\/int\u012bmpre\u010du-veikals-rig\u0101\/int\u012bmpreces\/xxx-porno-filmas\/4865\/0\" target=\"_blank\">Blu-ray<\/a> un <a href=\"https:\/\/tev.labi.lv\/\/sex-shop\/int\u012bmpreces\/blu-ray-3d-diski\/4866\/0\" target=\"_blank\">Blu-ray 3D<\/a> XXX porno filmas.<\/p>\n<p class=\"faq\"><b>Jaut\u0101jums:<\/b> Kas ir feromoni?<br \/>\n<b>Atbilde:<\/b>\u00a0 Feromoni ir \u012bpa\u0161as vielas, kas iedarbojas tie\u0161i uz cilv\u0113ka zemapzi\u0146u un palielina v\u0113lam\u0101 partnera piesaistes iesp\u0113ju. Tos lieto erotiskas un seksu\u0101las piesaistes efektam.\u00a0<a href=\"https:\/\/shop.labi.lv\/lv\/int\u012bmpreces\/feromoni\/\">Lasiet vair\u0101k par feromoniem<\/a> un to\u00a0<a href=\"https:\/\/shop.labi.lv\/lv\/raksti\/smar\u017eas-ar-feromoniem\/\">k\u0101dam nol\u016bkam tos lieto<\/a>.<\/p>\n<p class=\"faq\"><b>Jaut\u0101jums:<\/b> L\u016bdzu iesakiet prostatas stimul\u0101toru.<br \/>\n<b>Atbilde:<\/b> Protams, m\u0113s Jums piemekl\u0113sim lab\u0101ko variantu. Prostatas stimul\u0101tori m\u0113dz b\u016bt 2 veidu &#8211; ar vibr\u0101ciju un bez t\u0101s. T\u0101pat prostatas stimul\u0101torus iedala p\u0113c izm\u0113ra un formas. V\u0113l ir svar\u012bgi zin\u0101t: vai Jums \u0101rsts ieteica lietot prostatas stimul\u0101toru, vai ar\u012b pats v\u0113laties to lietot profilaktiskos nol\u016bkos? Nepiecie\u0161ams zin\u0101t cik liela ir J\u016bsu prostata. Zinot atbildes uz \u0161iem jaut\u0101jumiem var\u0113sim Jums ieteikt piem\u0113rot\u0101ko prostatas stimul\u0101tora variantu.<\/p>\n<p class=\"faq\"><b>Jaut\u0101jums:<\/b> L\u016bdzu iesakiet d\u0101vanu-joku vecpui\u0161u ball\u012btei?<br \/>\n<b>Atbilde:<\/b> Tradicion\u0101li \u0161\u0101diem m\u0113r\u0137iem der piep\u016b\u0161am\u0101 lelle! Papildus, to var iet\u0113rpt erotiskaj\u0101 ve\u013c\u0101 (pikantas biks\u012btes un elegants kr\u016b\u0161turis vai komplekts ar drosm\u012bgiem \u0161\u0137\u0113lumiem) un jaunais l\u012bgavainis nok\u013c\u016bs bez-probl\u0113mu skaistules sabiedr\u012bb\u0101! Bet k\u0101 lai lelli piep\u016b\u0161? Neuztraucieties &#8211; lelli var piep\u016bst ar pumpi, tas ar\u012b ir pieejams m\u016bsu veikal\u0101 un to ir j\u0101p\u0113rk atsevi\u0161\u0137i.<\/p>\n","protected":false},"excerpt":{"rendered":"<p>Bie\u017ei uzdotie jaut\u0101jumi Jaut\u0101jums: Kas ir lubrikants un k\u0101p\u0113c tas ir j\u0101lieto? Atbilde: Lubrikants ir papildus mitrums, un to lieto,&hellip;<\/p>\n","protected":false},"author":1,"featured_media":0,"parent":14,"menu_order":0,"comment_status":"closed","ping_status":"closed","template":"","meta":{"footnotes":""},"class_list":["post-4742","page","type-page","status-publish","hentry"],"_links":{"self":[{"href":"https:\/\/shop.labi.lv\/lv\/wp-json\/wp\/v2\/pages\/4742","targetHints":{"allow":["GET"]}}],"collection":[{"href":"https:\/\/shop.labi.lv\/lv\/wp-json\/wp\/v2\/pages"}],"about":[{"href":"https:\/\/shop.labi.lv\/lv\/wp-json\/wp\/v2\/types\/page"}],"author":[{"embeddable":true,"href":"https:\/\/shop.labi.lv\/lv\/wp-json\/wp\/v2\/users\/1"}],"replies":[{"embeddable":true,"href":"https:\/\/shop.labi.lv\/lv\/wp-json\/wp\/v2\/comments?post=4742"}],"version-history":[{"count":1,"href":"https:\/\/shop.labi.lv\/lv\/wp-json\/wp\/v2\/pages\/4742\/revisions"}],"predecessor-version":[{"id":4743,"href":"https:\/\/shop.labi.lv\/lv\/wp-json\/wp\/v2\/pages\/4742\/revisions\/4743"}],"up":[{"embeddable":true,"href":"https:\/\/shop.labi.lv\/lv\/wp-json\/wp\/v2\/pages\/14"}],"wp:attachment":[{"href":"https:\/\/shop.labi.lv\/lv\/wp-json\/wp\/v2\/media?parent=4742"}],"curies":[{"name":"wp","href":"https:\/\/api.w.org\/{rel}","templated":true}]}}