  {"id":4883,"date":"2021-12-30T20:57:19","date_gmt":"2021-12-30T18:57:19","guid":{"rendered":"https:\/\/shop.labi.lv\/lv\/?page_id=4883"},"modified":"2023-12-19T22:43:52","modified_gmt":"2023-12-19T20:43:52","slug":"draiskie-latvie%c5%a1i","status":"publish","type":"page","link":"https:\/\/shop.labi.lv\/lv\/raksti\/draiskie-latvie%c5%a1i\/","title":{"rendered":"Draiskie latvie\u0161i"},"content":{"rendered":"<p>Esam nov\u0113roju\u0161i, ka aizvien vair\u0101k klientu n\u0101k uz veikalu &#8220;apbru\u0146oju\u0161ies ar inform\u0101ciju&#8221; no m\u016bsu t\u012bmek\u013ca vietn\u0113m:<\/p>\n<ul>\n<li>m\u016bsu vietnes <a href=\"https:\/\/shop.labi.lv\/lv\/raksti\/\">&#8220;https:\/\/shop.labi.lv\/lv&#8221;<\/a> sada\u013ca <a href=\"https:\/\/shop.labi.lv\/lv\/raksti\/\">&#8220;raksti&#8221;<\/a>;<\/li>\n<li>m\u016bsu int\u012bmpre\u010du veikal\u0101 interneta: <a href=\"https:\/\/tev.lv\/lv\/klientu-serviss\">&#8220;TEV.LV&#8221;<\/a> sada\u013ca <a href=\"https:\/\/tev.lv\/lv\/klientu-serviss\">klientu serviss<\/a>;<\/li>\n<\/ul>\n<p><img loading=\"lazy\" decoding=\"async\" src=\"https:\/\/shop.labi.lv\/lv\/wp-content\/uploads\/2021\/12\/couple_720.jpg\" alt=\"\" width=\"720\" height=\"480\" class=\"aligncenter size-full wp-image-4915\" srcset=\"https:\/\/shop.labi.lv\/lv\/wp-content\/uploads\/2021\/12\/couple_720.jpg 720w, https:\/\/shop.labi.lv\/lv\/wp-content\/uploads\/2021\/12\/couple_720-300x200.jpg 300w\" sizes=\"auto, (max-width: 720px) 100vw, 720px\" \/><\/p>\n<p>Un ne velti \u2013 taj\u0101s ir apkopota svar\u012bga inform\u0101cija, kas nodro\u0161ina pareizu int\u012bmpre\u010du (erotisko pre\u010du, seksa pre\u010du) lieto\u0161anu un ir saisto\u0161a ikvienam pilngad\u012bbu sasniegu\u0161am cilv\u0113kam! Da\u013ca m\u016bsu klientu izv\u0113las preci interneta veikal\u0101 &#8220;TEV.LV&#8221; un atn\u0101k kl\u0101tien\u0113, salon\u0101 &#8220;LABI&#8221;, to ieg\u0101d\u0101ties.<\/p>\n<blockquote><p>\nInt\u012bmpre\u010du veikalu apmekl\u0113 pirc\u0113ji no 18 l\u012bdz 75 gadiem:\n<\/p><\/blockquote>\n<ul>\n<li>Jauni cilv\u0113ki izv\u0113las atn\u0101kt uz veikalu bie\u017e\u0101k, ieskrienot p\u0113c darba vai pusdienlaik\u0101, ar m\u0113r\u0137i &#8220;pa\u0137ert&#8221; to, kas ikdien\u0101 nepiecie\u0161ams. &#8220;Ejo\u0161\u0101k\u0101s&#8221; preces ir <a href=\"https:\/\/tev.lv\/lv\/Lubrikanti\">lubrikanti<\/a> un <a href=\"https:\/\/tev.lv\/lv\/prezervat\u012bvi\">prezervat\u012bvi<\/a>;<\/li>\n<li>Klienti ap 45 izv\u0113las <a href=\"https:\/\/tev.lv\/lv\/erekcijas-gredzeni\">erekcijas gredzenus<\/a> un <a href=\"https:\/\/tev.lv\/lv\/sievie\u0161u-ve\u013ca\">erotisko ve\u013cu sieviet\u0113m<\/a>;<\/li>\n<li>Senjori izv\u0113las <a href=\"https:\/\/tev.lv\/lv\/Vibratori\">vibratorus<\/a>, <a href=\"https:\/\/tev.lv\/lv\/mas\u0101\u017eas-e\u013c\u013cas-un-sveces\">mas\u0101\u017eas e\u013c\u013cas<\/a>, k\u0101 ar\u012b l\u012bdzek\u013cus <a href=\"https:\/\/tev.lv\/lv\/l\u012bdzek\u013ci-potences-uzlabo\u0161anai\">lab\u0101kai potencei<\/a> un <a href=\"https:\/\/tev.lv\/lv\/kr\u0113mi-un-prepar\u0101ti-sieviet\u0113m\">kaisl\u012bg\u0101kam libido<\/a>;<\/li>\n<\/ul>\n<blockquote><p>\nAugst\u0101k min\u0113to pre\u010du kl\u0101sts gan interneta veikal\u0101 &#8220;<a href=\"https:\/\/tev.lv\/lv\">TEV.LV<\/a>&#8220;, gan salonos &#8220;<a href=\"https:\/\/shop.labi.lv\/lv\/\">LABI<\/a>&#8221; ir iev\u0113rojams. Gan salonos, gan interneta veikal\u0101 ir liel\u0101kais (jau uz vietas \u2013 m\u016bsu noliktav\u0101 R\u012bg\u0101 eso\u0161u) pre\u010du kr\u0101jums starp visiem Latvijas int\u012bmpre\u010du veikaliem.\n<\/p><\/blockquote>\n<p>Kautr\u012bgie klienti dod priek\u0161roku sa\u0146emt iepirk\u0161an\u0101s pieredzei interneta veikal\u0101 &#8220;TEV.LV&#8221;, turkl\u0101t, izv\u0113las sa\u0146emt pas\u016bt\u012bt\u0101s preces ar kurjeru vai &#8220;pakom\u0101t\u0101&#8221;, ir pieejama ar\u012b pre\u010du s\u016bt\u012b\u0161ana ar Latvijas Pasta starpniec\u012bbu. Visos nupat aprakst\u012btajos gad\u012bjumos pas\u016bt\u012bjuma sa\u0146em\u0161anas process ir maksim\u0101li diskr\u0113ts!<\/p>\n<p>Nav nepiecie\u0161ams papildus gaid\u012bt l\u012bdz preces non\u0101ks Latvij\u0101 un tikai p\u0113c tam s\u0101ksies to nos\u016bt\u012b\u0161ana pie klientiem (k\u0101 tas ir citos int\u012bmpre\u010du veikalos)!<\/p>\n<blockquote><p>\nSeksa manti\u0146as ir lieta, kas netiek pirkta &#8220;uz labu laimi&#8221; \u2013 tas ir ieguld\u012bjums sav\u0101 vesel\u012bb\u0101 un dz\u012bves spar\u0101. \u0160aj\u0101 gad\u012bjum\u0101 noder veikala p\u0101rdev\u0113ja liel\u0101 pieredze, kas \u013cauj ieteikt situ\u0101cijai atbilsto\u0161u risin\u0101jumu da\u017e\u0101d\u0101s cenu grup\u0101s un iek\u013cauties pl\u0101notaj\u0101 bud\u017eet\u0101.\n<\/p><\/blockquote>\n<p>Sievietes bie\u017ei (it sevi\u0161\u0137i, ja tas ir pirmais pirkums) izv\u0113las klasiku: vagin\u0101lo vibratoru ar &#8220;za\u0137\u012bti&#8221; klitora stimul\u0113\u0161anai. Savuk\u0101rt, v\u012brie\u0161i visbie\u017e\u0101k: re\u0101la izm\u0113ra vag\u012bnas masturb\u0101toru. Gan vibrators ar klitora stimulatoru, gan masturb\u0101tors \u2013 ir preces, kas \u013cauj atsl\u0101bin\u0101ties un g\u016bt baudu vienatn\u0113!<\/p>\n<blockquote><p>\nIr v\u0113rts apdom\u0101t augstv\u0113rt\u012bgu manti\u0146u ieg\u0101di.\n<\/p><\/blockquote>\n<p>Klitora stimulatori, kas ar \u012bpa\u0161u gaisa pl\u016bsmu vai ska\u0146as impulsu pal\u012bdz\u012bbu &#8220;uzjunda saj\u016btas&#8221; l\u012bdz nebiju\u0161iem augstumiem (<a href=\"https:\/\/tev.lv\/lv\/search?q=womanizer\">Womanizer<\/a>, <a href=\"https:\/\/tev.lv\/lv\/search?q=lelo+sona\">Lelo Sona<\/a>)! \u0160\u012bs ekskluz\u012bv\u0101s ier\u012bces ir rad\u012btas ar m\u0113r\u0137i k\u0101pin\u0101t sievie\u0161u seksu\u0101lo vesel\u012bbu! Ra\u017eojot \u0161\u0101das preces tiek izmantoti tikai kvalitat\u012bvi materi\u0101li un nostr\u0101d\u0101ts (&#8220;l\u012bdz milimetra desmitda\u013cai&#8221; noregul\u0113ts) tehnolo\u0123iskais process, kas atsij\u0101 retos br\u0101\u0137us, nodro\u0161inot augstu ra\u017e\u012bgumu. Vid\u0113j\u0101 un d\u0101rg\u0101 gala int\u012bmaj\u0101m rota\u013cliet\u0101m ir vair\u0101k re\u017e\u012bmu un \u0101trumu sal\u012bdzinot ar l\u0113taj\u0101m ier\u012bc\u0113m &ndash; izv\u0113lies autom\u0101tisko (inteli\u0123ento) re\u017e\u012bmu vai izbaudi tos visus un atrodi m\u012b\u013c\u0101ko: jaud\u012bg\u0101ko vai maig\u0101ko!<\/p>\n<blockquote><p>\nUztren\u0113 savu MOJO!\n<\/p><\/blockquote>\n<p>Nav j\u0101kaunas no masturb\u0101tora ieg\u0101des! Re\u0101la izm\u0113ra masturb\u0101tors &#8211; sievietes vag\u012bnas, an\u0101l\u0101s atveres vai mutes aizst\u0101j\u0113js &#8211; v\u012brietim \u013cauj vienlaic\u012bgi tren\u0113t \u0137erme\u0146a iztur\u012bbu un g\u016bt baudu! T\u0101 ir prece, kuru \u012bpa\u0161i iecien\u012bju\u0161i v\u012brie\u0161i, kuriem daudz j\u0101ce\u013co darba vajadz\u012bb\u0101m (t\u0101lbrauc\u0113ji \u0161oferi, starptautiska biznesa vad\u012bt\u0101ji, lidma\u0161\u012bnu piloti un stjuarti, u.c.)!<\/p>\n<p>Patlaban, p\u0101riem ir diezgan pla\u0161a erotisko manti\u0146u izv\u0113le (p\u0101ru vibratori par\u0101d\u012bj\u0101s pirms 12 gadiem). Ra\u017eot\u0101ji steidza piepild\u012bt tirgu jaunatkl\u0101taj\u0101 ni\u0161\u0101 ar pied\u0101v\u0101jumiem, kas piel\u0101goti abiem partneriem vienlaikus. Iepriek\u0161, pieaugo\u0161o rota\u013clietas \u013c\u0101va gl\u0101st\u012bt un apmierin\u0101t p\u0101rmai\u0146us. T\u0101p\u0113c p\u0101ru vibratori, bija un ir, \u012bsta revol\u016bcija gu\u013camistab\u0101! Sortiment\u0101 ir vair\u0101ki, p\u0101riem paredz\u0113ti, seksa manti\u0146u veidi no da\u017e\u0101diem ra\u017eot\u0101ju z\u012bmoliem (<a href=\"https:\/\/tev.lv\/lv\/search?q=we-vibe\">We-vibe<\/a>, <a href=\"https:\/\/tev.lv\/lv\/search?q=tiani\">Lelo Tiani<\/a>, <a href=\"https:\/\/tev.lv\/lv\/search?q=satisfyer\">Satisfyer<\/a>, <a href=\"https:\/\/tev.lv\/lv\/search?q=vibrators+p\u0101riem+partner\">Partner<\/a>).<\/p>\n<blockquote><p>\nM\u016bsdien\u0101s ir padom\u0101ts ar\u012b par att\u0101lin\u0101t\u0101s attiec\u012bb\u0101s eso\u0161u p\u0101ru seksu\u0101l\u0101s spriedzes mazin\u0101\u0161anu!\n<\/p><\/blockquote>\n<p>Kop\u0101 esot, bet atstatus &ndash; veikalu sortiment\u0101 ir vibratori, kas \u012bpa\u0161i paredz\u0113ti p\u0101riem att\u0101lin\u0101t\u0101s attiec\u012bb\u0101s. Ier\u012bces tiek vad\u012btas ar viedt\u0101lruni (ir j\u0101uzst\u0101da manti\u0146as ra\u017eot\u0101ja lietotne) un sav\u0101 starp\u0101 sazin\u0101s ar interneta starpniec\u012bbu! &#8220;<a href=\"https:\/\/shop.labi.lv\/lv\/int\u012bmpreces\/izcelt\u0101s-preces\/we-vibe\/#we-connect\">We-Connect<\/a>&#8221; ir tehnolo\u0123ija, kas \u013cauj sniegt\/g\u016bt baud\u012bjumu un kontrol\u0113t t\u0101 parametrus pat atrodoties da\u017e\u0101dos kontinentos. Svar\u012bga programmas funkcija ir ieb\u016bv\u0113ta sarakste un video zvans, kuru var izmantot baud\u012bjuma laik\u0101! T\u0101pat, lietotne \u013cauj veidot priek\u0161sp\u0113li un \u201c\u0137ircin\u0101t\u201d J\u016bsu partneri tie\u0161i t\u0101d\u0101 ritm\u0101, k\u0101 J\u016bsu pirksts pieskaras viedt\u0101lru\u0146a ekr\u0101nam.<\/p>\n<blockquote><p>\nSv\u0113tku laiks ir periods, kad dom\u0101jam par saviem m\u012b\u013cajiem un pateicamies par kop\u0101 b\u016b\u0161anas prieku. Ieg\u0101d\u0101jieties, interneta veikal\u0101 &#8220;<a href=\"https:\/\/tev.lv\/lv\">TEV.LV<\/a>&#8221; vai salonos &#8220;<a href=\"https:\/\/shop.labi.lv\/lv\/\">LABI<\/a>&#8220;, kaut ko pikantu un apd\u0101viniet vi\u0146us \u2013 \u013caujiet sajust J\u016bsu \u012bpa\u0161\u0101s r\u016bpes!\n<\/p><\/blockquote>\n<p>Aicin\u0101m J\u016bs apmekl\u0113t salonus &#8220;LABI&#8221; kl\u0101tien\u0113 (R\u012bg\u0101, L\u0101\u010dpl\u0113\u0161a iel\u0101 47 un R\u012bg\u0101, Alfr\u0113da Kalni\u0146a iel\u0101 8 &#8211; apl\u016bkojiet veikalu darba laiku sada\u013c\u0101 &#8220;<a href=\"https:\/\/shop.labi.lv\/lv\/par-mums\/kontakti\/\">kontakti<\/a>&#8220;) vai interneta int\u012bmpre\u010du veikalu &#8220;<a href=\"https:\/\/tev.lv\/lv\">TEV.LV<\/a>&#8221; tie\u0161saist\u0113 (24\/7)!<\/p>\n","protected":false},"excerpt":{"rendered":"<p>Esam nov\u0113roju\u0161i, ka aizvien vair\u0101k klientu n\u0101k uz veikalu &#8220;apbru\u0146oju\u0161ies ar inform\u0101ciju&#8221; no m\u016bsu t\u012bmek\u013ca vietn\u0113m: m\u016bsu vietnes &#8220;https:\/\/shop.labi.lv\/lv&#8221; sada\u013ca&hellip;<\/p>\n","protected":false},"author":1,"featured_media":0,"parent":12,"menu_order":0,"comment_status":"closed","ping_status":"closed","template":"","meta":{"footnotes":""},"class_list":["post-4883","page","type-page","status-publish","hentry"],"_links":{"self":[{"href":"https:\/\/shop.labi.lv\/lv\/wp-json\/wp\/v2\/pages\/4883","targetHints":{"allow":["GET"]}}],"collection":[{"href":"https:\/\/shop.labi.lv\/lv\/wp-json\/wp\/v2\/pages"}],"about":[{"href":"https:\/\/shop.labi.lv\/lv\/wp-json\/wp\/v2\/types\/page"}],"author":[{"embeddable":true,"href":"https:\/\/shop.labi.lv\/lv\/wp-json\/wp\/v2\/users\/1"}],"replies":[{"embeddable":true,"href":"https:\/\/shop.labi.lv\/lv\/wp-json\/wp\/v2\/comments?post=4883"}],"version-history":[{"count":46,"href":"https:\/\/shop.labi.lv\/lv\/wp-json\/wp\/v2\/pages\/4883\/revisions"}],"predecessor-version":[{"id":4893,"href":"https:\/\/shop.labi.lv\/lv\/wp-json\/wp\/v2\/pages\/4883\/revisions\/4893"}],"up":[{"embeddable":true,"href":"https:\/\/shop.labi.lv\/lv\/wp-json\/wp\/v2\/pages\/12"}],"wp:attachment":[{"href":"https:\/\/shop.labi.lv\/lv\/wp-json\/wp\/v2\/media?parent=4883"}],"curies":[{"name":"wp","href":"https:\/\/api.w.org\/{rel}","templated":true}]}}