  {"id":4946,"date":"2022-05-06T21:09:36","date_gmt":"2022-05-06T18:09:36","guid":{"rendered":"https:\/\/shop.labi.lv\/lv\/?page_id=4946"},"modified":"2023-12-20T21:07:27","modified_gmt":"2023-12-20T19:07:27","slug":"esi-priek%c5%a1sp%c4%93les-meistars-ar-labi","status":"publish","type":"page","link":"https:\/\/shop.labi.lv\/lv\/raksti\/esi-priek%c5%a1sp%c4%93les-meistars-ar-labi\/","title":{"rendered":"Esi priek\u0161sp\u0113les meistars ar LABI"},"content":{"rendered":"<p>M\u016bsdien\u0101s, arvien vair\u0101k cilv\u0113ku saprot priek\u0161sp\u0113les v\u0113rt\u012bbu \u2013 t\u0101 \u013cauj uztur\u0113t pr\u0101ta tonusu un lab\u0101k sagatavoties tuv\u012bbai ar savu partneri.<\/p>\n<p><img loading=\"lazy\" decoding=\"async\" src=\"https:\/\/shop.labi.lv\/lv\/wp-content\/uploads\/2022\/05\/pexels-pixabay-52718-720.jpg\" alt=\"\" width=\"720\" height=\"440\" class=\"aligncenter size-full wp-image-4965\" srcset=\"https:\/\/shop.labi.lv\/lv\/wp-content\/uploads\/2022\/05\/pexels-pixabay-52718-720.jpg 720w, https:\/\/shop.labi.lv\/lv\/wp-content\/uploads\/2022\/05\/pexels-pixabay-52718-720-300x183.jpg 300w\" sizes=\"auto, (max-width: 720px) 100vw, 720px\" \/><\/p>\n<h2>KAS IR PRIEK\u0160SP\u0112LE?<\/h2>\n<p>Lai gan pats v\u0101rds &#8220;priek\u0161sp\u0113le&#8221; sast\u0101v no 2 v\u0101rdiem: &#8220;pirms&#8221; un &#8220;sp\u0113le&#8221;, kas  netie\u0161i noz\u012bm\u0113 &#8220;jautru nodarbi&#8221; \u2013 nor\u0101da, ka t\u0101 ir maz\u0101k nopietna seksa versija, kas notiek tie\u0161i pirms pamata c\u0113liena \u2013 tas ir sam\u0113r\u0101 nepiln\u012bgs priek\u0161sp\u0113les izpratnes priek\u0161stats par to, kas t\u0101 ir (un var b\u016bt).<\/p>\n<p>Da\u017e\u0101diem cilv\u0113kiem priek\u0161sp\u0113le var noz\u012bm\u0113t kaut ko citu. Vieni dom\u0101 tikai par gl\u0101stiem un sk\u016bpstiem, ko sniegt partnerim (nodro\u0161inot \u0137erme\u0146a saj\u016btu kairin\u0101jumu) pirms seksa, citi uzskata, ka priek\u0161sp\u0113le var s\u0101kties pat vair\u0101kas dienas pirms tuv\u012bbas kulmin\u0101cijas. Priek\u0161sp\u0113le ir viss, ko J\u016bs dar\u0101t, lai liktu saprast savu uzbudin\u0101jumu un v\u0113lmi \u2013 tas var b\u016bt skatiens, piesk\u0101riens vai gl\u0101sts.<\/p>\n<h2>K\u0100P\u0112C PRIEK\u0160SP\u0112LE IR SVAR\u012aGA?<\/h2>\n<p>Priek\u0161sp\u0113le ir svar\u012bga, lai sekss b\u016btu pat\u012bkams un aizraujo\u0161s. Valda uzskats, ka v\u012bri\u0161\u0137ais dzimums priek\u0161sp\u0113li uzskata par &#8220;nepiecie\u0161amu un kaitino\u0161u lietu, kas ir j\u0101paveic&#8221;, pirms notiek dzimumakts, pretstatus viedoklim, ka t\u0101 var b\u016bt abiem partneriem baud\u0101ma jutekliska rota\u013ca, kas veicina piln\u012bgu erotisko pieredzi. Patie\u0161\u0101m laba priek\u0161sp\u0113le sasprindzina J\u016bsu dzimumorg\u0101nus un liek J\u016bsu pr\u0101tam reibt no uzbudin\u0101juma. Tas sagatavo augsni tam, lai sekss b\u016btu, lielisks.<\/p>\n<p>Priek\u0161sp\u0113le ir seksu\u0101l\u0101s spriedzes k\u0101pin\u0101\u0161ana, savuk\u0101rt, sekss ir atbr\u012bvo\u0161an\u0101s un virz\u012bba uz kulmin\u0101ciju. Tuv\u012bbas kulmin\u0101cija, priek\u0161sp\u0113les d\u0113\u013c, var b\u016bt pat burv\u012bgi eksploz\u012bva! Gaidas, gl\u0101sti un sk\u016bpsti priek\u0161sp\u0113les laik\u0101, pirms seksa, padara to iev\u0113rojami karst\u0101ku!<\/p>\n<p>Daudzos p\u0113t\u012bjumos ir noskaidrots, ka sievietes bie\u017ei netiek pietiekami uzbudin\u0101tas penetrat\u012bv\u0101 seksa laik\u0101. Tie liecina, ka sievietes reti sasniedz kulmin\u0101ciju, veicot tikai penetr\u0101ciju. T\u0101tad, ja starp Jums notiek tikai sekss \u2013 bez, vai gandr\u012bz bez priek\u0161sp\u0113les \u2013 vi\u0146a, iesp\u0113jams, sa\u0146em maz\u0101k baudas par Jums.<\/p>\n<p>Lai uzbudin\u0101jums var\u0113tu notikt, Jums abiem ir nepiecie\u0161ams izsl\u0113gt visas domas vai dienas modr\u012bbu un iejusties erotisk\u0101 telp\u0101. Priek\u0161sp\u0113le ir ce\u013c\u0161, kas J\u016bs sagatavo seksam, tas ir ide\u0101li piem\u0113rots, lai p\u0101ris justos juteklisks un grib\u0113ts.<\/p>\n<h2>PADOMI J\u016aSU PRIEK\u0160SP\u0112LEI<\/h2>\n<p>1. <strong>Sk\u016bpst\u012b\u0161an\u0101s<\/strong>. Kad esat s\u0101ku\u0161i nodarboties ar seksu, sk\u016bpst\u012b\u0161an\u0101s sal\u012bdzin\u0101jum\u0101 ar to var \u0161\u0137ist klusa un \u0161\u0137\u012bsta. Ta\u010du dzi\u013ca, jutekliska sk\u016bpst\u012b\u0161an\u0101s var b\u016bt fantastiska priek\u0161sp\u0113les sast\u0101vda\u013ca. Tas var b\u016bt p\u0101rejas punkts starp visu, ko esat dar\u012bju\u0161i pirms iz\u0123\u0113rb\u0161an\u0101s, kad maz\u0101ki sk\u016bpsti l\u0113n\u0101m p\u0101riet uz kaisl\u012bg\u0101kiem sk\u016bpstiem un abi s\u0101kat viens otru apkampt vai gl\u0101st\u012bt. Laba sk\u016bpstu sesija pirms seksa nav nepiecie\u0161ama katru reizi, ta\u010du tas ir sp\u0113c\u012bgs ierocis J\u016bsu priek\u0161sp\u0113les arsen\u0101l\u0101. Lai rad\u012btu cer\u012bbas un  atmodin\u0101tu nervu galus var izmantot gaisa sk\u016bpstus (ar maigiem, siltiem sk\u016bpstiem ir j\u0101elpo gar kaklu, pleciem, mugurkaulu, gurniem un aug\u0161stilbiem).<\/p>\n<p>2. <strong>Piesk\u0101rieni visam \u0137ermenim<\/strong>. Lai gan sk\u016bpst\u012bt viens otru uz l\u016bp\u0101m ir fantastiski, b\u016btu mu\u013c\u0137\u012bgi neizmantot nervu galu p\u0101rpiln\u012bbu vis\u0101 cilv\u0113ka \u0137ermen\u012b. Kad J\u016bs kairin\u0101siet visu \u0137ermeni, J\u016bs pastiprin\u0101siet saj\u016btas p\u0101r\u0113j\u0101 seksa seansa laik\u0101 un palielin\u0101siet baudu, kas var uzkr\u0101ties dzimumorg\u0101nu zon\u0101. Piesk\u0101riena gaid\u012b\u0161ana var m\u016bs patie\u0161\u0101m padar\u012bt me\u017eon\u012bgus!<\/p>\n<p>3. <strong>Manu\u0101la stimul\u0101cija<\/strong>. Lai ar\u012b cik pat\u012bkami b\u016btu pieskarties da\u017e\u0101d\u0101m partnera \u0137erme\u0146a da\u013c\u0101m, J\u016bs, visticam\u0101k, atkal piev\u0113rs\u012bsieties nervus kutino\u0161aj\u0101m viet\u0101m, kas var izrais\u012bt vissp\u0113c\u012bg\u0101k\u0101s reakcijas: kr\u016btis, vag\u012bna, klitors vai an\u0101l\u0101 atvere, k\u0101 ar\u012b dzimumloceklis un s\u0113klinieki. Piesk\u0101rieni \u0161\u012bm \u0137erme\u0146a da\u013c\u0101m \u2013 un ne tikai piesk\u0101rieni, bet ar\u012b partnera baudas palielin\u0101\u0161ana \u2013 ir lielisks priek\u0161sp\u0113les pa\u0146\u0113miens. Patie\u0161\u0101m labi m\u012blnieki var izrais\u012bt orgasmu, stimul\u0113jot da\u017e\u0101das erog\u0113n\u0101s zonas ar rok\u0101m, pat neiesaistoties penetr\u0101cij\u0101.<\/p>\n<p>4. <strong>Mutisks baud\u012bjums<\/strong>. N\u0101kamais svar\u012bgais priek\u0161sp\u0113les pa\u0146\u0113miens ir or\u0101lais sekss. Lai gan daudzi cilv\u0113ki uzskata, ka tas ir &#8220;slikt\u0101ks&#8221; par penetrat\u012bvo seksu, or\u0101lais sekss var b\u016bt neticami sp\u0113c\u012bgs. Katram v\u012brietim ir j\u0101zina tas, ka sieviet\u0113m, bie\u017ei, iesp\u0113jams, sag\u0101d\u0101t vair\u0101k atk\u0101rtotu orgasmu ar kunilingu (klitora laiz\u012b\u0161anu) nevis ar penetr\u0101ciju.<\/p>\n<p class=\"special-links\">\nPiem\u0113rotas preces no TEV.LV sortimenta:<br \/>\na) <a href=\"https:\/\/tev.lv\/lv\/search?q=lick+it\" rel=\"noopener\" target=\"_blank\">Lubrikanti ar da\u017e\u0101diem arom\u0101tiem un gar\u0161\u0101m<\/a><br \/>\nb) <a href=\"https:\/\/tev.lv\/lv\/search?q=lubrikants+sweet+love\" rel=\"noopener\" target=\"_blank\">Lubrikanti &#8220;Sweet love&#8221; ar da\u017e\u0101d\u0101m gar\u0161\u0101m un arom\u0101tiem<\/a><br \/>\nc) <a href=\"https:\/\/tev.lv\/lv\/search?q=drunk+in+love\" rel=\"noopener\" target=\"_blank\">Lubrinakti &#8220;Drunk in love&#8221; ar da\u017e\u0101du alkoholsko dz\u0113rienu gar\u0161\u0101m (alus, d\u017eins ar toniku un sangrija)<\/a>\n<\/p>\n<p>5. <strong>Ne\u0137\u012btras sarunas<\/strong> ir labs l\u012bdzeklis. lai uzlabotu p\u0101ra erotisko lomu sp\u0113\u013cu dinamiku, atgrieztos pie lielisk\u0101 seksa, kas Jums kop\u0101 ir bijis iepriek\u0161, vai aprakst\u012btu seksu, ko J\u016bs v\u0113l\u0113tos ar \u0161o cilv\u0113ku piedz\u012bvot n\u0101kotn\u0113. Ne\u0137\u012btras sarunas var p\u0101rcelt ar\u012b uz internetu, k\u0101 priek\u0161sp\u0113li izmantojot seksa zi\u0146u (vai ne\u0137\u012btru balss ierakstu) s\u016bt\u012b\u0161anu partnerim \u2013 tas liks Jums abiem b\u016bt p\u0101rpild\u012btiem ar v\u0113lmi vienam p\u0113c otra.<\/p>\n<p>Par satik\u0161an\u0101s br\u012b\u017ea katalizatoru (saj\u016btu uzkurin\u0101t\u0101ju) var kalpot erotisk\u0101 ve\u013ca! T\u0101 izce\u013c sievietes maigo siluetu un v\u012brie\u0161a sp\u0113c\u012bgo augumu. Izmantojot seks\u012bgo apak\u0161ve\u013cu, pavisam noteikti, uzbudin\u0101jums neliks vilties!<\/p>\n<p class=\"special-links\">\nPiem\u0113rotas preces no TEV.LV sortimenta:<br \/>\na) <a href=\"https:\/\/tev.lv\/lv\/kost\u012bmi-lomu-sp\u0113l\u0113m\" rel=\"noopener\" target=\"_blank\">Kost\u012bmi lomu sp\u0113l\u0113m<\/a><br \/>\nb) <a href=\"https:\/\/tev.lv\/lv\/sievie\u0161u-ve\u013ca\" rel=\"noopener\" target=\"_blank\">Erotiska sievie\u0161u ve\u013ca<\/a><br \/>\nc) <a href=\"https:\/\/tev.lv\/lv\/v\u012brie\u0161u-ve\u013ca\" rel=\"noopener\" target=\"_blank\">Erotiska v\u012brie\u0161u ve\u013ca<\/a>\n<\/p>\n<p>6. <strong>Juteklisk\u0101 mas\u0101\u017ea<\/strong>. Jums ne tikai j\u0101pieskaras partneres kailajam \u0137ermenim, lietojot mas\u0101\u017eas e\u013c\u013cu, mas\u0101\u017eas sveci vai mas\u0101\u017eas lubrikantu, lai tas b\u016btu slidens un gatavs tam, kas v\u0113l sekos. Jums j\u0101b\u016bt dzi\u013ci iesaist\u012btiem ar m\u0113r\u0137i atsl\u0101bin\u0101t un erotiski \u0137ircin\u0101t. Ir vair\u0101ki pa\u0146\u0113mieni \u2013 pirmais: veikt mas\u0101\u017eu piln\u012bgi ignor\u0113jot erog\u0113n\u0101s zonas (tas atsl\u0101bin\u0101s \u0137ermeni un veidosies gaidas p\u0113c tuv\u012bbas), otrais: veikt mas\u0101\u017eu l\u0113n\u0101m virzoties uz erog\u0113naj\u0101m zon\u0101m (tas b\u016bs k\u0101 nep\u0101rprotams m\u0101jiens J\u016bsu nodomiem) un tre\u0161ais: veikt mas\u0101\u017eu viegli pieskaroties erog\u0113naj\u0101m zon\u0101m vai pielietojot gaisa sk\u016bpstus bez pieskar\u0161an\u0101s (tas ir erotiski un \u013coti pat\u012bkami).<\/p>\n<p class=\"special-links\">\nPiem\u0113rotas preces no TEV.LV sortimenta:<br \/>\na) <a href=\"https:\/\/tev.lv\/lv\/mas\u0101\u017eas-e\u013c\u013cas-un-sveces\" rel=\"noopener\" target=\"_blank\">Mas\u0101\u017eas sveces<\/a><br \/>\nb) <a href=\"https:\/\/tev.lv\/lv\/mas\u0101\u017eas-e\u013c\u013cas-un-sveces\" rel=\"noopener\" target=\"_blank\">Mas\u0101\u017eas e\u013c\u013cas<\/a><br \/>\nc) <a href=\"https:\/\/tev.lv\/lv\/mas\u0101\u017eas-ier\u012bces\" rel=\"noopener\" target=\"_blank\">Mas\u0101\u017eas ier\u012bces<\/a>\n<\/p>\n<p>7. <strong>Rad\u012bt noska\u0146u<\/strong>. Svar\u012bgs priek\u0161sp\u0113les elements ir pan\u0101kt, lai ikdienas darbi un steiga aizmirstos, lai seksu tik tie\u0161\u0101m v\u0113l\u0113tos izbaud\u012bt. To var pan\u0101kt, m\u0113\u0123inot jau iepriek\u0161 rad\u012bt noska\u0146u. Erotisku noska\u0146u m\u0101j\u0101s var rad\u012bt ar m\u016bziku, smar\u017e\u0101m, v\u012braku, e\u013c\u013c\u0101m, svec\u0113m u.t.t.<\/p>\n<p class=\"special-links\">\nPiem\u0113rotas preces no TEV.LABI.LV sortimenta:<br \/>\na) <a href=\"https:\/\/tev.lv\/lv\/mas\u0101\u017eas-e\u013c\u013cas-un-sveces\" rel=\"noopener\" target=\"_blank\">Mas\u0101\u017eas sveces<\/a><br \/>\nb) <a href=\"https:\/\/tev.lv\/lv\/mas\u0101\u017eas-e\u013c\u013cas-un-sveces\" rel=\"noopener\" target=\"_blank\">Mas\u0101\u017eas e\u013c\u013cas<\/a>\n<\/p>\n<p>8. <strong>Manti\u0146as pieaugu\u0161ajiem<\/strong>. Labs pa\u0146\u0113miens, k\u0101 aktualiz\u0113t situ\u0101ciju gu\u013camistab\u0101, ir: pievienot seksa rota\u013clietas. Int\u012bm\u0101s rota\u013clietas nodro\u0161ina iesp\u0113jas intens\u012bvi \u0137ircin\u0101t un gl\u0101st\u012bt \u2013 \u0161\u0101di sagatavojot partneri baudai, kas sekos v\u0113l\u0101k.<\/p>\n<p class=\"special-links\">\nPiem\u0113rotas preces no TEV.LV sortimenta:<br \/>\na) <a href=\"https:\/\/tev.lv\/lv\/erekcijas-gredzeni\" rel=\"noopener\" target=\"_blank\">Erekcijas gredzeni<\/a><br \/>\nb) <a href=\"https:\/\/tev.lv\/lv\/mas\u0101\u017eas-ier\u012bces\" rel=\"noopener\" target=\"_blank\">Mas\u0101\u017eas ier\u012bces<\/a><br \/>\nc) <a href=\"https:\/\/tev.lv\/lv\/uzmavas-un-man\u017eetes-loceklim-vai-vibratoram\" rel=\"noopener\" target=\"_blank\">Uzmavas un man\u0161etes<\/a><br \/>\nd) <a href=\"https:\/\/tev.lv\/lv\/dildo-jeb-falla-imit\u0101tori\" rel=\"noopener\" target=\"_blank\">Dildo jeb falla imitatori<\/a><br \/>\ne) <a href=\"https:\/\/tev.lv\/lv\/vibratori\" rel=\"noopener\" target=\"_blank\">Vibratori<\/a>\n<\/p>\n<p>9. <strong>Dialogs<\/strong>. Ja patie\u0161\u0101m nezin\u0101t, k\u0101 vislab\u0101k uzbudin\u0101t savu partneri, tad ir laiks aprun\u0101ties par to ar vi\u0146u tie\u0161i. Lab\u0101k\u0101 priek\u0161sp\u0113le ir t\u0101, kas J\u016bsu partnerim pat\u012bk visvair\u0101k.<\/p>\n<p class=\"special-links\">\nPiem\u0113rotas preces no TEV.LV sortimenta:<br \/>\na) <a href=\"https:\/\/tev.lv\/lv\/sp\u0113les\" rel=\"noopener\" target=\"_blank\">Erotiskas sp\u0113les<\/a><br \/>\nb) <a href=\"https:\/\/tev.lv\/lv\/citi-suven\u012bri\" rel=\"noopener\" target=\"_blank\">Erotiski suven\u012bri<\/a>\n<\/p>\n<p><em>Avots: \u201chttps:\/\/gautamblogs.com\/askmens-giant-guide-foreplay-11600\u201d<\/em><\/p>\n","protected":false},"excerpt":{"rendered":"<p>M\u016bsdien\u0101s, arvien vair\u0101k cilv\u0113ku saprot priek\u0161sp\u0113les v\u0113rt\u012bbu \u2013 t\u0101 \u013cauj uztur\u0113t pr\u0101ta tonusu un lab\u0101k sagatavoties tuv\u012bbai ar savu partneri.&hellip;<\/p>\n","protected":false},"author":1,"featured_media":0,"parent":12,"menu_order":0,"comment_status":"closed","ping_status":"closed","template":"","meta":{"footnotes":""},"class_list":["post-4946","page","type-page","status-publish","hentry"],"_links":{"self":[{"href":"https:\/\/shop.labi.lv\/lv\/wp-json\/wp\/v2\/pages\/4946","targetHints":{"allow":["GET"]}}],"collection":[{"href":"https:\/\/shop.labi.lv\/lv\/wp-json\/wp\/v2\/pages"}],"about":[{"href":"https:\/\/shop.labi.lv\/lv\/wp-json\/wp\/v2\/types\/page"}],"author":[{"embeddable":true,"href":"https:\/\/shop.labi.lv\/lv\/wp-json\/wp\/v2\/users\/1"}],"replies":[{"embeddable":true,"href":"https:\/\/shop.labi.lv\/lv\/wp-json\/wp\/v2\/comments?post=4946"}],"version-history":[{"count":32,"href":"https:\/\/shop.labi.lv\/lv\/wp-json\/wp\/v2\/pages\/4946\/revisions"}],"predecessor-version":[{"id":5392,"href":"https:\/\/shop.labi.lv\/lv\/wp-json\/wp\/v2\/pages\/4946\/revisions\/5392"}],"up":[{"embeddable":true,"href":"https:\/\/shop.labi.lv\/lv\/wp-json\/wp\/v2\/pages\/12"}],"wp:attachment":[{"href":"https:\/\/shop.labi.lv\/lv\/wp-json\/wp\/v2\/media?parent=4946"}],"curies":[{"name":"wp","href":"https:\/\/api.w.org\/{rel}","templated":true}]}}