  {"id":5085,"date":"2022-07-28T20:44:44","date_gmt":"2022-07-28T17:44:44","guid":{"rendered":"https:\/\/shop.labi.lv\/lv\/?page_id=5085"},"modified":"2023-12-20T21:49:14","modified_gmt":"2023-12-20T19:49:14","slug":"ko-v%c4%93las-sievietes-divat%c4%81-starp-palagiem","status":"publish","type":"page","link":"https:\/\/shop.labi.lv\/lv\/raksti\/ko-v%c4%93las-sievietes-divat%c4%81-starp-palagiem\/","title":{"rendered":"Ko v\u0113las sievietes \u2013 divat\u0101, starp palagiem!?"},"content":{"rendered":"<p><img loading=\"lazy\" decoding=\"async\" src=\"https:\/\/shop.labi.lv\/lv\/wp-content\/uploads\/2022\/07\/couple-in-bed.jpg\" alt=\"\" width=\"720\" height=\"480\" class=\"aligncenter size-full wp-image-5087\" srcset=\"https:\/\/shop.labi.lv\/lv\/wp-content\/uploads\/2022\/07\/couple-in-bed.jpg 720w, https:\/\/shop.labi.lv\/lv\/wp-content\/uploads\/2022\/07\/couple-in-bed-300x200.jpg 300w\" sizes=\"auto, (max-width: 720px) 100vw, 720px\" \/><\/p>\n<h2>Uzzini nosl\u0113pumu: ko v\u0113las sievietes!?<\/h2>\n<p>Katram pieaugu\u0161am cilv\u0113kam ir daudzas erog\u0113n\u0101s zonas, turkl\u0101t, t\u0101s m\u0113dz at\u0161\u0137irties (ir da\u017e\u0101das katram indiv\u012bdam)! Cilv\u0113ki m\u012bl komfortu un t\u0101d\u0113\u013c, bie\u017ei, izv\u0113las sav\u0101 pieredz\u0113 balst\u012btas pozas, metodes un tehniku, jo t\u0101s ir sevi pier\u0101d\u012bju\u0161as. Bie\u017ei vien, st\u016brgalv\u012bga tur\u0113\u0161an\u0101s tikai pie zin\u0101m\u0101 (bez eksperimentiem) rada rut\u012bnu gu\u013camistab\u0101, kas boj\u0101 p\u0101ru attiec\u012bbas! Viens no saboj\u0101to attiec\u012bbu rezult\u0101tiem ir v\u012brie\u0161a m\u012b\u013c\u0101k\u0101 vai\/un sievietes m\u012b\u013c\u0101kais.<\/p>\n<p>Kutel\u012bgu aptauju rezult\u0101ti liecina, ka vair\u0101k k\u0101 70 procenti v\u012brie\u0161u m\u012bl\u0113joties sasniedz orgasmu katru reizi. Sieviet\u0113m \u2013 viss ir sare\u017e\u0123\u012bti: no vagin\u0101l\u0101s simul\u0101cijas orgasmu sasniedz tikai 50 procenti sievie\u0161u, savuk\u0101rt, ja to papildina ar klitora mas\u0101\u017eu, tad orgasmu sasniedz jau vair\u0101k k\u0101 70 procenti sievie\u0161u.<\/p>\n<p>Gudri p\u0101ri naski izmanto augst\u0101k min\u0113t\u0101s baudas g\u016b\u0161anas metodes un atsvaidzina t\u0101s ar erotiskaj\u0101m manti\u0146\u0101m \u2013 int\u012bmprec\u0113m, kas sniedz neaprakst\u0101mus saldkaisles br\u012b\u017eus. \u0160\u012bs zin\u0101\u0161anas un uzdr\u012bkst\u0113\u0161an\u0101s nodro\u0161ina dz\u012bves baud\u012b\u0161anu, kas nepak\u013caujas rut\u012bnai!<\/p>\n<p>Nevienam pieaugu\u0161ajam nav nosl\u0113pums, ka sievie\u0161u visj\u016bt\u012bg\u0101kie \u0137erme\u0146a apgabali, neap\u0161aub\u0101mi, ir maksts un klitors! Un ar\u012b liel\u0101k\u0101 da\u013ca int\u012bmpre\u010du industrijas izstr\u0101d\u0101to seksa rota\u013clietu ir rad\u012btas sieviet\u0113m \u2013 lai vi\u0146as aplaimotu!<\/p>\n<p>No sarun\u0101m ar m\u016bsu eso\u0161ajiem klientiem nov\u0113rojam, ka bie\u017ei netiek izmantots pietiekams daudzums lubric\u0113jo\u0161\u0101 gela. Ir skaidrs, ka sieviet\u0113m nepat\u012bk vagin\u0101l\u0101 iek\u013c\u016b\u0161ana (penetr\u0101cija) bez mitrin\u0101\u0161anas (t\u0101d\u0113\u013c, ka tas nav pat\u012bkami un \u0161\u0101di neizdodas sasniegt uzbudin\u0101jumu). Stimul\u0113jot gan G-punktu, gan klitoru ir nepiecie\u0161ams nekautr\u0113ties un lietot daudz papildus mitruma, lai rad\u012btu baudu nevis berzi! M\u0113s \u012bpa\u0161i iesak\u0101m \u016bdens b\u0101zes lubrikantus, jo tie ir piem\u0113roti visam \u0137ermenim (partnera unik\u0101laj\u0101m erog\u0113naj\u0101m zon\u0101m) un ir sader\u012bgi ar jebkuru seksa manti\u0146u.<\/p>\n<p>T\u0101 k\u0101 tr\u012bs ceturtda\u013cas sievie\u0161u sasniedz orgasmu ar klitora stimul\u0101ciju, ir ac\u012bmredzami, ka \u0161\u0101du metodi var un vajag izbaud\u012bt un izzin\u0101t! \u0160im m\u0113r\u0137im, zin\u0101tnieki un seksa manti\u0146u ra\u017eot\u0101ji, kopdarba rezult\u0101ta, ir rad\u012bju\u0161i milzum daudz ier\u012b\u010du sievie\u0161u baudai \u2013 \u012bpa\u0161i klitora mas\u0101\u017eai. Ir manti\u0146as ar gaisa pl\u016bsmu mai\u0146u funkciju, ir manti\u0146as ar ska\u0146as vi\u013c\u0146u mai\u0146as funkciju, ir manti\u0146as ar vibr\u0101cijas funkciju un ir ar\u012b t\u0101das, kur apvienotas vair\u0101kas no tikko aprakst\u012btaj\u0101m metod\u0113m! Bez \u0161aub\u0101m, da\u017e\u0101d\u0101m sieviet\u0113m vislab\u0101k st\u0101d\u0101s at\u0161\u0137ir\u012bgas ier\u012bces, bet ies\u0101kt vajadz\u0113tu ar l\u0113t\u0101ku seksa manti\u0146u \u2013 eksempl\u0101ru ar pamatfunkcij\u0101m un maz\u0101ku maksim\u0101lo jaudu (tas ar\u012b saudz\u0113s klitoru, ja tas ir \u013coti jut\u012bgs)!<\/p>\n<h2>Vibratori p\u0101riem<\/h2>\n<p>Erotisk\u0101s manti\u0146as p\u0101rim ir p\u0113d\u0113jo 14 gadu sens\u0101cija, ko 2008. gad\u0101 aizs\u0101ka \u201cWe-Vibe\u201d ier\u012bces. Pirms tam neviens nebija iedom\u0101jies, k\u0101 m\u012bl\u0113\u0161anos var papildin\u0101t ar vibratoru tie\u0161i notikumu epicentr\u0101! M\u016bsdien\u0101s ir pieejami gan ori\u0123in\u0101lie un uzlabotie \u201cWe-Vibe\u201d baudas objekti, gan citu ra\u017eot\u0101ju p\u0101ru vibratori \u2013 l\u012bdzinieki, kas at\u0161\u0137iras ar programmu (ritmu) skaitu, motoru novietojumu un to jaudu.<\/p>\n<p>Ja partneris ir komand\u0113jum\u0101 \u2013 tas nav \u0161\u0137\u0113rslis pikant\u0101m rota\u013c\u0101m! To var nodro\u0161in\u0101t \u201cWe-Vibe\u201d p\u0101ru baudas ier\u012bces, kas str\u0101d\u0101 caur internetu ar lietotni m\u016bsdien\u012bg\u0101 viedt\u0101lrun\u012b! P\u0101ris var vienlaic\u012bgi kontrol\u0113t otra partnera ier\u012bces baudas ritmu, sp\u0113ku, k\u0101 ar\u012b \u0137ircin\u0101t!<\/p>\n<div class=\"special-links\">\n<span class=\"special-sub-title\">Piem\u0113rotas preces no int\u012bmpre\u010du salonu &#8220;LABI&#8221; un tie\u0161saistes int\u012bmpre\u010du veikala &#8220;TEV.LV&#8221; sortimenta:<\/span><br \/>\n    a) <a href=\"https:\/\/tev.lv\/lv\/search?q=we-vibe\" rel=\"noopener\" target=\"_blank\">We-vibe baudas ier\u012bces p\u0101riem<\/a><br \/>\n    b) <a href=\"https:\/\/tev.lv\/lv\/lelo-2?pagesize=24\" rel=\"noopener\" target=\"_blank\">Lelo baudas ier\u012bces<\/a><br \/>\n    c) <a href=\"https:\/\/tev.lv\/lv\/search?q=partner\" rel=\"noopener\" target=\"_blank\">Partner vibratori p\u0101riem<\/a><br \/>\n    d) Citi <a href=\"https:\/\/tev.lv\/lv\/search?q=vibrators+p\u0101riem\" rel=\"noopener\" target=\"_blank\">vibratori p\u0101riem<\/a>\n<\/div>\n<h2>K\u0101d\u0113\u013c orgasma sasnieg\u0161anai nepiecie\u0161ams ilgs laiks?<\/h2>\n<p>P\u0113t\u012bjumi liecina, ka no 10 l\u012bdz 20 procentiem sievie\u0161u, diem\u017e\u0113l, neizj\u016bt orgasmu. Process notiek un saj\u016btas ir pat\u012bkamas, tom\u0113r uzbudin\u0101juma tr\u012bsas \u0161\u012bs sievietes nepiedz\u012bvo. Iemesli tam m\u0113dz b\u016bt da\u017e\u0101di, visbie\u017e\u0101k probl\u0113mas sakne ir: psiholo\u0123iskas probl\u0113mas vai ar\u012b probl\u0113mas slikta \u0137erme\u0146a tonusa d\u0113\u013c.<\/p>\n<p>Zin\u0101tnieki ir noteiku\u0161i, ka katras sievietes klitor\u0101 ir ap 8000 nervu galu, kas ir divtik vair\u0101k k\u0101 katra v\u012brie\u0161a dzimumlocekl\u012b! Ar\u012b m\u016bsdien\u0101s m\u0113dzam sastapties ar aizspriedumiem, ka nav norm\u0101li, ja tikai vagin\u0101l\u0101 penetr\u0101cija sievietei nesniedz orgasmu. V\u012brie\u0161iem ir j\u0101b\u016bt atjaut\u012bgiem un j\u0101stimul\u0113 ne tikai sievietes dzimumorg\u0101ni, bet ar\u012b citas individu\u0101l\u0101s erog\u0113n\u0101s zonas \u2013 tas nodro\u0161in\u0101s sp\u0113c\u012bgu un eksploz\u012bvu nobeigumu abiem partneriem!<\/p>\n<p>Sievie\u0161u erog\u0113n\u0101s zonas (sak\u0101rtotas p\u0113c baud\u012bjuma intensit\u0101tes) ir:<br \/>\n    a) klitors;<br \/>\n    b) G-punkts;<br \/>\n    c) kr\u016btis;<br \/>\n    d) citas zonas.<\/p>\n<div class=\"special-links\">\n<span class=\"special-sub-title\">Piem\u0113rotas preces no int\u012bmpre\u010du salonu &#8220;LABI&#8221; un tie\u0161saistes int\u012bmpre\u010du veikala &#8220;TEV.LV&#8221; sortimenta:<\/span><br \/>\n    a) <a href=\"https:\/\/tev.lv\/lv\/vibratori-ar-klitora-stimul\u0101ciju\" rel=\"noopener\" target=\"_blank\">vibratori ar klitora stimul\u0101ciju<\/a><br \/>\n    b) <a href=\"https:\/\/tev.lv\/lv\/g-punkta-vibratori\" rel=\"noopener\" target=\"_blank\">vibratori ar G-punkta stimul\u0101ciju<\/a><br \/>\n    c) da\u017e\u0101das <a href=\"https:\/\/tev.lv\/lv\/mas\u0101\u017eas-ier\u012bces\" rel=\"noopener\" target=\"_blank\">mas\u0101\u017eas ier\u012bces<\/a><br \/>\n    d) erotiski <a href=\"https:\/\/tev.lv\/lv\/search?q=nipple+clamps\" rel=\"noopener\" target=\"_blank\">kr\u016b\u0161u klip\u0161i<\/a>\n<\/div>\n<h2>Kr\u0113mi orgasma veicin\u0101\u0161anai<\/h2>\n<p>Past\u0101v kr\u0113mi orgasma veicin\u0101\u0161anai un \u0161\u0137idrie vibratori. \u0160ie l\u012bdzek\u013ci ir \u012bpa\u0161i paredz\u0113ti klitora jut\u012bbas palielin\u0101\u0161anai un sevi\u0161\u0137i noder gad\u012bjum\u0101, kad sievietei ir gr\u016bti sasniegt orgasmu! Uzkl\u0101jot l\u012bdzekli sievietes saj\u016btas m\u012bl\u0113\u0161an\u0101s laik\u0101 k\u013c\u016bst sp\u0113c\u012bg\u0101kas \u2013 iedarb\u012bba m\u0113dz b\u016bt da\u017e\u0101da: no ritmiski puls\u0113jo\u0161as elektriskas vibr\u0113\u0161anas l\u012bdz sildo\u0161am efektam, k\u0101 rezult\u0101t\u0101 palielin\u0101s uzbudin\u0101jums un mitrums makst\u012b! <\/p>\n<div class=\"special-links\">\n<span class=\"special-sub-title\">Piem\u0113rotas preces no int\u012bmpre\u010du salonu &#8220;LABI&#8221; un tie\u0161saistes int\u012bmpre\u010du veikala &#8220;TEV.LV&#8221; sortimenta:<\/span><br \/>\n    a) <a href=\"https:\/\/tev.lv\/lv\/kr\u0113mi-un-prepar\u0101ti-sieviet\u0113m\" rel=\"noopener\" target=\"_blank\">Kr\u0113mi sieviet\u0113m<\/a><br \/>\n    b) <a href=\"https:\/\/tev.lv\/lv\/kr\u0113mi-un-prepar\u0101ti-abiem-partneriem\" rel=\"noopener\" target=\"_blank\">Kr\u0113mi abiem partneriem<\/a>\n<\/div>\n<h2>Vai liel\u0101ks dzimumloceklis autom\u0101tiski noz\u012bm\u0113 sp\u0113c\u012bg\u0101ku orgasmu?<\/h2>\n<p>Maksts dzi\u013cums sv\u0101rst\u0101s no 7 l\u012bdz 11 cm, bet seksu\u0101la uzbudin\u0101juma apst\u0101k\u013cos t\u0101 var palielin\u0101ties l\u012bdz pat tuvu 200 procentiem. Savuk\u0101rt G-punkts atrodas no 2,5 l\u012bdz 8 cm att\u0101lum\u0101 no maksts ieejas \u2013 tas noz\u012bm\u0113, ka, lai sniegtu baudu milz\u012bgs penis nav nepiecie\u0161ams, lai gan, t\u0101ds pied\u0101v\u0101 burv\u012bgu da\u017e\u0101d\u012bbu!<\/p>\n<h2>Pe\u0146a palielin\u0101t\u0101ji<\/h2>\n<p>V\u012brie\u0161i, neizsamistiet (\u201cnemetiet savu plinti kr\u016bmos\u201d), ja J\u016bsu penis nav liel\u0101ks par vid\u0113jo \u2013 int\u012bmpre\u010du veikalos ir preces, kas uzlabos J\u016bsu sievietes baudas g\u016b\u0161anas pieredzi \u2013 t\u0101s ir uzmavas loceklim, dildo vai vibratoram! Da\u017e\u0101d\u012bba ir iev\u0113rojama \u2013  ar reljefu (ar izci\u013c\u0146iem vai ar riev\u0101m), ar smar\u017eu, caursp\u012bd\u012bgi vai miesas kr\u0101s\u0101 \u2013 t\u0101s padara peni gar\u0101ku un resn\u0101ku. Uzmavu uzvelk uz pe\u0146a, kad tas atrodas erekcij\u0101s st\u0101vokl\u012b, un izmanto seksam. Efekts ir t\u016bl\u012bt\u0113js un bez medic\u012bniskas iejauk\u0161an\u0101s!<\/p>\n<p>Turkl\u0101t, past\u0101v ar\u012b metodes pe\u0146a palielin\u0101\u0161anai ar vakuuma pumpi (ir pieejami gan gaisa pumpi, gan \u016bdens pumpji) vai speci\u0101lu komplektu to l\u0113n\u0101m stiepjot! Tre\u0161\u0101 metode ir pe\u0146a palielin\u0101\u0161anas oper\u0101cija, kas ir saist\u012bta ar riskiem un to vajadz\u0113tu lietot tikai gal\u0113jas nepiecie\u0161am\u012bbas rezult\u0101t\u0101, ja loceklis ir maz\u0101ks par vid\u0113jo izm\u0113ru.<\/p>\n<div class=\"special-links\">\n<span class=\"special-sub-title\">Piem\u0113rotas preces no int\u012bmpre\u010du salonu &#8220;LABI&#8221; un tie\u0161saistes int\u012bmpre\u010du veikala &#8220;TEV.LV&#8221; sortimenta:<\/span><br \/>\n    a) <a href=\"https:\/\/tev.lv\/lv\/uzmavas-un-man\u017eetes-loceklim-vai-vibratoram\" rel=\"noopener\" target=\"_blank\">Uzmavas un man\u0161etes loceklim vai vibratoram<\/a><br \/>\n    b) <a href=\"https:\/\/tev.lv\/lv\/dzimumlocek\u013ca-pagarin\u0101\u0161anas-komplekti\" rel=\"noopener\" target=\"_blank\">Dzimumlocek\u013ca pagarin\u0101\u0161anas komplekti Male Edge<\/a><br \/>\n    c) <a href=\"https:\/\/tev.lv\/lv\/vakuums\u016bk\u0146i-un-aksesu\u0101ri\" rel=\"noopener\" target=\"_blank\">Vakuuma s\u016bk\u0146i penim<\/a>\n<\/div>\n<h2>Vissp\u0113c\u012bg\u0101kie orgasmi ir sieviet\u0113m ar tren\u0113tiem maksts un iegur\u0146a musku\u013ciem!<\/h2>\n<p>Vagin\u0101l\u0101s lod\u012btes \u2013 t\u0101s sp\u0113j uztren\u0113t maksts un iegur\u0146a musku\u013cus, lai ieg\u016btu musku\u013cu tonusu un vienlaic\u012bgi paaugstin\u0101tu int\u012bm\u0101s zonas receptoru jut\u012bgumu \u2013 l\u012bdz ar to, sniedz sp\u0113c\u012bg\u0101kus un intens\u012bv\u0101kus orgasmus, kas uzlabo p\u0101ra seksu\u0101lo dz\u012bvi! Par lod\u012b\u0161u lietder\u012bbu ir zin\u0101ms sen, tom\u0113r, ar\u012b m\u016bsdien\u0101s, cilv\u0113ki kautr\u0113jas t\u0101s ieg\u0101d\u0101ties!<\/p>\n<p>Slaveno vagin\u0101lo lod\u012b\u0161u lab\u0101s \u012bpa\u0161\u012bbas:<br \/>\n    a) samazin\u0101t pirms menstru\u0101lo diskomfortu un menstru\u0101l\u0101s spazmas;<br \/>\n    b) pal\u012bdz atkopties p\u0113c gr\u016btniec\u012bbas;<br \/>\n    c) toniz\u0113 ur\u012bnp\u016bsli, dzemdi un taisno zarnu;<br \/>\n    d) uzlabo ur\u012bna satur\u0113\u0161anu;<br \/>\n    e) mazina menopauzes simptomus un l\u012bdzsvaro estrog\u0113na l\u012bmeni.<\/p>\n<p>Ir j\u0101zina, ka vagin\u0101laj\u0101m lod\u012bt\u0113m ir vair\u0101kas svara kategorijas:<br \/>\n    a) lod\u012btes, kas sver 50 g, der ies\u0101c\u0113j\u0101m;<br \/>\n    b) lod\u012btes, kas sver 70 g, der pieredz\u0113ju\u0161\u0101m lietot\u0101j\u0101m;<br \/>\n    c) lod\u012btes, kas sver vair\u0101k par 70 g, nodro\u0161ina izcilu tonusu, bet paredz\u0113tas ekspert\u0113m.<\/p>\n<div class=\"special-links\">\n<span class=\"special-sub-title\">Piem\u0113rotas preces no int\u012bmpre\u010du salonu &#8220;LABI&#8221; un tie\u0161saistes int\u012bmpre\u010du veikala &#8220;TEV.LV&#8221; sortimenta:<\/span><br \/>\n    a) Ausgstv\u0113rt\u012bg\u0101s <a href=\"https:\/\/tev.lv\/lv\/search?q=bumbi\u0146as+lelo\" rel=\"noopener\" target=\"_blank\">LELO bumbi\u0146as<\/a><br \/>\n    b) Bumbi\u0146as, kas <a href=\"https:\/\/tev.lv\/lv\/search?q=kegel\" rel=\"noopener\" target=\"_blank\">\u012bpa\u0161i paredz\u0113tas iegur\u0146a musku\u013cu treni\u0146iem<\/a><br \/>\n    c) Iegur\u0146a musku\u013cu trena\u017eieris <a href=\"https:\/\/tev.lv\/lv\/search?q=0325\" rel=\"noopener\" target=\"_blank\">Sexual exercise<\/a><br \/>\n    d) Bumbi\u0146as maksts musku\u013cu tren\u0113\u0161anai <a href=\"https:\/\/tev.lv\/lv\/search?q=trainballs\" rel=\"noopener\" target=\"_blank\">no s\u0113rijas TrainBalls<\/a><br \/>\n    e) Bumbi\u0146as no s\u0113rijas <a href=\"https:\/\/tev.lv\/lv\/search?q=geisha+lastic\" rel=\"noopener\" target=\"_blank\">Geisha lastic<\/a><br \/>\n    f) Bumbi\u0146as no s\u0113rijas <a href=\"https:\/\/tev.lv\/lv\/search?q=lyra+delta\" rel=\"noopener\" target=\"_blank\">Lyra Delta<\/a><br \/>\n    g) Bumbi\u0146as no s\u0113rijas <a href=\"https:\/\/tev.lv\/lv\/search?q=u-tone+balls\" rel=\"noopener\" target=\"_blank\">U-tone balls<\/a><br \/>\n    h) Visas <a href=\"https:\/\/tev.lv\/lv\/search?q=vagin\u0101l\u0101s+bumbi\u0146as\" rel=\"noopener\" target=\"_blank\">vagin\u0101l\u0101s bumbi\u0146as<\/a>\n<\/div>\n<h2>Nov\u0113l\u0113jums<\/h2>\n<p>Esiet atjaut\u012bgi un int\u012bmas tuv\u012bbas laik\u0101 lietojat LABI veikalos ieg\u0101d\u0101tas int\u012bmpreces \u2013 seksa rota\u013clietas atsvaidzin\u0101s saj\u016btas un attiec\u012bbas, k\u0101 ar\u012b ne\u013caus iest\u0101ties rut\u012bnai. Seksa manti\u0146as labi noder baudai gan vienatn\u0113, gan ar partneri un tas nav nekas slikts vai nepiedien\u012bgs, ka int\u012bmo prieku atvilktn\u0113 glab\u0101jas pikantas lieti\u0146as.<\/p>\n","protected":false},"excerpt":{"rendered":"<p>Uzzini nosl\u0113pumu: ko v\u0113las sievietes!? Katram pieaugu\u0161am cilv\u0113kam ir daudzas erog\u0113n\u0101s zonas, turkl\u0101t, t\u0101s m\u0113dz at\u0161\u0137irties (ir da\u017e\u0101das katram indiv\u012bdam)!&hellip;<\/p>\n","protected":false},"author":1,"featured_media":0,"parent":12,"menu_order":0,"comment_status":"closed","ping_status":"closed","template":"","meta":{"footnotes":""},"class_list":["post-5085","page","type-page","status-publish","hentry"],"_links":{"self":[{"href":"https:\/\/shop.labi.lv\/lv\/wp-json\/wp\/v2\/pages\/5085","targetHints":{"allow":["GET"]}}],"collection":[{"href":"https:\/\/shop.labi.lv\/lv\/wp-json\/wp\/v2\/pages"}],"about":[{"href":"https:\/\/shop.labi.lv\/lv\/wp-json\/wp\/v2\/types\/page"}],"author":[{"embeddable":true,"href":"https:\/\/shop.labi.lv\/lv\/wp-json\/wp\/v2\/users\/1"}],"replies":[{"embeddable":true,"href":"https:\/\/shop.labi.lv\/lv\/wp-json\/wp\/v2\/comments?post=5085"}],"version-history":[{"count":37,"href":"https:\/\/shop.labi.lv\/lv\/wp-json\/wp\/v2\/pages\/5085\/revisions"}],"predecessor-version":[{"id":5396,"href":"https:\/\/shop.labi.lv\/lv\/wp-json\/wp\/v2\/pages\/5085\/revisions\/5396"}],"up":[{"embeddable":true,"href":"https:\/\/shop.labi.lv\/lv\/wp-json\/wp\/v2\/pages\/12"}],"wp:attachment":[{"href":"https:\/\/shop.labi.lv\/lv\/wp-json\/wp\/v2\/media?parent=5085"}],"curies":[{"name":"wp","href":"https:\/\/api.w.org\/{rel}","templated":true}]}}