  {"id":5566,"date":"2024-10-08T13:16:51","date_gmt":"2024-10-08T10:16:51","guid":{"rendered":"https:\/\/shop.labi.lv\/lv\/?page_id=5566"},"modified":"2024-10-08T13:21:58","modified_gmt":"2024-10-08T10:21:58","slug":"skvirta-orgasms-sieviet%c4%93m-kas-tas-ir","status":"publish","type":"page","link":"https:\/\/shop.labi.lv\/lv\/raksti\/skvirta-orgasms-sieviet%c4%93m-kas-tas-ir\/","title":{"rendered":"Skvirta orgasms sieviet\u0113m \u2013 kas tas ir!?"},"content":{"rendered":"<h2>Kas ir skvirtings?<\/h2>\n<p>Skvirtings (sprauslo\u0161ana, str\u016bklo\u0161ana) attiecas uz \u0161\u0137idrumu, kas izdal\u0101s no maksts orgasma laik\u0101. Ne visas sievietes orgasma laik\u0101 pan\u0101k skvirtu (sprauslo, str\u016bklo), un t\u0101s, kuras to dara, var to dar\u012bt tikai da\u017ek\u0101rt. \u0160is orgasma veids ietver strauju ur\u012bna un citu \u0161\u0137idrumu izpl\u016bdi no ur\u012bnp\u016b\u0161\u013ca un skena dziedzeriem (kas ir divi mazi kan\u0101li\u0146i ab\u0101s ur\u012bnizvadkan\u0101la pus\u0113s). Skena dziedzeri da\u017ek\u0101rt tiek d\u0113v\u0113ti par sievie\u0161u prostatu, jo to darb\u012bba ir l\u012bdz\u012bga v\u012brie\u0161a prostatas darb\u012bbai. Tie pal\u012bdz iee\u013c\u013cot maksti seksa laik\u0101 un aizsarg\u0101 to no noteikt\u0101m infekcij\u0101m.<\/p>\n<h2>Citi skvirta orgasma nosaukumi<\/h2>\n<p>Da\u017ek\u0101rt sievie\u0161u ejakul\u0101ciju sauc ar\u012b par sprauslojo\u0161o vai str\u016bklojo\u0161o orgasmu. Nesen veikta p\u0113t\u012bjuma rezult\u0101ti ir pier\u0101d\u012bju\u0161i, ka past\u0101v at\u0161\u0137ir\u012bba starp skvirtingu, sievie\u0161u ejakul\u0101ciju un nesatur\u0113\u0161anu seksa laik\u0101. Tom\u0113r termins \u201cskvirtings\u201d ikdienas valod\u0101 tiek lietots, lai apz\u012bm\u0113tu visus tr\u012bs min\u0113tos j\u0113dzienus.<\/p>\n<h2>K\u0101da ir saj\u016bta, ko izj\u016bt sieviete skvirtinga laik\u0101?<\/h2>\n<p>T\u0101pat k\u0101 jebkuru citu seksa aspektu, ar\u012b skvirtingu da\u017e\u0101di cilv\u0113ki neizjut\u012bs vien\u0101di. Da\u017eas sievietes apgalvo, ka tas ir intens\u012bv\u0101ks par klitora orgasmu, bet citas &#8211; ka tas ir maz\u0101k intens\u012bvs. Daudzas sievietes saka, ka t\u0101 ir dzi\u013ca atbr\u012bvo\u0161an\u0101s saj\u016bta, kas at\u0161\u0137iras no jebkura cita orgasma! P\u0113tnieku grupas veikt\u0101 aptauj\u0101 tika noskaidrots, ka gandr\u012bz 80% sievie\u0161u, kuras zi\u0146oja par skvirtingu, un 90% vi\u0146u partneru uzskata, ka tas uzlabo vi\u0146u seksu\u0101lo dz\u012bvi.<\/p>\n<h2>K\u0101da ir at\u0161\u0137ir\u012bba starp skvirta orgasmu, sievie\u0161u ejakul\u0101ciju un seksu\u0101lo nesatur\u0113\u0161anu?<\/h2>\n<p>Visas tr\u012bs \u0161\u012bs par\u0101d\u012bbas ir saist\u012btas ar \u0161\u0137idruma izdal\u012b\u0161anos no ur\u012bnp\u016b\u0161\u013ca seksa laik\u0101. Pirm\u0101 par\u0101d\u012bba: skvirtings ir ur\u012bna izvad\u012b\u0161ana orgasma laik\u0101. Otr\u0101 par\u0101d\u012bba: sievietes ejakul\u0101cija ir gan ur\u012bna, gan vielas izdal\u012b\u0161an\u0101s no skena dziedzeriem. Tre\u0161\u0101 par\u0101d\u012bba: seksu\u0101l\u0101 nesatur\u0113\u0161ana &#8211; saukta ar\u012b par koit\u0101lo inkontinenci &#8211; ir st\u0101voklis, kad seksa laik\u0101 cilv\u0113ks zaud\u0113 kontroli p\u0101r ur\u012bnp\u016bsli. Sievietei ir iesp\u0113jams, vienlaic\u012bgi gan skvrirtot, gan ejakul\u0113t.<\/p>\n<h2>K\u0101 izp\u0113t\u012bt skvirtingu<\/h2>\n<p>Ja v\u0113laties izp\u0113t\u012bt skvirtingu viens pats vai kop\u0101 ar partneri, veltiet laiku, lai noskaidrotu, kas jums der. Iesp\u0113jams, vispirms pal\u012bdz\u0113s izm\u0113\u0123in\u0101t to vienatn\u0113 masturb\u0101cijas laik\u0101, lai j\u016bs var\u0113tu velt\u012bt laiku un koncentr\u0113ties uz sav\u0101m saj\u016bt\u0101m.<br \/>\nViena lieta, kas var pal\u012bdz\u0113t, ir laba organisma hidr\u0101cija: Tas, iesp\u0113jams, tie\u0161i nepal\u012bdz\u0113s skvirtot, ta\u010du tas \u013caus k\u013c\u016bt mitrai un veicin\u0101s asins pl\u016bsmu, kas ir \u013coti svar\u012bga, lai sasniegtu orgasmu.<br \/>\nVar pal\u012bdz\u0113t ar\u012b maksts musku\u013cu nostiprin\u0101\u0161ana ar K\u0113gela vingrin\u0101jumiem. \u0160o musku\u013cu toniz\u0113\u0161ana var pal\u012bdz\u0113t padar\u012bt j\u016bsu orgasmu sp\u0113c\u012bg\u0101ku.<\/p>\n<p>Atv\u0113liet laiku, lai \u013cautu sev atp\u016bsties un uzbudin\u0101ties. Da\u017ei seksa eksperti iesaka stimul\u0113t G punktu, lai sasniegtu \u0161\u0101da veida orgasmu. Atv\u0113liet laiku, lai to atrastu ar pirkstiem vai seksa rota\u013cliet\u0101m. Ir pieejamas seksa rota\u013clietas, kas \u012bpa\u0161i paredz\u0113tas G punkta stimul\u0113\u0161anai. Kad esat to atradu\u0161i, Jums b\u016bs j\u0101turpina tur izdar\u012bt spiedienu. Tas var izrais\u012bt vajadz\u012bbu urin\u0113t. Ir ieteicams vienlaikus stimul\u0113t gan klitoru, gan G punktu. Lietojiet daudz lubrikantu, lai izvair\u012btos no \u0161\u012bs vietas kairin\u0101juma. Stimul\u0113jot sevi, atbr\u012bvojiet iegur\u0146a musku\u013cus un, tuvojoties orgasmam, atsl\u0101binieties.<\/p>\n<p>Neuztraucieties ja pirmaj\u0101 reiz\u0113 skvirts neizdodas! Tas samazina iesp\u0113jam\u012bbu, ka tas notiks, t\u0101p\u0113c izbaudi visu, ko piedz\u012bvojat. Ja j\u016bsu partnere v\u0113las, lai j\u016bs pal\u012bdzat vi\u0146ai skvirtot, \u013caujiet vi\u0146ai vad\u012bt un neizdariet spiedienu vai nelieciet sajusties t\u0101, it k\u0101 vi\u0146a b\u016btu izg\u0101zusies, ja tas neizdodas. Piev\u0113rsiet uzman\u012bbu vi\u0146as reakcijai un ieklausieties, ko vi\u0146a Jums saka, tostarp &#8211; kad p\u0101rtraukt!<\/p>\n<p><i>J\u016bs varat pal\u012bdz\u0113t savai partnerei:<\/i><\/p>\n<ul>\n<li>pal\u012bdzot vi\u0146ai atsl\u0101bin\u0101ties;<\/li>\n<li>P\u0101rliecinoties, ka vi\u0146a ir uzbudin\u0101ta, izmantojot daudz priek\u0161sp\u0113les;<\/li>\n<li>izmantojot muti, pirkstus vai seksa rota\u013clietu, lai stimul\u0113tu klitoru;<\/li>\n<li>berz\u0113jot un maigi nospie\u017eot G punktu, vienlaikus ar otru roku nospie\u017eot vi\u0146as v\u0113dera lejasda\u013cu.<\/li>\n<\/ul>\n<h2>Dro\u0161\u012bbas padomi un \u012bpa\u0161i apsv\u0113rumi<\/h2>\n<p>Da\u017e\u0101m sieviet\u0113m iev\u0113rojams spiediens uz G punktu var rad\u012bt diskomfortu. Ieklausieties sav\u0101 \u0137ermen\u012b un r\u012bkojieties t\u0101, k\u0101 j\u016btaties labi. Ja esat p\u0101r\u0101k sasprindzin\u0101jusies, var b\u016bt gr\u016bt\u0101k sasniegt orgasmu vai skvirtu.<br \/>\nLiel\u0101k\u0101 da\u013ca seksu\u0101li transmis\u012bvo slim\u012bbu (STS) izplat\u0101s, saskaroties ar \u0137erme\u0146a \u0161\u0137idrumiem, tostarp tiem, kas izdal\u0101s skvirtinga laik\u0101.<\/p>\n<p><i>Ir svar\u012bgi sevi pasarg\u0101t:<\/i><\/p>\n<ul>\n<li>lietojot pirkstu prezervat\u012bvu vai cimdus, kad izmantojat rokas, lai stimul\u0113tu savu partneri;<\/li>\n<li>or\u0101l\u0101 seksa laik\u0101 lietojot zobu aizsargu;<\/li>\n<li>valk\u0101jot prezervat\u012bvu penetrat\u012bv\u0101 seksa laik\u0101 &#8211; gan vagin\u0101l\u0101, gan an\u0101l\u0101 seksa laik\u0101.<\/li>\n<\/ul>\n<h2>Ieg\u016btie domu graudi<\/h2>\n<ul>\n<li>Skvirtings ir \u0161\u0137idruma izdal\u012b\u0161an\u0101s no maksts seksa laik\u0101;<\/li>\n<li>Skvirtings var notikt pirms, p\u0113c vai orgasma laik\u0101;<\/li>\n<li>Ikdien\u0101 \u0161is termins attiecas uz skvirtingu, sievie\u0161u ejakul\u0101ciju un urin\u0113\u0161anu (ur\u012bna nesatur\u0113\u0161anu) seksa laik\u0101.<\/li>\n<\/ul>\n<h2>Izplat\u012bti m\u012bti un maldi par skvirtu<\/h2>\n<p><b>1)<\/b> Skvirtings nav \u012bsts<br \/>\nSkvirtings ir re\u0101ls. P\u0113t\u012bjumi liecina, ka to ir piedz\u012bvoju\u0161i l\u012bdz 54% sievie\u0161u. Tom\u0113r ir nepiecie\u0161ams veikt papildu p\u0113t\u012bjumus, lai noskaidrotu prec\u012bzus skvirtinga un ejakul\u0101cijas c\u0113lo\u0146us sieviet\u0113m.<\/p>\n<p><b>2)<\/b> Ikviens var skvirtot, ja izm\u0113\u0123ina vienu un to pa\u0161u metodi<br \/>\nKatra cilv\u0113ka pieredze ar skvirtingu ir at\u0161\u0137ir\u012bga. Lai gan da\u017eas metodes var likt cilv\u0113kiem skvirtot vair\u0101k nek\u0101 citas, nav t\u0101das metodes, kas liktu skvirtot ikvienai sievietei. Tas ir t\u0101p\u0113c, ka katra maksts ir at\u0161\u0137ir\u012bga.<\/p>\n<p><b>3)<\/b> Skvirta orgasms vienm\u0113r ir liela apjoma<br \/>\nSkvirtings ne vienm\u0113r ir liela apjoma notikums, kas pies\u016bcina gultasve\u013cu. Da\u017ek\u0101rt t\u0101 ir maza str\u016bkla vai \u0161\u0137idruma pl\u016bsma. Att\u0113lojot sievie\u0161u skvirtingu porno film\u0101s bie\u017ei vien redzamas lielas \u0161\u0137idruma str\u016bklas. Da\u017ek\u0101rt pornogr\u0101fijas producenti vilto sievie\u0161u skvirtingu dramatiska efekta d\u0113\u013c. Visi skvirtinga veidi ir der\u012bgi. Da\u017e\u0101da apjoma \u0161\u013caksti ir norm\u0101la par\u0101d\u012bba seksa laik\u0101 daudziem cilv\u0113kiem.<\/p>\n<p><b>4)<\/b> Skvirtings jeb ejakul\u0101cija notiek tikai orgasma laik\u0101<br \/>\nDa\u017eas sievietes var skvirtot vai ejakul\u0113t pirms vai p\u0113c orgasma. Skvirts var notikt ar\u012b vienlaikus ar orgasmu. Da\u017e\u0101m sieviet\u0113m ir ar\u012b vair\u0101ki pl\u016bsmas izpl\u016bdumi, kas sadal\u012bti da\u017eu min\u016b\u0161u laik\u0101.<\/p>\n<p><b>5)<\/b> Skvirtings ir \u010dur\u0101\u0161ana<br \/>\nP\u0113tnieki nav vienispr\u0101tis par to, kas ir \u0161\u0137idrums, kas izdal\u0101s \u0161\u013cakst\u012b\u0161anas laik\u0101. Da\u017eos nelielos p\u0113t\u012bjumos ir konstat\u0113ts, ka tas n\u0101k no ur\u012bnp\u016b\u0161\u013ca un taj\u0101 ir nedaudz ur\u012bna. Ta\u010du da\u017eos gad\u012bjumos taj\u0101 var b\u016bt ar\u012b augsts glikozes un prostatas specifisko antig\u0113nu (PSA) l\u012bmenis, kas n\u0101k no Skena dziedzeriem. Cilv\u0113ki, kuri ir sask\u0101ru\u0161ies ar str\u016bklu, ar\u012b apgalvo, ka \u0161\u0137idrums neizskat\u0101s, nesmird un negar\u0161o k\u0101 ur\u012bns. Dro\u0161i var teikt, ka tas ir l\u012bdz\u012bgs ur\u012bnam, bet ne t\u0101ds pats.<\/p>\n<p><b>6)<\/b> Skvirta smar\u017ea neat\u0161\u0137iras no ur\u012bna<br \/>\nLai gan \u0161\u0137idrums, kas izdal\u0101s, kad J\u016bs skvirtojat, \u0137\u012bmiski ir l\u012bdz\u012bgs ur\u012bnam, t\u0101 sast\u0101vs nav glu\u017ei t\u0101ds pats. Gan p\u0113tnieki, gan cilv\u0113ki, kuri ir st\u0101st\u012bju\u0161i par savu skvirtinga pieredzi, ir konstat\u0113ju\u0161i, ka sievietes ejakul\u0101ta \u0161\u0137idrums p\u0113c izskata, gar\u0161as un smar\u017eas at\u0161\u0137iras no ur\u012bna.<\/p>\n","protected":false},"excerpt":{"rendered":"<p>Kas ir skvirtings? Skvirtings (sprauslo\u0161ana, str\u016bklo\u0161ana) attiecas uz \u0161\u0137idrumu, kas izdal\u0101s no maksts orgasma laik\u0101. Ne visas sievietes orgasma laik\u0101&hellip;<\/p>\n","protected":false},"author":1,"featured_media":0,"parent":12,"menu_order":0,"comment_status":"closed","ping_status":"closed","template":"","meta":{"footnotes":""},"class_list":["post-5566","page","type-page","status-publish","hentry"],"_links":{"self":[{"href":"https:\/\/shop.labi.lv\/lv\/wp-json\/wp\/v2\/pages\/5566","targetHints":{"allow":["GET"]}}],"collection":[{"href":"https:\/\/shop.labi.lv\/lv\/wp-json\/wp\/v2\/pages"}],"about":[{"href":"https:\/\/shop.labi.lv\/lv\/wp-json\/wp\/v2\/types\/page"}],"author":[{"embeddable":true,"href":"https:\/\/shop.labi.lv\/lv\/wp-json\/wp\/v2\/users\/1"}],"replies":[{"embeddable":true,"href":"https:\/\/shop.labi.lv\/lv\/wp-json\/wp\/v2\/comments?post=5566"}],"version-history":[{"count":14,"href":"https:\/\/shop.labi.lv\/lv\/wp-json\/wp\/v2\/pages\/5566\/revisions"}],"predecessor-version":[{"id":5581,"href":"https:\/\/shop.labi.lv\/lv\/wp-json\/wp\/v2\/pages\/5566\/revisions\/5581"}],"up":[{"embeddable":true,"href":"https:\/\/shop.labi.lv\/lv\/wp-json\/wp\/v2\/pages\/12"}],"wp:attachment":[{"href":"https:\/\/shop.labi.lv\/lv\/wp-json\/wp\/v2\/media?parent=5566"}],"curies":[{"name":"wp","href":"https:\/\/api.w.org\/{rel}","templated":true}]}}