  {"id":560,"date":"2013-08-23T12:04:55","date_gmt":"2013-08-23T10:04:55","guid":{"rendered":"http:\/\/localhost\/wp\/?page_id=560"},"modified":"2013-09-27T09:25:53","modified_gmt":"2013-09-27T09:25:53","slug":"vibratora-vesture","status":"publish","type":"page","link":"https:\/\/shop.labi.lv\/lv\/raksti\/vibratora-vesture\/","title":{"rendered":"Vibratora v\u0113sture"},"content":{"rendered":"<h2>Vibratora v\u0113sture<\/h2>\n<p><a title=\"Da\u017e\u0101di vibratori\" href=\"https:\/\/tev.labi.lv\/lv\/dir.asp?0=4779&amp;1=0\" target=\"_blank\">Vibrators<\/a> tika izgudrots 18. gadsimt\u0101, lai atvieglotu \u0101rstu darbu, kas ar maksts mas\u0101\u017eu \u0101rst\u0113ja sievie\u0161u hist\u0113riju un &#8220;dzemdes trakumu&#8221;. Pirmais vibrators bija stacion\u0101ra ier\u012bce, kuru darbin\u0101ja tvaiks: galu gal\u0101 18. gadsimts tiek d\u0113v\u0113ts par tvaika darbin\u0101mo meh\u0101nismu uzvaras g\u0101jiena gadsimtu. \u0100rsti nu var\u0113ja atp\u016btin\u0101t savas rokas, jo tvaika ma\u0161\u012bna \u2013 vibrators tika gal\u0101 ar uzdevumu un noveda sievieti l\u012bdz orgasmam \u010detru l\u012bdz desmit min\u016b\u0161u laik\u0101. L\u012bdz \u0161\u012bs br\u012bnumma\u0161\u012bnas izgudro\u0161anai dakteriem bija j\u0101nop\u016blas ar rok\u0101m reiz\u0113m pat veselu stundu, kam\u0113r k\u0101rt\u0113j\u0101 hist\u0113risk\u0101 b\u016btne tika va\u013c\u0101 no &#8220;iek\u0161\u0113j\u0101 \u013caunuma&#8221;, sasniedzot orgasmu. Protams, ar vienu t\u0101du seansu nepietika un d\u0101mas apmekl\u0113ja \u0161\u012bs proced\u016bras vair\u0101kas reizes ned\u0113\u013c\u0101 gadiem ilgi.<\/p>\n<p>1882. gad\u0101 ang\u013cu \u0101rsts Joseph Mortimer Granville izgudroja elektromeh\u0101nisko vibratoru k\u0101 medic\u012bnisku instrumentu. Vi\u0146\u0161 nebija vien\u012bgais, kas izgudroja vibromas\u0113jo\u0161as ier\u012bces. Ar\u012b citi \u0101rsti cent\u0101s atvieglot savu darbu ar tehnikas pal\u012bdz\u012bbu. T\u0101 laika medic\u012bnas literat\u016br\u0101 vibromas\u0101\u017ea tika slav\u0113ta un ieteikta praktiski pret vis\u0101m slim\u012bb\u0101m k\u0101 sieviet\u0113m, t\u0101 v\u012brie\u0161iem.<\/p>\n<p>1902. gad\u0101 Hamilton Beach patent\u0113ja pirmo rokas vibratoru, kas bija paredz\u0113ts lieto\u0161anai m\u0101jas apst\u0101k\u013cos. T\u0101 vibrators k\u013cuva par piekto patent\u0113to m\u0101jas meh\u0101nisko ier\u012bci. \u0160aj\u0101 sarakst\u0101 pirmo vietu ie\u0146em \u0161ujma\u0161\u012bna, savuk\u0101rt, tre\u0161o vietu p\u0113c vibratora \u2013 elektriskais gludeklis, kas par\u0101d\u012bj\u0101s jau krietni v\u0113l\u0101k.<\/p>\n<p>Divdesmit\u0101 gadsimta s\u0101kum\u0101 m\u0101jas vibratorus s\u0101ka ra\u017eot masveid\u0101, tie maks\u0101ja no 5 l\u012bdz 10 dol\u0101riem un tika labi pirkti, neskatoties uz neskait\u0101m\u0101m publik\u0101cij\u0101m pres\u0113 par to, ka sievie\u0161u hist\u0113riju dr\u012bkst \u0101rst\u0113t tikai \u0101rstu uzraudz\u012bb\u0101 un pa\u0161\u0101rst\u0113\u0161an\u0101s var nest lielu kait\u0113jumu. Sievietes vienalga pa\u0161\u0101rst\u0113j\u0101s un vi\u0146u v\u012bri, cita starp\u0101, bija visnota\u013c apmierin\u0101ti ar attiec\u012bgo efektu. V\u012brie\u0161i bez lieliem iebildumiem pirka un pas\u016bt\u012bja siev\u0101m \u0161o medic\u012bnisko ier\u012bci pa pastu, pat neiedom\u0101joties, ka \u0161\u012b ier\u012bce var\u0113tu kaut k\u0101d\u0101 veid\u0101 aizskart vi\u0146u pa\u0161cie\u0146u. 1917. gad\u0101 amerik\u0101\u0146u m\u0101j\u0101s bija vair\u0101k vibratoru nek\u0101 tosteru. Tie bija da\u017e\u0101das formas, kr\u0101sas un kvalit\u0101tes, ier\u012bce orgasma sasnieg\u0161anai tika pied\u0101v\u0101ta pat putek\u013cus\u016bc\u0113ja uzga\u013cu komplekt\u0101.<\/p>\n<p>1920. gad\u0101 kinokomp\u0101nija Stag films porno vibratorus s\u0101ka izmantot filmu veido\u0161an\u0101 k\u0101 rekviz\u012btu. Visiem k\u013cuva skaidrs, ka vibrators sniedz vienk\u0101r\u0161i seksu\u0101lu baudu un \u0101rst\u0113\u0161ana k\u0101 attaisnojums vibratora lieto\u0161anai vair\u0101k nestr\u0101d\u0101. T\u0101 vibrators tiek sv\u012btrots no medic\u012bnas ier\u012b\u010du saraksta. Tajos gados popul\u0101r\u0101 filma &#8220;M\u016b\u0137enes st\u0101sts&#8221; v\u0113lreiz apliecin\u0101ja, ka vibrators ir t\u0101 ier\u012bce, kas \u013cauj sievietei tikt pie baudas un orgasma bez v\u012brie\u0161a pal\u012bdz\u012bbas. Protams, sievietes par t\u0101du vi\u0146u nosl\u0113puma atkl\u0101\u0161anu \u013coti apvainoj\u0101s. \u013boti apvainoj\u0101s ar\u012b v\u012brie\u0161i un s\u0101ka uzskat\u012bt, ka nu sievietes iem\u0101c\u012bju\u0161\u0101s vi\u0146iem b\u016bt neuztic\u012bgas ne tikai ar citiem v\u012brie\u0161iem, bet ar\u012b ar vibratoriem. Turkl\u0101t vibratori pazuda no aptieku rekl\u0101mu lapi\u0146\u0101m. Toties izgudrot\u0101ji turpin\u0101ja pilnveidot \u0161\u012bs ier\u012bces.<\/p>\n<p>Kad 1960. gada vid\u016b par modes lietu k\u013cuva seksu\u0101la apmierin\u0101juma g\u016b\u0161ana no visa, kas var to sniegt, vibratora ignor\u0113\u0161ana tika p\u0101rtraukta. Te atkal iesaist\u012bj\u0101s \u0101rsti un apstiprin\u0101ja, ka vibrators ir t\u0101 ier\u012bce, kas \u013cauj tikt va\u013c\u0101 no seksu\u0101las spriedzes.<\/p>\n<p>1973. gad\u0101 Betty Dodson s\u0101ka veidot apm\u0101c\u012bbas kursus sieviet\u0113m masturb\u0101cijas tehnikas apg\u016b\u0161an\u0101 ar vibratoru un bez t\u0101. Vi\u0146as gr\u0101mata Sex fot One p\u0113c izn\u0101k\u0161anas tika nekav\u0113joties iztulkota asto\u0146\u0101s valod\u0101s. Dr\u012bz p\u0113c tam Betty Dodson \u0145ujork\u0101 atv\u0113ra sekspre\u010du veikalu sieviet\u0113m. Apm\u0113ram p\u0113c pieciem gadiem vibrators k\u013cuva par priek\u0161metu, par kuru var run\u0101t, bet ne p\u0101r\u0101k daudz un ska\u013ci. Kop\u0161 tiem laikiem jebkura sieviete var izv\u0113l\u0113ties sev vibratoru saska\u0146\u0101 ar sav\u0101m v\u0113lm\u0113m un est\u0113tiskiem uzskatiem. Turkl\u0101t pie \u0161\u012bs m\u0101jas ier\u012bces var tikt visda\u017e\u0101d\u0101kajos veidos \u2013 aizejot uz int\u012bmpre\u010du veikalu, vai pas\u016btot internet\u0101, izdodot lielu naudu par tehnolo\u0123iju jaunumiem, vai pavisam nelielu par vienk\u0101r\u0161u gumijas izstr\u0101d\u0101jumu, ko darbina baterijas.<\/p>\n<p><i>\u00a9 Rita Lasmane, \u017eurn\u0101ls &#8220;Princese&#8221;, speci\u0101li salonu &#8220;LABI&#8221; apmekl\u0113t\u0101jiem.<\/i><\/p>\n","protected":false},"excerpt":{"rendered":"<p>Vibratora v\u0113sture Vibrators tika izgudrots 18. gadsimt\u0101, lai atvieglotu \u0101rstu darbu, kas ar maksts mas\u0101\u017eu \u0101rst\u0113ja sievie\u0161u hist\u0113riju un &#8220;dzemdes&hellip;<\/p>\n","protected":false},"author":1,"featured_media":0,"parent":12,"menu_order":0,"comment_status":"closed","ping_status":"closed","template":"","meta":{"footnotes":""},"class_list":["post-560","page","type-page","status-publish","hentry"],"_links":{"self":[{"href":"https:\/\/shop.labi.lv\/lv\/wp-json\/wp\/v2\/pages\/560","targetHints":{"allow":["GET"]}}],"collection":[{"href":"https:\/\/shop.labi.lv\/lv\/wp-json\/wp\/v2\/pages"}],"about":[{"href":"https:\/\/shop.labi.lv\/lv\/wp-json\/wp\/v2\/types\/page"}],"author":[{"embeddable":true,"href":"https:\/\/shop.labi.lv\/lv\/wp-json\/wp\/v2\/users\/1"}],"replies":[{"embeddable":true,"href":"https:\/\/shop.labi.lv\/lv\/wp-json\/wp\/v2\/comments?post=560"}],"version-history":[{"count":1,"href":"https:\/\/shop.labi.lv\/lv\/wp-json\/wp\/v2\/pages\/560\/revisions"}],"predecessor-version":[{"id":940,"href":"https:\/\/shop.labi.lv\/lv\/wp-json\/wp\/v2\/pages\/560\/revisions\/940"}],"up":[{"embeddable":true,"href":"https:\/\/shop.labi.lv\/lv\/wp-json\/wp\/v2\/pages\/12"}],"wp:attachment":[{"href":"https:\/\/shop.labi.lv\/lv\/wp-json\/wp\/v2\/media?parent=560"}],"curies":[{"name":"wp","href":"https:\/\/api.w.org\/{rel}","templated":true}]}}