  {"id":563,"date":"2013-08-23T12:10:04","date_gmt":"2013-08-23T10:10:04","guid":{"rendered":"http:\/\/localhost\/wp\/?page_id=563"},"modified":"2018-09-24T20:33:13","modified_gmt":"2018-09-24T17:33:13","slug":"locek%c4%bca-gredzeni-un-uzmavas","status":"publish","type":"page","link":"https:\/\/shop.labi.lv\/lv\/raksti\/locek%c4%bca-gredzeni-un-uzmavas\/","title":{"rendered":"Locek\u013ca gredzeni un uzmavas"},"content":{"rendered":"<h2>Locek\u013ca gredzeni, uzmavas un straponi<\/h2>\n<p>Cilv\u0113ce locek\u013ca gredzenus paz\u012bst jau no aizv\u0113sturiskiem laikiem. Pa\u0161i pirmie locek\u013cu gredzeni tika izgatavoti no ka\u017eok\u0101das loksn\u012bt\u0113m. T\u0101s tika m\u0113rc\u0113tas, lai palielin\u0101tos to diametrs, uzvilktas uz locek\u013ca uzreiz aiz galvi\u0146as, tad nogaid\u012bja, lai \u0101da izkalst un savelkas, stingri nospie\u017eot locek\u013ca asinsvadus palielinot galvi\u0146u. V\u0113l senos laikos jau bija zin\u0101ms, ka dzimumaktu un l\u012bdz ar to baudu var paildzin\u0101t, nofiks\u0113jot locek\u013ca pamatni ar gredzenu. Savuk\u0101rt, m\u016bsdien\u0101s locek\u013ca gredzeni ir tre\u0161\u0101 pirkt\u0101k\u0101 prece seksa pre\u010du veikalos.<\/p>\n<p>Nav nosl\u0113pums, ka daudzi v\u012brie\u0161i p\u0113c pusaud\u017eu gadu hiperakt\u012bv\u0101s seksualit\u0101tes perioda turpm\u0101kaj\u0101 dz\u012bv\u0113 cie\u0161 no erekcijas disfunkcijas. Da\u017ei mokas ar \u012bslaic\u012bg\u0101m disfunkcij\u0101m, bet da\u017ei ar gr\u016bt\u012bb\u0101m visp\u0101r tikt pie erekcijas. Savuk\u0101rt katrs astotais v\u012brietis, kas sasniedzis piecdesmit piecu gadu vecumu izj\u016bt erekcijas probl\u0113mas. Tas gan nenoz\u012bm\u0113, ka piln\u012bb\u0101 j\u0101atsak\u0101s no seksa priekiem. Piem\u0113ram, ar erekcijas gredzena pal\u012bdz\u012bbu var pan\u0101kt, ka v\u0101ja erekcija k\u013c\u016bst sp\u0113c\u012bga un stingra un \u013cauj veikt pilnv\u0113rt\u012bgu dzimumaktu.<\/p>\n<p>Tiek ra\u017eoti da\u017e\u0101da lieluma un diametra sievietes klitora vibrostimul\u0101tora gredzeni v\u012brie\u0161iem, kas papildin\u0101ti ar izaugumiem, lod\u012bt\u0113m, b\u0101rksti\u0146\u0101m. Tom\u0113r vienk\u0101r\u0161\u0101kais risin\u0101jums ir \u012bpa\u0161u prezervat\u012bvu izmanto\u0161ana. \u0160ie prezervat\u012bvi ir izgatavoti ar pagarin\u0101tiem stingriem galiem no silikona vai l\u012bdz\u012bga materi\u0101la, kas \u013cauj palielin\u0101t mazu locekli. T\u0101pat tiek pied\u0101v\u0101ti prezervat\u012bvi ar pagarin\u0101jumu, kas vibr\u0113. \u0160\u0137ietami bezcer\u012bgos gad\u012bjumos var izmantot locek\u013ca uzmavu vai piespr\u0101dz\u0113jamu falla imit\u0101toru &#8211; straponu. Tas \u013cauj sniegt apmierin\u0101jumu sievietei un gandar\u012bjumu pa\u0161am. Uzmavas m\u0113dz b\u016bt no 35 l\u012bdz 45 mm iek\u0161\u0113j\u0101 diametr\u0101. Savuk\u0101rt \u0101r\u0113jais diametrs ir nesal\u012bdzin\u0101mi liel\u0101ks. Piespr\u0101dz\u0113jamos falloimit\u0101torus vai straponus ieg\u0101d\u0101jas ne tikai v\u012brie\u0161i ar erekcijas probl\u0113m\u0101m, bet ar\u012b lesbietes. T\u0101pat tos p\u0113rk ar\u012b t\u0101di p\u0101ri, kur sieviete m\u0113dz sp\u0113l\u0113t akt\u012bvu lomu un iejusties v\u012brie\u0161a saj\u016bt\u0101s, bet v\u012brietis \u2013 sievietes.<\/p>\n<h2>Alternat\u012bvais veids.<\/h2>\n<p>Past\u0101v ar\u012b citi veidi k\u0101 uz visiem laikiem tikt pie m\u016b\u017e\u012bgas un dro\u0161as erekcijas. T\u0101 ir \u0137irur\u0123iska oper\u0101cija, kuras laik\u0101 locek\u013ca kavernozajos \u0137erme\u0146os tiek implant\u0113ti divi silikona cilindri. Oper\u0101cija ilgst apm\u0113ram vienu stundu. P\u0113c oper\u0101cijas var s\u0101kt nodarboties ar seksu p\u0113c viena m\u0113ne\u0161a.<\/p>\n<p><b>Niks, 34, prec\u0113jies<\/b><\/p>\n<p>&#8220;Nesen nopirk\u0101m ar sievu locek\u013ca gredzenu komplektu, tr\u012bs gabalus, ar bumbi\u0146veid\u012bgiem paresnin\u0101jumiem uz ri\u0146\u0137i. Izpakoj\u0101m, apskat\u012bj\u0101m un abi izteic\u0101m skeptiskas piez\u012bmes attiec\u012bg\u0101s preces sakar\u0101&#8230; bet, kad pam\u0113\u0123in\u0101j\u0101m&#8230; Viens gredzens velkams uz oli\u0146\u0101m, otrs &#8211; uz locek\u013ca pamatnes, lai stimul\u0113tu klitoru, tre\u0161ais \u2013 uzreiz aiz galvi\u0146as, lai priek\u0161\u0101di\u0146a frikciju laik\u0101 uz\u0161\u013c\u016bc uz gredzena un padara jau t\u0101 uzpampu\u0161o galvi\u0146u v\u0113l liel\u0101ku. Abiem loti iepatik\u0101s. Tikai divi m\u012bnusi; ja ap oli\u0146\u0101m iz apmatojums, tad \u0146emot nost gredzenu, var izpl\u016bkt krietnu spalvu ku\u0161\u0137i. Un galvi\u0146a piebriest tik milz\u012bga, ka m\u012bl\u0113ties var tikai mision\u0101ra poz\u0101, cit\u0101s poz\u0101s sievai nepatika \u2013 galvi\u0146a par lielu, es vi\u0146ai bezmaz visus org\u0101nus uz \u0101ru izgriezu.&#8221;<\/p>\n<p><b>Aleksis, 27, neprec\u0113jies<\/b><\/p>\n<p>&#8220;Man ir divi gredzeni. Viens paciets, to es velku, kad gribu ilg\u0101k. Otru ar klitora stimulatoru, izskat\u0101s, k\u0101 gredzens ar akmeni. To es lietoju, kad gribu meiten\u0113m dar\u012bt pat\u012bkami.&#8221;<\/p>\n<p><b>\u017danis, 38, prec\u0113jies<\/b><\/p>\n<p>&#8220;M\u0113\u0123in\u0101j\u0101m ar sievu to mantu ar pagarin\u0101jumu! Nu nav k\u0101 pa \u012bstam, bet nav ar\u012b k\u0101 ar prezervat\u012bvu. Un gr\u016bti uzvilkt, dom\u0101ts 15 cm \u012bsam loseklim. Man bija ar \u017eileti j\u0101iegrie\u017e tai izstr\u0101d\u0101jum\u0101, lai jaunais m\u0113tel\u012btis lab\u0101k der manam draudzi\u0146am. Izskat\u012bj\u0101s smiekl\u012bgi \u2013 resns loceklis un tieva galvi\u0146a \u2013 pagarin\u0101jums. Bet manai sievai nenorm\u0101li patika!&#8221;<\/p>\n<p><b>Andris, 48, prec\u0113jies<\/b><\/p>\n<p>&#8220;Bet m\u0113s sen jau lietojam gredzenus. Gan man, gan sieva pat\u012bk. \u017d\u0113l, ka sal\u016bza m\u012b\u013c\u0101kais gredzenti\u0146\u0161 ar delf\u012bni\u0146u klitoram. Nopirk\u0101m Amerik\u0101. Diem\u017e\u0113l nevaram vairs atrast t\u0101du. Izm\u0113\u0123in\u0101j\u0101m daudzus. T\u0101 ar\u012b tik ide\u0101lu, k\u0101 delf\u012bni\u0146u, neatrad\u0101m.&#8221;<\/p>\n<p><b>Juris, 42, prec\u0113jies<\/b><\/p>\n<p>&#8220;Lietoju uzmavu ar pumpi\u0146\u0101m un pagarin\u0101jumu. Man\u0113jai pat\u012bk. Loceklis resn\u0101ks un gar\u0101ks. Es varu ilgi nebeigt un sag\u0101d\u0101t sievai daudz prieka.&#8221;<\/p>\n<p><i>\u00a9 Rita Lasmane, \u017eurn\u0101ls &#8220;Princese&#8221;, speci\u0101li salonu &#8220;LABI&#8221; apmekl\u0113t\u0101jiem.<\/i><\/p>\n","protected":false},"excerpt":{"rendered":"<p>Locek\u013ca gredzeni, uzmavas un straponi Cilv\u0113ce locek\u013ca gredzenus paz\u012bst jau no aizv\u0113sturiskiem laikiem. Pa\u0161i pirmie locek\u013cu gredzeni tika izgatavoti no&hellip;<\/p>\n","protected":false},"author":1,"featured_media":0,"parent":12,"menu_order":0,"comment_status":"closed","ping_status":"closed","template":"","meta":{"footnotes":""},"class_list":["post-563","page","type-page","status-publish","hentry"],"_links":{"self":[{"href":"https:\/\/shop.labi.lv\/lv\/wp-json\/wp\/v2\/pages\/563","targetHints":{"allow":["GET"]}}],"collection":[{"href":"https:\/\/shop.labi.lv\/lv\/wp-json\/wp\/v2\/pages"}],"about":[{"href":"https:\/\/shop.labi.lv\/lv\/wp-json\/wp\/v2\/types\/page"}],"author":[{"embeddable":true,"href":"https:\/\/shop.labi.lv\/lv\/wp-json\/wp\/v2\/users\/1"}],"replies":[{"embeddable":true,"href":"https:\/\/shop.labi.lv\/lv\/wp-json\/wp\/v2\/comments?post=563"}],"version-history":[{"count":1,"href":"https:\/\/shop.labi.lv\/lv\/wp-json\/wp\/v2\/pages\/563\/revisions"}],"predecessor-version":[{"id":3557,"href":"https:\/\/shop.labi.lv\/lv\/wp-json\/wp\/v2\/pages\/563\/revisions\/3557"}],"up":[{"embeddable":true,"href":"https:\/\/shop.labi.lv\/lv\/wp-json\/wp\/v2\/pages\/12"}],"wp:attachment":[{"href":"https:\/\/shop.labi.lv\/lv\/wp-json\/wp\/v2\/media?parent=563"}],"curies":[{"name":"wp","href":"https:\/\/api.w.org\/{rel}","templated":true}]}}