  {"id":565,"date":"2013-08-23T12:13:32","date_gmt":"2013-08-23T10:13:32","guid":{"rendered":"http:\/\/localhost\/wp\/?page_id=565"},"modified":"2020-11-24T17:46:38","modified_gmt":"2020-11-24T15:46:38","slug":"smar%c5%beas-ar-feromoniem","status":"publish","type":"page","link":"https:\/\/shop.labi.lv\/lv\/raksti\/smar%c5%beas-ar-feromoniem\/","title":{"rendered":"Smar\u017eas ar feromoniem"},"content":{"rendered":"<h2>Smar\u017eas partneru pievilin\u0101\u0161anai<\/h2>\n<p><a title=\"smar\u017eas ar feromoniem\" href=\"https:\/\/tev.labi.lv\/lv\/dir.asp?0=4792&amp;1=0\" target=\"_blank\">Smar\u017eas ar feromoniem<\/a> ir \u012bpa\u0161s l\u012bdzeklis, kas piev\u0113r\u0161 pret\u0113j\u0101 dzimuma seksu\u0101lo uzman\u012bbu. K\u0101 tas ir iesp\u0113jams? Feromoni nav zin\u0101tnieku \u0137\u012bmi\u0137u izgudrojums. Feromonu arom\u0101tu izplata katra cilv\u0113ka \u0137ermenis. To nevar identific\u0113t k\u0101 konkr\u0113tu smar\u017eu, bet cilv\u0113k\u0101 degun\u0101 eso\u0161ais org\u0101ns nolasa inform\u0101ciju par sader\u012bbu vai nesader\u012bbu. V\u012brie\u0161u \u0137ermenis izplata androsteronus, kurus sao\u017e sievietes. \u012apa\u0161i daudz \u0161o vielu ir v\u012brie\u0161u sviedros. Sievietes, savuk\u0101rt, izplata kopul\u012bnu, kas koncentr\u0113ts p\u0101rsvar\u0101 vagin\u0101los izdal\u012bjumos. K\u0101 androsteroni ir t\u012bkami un uzbudino\u0161i sieviet\u0113m, t\u0101 kopul\u012bns ir vilino\u0161s un uzbudino\u0161s v\u012brie\u0161iem. Abi dzimumi sajutu\u0161i sev t\u012bkamu feromonu arom\u0101tu neapzin\u0101ti tiecas tuv\u0101k iepaz\u012bties ar vilino\u0161\u0101 arom\u0101ta izplat\u012bt\u0101ju. Turkl\u0101t piem\u0113rotie feromonu arom\u0101ti darbojas k\u0101 efekt\u012bvs antidepresants. T\u0101p\u0113c cilv\u0113ki, kas ilg\u0101ku laiku dz\u012bvo ar m\u012b\u013coto cilv\u0113ku ir maz\u0101k pak\u013cauti slim\u012bb\u0101m un depresij\u0101m nek\u0101 vientu\u013ci cilv\u0113ki. T\u0113laini izsakoties, tas ir M\u0101tes Dabas izveidots meh\u0101nisms, kas liek cilv\u0113kiem dz\u012bvot p\u0101ros un priec\u0101ties par kopdz\u012bvi.<\/p>\n<p>Tie cilv\u0113ki, kas tiek d\u0113v\u0113ti par seksu\u0101liem vai harizm\u0101tiskiem, pastiprin\u0101ti izdala &#8220;ma\u0123isk\u0101s molekulas&#8221;. Parasti cilv\u0113ki j\u016bt liel\u0101kas simp\u0101tijas pret harizm\u0101tiskiem cilv\u0113kiem. Feromoni ieelpoti caur degunu t\u0101l\u0101k\u0101s bio\u0137\u012bmisk\u0101s reakcij\u0101s iespaido cilv\u0113ku attieksmi un reakcijas. K\u0101 k\u0101ds smar\u017eo t\u0101 pret vi\u0146u izturas apk\u0101rt\u0113jie. M\u016bsdien\u0101s \u013caudis spar\u012bgi c\u012bn\u0101s pret sav\u0101m smar\u017e\u0101m un smak\u0101m, p\u016bloties nov\u0113rst t\u0101s ar parf\u012bmiem un dezodorantiem. Pils\u0113tnieki vair\u0101k, laukos dz\u012bvojo\u0161ie maz\u0101k. Sociologi skaidro \u0161o par\u0101d\u012bbu k\u0101 t\u0101 saucamo smar\u017eu eti\u0137eti \u2013 izteikt\u0101s \u0137erme\u0146a smar\u017eas nov\u0113r\u0161ana liecina par person\u012bg\u0101 lauka sa\u0161aurin\u0101\u0161anu, kas rakstur\u012bgs pils\u0113tniekiem. Teor\u0113tiski pils\u0113tniekiem j\u0101b\u016bt maz\u0101k seksu\u0101liem, jo vi\u0146iem maz\u0101k iesp\u0113ju ieelpot dab\u012bgo feromonu arom\u0101tu.<\/p>\n<p>Amerik\u0101\u0146u zin\u0101tnieki iem\u0101c\u012bj\u0101s sintez\u0113t feromonus laboratorij\u0101s. Izmantojot feromonu smar\u017eas cilv\u0113ks var k\u013c\u016bt daudz pievilc\u012bg\u0101ks un interesant\u0101ks, labv\u0113l\u012bgi noska\u0146ot pret sevi apk\u0101rt\u0113jos. Bet feromoni nevar regul\u0113t un vad\u012bt citus cilv\u0113kus, jo cilv\u0113ks ir intelektu\u0101la b\u016btne. Smar\u017eas ar feromoniem ir slepenais fascin\u0113jo\u0161ais ierocis c\u012b\u0146ai par pret\u0113j\u0101 dzimuma uzman\u012bbu.<\/p>\n<p>Uzman\u012bbu! Ja smar\u017eas ir ar lielu feromonu koncentr\u0101ciju, tad ir j\u0101lieto tikai da\u017ei pilieni, kurus var uzpilin\u0101t nabas apvid\u016b. P\u0101r\u0113jo \u0137ermeni var iesvaid\u012bt ar parastiem parf\u012bmiem vai dezodorantiem, kas piest\u0101v feromonu smar\u017e\u0101m.<\/p>\n<p><b>Sta\u0146islavs, 26 gadi<\/b><\/p>\n<p>&#8220;Atz\u012b\u0161os biju \u013coti kautr\u012bgs. Iepaz\u012bties ar meiteni var\u0113ju tikai tad, kad iedz\u0113ru. Kad m\u0113\u0123in\u0101ju skaidr\u0101, nekas nesan\u0101ca. Kad s\u0101ku lietot feromonu smar\u017eas, meitenes pret mani s\u0101ka iztur\u0113ties nevis noraido\u0161i, bet ar interesi. Vienm\u0113r ir pat\u012bkami, ja tev smaida tikl\u012bdz tu pien\u0101c kl\u0101t. Es j\u016btos p\u0101rliecin\u0101ts. Iepaz\u012bties un veidot ko vair\u0101k vairs nav probl\u0113mu.&#8221;<\/p>\n<p><b>Kaspars, 29 gadi<\/b><\/p>\n<p>&#8220;Ne visai ticu tiem feromoniem. Reiz\u0113m vienk\u0101r\u0161i pat\u012bkama smar\u017ea var uzbudin\u0101t. Man, piem\u0113ram, pat\u012bk, bet draudzenei n\u0113. T\u0101 jau gaumes lieta.&#8221;<\/p>\n<p><b>Alvils, 43 gadi<\/b><\/p>\n<p>&#8220;Es sievai uzd\u0101vin\u0101ju smar\u017eas ar feromoniem. \u0160\u012b mani izlam\u0101ja, ak, tad vi\u0146a mani vairs neuzbudinot. Nav jau t\u0101, ka neuzbudina, bet grib\u0113tos, lai vair\u0101k. To es vi\u0146ai nepateicu. Sieva pa\u0161\u016bm\u0113j\u0101s, pa\u0161\u016bm\u0113j\u0101s, bet p\u0113c div\u0101m ned\u0113\u013c\u0101m pa kluso iesmar\u017eoj\u0101s pirms likties man blakus. Uf, t\u0101 nu gan bija naksni\u0146a!&#8221;<\/p>\n<p><b>Aina, 32 gadi<\/b><\/p>\n<p>&#8220;Iesmar\u017eojos ar feromonu smar\u017e\u0101m, aizg\u0101ju uz klubu. Man s\u0113j\u0101s kl\u0101t vis\u0101di jefi\u0146i. Smukie pui\u0161i t\u0101 ar\u012b nepien\u0101ca. Varb\u016bt vajadz\u0113ja vair\u0101k slaist\u012bties?&#8221;<\/p>\n<p><i>\u00a9 Rita Lasmane, \u017eurn\u0101ls &#8220;Princese&#8221;, speci\u0101li salonu &#8220;LABI&#8221; apmekl\u0113t\u0101jiem.<\/i><\/p>\n","protected":false},"excerpt":{"rendered":"<p>Smar\u017eas partneru pievilin\u0101\u0161anai Smar\u017eas ar feromoniem ir \u012bpa\u0161s l\u012bdzeklis, kas piev\u0113r\u0161 pret\u0113j\u0101 dzimuma seksu\u0101lo uzman\u012bbu. K\u0101 tas ir iesp\u0113jams? Feromoni&hellip;<\/p>\n","protected":false},"author":1,"featured_media":0,"parent":12,"menu_order":0,"comment_status":"closed","ping_status":"closed","template":"","meta":{"footnotes":""},"class_list":["post-565","page","type-page","status-publish","hentry"],"_links":{"self":[{"href":"https:\/\/shop.labi.lv\/lv\/wp-json\/wp\/v2\/pages\/565","targetHints":{"allow":["GET"]}}],"collection":[{"href":"https:\/\/shop.labi.lv\/lv\/wp-json\/wp\/v2\/pages"}],"about":[{"href":"https:\/\/shop.labi.lv\/lv\/wp-json\/wp\/v2\/types\/page"}],"author":[{"embeddable":true,"href":"https:\/\/shop.labi.lv\/lv\/wp-json\/wp\/v2\/users\/1"}],"replies":[{"embeddable":true,"href":"https:\/\/shop.labi.lv\/lv\/wp-json\/wp\/v2\/comments?post=565"}],"version-history":[{"count":3,"href":"https:\/\/shop.labi.lv\/lv\/wp-json\/wp\/v2\/pages\/565\/revisions"}],"predecessor-version":[{"id":4602,"href":"https:\/\/shop.labi.lv\/lv\/wp-json\/wp\/v2\/pages\/565\/revisions\/4602"}],"up":[{"embeddable":true,"href":"https:\/\/shop.labi.lv\/lv\/wp-json\/wp\/v2\/pages\/12"}],"wp:attachment":[{"href":"https:\/\/shop.labi.lv\/lv\/wp-json\/wp\/v2\/media?parent=565"}],"curies":[{"name":"wp","href":"https:\/\/api.w.org\/{rel}","templated":true}]}}