  {"id":567,"date":"2013-08-23T12:16:16","date_gmt":"2013-08-23T10:16:16","guid":{"rendered":"http:\/\/localhost\/wp\/?page_id=567"},"modified":"2019-03-20T15:14:14","modified_gmt":"2019-03-20T13:14:14","slug":"pornogr%c4%81fija","status":"publish","type":"page","link":"https:\/\/shop.labi.lv\/lv\/raksti\/pornogr%c4%81fija\/","title":{"rendered":"Pornogr\u0101fija"},"content":{"rendered":"<h2>Kad pornogr\u0101fija k\u013cuva pla\u0161i pieejama tautas mas\u0101m<\/h2>\n<p>Lai ar\u012b Viktorijas laikmet\u0101 mor\u0101le tika bargi pieskat\u012bta, tie\u0161i \u0161aj\u0101 laika posm\u0101 uzplauka komerci\u0101l\u0101 pornogr\u0101fija. Ja agr\u0101k, run\u0101jot m\u016bsdienu juridiskajos terminos, pornogr\u0101fiska rakstura materi\u0101lus izgatavoja tikai augst\u0101ko aprindu p\u0101rst\u0101vjiem un to dar\u012bja augsti apmaks\u0101ti m\u0101kslinieki, tad 19. gadsimt\u0101 t\u0101 k\u013cuva pieejama vid\u0113jiem un pat zem\u0101kiem sl\u0101\u0146iem. Pornogr\u0101fijas izplat\u012bbu neap\u0161aub\u0101mi ietekm\u0113ja zin\u0101tniski tehnisk\u0101s revol\u016bcijas atkl\u0101jumi, proti, drukas un foto att\u012bst\u012bba.<\/p>\n<p><b>Pornogr\u0101fija un literat\u016bra.<\/b><\/p>\n<p>Pirms 19. gadsimta literat\u016bra tika izdota maz\u0101s tir\u0101\u017e\u0101s, jo to \u013cau\u017eu skaits, kas m\u0101c\u0113ja las\u012bt un sp\u0113ja samaks\u0101t par gr\u0101mat\u0101m, k\u0101 ar\u012b velt\u012bt laiku las\u012b\u0161anai, bija stipri ierobe\u017eots. Par\u0101doties aizvien vair\u0101k izgl\u012btotiem un l\u012bdz ar to daudz vair\u0101k pelno\u0161iem \u013caud\u012bm, pieauga piepras\u012bjums. Lai ar\u012b erotisk\u0101 las\u0101mviela k\u013cuva pieejama, varas p\u0101rst\u0101vji cent\u0101s to cenz\u0113t. Cenz\u016brai tika pak\u013cauta pat klasisk\u0101 grie\u0137u literat\u016bra. Tika organiz\u0113tas neskait\u0101mas biedr\u012bbas c\u012b\u0146\u0101 ar &#8220;netikum\u012bbu&#8221;. \u0160\u012bs biedr\u012bbas sev par m\u0113r\u0137i izvirz\u012bja cilv\u0113ka dabisk\u0101s seksualit\u0101tes izpausmes apkaro\u0161anu. Neskatoties uz to, no 1820. gada l\u012bdz 1840. un p\u0113c 1860. gada erotisk\u0101s literat\u016bras izdevumu skaits bija milz\u012bgs. Ja gadsimta pirmaj\u0101 pus\u0113 rakstnieki v\u0113l seksu\u0101lo ainu aprakst\u012b\u0161anai izmantoja simbolus un metaforu, tad v\u0113l\u0101k kautr\u012bgums tika mets pie malas un lietas tika sauktas \u012bstajos v\u0101rdos. Gr\u0101matu nosaukumi nep\u0101rprotami liecin\u0101ja par to saturu: &#8220;Gultas draugs vai pam\u0101c\u012bbas jaunav\u0101m&#8221; (1824), &#8220;D\u0101mu kalpones piedz\u012bvojumi, intrigas un gaitas&#8221; (1822), &#8220;M\u016bsdienu izvirtulis&#8221; (1824), &#8220;Baudk\u0101rais turks.&#8221; (1828), &#8220;Kardin\u0101ls paved\u0113js.&#8221; (1830), &#8220;Ven\u0113ras m\u012blulis.&#8221; (1830), &#8220;K\u0101 m\u012bl\u0113ties&#8221; utt.<\/p>\n<p>19. gadsimta beig\u0101s Britu sal\u0101s \u012bpa\u0161i popul\u0101ri k\u013cuva erotiskie \u017eurn\u0101li un gada rakstu kr\u0101jumi. Vispopul\u0101r\u0101kais no tiem bija &#8220;P\u0113rle vai ikm\u0113ne\u0161a \u017eurn\u0101ls saldkaisliem las\u012bjumiem&#8221;. T\u0101 izn\u0101k\u0161anas datums &#8211; 1879. gada j\u016blijs un izdo\u0161anas ilgums &#8211; pusotrs gads.<\/p>\n<p>Amerikas Savienotaj\u0101s Valst\u012bs pornogr\u0101fiski izdevumi netika druk\u0101ti, kas deva iesp\u0113ju tirgot\u0101jiem papildus piepeln\u012bties un ievest &#8220;ne\u0137\u012btro&#8221; literat\u016bru un periodiku no Eiropas. 1870. gad\u0101 \u0145ujork\u0101 vien tika iztirgoti simts t\u016bksto\u0161i eksempl\u0101ru, kas tiem laikiem ir iev\u0113rojams skaitlis.<\/p>\n<p><b>Pornogr\u0101fija glezniec\u012bb\u0101.<\/b><\/p>\n<p>19. gadsimta s\u0101kum\u0101 erotisk\u0101s gleznas un grafikas nebija liels retums. T\u0101pat k\u0101 literat\u016bru, ar\u012b pornogr\u0101fisk\u0101s t\u0113lot\u0101jm\u0101kslas \u0161edevrus var\u0113ja ieg\u016bt aizvien vair\u0101k &#8220;pikant\u0113riju&#8221; pirc\u0113ju. Lai ar\u012b liel\u0101ko tiesu Viktorijas laikmeta valstu erotika un pornogr\u0101fija bija pasludin\u0101tas \u0101rpus likuma, m\u0101kslinieki attiec\u012bg\u0101 \u017eanra gleznas gleznoja vai nu uz pas\u016bt\u012bjuma, vai sava prieka p\u0113c. Piem\u0113ram, slavenais ang\u013cu mar\u012bnists Joseph Turner bija ar\u012b visnota\u013c ra\u017e\u012bgs erotisko gleznu &#8220;ra\u017eot\u0101js&#8221;. Liel\u0101k\u0101 da\u013ca vi\u0146a erotikas ir izn\u012bcin\u0101ta, bet saglab\u0101ju\u0161\u0101s skices, kas m\u016bsdien\u0101s ar lielu piet\u0101ti tiek glab\u0101tas Britu muzej\u0101 London\u0101.<\/p>\n<p>Iev\u0113rojam\u0101kie pasaules slavenie m\u0101kslinieki, kas savu talantu izpauda ar\u012b erotisk\u0101 glezniec\u012bb\u0101, bija \u017dans Engrs (Jean Ingres), Ferdinants Viktors Delakrua (Ferdinand Victor Delacroix), Felisjens Rops (Felicien Rops), Tul\u016bzs Lotreks (Henri de Toulouse Lautrec). \u012apa\u0161i Lotreks sav\u0101s glezn\u0101s att\u0113loja prieka m\u0101ju vai borde\u013cu ikdienas dz\u012bvi. Par laimi \u0161ie darbi tika nob\u0113dzin\u0101ti no barg\u0101s cenz\u016bras un ir saglab\u0101ju\u0161ies l\u012bdz m\u016bsdien\u0101m. Austrie\u0161u z\u012bm\u0113t\u0101js P\u012bters Fendi (Peter Fendi) savas p\u0113das pornogr\u0101fiskaj\u0101 m\u0101ksl\u0101 atst\u0101jis ar saviem z\u012bm\u0113jumiem, kuros att\u0113lojis da\u017e\u0101das seksu\u0101las pozas. Savuk\u0101rt ung\u0101rs Mihails Zi\u010di (Mihaly Zichi) atst\u0101jis \u010detrdesmit z\u012bm\u0113jumus, kuros att\u0113lo pats savu v\u0113traino seksu\u0101lo dz\u012bvi.<\/p>\n<p><b>Pornogr\u0101fiskais foto.<\/b><\/p>\n<p>1839. gad\u0101 Luiss Dagers (Louis Daguerre) public\u0113ja aprakstu par pirmo praktisko veidu, k\u0101 ieg\u016bt fotoatt\u0113lu vai dagerotipiju, l\u012bdz ar to k\u013c\u016bdams par vis\u0101 pasaul\u0113 paz\u012bstamo fotogr\u0101fijas t\u0113vu. Pirm\u0101 dagerotipija bija izveidota uz vara pl\u0101ksnes ar sudraba p\u0101rkl\u0101jumu. Pirmais pornogr\u0101fiskais foto tika izveidots 1848. gad\u0101 uz t\u0101 bija redzami v\u012brietis un sieviete gados, kas m\u012bl\u0113jas. Pa\u0161laik \u0161is att\u0113ls glab\u0101jas Kinsi instit\u016bt\u0101 ASV.<\/p>\n<p>Lai ar\u012b dagerotipijas nebija iesp\u0113jams pavairot, jaun\u0101 aroda prat\u0113ji fotogr\u0101fi izgatavoja milz\u012bgu daudzumu pornofoto, ar ko, protams, labi peln\u012bj\u0101s. Piem\u0113ram, ASV 1850. gad\u0101 sara\u017eoja tr\u012bs miljonus &#8220;ne\u0137\u012btru&#8221; bild\u012b\u0161u. Viena taml\u012bdz\u012bga bilde maks\u0101ja apm\u0113ram vienas ned\u0113\u013cas str\u0101dnieka algu. 1851. gad\u0101 anglis Skots Ar\u010ders (Frederick Scot Archer) un franc\u016bzis Gustavs Greis (Gustave Le Gray) vienlaic\u012bgi izgudroja negat\u012bva att\u0113la ieg\u016b\u0161anu uz fotoplates, kas \u013c\u0101va pavairot fotogr\u0101fijas. \u0160is izgudrojums pav\u0113ra iesp\u0113ju nest pornogr\u0101fiju pla\u0161\u0101s tautu mas\u0101s. 1848. gad\u0101 Par\u012bz\u0113 bija 13 fotostudijas, savuk\u0101rt 1860. gad\u0101 jau p\u0101ri 400. 1852. gad\u0101 &#8220;nepiedien\u012bg\u0101s&#8221; bild\u012btes sast\u0101d\u012bja 40% no vis\u0101m p\u0101rdodamaj\u0101m fotogr\u0101fij\u0101m. Paz\u012bstam\u0101kie porno\u017eanra fotogr\u0101fi bija Augusts Beloks (Auguste Belloc), Bruno Brakvije (Bruno Braquehais), Feliks Mulens (Feliks Moulin), un citi.<\/p>\n<p><b>Pornokino r\u012btausma.<\/b><\/p>\n<p>L\u012bdz ar kino izgudro\u0161anu un pirm\u0101s br\u0101\u013cu Lumjeru filmas &#8220;Vilciena pien\u0101k\u0161ana&#8221; publisku izr\u0101d\u012b\u0161anu 1895. gada 28. decembr\u012b, pirmie, kas nov\u0113rt\u0113ja jaun\u0101 \u017eanra iesp\u0113jas bija porno izgatavot\u0101ji.<\/p>\n<p>Pirmais ekr\u0101na sk\u016bpsts bija ieraug\u0101ms 1896. gad\u0101 30 sekun\u017eu filmi\u0146\u0101 &#8220;The Kiss&#8221;, kur redzams k\u0101 sk\u016bpst\u0101s m\u016bzikla &#8220;Atraitne D\u017eounsa&#8221; varo\u0146i &#8211; jau min\u0113t\u0101 atraitne un Bilijs Baks. Tiem laikiem t\u0101 bija \u0161ok\u0113jo\u0161a filma: protams, izc\u0113l\u0101s skand\u0101ls, turkl\u0101t kato\u013cu bazn\u012bca aicin\u0101ja filmas demonstr\u0113\u0161anu aizliegt. J\u0101atz\u012bm\u0113, ka uz ekr\u0101na redzamais \u013coti att\u0101li atg\u0101dina erotisku sk\u016bpstu m\u016bsdienu izpratn\u0113. Neskatoties uz jebk\u0101diem tikum\u012bbas sargu p\u016bli\u0146iem maisam gals bija va\u013c\u0101 un pornokino uzs\u0101ka savu uzvaras g\u0101jienu pla\u0161o tautas masu virzien\u0101. Pirm\u0101 \u012bst\u0101 pornofilma par\u0101d\u012bj\u0101s taj\u0101 pa\u0161\u0101 1896. gad\u0101 ar nosaukumu &#8220;Le Coucher De La Marie&#8221; (Gulta l\u012bgavai), kur\u0101 skat\u012bt\u0101js var\u0113ja v\u0113rot dzimumaktu un jaunkundzi, kas iz\u0123\u0113rbjas.<\/p>\n<p>\u012asmetr\u0101\u017eas filmi\u0146as \u013c\u0101va \u013cauti\u0146iem apmierin\u0101t savu k\u0101ri nol\u016br\u0113t, k\u0101 m\u012bl\u0113jas citi cilv\u0113ki un ar tie\u0161i t\u0101p\u0113c k\u013cuva \u012bpa\u0161i popul\u0101ras. Protams, pornokino industrijas att\u012bst\u012bba bija iesp\u0113jama tikai taj\u0101s valst\u012bs, kur pret to iztur\u0113j\u0101s ieciet\u012bgi. Eirop\u0101 t\u0101s bija Francija, Holande, It\u0101lija. Amerikas kontinent\u0101 &#8211; Lat\u012b\u0146amerikas valstis. Savienotaj\u0101s Valst\u012bs neko t\u0101du nevar\u0113ja iedom\u0101ties. Ja nu vien\u012bgi dzi\u013c\u0101 pagr\u012bd\u0113. Past\u0101v uzskats, ka industrijas aizs\u0101kumi mekl\u0113jami Buenosairesas borde\u013cos, kur filmas pieaugu\u0161ajiem tika demonstr\u0113tas, film\u0113tas un ar\u012b tirgotas. V\u0113l\u0101k \u0161is r\u016bpals tie\u0161i t\u0101d\u0101 veid\u0101 p\u0101rce\u013coja uz Eiropu.<\/p>\n<p><b>Pornogr\u0101fija un likums.<\/b><\/p>\n<p>Vis\u0101 19. gadsimta garum\u0101 pornogr\u0101fiju aizliedzo\u0161i likumi par\u0101d\u012bj\u0101s regul\u0101ri un da\u017e\u0101d\u0101s valst\u012bs. Iev\u0113rot \u0161os likumus pal\u012bdz\u0113ja da\u017e\u0101das valsts un priv\u0101tas organiz\u0101cijas. Ang\u013ci, piem\u0113ram, izveidoja Tikum\u012bbu uzlabojo\u0161o biedr\u012bbu (Society fot the Reformation of Manners), ASV tikumus pieskat\u012bja Netikum\u012bbu apkarojo\u0161a biedr\u012bba un Kontroles un uzraudz\u012bbas biedr\u012bba.<\/p>\n<p>Pirmais likums ASV, kas p\u016bl\u0113j\u0101s at\u0146emt pla\u0161\u0101m tautas mas\u0101m iesp\u0113ju l\u016bkoties vai las\u012bt ko asinis sildo\u0161u un uzbudino\u0161u, bija &#8220;Likums par muitas tarifiem. 1842. gads.&#8221;, kas aizliedza no Eiropas ievest &#8220;cilv\u0113ku cie\u0146u aizskaro\u0161as&#8221; ne\u0137\u012btr\u012bbas. 1857. gad\u0101 tas tika papildin\u0101ts ar aizliegumu izplat\u012bt dagerotipijas. 1865. gad\u0101, savuk\u0101rt, par\u0101d\u012bj\u0101s likums, kas aizliedza pornogr\u0101fiju saturo\u0161us materi\u0101lus p\u0101rs\u016bt\u012bt pa pastu. Visi \u0161ie likumi liecina, lai k\u0101 likumdev\u0113ji un tikum\u012bbas sargi cent\u0101s, attap\u012bgi \u013cauti\u0146i vienalga atrada iesp\u0113ju un spraugas likum\u0101, lai remd\u0113tu l\u012bdzpilso\u0146u dzi\u0146u p\u0113c &#8220;ne\u0137\u012btr\u012bb\u0101m&#8221;.<\/p>\n<p>1857. gada Britu imp\u0113rij\u0101 parlaments apstiprin\u0101ja pirmo likumu, kas pirmais ofici\u0101li aizliedza pornogr\u0101fiju. Likums \u013c\u0101va tiesne\u0161iem izn\u012bcin\u0101t jebkuru gr\u0101matu vai m\u0101kslas darbu, kas p\u0113c vi\u0146u ieskatiem var\u0113tu izr\u0101d\u012bties pornogr\u0101fisks. J\u0101\u0146em v\u0113r\u0101, ka tajos laikos, \u012bpa\u0161i Anglij\u0101 par pornogr\u0101fiju var\u0113ja uzskat\u012bt jebko iz\u0146emot karalienes Viktorijas att\u0113lu, ja vien k\u0101dam tas var\u0113tu rais\u012bt seksu\u0101lu impulsu.<\/p>\n<p>1873. gad\u0101 ASV Komstoka likums pie pornogr\u0101fijas piepulcin\u0101ja v\u0113l k\u0101du &#8220;ne\u0137\u012btr\u012bbu&#8221; \u2013 inform\u0101ciju par kontracepciju un abortiem, ko t\u0101pat aizliedza tirgot un p\u0101rs\u016bt\u012bt pa pastu l\u012bdz ar prec\u0113m, kas ar to saist\u012btas. 19. gadsimta Savienotaj\u0101s Valst\u012bs pasta transport\u0113\u0161ana bija vien\u012bgais veids k\u0101 var\u0113ja p\u0101rvad\u0101t preces pa valsti.<\/p>\n<p><b>Iev\u0113rojam\u0101k\u0101s ar pornogr\u0101fiju saist\u012bt\u0101s personas 19. gadsimt\u0101.<\/b><\/p>\n<p>Visd\u016b\u0161\u012bg\u0101kais 19. gadsimta c\u012bn\u012bt\u0101js pret netikl\u012bbu un nepiedien\u012bgumu bija Entonijs Komstoks (Anthony Comstock, 1844-1915). B\u016bdams vienk\u0101r\u0161s pilsonis vi\u0146\u0161 pieteica karu visas pasaules netikl\u012bbai un dr\u012bz p\u0113c tam k\u013cuva par milz\u012bg\u0101s biedr\u012bbas c\u012b\u0146ai ar netikumu priek\u0161s\u0113d\u0113t\u0101ju, pasta departamenta speci\u0101lo a\u0123entu un \u0145ujorkas \u0161erifa pal\u012bgu. Misters Komstoks sv\u0113ti tic\u0113ja, ka ne\u0137\u012btr\u0101s bild\u012btes grauj sabiedr\u012bbu un mait\u0101 jaunatni. \u0160\u012bs sv\u0113t\u0101s tic\u012bbas v\u0101rd\u0101 vi\u0146\u0161 izman\u012bj\u0101s izn\u012bcin\u0101t 160 tonnu literat\u016bras, kuru vi\u0146\u0161 apz\u012bmogoja ar ne\u0137\u012btr\u012bbas z\u012bmogu. Ugunij tika nodotas gr\u0101matas par cilv\u0113ka seksualit\u0101ti, te\u0101tri, \u0123imenes pl\u0101no\u0161anu, feministisk\u0101 literat\u016bra un viss ko Komstoks uzskat\u012bja par &#8220;ne\u0137\u012btru&#8221;. Tom\u0113r, s\u0101koties jaunajam 20. gadsimtam, Komstoka autorit\u0101te nep\u0101rtraukti v\u0101jin\u0101j\u0101s. P\u0113c m\u0113\u0123in\u0101juma pasludin\u0101t par ne\u0137\u012btr\u012bbu Bernarda \u0160ova lugu &#8220;Miss Vorenas profesija&#8221;, Komstoka v\u0101rds k\u013cuva par mu\u013c\u0137\u012bbas sinon\u012bmu.<\/p>\n<p>Viljams Dagdeils (William Dugdale, 1800-1868) bija ra\u017e\u012bg\u0101kais ang\u013cu pornogr\u0101fijas izdev\u0113js un p\u0101rdev\u0113js. Neskatoties uz neskait\u0101m\u0101m konfisk\u0101cij\u0101m, apcietin\u0101jumiem un pat s\u0113d\u0113\u0161anu cietum\u0101 vi\u0146am izdev\u0101s notur\u0113ties biznes\u0101 \u010detrdesmit gadus. Dugdeilu aps\u016bdz\u0113ja pornogr\u0101fijas izplat\u012b\u0161an\u0101 1830., 1845., 1851., 1861. un 1868. gad\u0101. Vi\u0146\u0161 bija pirmais, ko arest\u0113ja sakar\u0101 ar likumu &#8220;Par nepiedien\u012bg\u0101m publik\u0101cij\u0101m&#8221; 1857. gad\u0101. Neskatoties uz neskait\u0101m\u0101m konfisk\u0101cij\u0101m l\u012bdz m\u016bsdien\u0101m tom\u0113r saglab\u0101ju\u0161\u0101s Dagdeila izdot\u0101s fotokarti\u0146as. Dagdeilam bija divi br\u0101\u013ci, kas t\u0101pat nodarboj\u0101s ar t\u0101 saucam\u0101s pornogr\u0101fijas tirgo\u0161anu un ar\u012b tika apcietin\u0101ti un ties\u0101ti. Atliek secin\u0101t: vai nu pe\u013c\u0146a bija pietiekami liela, vai visi tr\u012bs br\u0101\u013ci no sirds m\u012bl\u0113ja pornogr\u0101fiju.<\/p>\n<p>Leopolds Zaher Mazohs (Leopold Sacher Masoch, 1836-1895) &#8211; austrie\u0161u rakstnieks, kura v\u0101rds ir mazohisma j\u0113dziena pamat\u0101 un to, savuk\u0101rt, ieviesa 1886. gad\u0101 v\u0101cu seksologs Krafts Ebings. Jau b\u0113rn\u012bb\u0101 Leopoldu vilin\u0101ja cietsird\u012bba. Vi\u0146am patika apl\u016bkot bild\u012btes, kur\u0101s att\u0113loti da\u017e\u0101di soda veidi, vi\u0146\u0161 sap\u0146oja nok\u013c\u016bt ne\u017e\u0113l\u012bgas sievietes var\u0101, kas iekaltu va\u017e\u0101s un sp\u012bdzin\u0101tu. Zaher Mazohs ies\u0101kum\u0101 pasniedza v\u0113sturi universit\u0101t\u0113, bet atteic\u0101s no \u0161\u012bs nodarbes literat\u016bras v\u0101rd\u0101. Vi\u0146\u0161 uzrakst\u012bja vair\u0101kus mazohistiskus rom\u0101nus. Paz\u012bstam\u0101kais no tiem ir &#8220;Ven\u0113ra ka\u017eok\u0101d\u0101s&#8221;. \u0160is attiec\u012bg\u0101 \u017eanra \u0161edevrs tiek uzskat\u012bts par atkl\u0101t\u0101ko no visiem.<\/p>\n<p>Vi\u0146\u0161 bija divas reizes prec\u0113jies. Pirm\u0101 sieva ies\u0101kum\u0101 atteic\u0101s ne\u017e\u0113l\u012bgi p\u0113rt savu v\u012bru un bija ar mieru tikai b\u016bt kl\u0101t eksek\u016bcijai, kam\u0113r kalpone p\u0113ra. V\u0113l\u0101k vi\u0146a pak\u013c\u0101v\u0101s v\u012bra v\u0113lm\u0113m. Le\u0123enda v\u0113st\u012b, ka visvair\u0101k rakstnieku iedvesmoja pletne ar nagl\u0101m un t\u0101s rad\u012bt\u0101s s\u0101pes. Zaher Mazohs nemit\u012bgi mudin\u0101ja sievu b\u016bt neuztic\u012bgai, ievietojot iepaz\u012b\u0161an\u0101s sludin\u0101jumus av\u012bz\u0113s ar tekstu &#8220;jauna skaista sieviete v\u0113las iepaz\u012bties ar ener\u0123isku v\u012brieti&#8221;. Lai k\u0101 pirm\u0101 sieva v\u0113l\u0113j\u0101s izpatikt v\u012bram, vi\u0146as paciet\u012bbas m\u0113rs izs\u012bka un vi\u0146a ierosin\u0101ja laul\u012bbas \u0161\u0137ir\u0161anu. Otro reizi Zaher Mazohs apprec\u0113j\u0101s ar savu sekret\u0101ri. Laul\u012bba izveidoj\u0101s veiksm\u012bga. P\u0113c visa sprie\u017eot, jaunizceptajai sievai nebija iebildumu pret v\u012bra ekscentrisko seksu\u0101lo gaumi. Zaher Mazoham bija l\u0101dz\u012bgs raksturs, vi\u0146\u0161 nedz\u0113ra, nesm\u0113\u0137\u0113ja, \u013coti m\u012bl\u0113ja b\u0113rnus. Kara laik\u0101 c\u012bn\u012bj\u0101s un bija apbalvots par dro\u0161sird\u012bbu kaujas lauk\u0101.<\/p>\n<p><i>\u00a9 Rita Lasmane, \u017eurn\u0101ls &#8220;Princese&#8221;, speci\u0101li salonu &#8220;LABI&#8221; apmekl\u0113t\u0101jiem.<\/i><\/p>\n","protected":false},"excerpt":{"rendered":"<p>Kad pornogr\u0101fija k\u013cuva pla\u0161i pieejama tautas mas\u0101m Lai ar\u012b Viktorijas laikmet\u0101 mor\u0101le tika bargi pieskat\u012bta, tie\u0161i \u0161aj\u0101 laika posm\u0101 uzplauka&hellip;<\/p>\n","protected":false},"author":1,"featured_media":0,"parent":12,"menu_order":0,"comment_status":"closed","ping_status":"closed","template":"","meta":{"footnotes":""},"class_list":["post-567","page","type-page","status-publish","hentry"],"_links":{"self":[{"href":"https:\/\/shop.labi.lv\/lv\/wp-json\/wp\/v2\/pages\/567","targetHints":{"allow":["GET"]}}],"collection":[{"href":"https:\/\/shop.labi.lv\/lv\/wp-json\/wp\/v2\/pages"}],"about":[{"href":"https:\/\/shop.labi.lv\/lv\/wp-json\/wp\/v2\/types\/page"}],"author":[{"embeddable":true,"href":"https:\/\/shop.labi.lv\/lv\/wp-json\/wp\/v2\/users\/1"}],"replies":[{"embeddable":true,"href":"https:\/\/shop.labi.lv\/lv\/wp-json\/wp\/v2\/comments?post=567"}],"version-history":[{"count":3,"href":"https:\/\/shop.labi.lv\/lv\/wp-json\/wp\/v2\/pages\/567\/revisions"}],"predecessor-version":[{"id":3982,"href":"https:\/\/shop.labi.lv\/lv\/wp-json\/wp\/v2\/pages\/567\/revisions\/3982"}],"up":[{"embeddable":true,"href":"https:\/\/shop.labi.lv\/lv\/wp-json\/wp\/v2\/pages\/12"}],"wp:attachment":[{"href":"https:\/\/shop.labi.lv\/lv\/wp-json\/wp\/v2\/media?parent=567"}],"curies":[{"name":"wp","href":"https:\/\/api.w.org\/{rel}","templated":true}]}}