  {"id":597,"date":"2013-08-27T10:40:34","date_gmt":"2013-08-27T08:40:34","guid":{"rendered":"http:\/\/localhost\/wp\/?page_id=597"},"modified":"2024-11-24T23:06:58","modified_gmt":"2024-11-24T21:06:58","slug":"vakances","status":"publish","type":"page","link":"https:\/\/shop.labi.lv\/lv\/par-mums\/vakances\/","title":{"rendered":"Vakances"},"content":{"rendered":"<p><strong>Vakances dejot\u0101j\u0101m<\/strong><br \/>\nPied\u0101v\u0101jam darbu dejot\u0101j\u0101m.<br \/>\nCV l\u016bdzam s\u016bt\u012bt uz e-pastu: &#8222;cssl@versija.lv&#8221;.<\/p>\n<p><strong>Vakance int\u012bmpre\u010du veikala p\u0101rdev\u0113jam<\/strong><br \/>\nV\u0113lamies atrast kol\u0113\u0123i, kuram pat\u012bk darbs tirdzniec\u012bb\u0101 (int\u012bmpreces) un komunik\u0101cija ar cilv\u0113kiem, kur\u0161 ir k\u0101rt\u012bgs un atbild\u012bgs, ar iepriek\u0161\u0113ju pieredzi tirdzniec\u012bb\u0101, uz nepilnu darba laiku.<br \/>\nAtalgojums 6,00-7,00 eur stund\u0101. Nodro\u0161in\u0101m nepiecie\u0161amo apm\u0101c\u012bbu pirms darba uzs\u0101k\u0161anas.<br \/>\nCV l\u016bdzam s\u016bt\u012bt uz e-pastu: &#8222;cssl@versija.lv&#8221;.<\/p>\n","protected":false},"excerpt":{"rendered":"<p>Vakances dejot\u0101j\u0101m Pied\u0101v\u0101jam darbu dejot\u0101j\u0101m. CV l\u016bdzam s\u016bt\u012bt uz e-pastu: &#8222;cssl@versija.lv&#8221;. Vakance int\u012bmpre\u010du veikala p\u0101rdev\u0113jam V\u0113lamies atrast kol\u0113\u0123i, kuram pat\u012bk&hellip;<\/p>\n","protected":false},"author":1,"featured_media":0,"parent":14,"menu_order":0,"comment_status":"closed","ping_status":"closed","template":"","meta":{"footnotes":""},"class_list":["post-597","page","type-page","status-publish","hentry"],"_links":{"self":[{"href":"https:\/\/shop.labi.lv\/lv\/wp-json\/wp\/v2\/pages\/597","targetHints":{"allow":["GET"]}}],"collection":[{"href":"https:\/\/shop.labi.lv\/lv\/wp-json\/wp\/v2\/pages"}],"about":[{"href":"https:\/\/shop.labi.lv\/lv\/wp-json\/wp\/v2\/types\/page"}],"author":[{"embeddable":true,"href":"https:\/\/shop.labi.lv\/lv\/wp-json\/wp\/v2\/users\/1"}],"replies":[{"embeddable":true,"href":"https:\/\/shop.labi.lv\/lv\/wp-json\/wp\/v2\/comments?post=597"}],"version-history":[{"count":7,"href":"https:\/\/shop.labi.lv\/lv\/wp-json\/wp\/v2\/pages\/597\/revisions"}],"predecessor-version":[{"id":5586,"href":"https:\/\/shop.labi.lv\/lv\/wp-json\/wp\/v2\/pages\/597\/revisions\/5586"}],"up":[{"embeddable":true,"href":"https:\/\/shop.labi.lv\/lv\/wp-json\/wp\/v2\/pages\/14"}],"wp:attachment":[{"href":"https:\/\/shop.labi.lv\/lv\/wp-json\/wp\/v2\/media?parent=597"}],"curies":[{"name":"wp","href":"https:\/\/api.w.org\/{rel}","templated":true}]}}