  {"id":599,"date":"2013-08-27T10:42:57","date_gmt":"2013-08-27T08:42:57","guid":{"rendered":"http:\/\/localhost\/wp\/?page_id=599"},"modified":"2026-04-07T21:23:19","modified_gmt":"2026-04-07T18:23:19","slug":"kontakti","status":"publish","type":"page","link":"https:\/\/shop.labi.lv\/lv\/par-mums\/kontakti\/","title":{"rendered":"Kontakti"},"content":{"rendered":"<p><b>SIA \u201eCSSL\u201d<\/b><br \/>\nJuridisk\u0101 adrese: R\u012bga, L\u0101\u010dpl\u0113\u0161a iela 87A, LV-1011<br \/>\nRe\u0123.nr.: 50003147171<br \/>\nPVN nr.: LV50003147171<br \/>\nE-pasta adrese: \u201ecssl@versija.lv\u201d<br \/>\nt\u0101lrunis: 67243030<\/p>\n<p><b>Salons \u201eLABI\u201d \u2013 Alfr\u0113da Kalni\u0146a 8<\/b><br \/>\n<span style=\"color:green\">Lab\u0101k\u0101s cenas garantija int\u012bmprec\u0113m!<\/span><br \/>\nDarba laiks:<br \/>\nPiektdien un sestdien: no 10:00 l\u012bdz 6:00,<br \/>\nPirmdien, otrdien, tre\u0161dien, ceturtdien un sv\u0113tdien: no 10:00 l\u012bdz 4:00,<br \/>\nT\u0101lru\u0146a numurs uzzi\u0146\u0101m: 67282171.<\/p>\n<p><b>Salons \u201eLABI\u201d \u2013 L\u0101\u010dpl\u0113\u0161a 47<\/b><br \/>\n<span style=\"color:green\">Lab\u0101k\u0101s cenas garantija int\u012bmprec\u0113m!<\/span><br \/>\nDarba laiks:<br \/>\nPirmdien, otrdien, tre\u0161dien, ceturtdien, piektdien, sestdien: 10:00 &ndash; 21:00,<br \/>\nSv\u0113tdien: sl\u0113gts;<br \/>\nT\u0101lru\u0146a numurs uzzi\u0146\u0101m: 67286115.<\/p>\n<p><b>Int\u012bmpre\u010du interneta veikals \u201e<a href=\"https:\/\/tev.lv\/lv\" target=\"_blank\" rel=\"noopener\">TEV.LV<\/a>\u201d<\/b><br \/>\n<span style=\"color:green\">Lab\u0101k\u0101s cenas garantija int\u012bmprec\u0113m!<\/span><br \/>\nDarba laiks \u2013 visu diennakti (0-24), bez br\u012bvdien\u0101m.<\/p>\n<p><b>T\u012bmek\u013ca vietne \u201e<a href=\"https:\/\/sexmachine.lv\" target=\"_blank\" rel=\"noopener\">SexMachine.lv<\/a>\u201d<\/b><br \/>\n<span style=\"color:green\">M\u012blas pal\u012bgs, ori\u0123in\u0101l\u0101 seksa ma\u0161\u012bna.<\/span><br \/>\nDarba laiks \u2013 visu diennakti (0-24), bez br\u012bvdien\u0101m.<\/p>\n","protected":false},"excerpt":{"rendered":"<p>SIA \u201eCSSL\u201d Juridisk\u0101 adrese: R\u012bga, L\u0101\u010dpl\u0113\u0161a iela 87A, LV-1011 Re\u0123.nr.: 50003147171 PVN nr.: LV50003147171 E-pasta adrese: \u201ecssl@versija.lv\u201d t\u0101lrunis: 67243030 Salons&hellip;<\/p>\n","protected":false},"author":1,"featured_media":0,"parent":14,"menu_order":0,"comment_status":"closed","ping_status":"closed","template":"","meta":{"footnotes":""},"class_list":["post-599","page","type-page","status-publish","hentry"],"_links":{"self":[{"href":"https:\/\/shop.labi.lv\/lv\/wp-json\/wp\/v2\/pages\/599","targetHints":{"allow":["GET"]}}],"collection":[{"href":"https:\/\/shop.labi.lv\/lv\/wp-json\/wp\/v2\/pages"}],"about":[{"href":"https:\/\/shop.labi.lv\/lv\/wp-json\/wp\/v2\/types\/page"}],"author":[{"embeddable":true,"href":"https:\/\/shop.labi.lv\/lv\/wp-json\/wp\/v2\/users\/1"}],"replies":[{"embeddable":true,"href":"https:\/\/shop.labi.lv\/lv\/wp-json\/wp\/v2\/comments?post=599"}],"version-history":[{"count":106,"href":"https:\/\/shop.labi.lv\/lv\/wp-json\/wp\/v2\/pages\/599\/revisions"}],"predecessor-version":[{"id":5672,"href":"https:\/\/shop.labi.lv\/lv\/wp-json\/wp\/v2\/pages\/599\/revisions\/5672"}],"up":[{"embeddable":true,"href":"https:\/\/shop.labi.lv\/lv\/wp-json\/wp\/v2\/pages\/14"}],"wp:attachment":[{"href":"https:\/\/shop.labi.lv\/lv\/wp-json\/wp\/v2\/media?parent=599"}],"curies":[{"name":"wp","href":"https:\/\/api.w.org\/{rel}","templated":true}]}}