  {"id":662,"date":"2013-08-30T11:06:58","date_gmt":"2013-08-30T09:06:58","guid":{"rendered":"http:\/\/localhost\/wp\/?page_id=662"},"modified":"2025-07-13T22:03:19","modified_gmt":"2025-07-13T19:03:19","slug":"par-firmu","status":"publish","type":"page","link":"https:\/\/shop.labi.lv\/lv\/par-mums\/par-firmu\/","title":{"rendered":"Par firmu"},"content":{"rendered":"<h2>Par uz\u0146\u0113mumu<\/h2>\n<p>SIA \u201eCSSL\u201d ir dibin\u0101ts 1993. gad\u0101. Patlaban ir izveidots int\u012bmpre\u010du tirdzniec\u012bbas t\u012bkls \u201eLABI\u201d, kas sast\u0101v no 3 veikaliem (divi int\u012bmpre\u010du veikali R\u012bgas v\u0113sturiskaj\u0101 centr\u0101 un viens int\u012bmpre\u010du veikals internet\u0101 \u2014 \u201e<a title=\"LABI\" href=\"https:\/\/tev.lv\/lv\" target=\"_blank\" rel=\"noopener\">TEV.LV<\/a>\u201d).<\/p>\n<ul class=\"same-page-list\">\n<li>1994. gada 23. janv\u0101r\u012b tika atv\u0113rts pirmais veikals \u201eLABI\u201d L\u0101\u010dpl\u0113\u0161a\u00a0iel\u0101\u00a061.<\/li>\n<li>1996. gada 25. janv\u0101r\u012b tika atv\u0113rts otrs veikals \u201eLABI\u201d Elizabetes\u00a0iel\u0101\u00a022. \u0160is veikals 1998. gada 30. maij\u0101 p\u0101rbrauc uz A.Kalni\u0146a\u00a0ielu\u00a08.<\/li>\n<li>Tre\u0161ais veikals \u201eLABI\u201d tika atv\u0113rts 2001. gada 21. janv\u0101r\u012b L\u0101\u010dpl\u0113\u0161a\u00a0iel\u0101\u00a047.<\/li>\n<li>2002. gad\u0101 tika izveidots interneta veikals \u201eTEV.LV\u201d<\/li>\n<li>Jaun\u0101kais veikals \u201eLABI\u201d tika atv\u0113rts 2004. gada 19. janv\u0101r\u012b Br\u012bv\u012bbas\u00a0iel\u0101\u00a098.<\/li>\n<li>2015. gada novembr\u012b papla\u0161in\u0101ts veikals \u201eLABI\u201d Br\u012bv\u012bbas\u00a0iel\u0101\u00a098.<\/li>\n<li>2018. gada oktobra nogal\u0113 tika sl\u0113gts veikals \u201eLABI\u201d Br\u012bv\u012bbas\u00a0iel\u0101\u00a098.<\/li>\n<\/ul>\n<p>Vis\u0101 SIA \u201eCSSL\u201d int\u012bmpre\u010du veikalu \u2014 vair\u0101k nek\u0101 30 \u2014 darb\u012bbas gadu laik\u0101 ne no sabiedr\u012bbas, ne no uzraugo\u0161o instit\u016bciju puses nav bijis neviena p\u0101rmetuma vai aizr\u0101d\u012bjuma par sabiedrisk\u0101s k\u0101rt\u012bbas vai tikum\u012bbas normu neiev\u0113ro\u0161anu.<\/p>\n<p>M\u016bsu darb\u012bbu nov\u0113rt\u0113ju\u0161i:<\/p>\n<ul class=\"same-page-list\">\n<li>R\u012bgas Dome ar Atzin\u012bbas rakstu (2004. gad\u0101)<\/li>\n<li>Izst\u0101\u017eu sabiedr\u012bba \u201eBT-1\u201d ar Pateic\u012bbas rakstu (2008. gad\u0101)<\/li>\n<li>Parex Banka ar Pateic\u012bbas rakstu (2010. gad\u0101)<\/li>\n<li>11 pateic\u012bbas raksti (no 1998. gada l\u012bdz 2009. gadam) no labdar\u012bbas organiz\u0101cij\u0101m, kas nodarbojas ar inval\u012bdu un b\u0113rnu apr\u016bpi.<\/li>\n<\/ul>\n","protected":false},"excerpt":{"rendered":"<p>Par uz\u0146\u0113mumu SIA \u201eCSSL\u201d ir dibin\u0101ts 1993. gad\u0101. Patlaban ir izveidots int\u012bmpre\u010du tirdzniec\u012bbas t\u012bkls \u201eLABI\u201d, kas sast\u0101v no 3 veikaliem&hellip;<\/p>\n","protected":false},"author":1,"featured_media":0,"parent":14,"menu_order":0,"comment_status":"closed","ping_status":"closed","template":"","meta":{"footnotes":""},"class_list":["post-662","page","type-page","status-publish","hentry"],"_links":{"self":[{"href":"https:\/\/shop.labi.lv\/lv\/wp-json\/wp\/v2\/pages\/662","targetHints":{"allow":["GET"]}}],"collection":[{"href":"https:\/\/shop.labi.lv\/lv\/wp-json\/wp\/v2\/pages"}],"about":[{"href":"https:\/\/shop.labi.lv\/lv\/wp-json\/wp\/v2\/types\/page"}],"author":[{"embeddable":true,"href":"https:\/\/shop.labi.lv\/lv\/wp-json\/wp\/v2\/users\/1"}],"replies":[{"embeddable":true,"href":"https:\/\/shop.labi.lv\/lv\/wp-json\/wp\/v2\/comments?post=662"}],"version-history":[{"count":31,"href":"https:\/\/shop.labi.lv\/lv\/wp-json\/wp\/v2\/pages\/662\/revisions"}],"predecessor-version":[{"id":5643,"href":"https:\/\/shop.labi.lv\/lv\/wp-json\/wp\/v2\/pages\/662\/revisions\/5643"}],"up":[{"embeddable":true,"href":"https:\/\/shop.labi.lv\/lv\/wp-json\/wp\/v2\/pages\/14"}],"wp:attachment":[{"href":"https:\/\/shop.labi.lv\/lv\/wp-json\/wp\/v2\/media?parent=662"}],"curies":[{"name":"wp","href":"https:\/\/api.w.org\/{rel}","templated":true}]}}